{"id":1818,"date":"2026-03-30T10:07:21","date_gmt":"2026-03-30T10:07:21","guid":{"rendered":"https:\/\/deelen.lu\/conseils-et-guides\/"},"modified":"2026-03-30T10:07:21","modified_gmt":"2026-03-30T10:07:21","slug":"conseils-et-guides","status":"publish","type":"page","link":"https:\/\/deelen.lu\/fr\/conseils-et-guides\/","title":{"rendered":"Conseils et guides"},"content":{"rendered":"<p>Bienvenue dans notre espace communautaire. Vous trouverez ici tout ce que vous devez savoir sur l'\u00e9conomie de partage au Luxembourg. <\/p>\n","protected":false},"excerpt":{"rendered":"<p>Bienvenue dans notre espace communautaire. Vous trouverez ici tout ce que vous devez savoir sur l'\u00e9conomie de partage au Luxembourg.<\/p>\n","protected":false},"author":50,"featured_media":1370,"parent":0,"menu_order":0,"comment_status":"closed","ping_status":"closed","template":"category-tips-guides.php","meta":{"_acf_changed":false,"inline_featured_image":false,"footnotes":""},"class_list":["post-1818","page","type-page","status-publish","has-post-thumbnail","hentry"],"acf":[],"yoast_head":"<!-- This site is optimized with the Yoast SEO plugin v27.2 - https:\/\/yoast.com\/product\/yoast-seo-wordpress\/ -->\n<title>Conseils et guides - Deelen<\/title>\n<meta name=\"description\" content=\"D\u00e9couvrez les meilleurs conseils pratiques, guides et astuces pour la location et le partage d&#039;objets au Luxembourg. \u00c9conomisez de l&#039;argent et vivez de mani\u00e8re plus durable avec Deelen.\" \/>\n<meta name=\"robots\" content=\"index, follow, max-snippet:-1, max-image-preview:large, max-video-preview:-1\" \/>\n<link rel=\"canonical\" href=\"https:\/\/deelen.lu\/fr\/conseils-et-guides\/\" \/>\n<meta property=\"og:locale\" content=\"fr_FR\" \/>\n<meta property=\"og:type\" content=\"article\" \/>\n<meta property=\"og:title\" content=\"Conseils et guides - Deelen\" \/>\n<meta property=\"og:description\" content=\"D\u00e9couvrez les meilleurs conseils pratiques, guides et astuces pour la location et le partage d&#039;objets au Luxembourg. \u00c9conomisez de l&#039;argent et vivez de mani\u00e8re plus durable avec Deelen.\" \/>\n<meta property=\"og:url\" content=\"https:\/\/deelen.lu\/fr\/conseils-et-guides\/\" \/>\n<meta property=\"og:site_name\" content=\"Deelen\" \/>\n<meta property=\"og:image\" content=\"https:\/\/deelen.lu\/resources\/uploads\/2025\/04\/deelen-facebook-logo-1024x1024-1-1.png\" \/>\n\t<meta property=\"og:image:width\" content=\"1024\" \/>\n\t<meta property=\"og:image:height\" content=\"1024\" \/>\n\t<meta property=\"og:image:type\" content=\"image\/png\" \/>\n<meta name=\"twitter:card\" content=\"summary_large_image\" \/>\n<script type=\"application\/ld+json\" class=\"yoast-schema-graph\">{\"@context\":\"https:\/\/schema.org\",\"@graph\":[{\"@type\":\"WebPage\",\"@id\":\"https:\/\/deelen.lu\/fr\/conseils-et-guides\/\",\"url\":\"https:\/\/deelen.lu\/fr\/conseils-et-guides\/\",\"name\":\"Conseils et guides - Deelen\",\"isPartOf\":{\"@id\":\"https:\/\/deelen.lu\/fr\/#website\"},\"primaryImageOfPage\":{\"@id\":\"https:\/\/deelen.lu\/fr\/conseils-et-guides\/#primaryimage\"},\"image\":{\"@id\":\"https:\/\/deelen.lu\/fr\/conseils-et-guides\/#primaryimage\"},\"thumbnailUrl\":\"https:\/\/deelen.lu\/resources\/uploads\/2025\/04\/deelen-facebook-logo-1024x1024-1-1.png\",\"datePublished\":\"2026-03-30T10:07:21+00:00\",\"description\":\"D\u00e9couvrez les meilleurs conseils pratiques, guides et astuces pour la location et le partage d'objets au Luxembourg. \u00c9conomisez de l'argent et vivez de mani\u00e8re plus durable avec Deelen.\",\"breadcrumb\":{\"@id\":\"https:\/\/deelen.lu\/fr\/conseils-et-guides\/#breadcrumb\"},\"inLanguage\":\"fr-FR\",\"potentialAction\":[{\"@type\":\"ReadAction\",\"target\":[\"https:\/\/deelen.lu\/fr\/conseils-et-guides\/\"]}]},{\"@type\":\"ImageObject\",\"inLanguage\":\"fr-FR\",\"@id\":\"https:\/\/deelen.lu\/fr\/conseils-et-guides\/#primaryimage\",\"url\":\"https:\/\/deelen.lu\/resources\/uploads\/2025\/04\/deelen-facebook-logo-1024x1024-1-1.png\",\"contentUrl\":\"https:\/\/deelen.lu\/resources\/uploads\/2025\/04\/deelen-facebook-logo-1024x1024-1-1.png\",\"width\":1024,\"height\":1024},{\"@type\":\"BreadcrumbList\",\"@id\":\"https:\/\/deelen.lu\/fr\/conseils-et-guides\/#breadcrumb\",\"itemListElement\":[{\"@type\":\"ListItem\",\"position\":1,\"name\":\"Home\",\"item\":\"https:\/\/deelen.lu\/fr\/\"},{\"@type\":\"ListItem\",\"position\":2,\"name\":\"Conseils et guides\"}]},{\"@type\":\"WebSite\",\"@id\":\"https:\/\/deelen.lu\/fr\/#website\",\"url\":\"https:\/\/deelen.lu\/fr\/\",\"name\":\"Deelen\",\"description\":\"Deelen.lu \u2014 Luxembourg&#039;s peer-to-peer rental marketplace. Rent and lend items locally.\",\"potentialAction\":[{\"@type\":\"SearchAction\",\"target\":{\"@type\":\"EntryPoint\",\"urlTemplate\":\"https:\/\/deelen.lu\/fr\/?s={search_term_string}\"},\"query-input\":{\"@type\":\"PropertyValueSpecification\",\"valueRequired\":true,\"valueName\":\"search_term_string\"}}],\"inLanguage\":\"fr-FR\"}]}<\/script>\n<!-- \/ Yoast SEO plugin. -->","yoast_head_json":{"title":"Conseils et guides - Deelen","description":"D\u00e9couvrez les meilleurs conseils pratiques, guides et astuces pour la location et le partage d'objets au Luxembourg. \u00c9conomisez de l'argent et vivez de mani\u00e8re plus durable avec Deelen.","robots":{"index":"index","follow":"follow","max-snippet":"max-snippet:-1","max-image-preview":"max-image-preview:large","max-video-preview":"max-video-preview:-1"},"canonical":"https:\/\/deelen.lu\/fr\/conseils-et-guides\/","og_locale":"fr_FR","og_type":"article","og_title":"Conseils et guides - Deelen","og_description":"D\u00e9couvrez les meilleurs conseils pratiques, guides et astuces pour la location et le partage d'objets au Luxembourg. \u00c9conomisez de l'argent et vivez de mani\u00e8re plus durable avec Deelen.","og_url":"https:\/\/deelen.lu\/fr\/conseils-et-guides\/","og_site_name":"Deelen","og_image":[{"width":1024,"height":1024,"url":"https:\/\/deelen.lu\/resources\/uploads\/2025\/04\/deelen-facebook-logo-1024x1024-1-1.png","type":"image\/png"}],"twitter_card":"summary_large_image","schema":{"@context":"https:\/\/schema.org","@graph":[{"@type":"WebPage","@id":"https:\/\/deelen.lu\/fr\/conseils-et-guides\/","url":"https:\/\/deelen.lu\/fr\/conseils-et-guides\/","name":"Conseils et guides - Deelen","isPartOf":{"@id":"https:\/\/deelen.lu\/fr\/#website"},"primaryImageOfPage":{"@id":"https:\/\/deelen.lu\/fr\/conseils-et-guides\/#primaryimage"},"image":{"@id":"https:\/\/deelen.lu\/fr\/conseils-et-guides\/#primaryimage"},"thumbnailUrl":"https:\/\/deelen.lu\/resources\/uploads\/2025\/04\/deelen-facebook-logo-1024x1024-1-1.png","datePublished":"2026-03-30T10:07:21+00:00","description":"D\u00e9couvrez les meilleurs conseils pratiques, guides et astuces pour la location et le partage d'objets au Luxembourg. \u00c9conomisez de l'argent et vivez de mani\u00e8re plus durable avec Deelen.","breadcrumb":{"@id":"https:\/\/deelen.lu\/fr\/conseils-et-guides\/#breadcrumb"},"inLanguage":"fr-FR","potentialAction":[{"@type":"ReadAction","target":["https:\/\/deelen.lu\/fr\/conseils-et-guides\/"]}]},{"@type":"ImageObject","inLanguage":"fr-FR","@id":"https:\/\/deelen.lu\/fr\/conseils-et-guides\/#primaryimage","url":"https:\/\/deelen.lu\/resources\/uploads\/2025\/04\/deelen-facebook-logo-1024x1024-1-1.png","contentUrl":"https:\/\/deelen.lu\/resources\/uploads\/2025\/04\/deelen-facebook-logo-1024x1024-1-1.png","width":1024,"height":1024},{"@type":"BreadcrumbList","@id":"https:\/\/deelen.lu\/fr\/conseils-et-guides\/#breadcrumb","itemListElement":[{"@type":"ListItem","position":1,"name":"Home","item":"https:\/\/deelen.lu\/fr\/"},{"@type":"ListItem","position":2,"name":"Conseils et guides"}]},{"@type":"WebSite","@id":"https:\/\/deelen.lu\/fr\/#website","url":"https:\/\/deelen.lu\/fr\/","name":"Deelen","description":"Deelen.lu \u2014 Luxembourg&#039;s peer-to-peer rental marketplace. Rent and lend items locally.","potentialAction":[{"@type":"SearchAction","target":{"@type":"EntryPoint","urlTemplate":"https:\/\/deelen.lu\/fr\/?s={search_term_string}"},"query-input":{"@type":"PropertyValueSpecification","valueRequired":true,"valueName":"search_term_string"}}],"inLanguage":"fr-FR"}]}},"_links":{"self":[{"href":"https:\/\/deelen.lu\/fr\/wp-json\/wp\/v2\/pages\/1818","targetHints":{"allow":["GET"]}}],"collection":[{"href":"https:\/\/deelen.lu\/fr\/wp-json\/wp\/v2\/pages"}],"about":[{"href":"https:\/\/deelen.lu\/fr\/wp-json\/wp\/v2\/types\/page"}],"author":[{"embeddable":true,"href":"https:\/\/deelen.lu\/fr\/wp-json\/wp\/v2\/users\/50"}],"replies":[{"embeddable":true,"href":"https:\/\/deelen.lu\/fr\/wp-json\/wp\/v2\/comments?post=1818"}],"version-history":[{"count":0,"href":"https:\/\/deelen.lu\/fr\/wp-json\/wp\/v2\/pages\/1818\/revisions"}],"wp:featuredmedia":[{"embeddable":true,"href":"https:\/\/deelen.lu\/fr\/wp-json\/wp\/v2\/media\/1370"}],"wp:attachment":[{"href":"https:\/\/deelen.lu\/fr\/wp-json\/wp\/v2\/media?parent=1818"}],"curies":[{"name":"wp","href":"https:\/\/api.w.org\/{rel}","templated":true}]}}