{"id":633,"date":"2024-12-05T13:53:41","date_gmt":"2024-12-05T13:53:41","guid":{"rendered":"https:\/\/deelen.lu\/?page_id=633"},"modified":"2025-01-24T08:40:04","modified_gmt":"2025-01-24T08:40:04","slug":"panier","status":"publish","type":"page","link":"https:\/\/deelen.lu\/fr\/panier\/","title":{"rendered":"Panier"},"content":{"rendered":"\r\n<div data-block-name=\"woocommerce\/cart\" class=\"wp-block-woocommerce-cart alignwide is-loading\">\r\n<div data-block-name=\"woocommerce\/filled-cart-block\" class=\"wp-block-woocommerce-filled-cart-block\">\r\n<div data-block-name=\"woocommerce\/cart-items-block\" class=\"wp-block-woocommerce-cart-items-block\">\r\n<div data-block-name=\"woocommerce\/cart-line-items-block\" class=\"wp-block-woocommerce-cart-line-items-block\"><\/div>\r\n\r\n\r\n\r\n<div data-block-name=\"woocommerce\/cart-cross-sells-block\" class=\"wp-block-woocommerce-cart-cross-sells-block\">\r\n<h2 class=\"wp-block-heading has-large-font-size\">You may be interested in\u2026<\/h2>\r\n\r\n\r\n\r\n<div data-block-name=\"woocommerce\/cart-cross-sells-products-block\" class=\"wp-block-woocommerce-cart-cross-sells-products-block\"><\/div>\r\n<\/div>\r\n<\/div>\r\n\r\n\r\n\r\n<div data-block-name=\"woocommerce\/cart-totals-block\" class=\"wp-block-woocommerce-cart-totals-block\">\r\n<div data-block-name=\"woocommerce\/cart-order-summary-block\" class=\"wp-block-woocommerce-cart-order-summary-block\">\r\n<div data-block-name=\"woocommerce\/cart-order-summary-heading-block\" class=\"wp-block-woocommerce-cart-order-summary-heading-block\"><\/div>\r\n\r\n\r\n\r\n<div data-block-name=\"woocommerce\/cart-order-summary-coupon-form-block\" class=\"wp-block-woocommerce-cart-order-summary-coupon-form-block\"><\/div>\r\n\r\n\r\n\r\n\r\n\r\n\r\n\r\n\r\n\r\n\r\n\r\n\r\n\r\n\r\n\r\n\r\n\r\n\r\n\r\n<div data-block-name=\"woocommerce\/cart-order-summary-totals-block\" class=\"wp-block-woocommerce-cart-order-summary-totals-block\">\n<div data-block-name=\"woocommerce\/cart-order-summary-subtotal-block\" class=\"wp-block-woocommerce-cart-order-summary-subtotal-block\"><\/div>\n<div data-block-name=\"woocommerce\/cart-order-summary-discount-block\" class=\"wp-block-woocommerce-cart-order-summary-discount-block\"><\/div>\n<div data-block-name=\"woocommerce\/cart-order-summary-fee-block\" class=\"wp-block-woocommerce-cart-order-summary-fee-block\"><\/div>\n<div data-block-name=\"woocommerce\/cart-order-summary-shipping-block\" class=\"wp-block-woocommerce-cart-order-summary-shipping-block\"><\/div>\n<div data-block-name=\"woocommerce\/cart-order-summary-taxes-block\" class=\"wp-block-woocommerce-cart-order-summary-taxes-block\"><\/div><\/div>\r\n<\/div>\r\n\r\n\r\n\r\n<div data-block-name=\"woocommerce\/cart-express-payment-block\" class=\"wp-block-woocommerce-cart-express-payment-block\"><\/div>\r\n\r\n\r\n\r\n<div data-block-name=\"woocommerce\/proceed-to-checkout-block\" class=\"wp-block-woocommerce-proceed-to-checkout-block\"><\/div>\r\n\r\n\r\n\r\n<div data-block-name=\"woocommerce\/cart-accepted-payment-methods-block\" class=\"wp-block-woocommerce-cart-accepted-payment-methods-block\"><\/div>\r\n<\/div>\r\n<\/div>\r\n\r\n\r\n\r\n<div data-block-name=\"woocommerce\/empty-cart-block\" class=\"wp-block-woocommerce-empty-cart-block\">\r\n<h2 class=\"wp-block-heading has-text-align-center with-empty-cart-icon wc-block-cart__empty-cart__title\">Your cart is currently empty!<\/h2>\r\n\r\n\r\n\r\n<hr class=\"wp-block-separator has-alpha-channel-opacity is-style-dots\"\/>\r\n\r\n\r\n\r\n<h2 class=\"wp-block-heading has-text-align-center\">New in store<\/h2>\r\n\r\n\r\n<div data-block-name=\"woocommerce\/product-new\" data-columns=\"4\" data-rows=\"1\" class=\"wc-block-grid wp-block-product-new wp-block-woocommerce-product-new wc-block-product-new has-4-columns\"><ul class=\"wc-block-grid__products\"><li class=\"wc-block-grid__product\">\n\t\t\t\t<a href=\"https:\/\/deelen.lu\/fr\/product\/rent-brother-cs10s-computerized-sewing-machine\/\" class=\"wc-block-grid__product-link\">\n\t\t\t\t\t\n\t\t\t\t\t<div class=\"wc-block-grid__product-image\"><img loading=\"lazy\" decoding=\"async\" width=\"300\" height=\"300\" src=\"https:\/\/deelen.lu\/resources\/uploads\/2026\/04\/IMG_2029_2_11zon-300x300.jpg\" class=\"attachment-woocommerce_thumbnail size-woocommerce_thumbnail\" alt=\"Brother CS10s Computerized Sewing Machine \u2013 Versatile &amp; Easy to Use \/ Machine \u00e0 coudre \u00e9lectronique Brother CS10s \u2013 Polyvalente et intuitive\" srcset=\"https:\/\/deelen.lu\/resources\/uploads\/2026\/04\/IMG_2029_2_11zon-300x300.jpg 300w, https:\/\/deelen.lu\/resources\/uploads\/2026\/04\/IMG_2029_2_11zon-150x150.jpg 150w, https:\/\/deelen.lu\/resources\/uploads\/2026\/04\/IMG_2029_2_11zon-100x100.jpg 100w\" sizes=\"auto, (max-width: 300px) 100vw, 300px\" \/><\/div>\n\t\t\t\t\t<div class=\"wc-block-grid__product-title\">Brother CS10s Computerized Sewing Machine \u2013 Versatile &amp; Easy to Use \/ Machine \u00e0 coudre \u00e9lectronique Brother CS10s \u2013 Polyvalente et intuitive<\/div>\n\t\t\t\t<\/a>\n\t\t\t\t<div class=\"wc-block-grid__product-price price\"> Rent from <span class=\"woocommerce-Price-amount amount\"><span class=\"woocommerce-Price-currencySymbol\">&euro;<\/span>10.00<\/span> <\/div>\n\t\t\t\t\n\t\t\t\t<div class=\"wp-block-button wc-block-grid__product-add-to-cart\"><div class=\"wp-block-button wc-block-grid__product-add-to-cart\"><a href=\"https:\/\/deelen.lu\/fr\/product\/rent-brother-cs10s-computerized-sewing-machine\/\" class=\"wcrp-rental-products-select-dates-button button wp-block-button__link \" aria-label=\"Select dates for Brother CS10s Computerized Sewing Machine \u2013 Versatile & Easy to Use \/ Machine \u00e0 coudre \u00e9lectronique Brother CS10s \u2013 Polyvalente et intuitive\">Select dates<\/a><\/div><\/div>\n\t\t\t<\/li><li class=\"wc-block-grid__product\">\n\t\t\t\t<a href=\"https:\/\/deelen.lu\/fr\/product\/bosch-pmf-220-ce-multitool-rental-luxembourg-location-coupe\/\" class=\"wc-block-grid__product-link\">\n\t\t\t\t\t\n\t\t\t\t\t<div class=\"wc-block-grid__product-image\"><img loading=\"lazy\" decoding=\"async\" width=\"300\" height=\"300\" src=\"https:\/\/deelen.lu\/resources\/uploads\/2026\/04\/5623-300x300.jpg\" class=\"attachment-woocommerce_thumbnail size-woocommerce_thumbnail\" alt=\"Bosch PMF 220 CE multitool 220W \/ Outil multifonction Bosch PMF 220 CE - 220W\" srcset=\"https:\/\/deelen.lu\/resources\/uploads\/2026\/04\/5623-300x300.jpg 300w, https:\/\/deelen.lu\/resources\/uploads\/2026\/04\/5623-150x150.jpg 150w, https:\/\/deelen.lu\/resources\/uploads\/2026\/04\/5623-100x100.jpg 100w\" sizes=\"auto, (max-width: 300px) 100vw, 300px\" \/><\/div>\n\t\t\t\t\t<div class=\"wc-block-grid__product-title\">Bosch PMF 220 CE multitool 220W \/ Outil multifonction Bosch PMF 220 CE - 220W<\/div>\n\t\t\t\t<\/a>\n\t\t\t\t<div class=\"wc-block-grid__product-price price\"> Rent from <span class=\"woocommerce-Price-amount amount\"><span class=\"woocommerce-Price-currencySymbol\">&euro;<\/span>10.00<\/span> <\/div>\n\t\t\t\t\n\t\t\t\t<div class=\"wp-block-button wc-block-grid__product-add-to-cart\"><div class=\"wp-block-button wc-block-grid__product-add-to-cart\"><a href=\"https:\/\/deelen.lu\/fr\/product\/bosch-pmf-220-ce-multitool-rental-luxembourg-location-coupe\/\" class=\"wcrp-rental-products-select-dates-button button wp-block-button__link \" aria-label=\"Select dates for Bosch PMF 220 CE multitool 220W \/ Outil multifonction Bosch PMF 220 CE - 220W\">Select dates<\/a><\/div><\/div>\n\t\t\t<\/li><li class=\"wc-block-grid__product\">\n\t\t\t\t<a href=\"https:\/\/deelen.lu\/fr\/product\/intex-pillow-rest-raised-air-bed-rental-integrated-pump\/\" class=\"wc-block-grid__product-link\">\n\t\t\t\t\t\n\t\t\t\t\t<div class=\"wc-block-grid__product-image\"><img loading=\"lazy\" decoding=\"async\" width=\"300\" height=\"300\" src=\"https:\/\/deelen.lu\/resources\/uploads\/2026\/04\/5596-300x300.jpg\" class=\"attachment-woocommerce_thumbnail size-woocommerce_thumbnail\" alt=\"Intex Pillow Rest Raised Air Bed \/ Matelas gonflable Intex Pillow Rest Raised - Pompe \u00e9lectrique int\u00e9gr\u00e9e\" srcset=\"https:\/\/deelen.lu\/resources\/uploads\/2026\/04\/5596-300x300.jpg 300w, https:\/\/deelen.lu\/resources\/uploads\/2026\/04\/5596-150x150.jpg 150w, https:\/\/deelen.lu\/resources\/uploads\/2026\/04\/5596-100x100.jpg 100w\" sizes=\"auto, (max-width: 300px) 100vw, 300px\" \/><\/div>\n\t\t\t\t\t<div class=\"wc-block-grid__product-title\">Intex Pillow Rest Raised Air Bed \/ Matelas gonflable Intex Pillow Rest Raised - Pompe \u00e9lectrique int\u00e9gr\u00e9e<\/div>\n\t\t\t\t<\/a>\n\t\t\t\t<div class=\"wc-block-grid__product-price price\"> Rent from <span class=\"woocommerce-Price-amount amount\"><span class=\"woocommerce-Price-currencySymbol\">&euro;<\/span>10.00<\/span> <\/div>\n\t\t\t\t\n\t\t\t\t<div class=\"wp-block-button wc-block-grid__product-add-to-cart\"><div class=\"wp-block-button wc-block-grid__product-add-to-cart\"><a href=\"https:\/\/deelen.lu\/fr\/product\/intex-pillow-rest-raised-air-bed-rental-integrated-pump\/\" class=\"wcrp-rental-products-select-dates-button button wp-block-button__link \" aria-label=\"Select dates for Intex Pillow Rest Raised Air Bed \/ Matelas gonflable Intex Pillow Rest Raised - Pompe \u00e9lectrique int\u00e9gr\u00e9e\">Select dates<\/a><\/div><\/div>\n\t\t\t<\/li><li class=\"wc-block-grid__product\">\n\t\t\t\t<a href=\"https:\/\/deelen.lu\/fr\/product\/shall-foldable-roller-stands-rental-set-2\/\" class=\"wc-block-grid__product-link\">\n\t\t\t\t\t\n\t\t\t\t\t<div class=\"wc-block-grid__product-image\"><img loading=\"lazy\" decoding=\"async\" width=\"300\" height=\"300\" src=\"https:\/\/deelen.lu\/resources\/uploads\/2026\/04\/5603-300x300.jpg\" class=\"attachment-woocommerce_thumbnail size-woocommerce_thumbnail\" alt=\"Shall Pack of 2 Foldable Roll Stands \/ \u00a0Lot de 2 Servantes \u00e0 rouleau pliables &quot;Shall&quot; - Support ajustable\" srcset=\"https:\/\/deelen.lu\/resources\/uploads\/2026\/04\/5603-300x300.jpg 300w, https:\/\/deelen.lu\/resources\/uploads\/2026\/04\/5603-150x150.jpg 150w, https:\/\/deelen.lu\/resources\/uploads\/2026\/04\/5603-100x100.jpg 100w\" sizes=\"auto, (max-width: 300px) 100vw, 300px\" \/><\/div>\n\t\t\t\t\t<div class=\"wc-block-grid__product-title\">Shall Pack of 2 Foldable Roll Stands \/ \u00a0Lot de 2 Servantes \u00e0 rouleau pliables \"Shall\" - Support ajustable<\/div>\n\t\t\t\t<\/a>\n\t\t\t\t<div class=\"wc-block-grid__product-price price\"> Rent from <span class=\"woocommerce-Price-amount amount\"><span class=\"woocommerce-Price-currencySymbol\">&euro;<\/span>5.00<\/span> <\/div>\n\t\t\t\t\n\t\t\t\t<div class=\"wp-block-button wc-block-grid__product-add-to-cart\"><div class=\"wp-block-button wc-block-grid__product-add-to-cart\"><a href=\"https:\/\/deelen.lu\/fr\/product\/shall-foldable-roller-stands-rental-set-2\/\" class=\"wcrp-rental-products-select-dates-button button wp-block-button__link \" aria-label=\"Select dates for Shall Pack of 2 Foldable Roll Stands \/ \u00a0Lot de 2 Servantes \u00e0 rouleau pliables \"Shall\" - Support ajustable\">Select dates<\/a><\/div><\/div>\n\t\t\t<\/li><\/ul><\/div><\/div>\r\n<\/div>\r\n","protected":false},"excerpt":{"rendered":"","protected":false},"author":1,"featured_media":0,"parent":0,"menu_order":0,"comment_status":"closed","ping_status":"closed","template":"","meta":{"_acf_changed":false,"inline_featured_image":false,"footnotes":""},"class_list":["post-633","page","type-page","status-publish","hentry"],"acf":[],"yoast_head":"<!-- This site is optimized with the Yoast SEO plugin v27.2 - https:\/\/yoast.com\/product\/yoast-seo-wordpress\/ -->\n<title>Panier - Deelen<\/title>\n<meta name=\"robots\" content=\"index, follow, max-snippet:-1, max-image-preview:large, max-video-preview:-1\" \/>\n<link rel=\"canonical\" href=\"https:\/\/deelen.lu\/fr\/panier\/\" \/>\n<meta property=\"og:locale\" content=\"fr_FR\" \/>\n<meta property=\"og:type\" content=\"article\" \/>\n<meta property=\"og:title\" content=\"Panier - Deelen\" \/>\n<meta property=\"og:url\" content=\"https:\/\/deelen.lu\/fr\/panier\/\" \/>\n<meta property=\"og:site_name\" content=\"Deelen\" \/>\n<meta property=\"article:modified_time\" content=\"2025-01-24T08:40:04+00:00\" \/>\n<meta name=\"twitter:card\" content=\"summary_large_image\" \/>\n<script type=\"application\/ld+json\" class=\"yoast-schema-graph\">{\"@context\":\"https:\/\/schema.org\",\"@graph\":[{\"@type\":\"WebPage\",\"@id\":\"https:\/\/deelen.lu\/fr\/panier\/\",\"url\":\"https:\/\/deelen.lu\/fr\/panier\/\",\"name\":\"Panier - Deelen\",\"isPartOf\":{\"@id\":\"https:\/\/deelen.lu\/fr\/#website\"},\"datePublished\":\"2024-12-05T13:53:41+00:00\",\"dateModified\":\"2025-01-24T08:40:04+00:00\",\"breadcrumb\":{\"@id\":\"https:\/\/deelen.lu\/fr\/panier\/#breadcrumb\"},\"inLanguage\":\"fr-FR\",\"potentialAction\":[{\"@type\":\"ReadAction\",\"target\":[\"https:\/\/deelen.lu\/fr\/panier\/\"]}]},{\"@type\":\"BreadcrumbList\",\"@id\":\"https:\/\/deelen.lu\/fr\/panier\/#breadcrumb\",\"itemListElement\":[{\"@type\":\"ListItem\",\"position\":1,\"name\":\"Home\",\"item\":\"https:\/\/deelen.lu\/fr\/\"},{\"@type\":\"ListItem\",\"position\":2,\"name\":\"Panier\"}]},{\"@type\":\"WebSite\",\"@id\":\"https:\/\/deelen.lu\/fr\/#website\",\"url\":\"https:\/\/deelen.lu\/fr\/\",\"name\":\"Deelen\",\"description\":\"Deelen.lu \u2014 Luxembourg&#039;s peer-to-peer rental marketplace. Rent and lend items locally.\",\"potentialAction\":[{\"@type\":\"SearchAction\",\"target\":{\"@type\":\"EntryPoint\",\"urlTemplate\":\"https:\/\/deelen.lu\/fr\/?s={search_term_string}\"},\"query-input\":{\"@type\":\"PropertyValueSpecification\",\"valueRequired\":true,\"valueName\":\"search_term_string\"}}],\"inLanguage\":\"fr-FR\"}]}<\/script>\n<!-- \/ Yoast SEO plugin. -->","yoast_head_json":{"title":"Panier - Deelen","robots":{"index":"index","follow":"follow","max-snippet":"max-snippet:-1","max-image-preview":"max-image-preview:large","max-video-preview":"max-video-preview:-1"},"canonical":"https:\/\/deelen.lu\/fr\/panier\/","og_locale":"fr_FR","og_type":"article","og_title":"Panier - Deelen","og_url":"https:\/\/deelen.lu\/fr\/panier\/","og_site_name":"Deelen","article_modified_time":"2025-01-24T08:40:04+00:00","twitter_card":"summary_large_image","schema":{"@context":"https:\/\/schema.org","@graph":[{"@type":"WebPage","@id":"https:\/\/deelen.lu\/fr\/panier\/","url":"https:\/\/deelen.lu\/fr\/panier\/","name":"Panier - Deelen","isPartOf":{"@id":"https:\/\/deelen.lu\/fr\/#website"},"datePublished":"2024-12-05T13:53:41+00:00","dateModified":"2025-01-24T08:40:04+00:00","breadcrumb":{"@id":"https:\/\/deelen.lu\/fr\/panier\/#breadcrumb"},"inLanguage":"fr-FR","potentialAction":[{"@type":"ReadAction","target":["https:\/\/deelen.lu\/fr\/panier\/"]}]},{"@type":"BreadcrumbList","@id":"https:\/\/deelen.lu\/fr\/panier\/#breadcrumb","itemListElement":[{"@type":"ListItem","position":1,"name":"Home","item":"https:\/\/deelen.lu\/fr\/"},{"@type":"ListItem","position":2,"name":"Panier"}]},{"@type":"WebSite","@id":"https:\/\/deelen.lu\/fr\/#website","url":"https:\/\/deelen.lu\/fr\/","name":"Deelen","description":"Deelen.lu \u2014 Luxembourg&#039;s peer-to-peer rental marketplace. Rent and lend items locally.","potentialAction":[{"@type":"SearchAction","target":{"@type":"EntryPoint","urlTemplate":"https:\/\/deelen.lu\/fr\/?s={search_term_string}"},"query-input":{"@type":"PropertyValueSpecification","valueRequired":true,"valueName":"search_term_string"}}],"inLanguage":"fr-FR"}]}},"_links":{"self":[{"href":"https:\/\/deelen.lu\/fr\/wp-json\/wp\/v2\/pages\/633","targetHints":{"allow":["GET"]}}],"collection":[{"href":"https:\/\/deelen.lu\/fr\/wp-json\/wp\/v2\/pages"}],"about":[{"href":"https:\/\/deelen.lu\/fr\/wp-json\/wp\/v2\/types\/page"}],"author":[{"embeddable":true,"href":"https:\/\/deelen.lu\/fr\/wp-json\/wp\/v2\/users\/1"}],"replies":[{"embeddable":true,"href":"https:\/\/deelen.lu\/fr\/wp-json\/wp\/v2\/comments?post=633"}],"version-history":[{"count":1,"href":"https:\/\/deelen.lu\/fr\/wp-json\/wp\/v2\/pages\/633\/revisions"}],"predecessor-version":[{"id":634,"href":"https:\/\/deelen.lu\/fr\/wp-json\/wp\/v2\/pages\/633\/revisions\/634"}],"wp:attachment":[{"href":"https:\/\/deelen.lu\/fr\/wp-json\/wp\/v2\/media?parent=633"}],"curies":[{"name":"wp","href":"https:\/\/api.w.org\/{rel}","templated":true}]}}