{"id":753,"date":"2025-01-24T12:42:21","date_gmt":"2025-01-24T12:42:21","guid":{"rendered":"https:\/\/deelen.lu\/?page_id=753"},"modified":"2025-03-29T19:11:30","modified_gmt":"2025-03-29T19:11:30","slug":"imprint","status":"publish","type":"page","link":"https:\/\/deelen.lu\/fr\/imprint\/","title":{"rendered":"Mentions L\u00e9gales"},"content":{"rendered":"<div>\n<h2>Contact<\/h2>\n<p>INVICTUS WISDOM SARL-S<br \/>\n4, Rue Pierre Blanc<br \/>\nL-1241 Luxembourg<br \/>\nLUXEMBOURG<br \/>\nNum\u00e9ro RCS : B292756<br \/>\nE-Mail : <a href=\"mailto:info@deelen.lu\">info@deelen.lu<\/a><br \/>\nSite web : <a href=\"www.deelen.lu\">www.deelen.lu<\/a><\/p>\n<p>Copyright \u00a9 Deelen, tous droits r\u00e9serv\u00e9s.<br \/>\nL'ensemble de ce site est soumis \u00e0 la l\u00e9gislation sur le droit d'auteur et la propri\u00e9t\u00e9 intellectuelle. Tous les textes, illustrations et autres contenus sont prot\u00e9g\u00e9s par les droits de reproduction.<\/p>\n<\/div>\n<hr \/>\n<div>\n<h2>\u00c9diteur :<\/h2>\n<p>AMYMA WEB S.\u00e0 r.l. :<br \/>\n14, Rue Strachen<br \/>\nL-6933 Mensdorf<br \/>\nLUXEMBOURG<br \/>\nNum\u00e9ro RCS : B179711<br \/>\nT\u00e9l. : +352 29 71 24<br \/>\nE-mail : <a href=\"mailto:info@amyma.lu\">info@amyma.lu<\/a><\/p>\n<\/div>\n<div>\n<h2>H\u00e9bergement du site :<\/h2>\n<p>Hetzner Online GmbH<br \/>\nIndustriestr. 25<br \/>\n91710 Gunzenhausen<br \/>\nAllemagne<\/p>\n<\/div>\n<hr \/>\n<div>\n<h2>Clause de non-responsabilit\u00e9<\/h2>\n<p>Toutes les informations pr\u00e9sentes sur ce site web ont \u00e9t\u00e9 soigneusement \u00e9tudi\u00e9es. N\u00e9anmoins, l'\u00e9diteur ne peut \u00eatre tenu responsable d'\u00e9ventuelles erreurs dans les informations fournies. Toutes les informations sont susceptibles d'\u00eatre modifi\u00e9es.<\/p>\n<\/div>\n","protected":false},"excerpt":{"rendered":"<p>Contact INVICTUS WISDOM SARL-S 4, Rue Pierre Blanc L-1241 Luxembourg LUXEMBOURG Num\u00e9ro RCS : B292756 E-Mail : info@deelen.lu Site web : www.deelen.lu Copyright \u00a9 Deelen, tous droits r\u00e9serv\u00e9s. L'ensemble de ce site est soumis \u00e0 la l\u00e9gislation sur le droit d'auteur et la propri\u00e9t\u00e9 intellectuelle. Tous les textes, illustrations et autres contenus sont prot\u00e9g\u00e9s par [&hellip;]<\/p>\n","protected":false},"author":5,"featured_media":0,"parent":0,"menu_order":0,"comment_status":"closed","ping_status":"closed","template":"","meta":{"_acf_changed":false,"inline_featured_image":false,"footnotes":""},"class_list":["post-753","page","type-page","status-publish","hentry"],"acf":[],"yoast_head":"<!-- This site is optimized with the Yoast SEO plugin v27.2 - https:\/\/yoast.com\/product\/yoast-seo-wordpress\/ -->\n<title>Mentions L\u00e9gales - Deelen<\/title>\n<meta name=\"robots\" content=\"index, follow, max-snippet:-1, max-image-preview:large, max-video-preview:-1\" \/>\n<link rel=\"canonical\" href=\"https:\/\/deelen.lu\/fr\/imprint\/\" \/>\n<meta property=\"og:locale\" content=\"fr_FR\" \/>\n<meta property=\"og:type\" content=\"article\" \/>\n<meta property=\"og:title\" content=\"Mentions L\u00e9gales - Deelen\" \/>\n<meta property=\"og:description\" content=\"Contact INVICTUS WISDOM SARL-S 4, Rue Pierre Blanc L-1241 Luxembourg LUXEMBOURG Num\u00e9ro RCS : B292756 E-Mail : info@deelen.lu Site web : www.deelen.lu Copyright \u00a9 Deelen, tous droits r\u00e9serv\u00e9s. L&#039;ensemble de ce site est soumis \u00e0 la l\u00e9gislation sur le droit d&#039;auteur et la propri\u00e9t\u00e9 intellectuelle. Tous les textes, illustrations et autres contenus sont prot\u00e9g\u00e9s par [&hellip;]\" \/>\n<meta property=\"og:url\" content=\"https:\/\/deelen.lu\/fr\/imprint\/\" \/>\n<meta property=\"og:site_name\" content=\"Deelen\" \/>\n<meta property=\"article:modified_time\" content=\"2025-03-29T19:11:30+00:00\" \/>\n<meta name=\"twitter:card\" content=\"summary_large_image\" \/>\n<meta name=\"twitter:label1\" content=\"Dur\u00e9e de lecture estim\u00e9e\" \/>\n\t<meta name=\"twitter:data1\" content=\"1 minute\" \/>\n<script type=\"application\/ld+json\" class=\"yoast-schema-graph\">{\"@context\":\"https:\/\/schema.org\",\"@graph\":[{\"@type\":\"WebPage\",\"@id\":\"https:\/\/deelen.lu\/fr\/imprint\/\",\"url\":\"https:\/\/deelen.lu\/fr\/imprint\/\",\"name\":\"Mentions L\u00e9gales - Deelen\",\"isPartOf\":{\"@id\":\"https:\/\/deelen.lu\/fr\/#website\"},\"datePublished\":\"2025-01-24T12:42:21+00:00\",\"dateModified\":\"2025-03-29T19:11:30+00:00\",\"breadcrumb\":{\"@id\":\"https:\/\/deelen.lu\/fr\/imprint\/#breadcrumb\"},\"inLanguage\":\"fr-FR\",\"potentialAction\":[{\"@type\":\"ReadAction\",\"target\":[\"https:\/\/deelen.lu\/fr\/imprint\/\"]}]},{\"@type\":\"BreadcrumbList\",\"@id\":\"https:\/\/deelen.lu\/fr\/imprint\/#breadcrumb\",\"itemListElement\":[{\"@type\":\"ListItem\",\"position\":1,\"name\":\"Home\",\"item\":\"https:\/\/deelen.lu\/fr\/\"},{\"@type\":\"ListItem\",\"position\":2,\"name\":\"Mentions L\u00e9gales\"}]},{\"@type\":\"WebSite\",\"@id\":\"https:\/\/deelen.lu\/fr\/#website\",\"url\":\"https:\/\/deelen.lu\/fr\/\",\"name\":\"Deelen\",\"description\":\"Deelen.lu \u2014 Luxembourg&#039;s peer-to-peer rental marketplace. Rent and lend items locally.\",\"potentialAction\":[{\"@type\":\"SearchAction\",\"target\":{\"@type\":\"EntryPoint\",\"urlTemplate\":\"https:\/\/deelen.lu\/fr\/?s={search_term_string}\"},\"query-input\":{\"@type\":\"PropertyValueSpecification\",\"valueRequired\":true,\"valueName\":\"search_term_string\"}}],\"inLanguage\":\"fr-FR\"}]}<\/script>\n<!-- \/ Yoast SEO plugin. -->","yoast_head_json":{"title":"Mentions L\u00e9gales - Deelen","robots":{"index":"index","follow":"follow","max-snippet":"max-snippet:-1","max-image-preview":"max-image-preview:large","max-video-preview":"max-video-preview:-1"},"canonical":"https:\/\/deelen.lu\/fr\/imprint\/","og_locale":"fr_FR","og_type":"article","og_title":"Mentions L\u00e9gales - Deelen","og_description":"Contact INVICTUS WISDOM SARL-S 4, Rue Pierre Blanc L-1241 Luxembourg LUXEMBOURG Num\u00e9ro RCS : B292756 E-Mail : info@deelen.lu Site web : www.deelen.lu Copyright \u00a9 Deelen, tous droits r\u00e9serv\u00e9s. L'ensemble de ce site est soumis \u00e0 la l\u00e9gislation sur le droit d'auteur et la propri\u00e9t\u00e9 intellectuelle. Tous les textes, illustrations et autres contenus sont prot\u00e9g\u00e9s par [&hellip;]","og_url":"https:\/\/deelen.lu\/fr\/imprint\/","og_site_name":"Deelen","article_modified_time":"2025-03-29T19:11:30+00:00","twitter_card":"summary_large_image","twitter_misc":{"Dur\u00e9e de lecture estim\u00e9e":"1 minute"},"schema":{"@context":"https:\/\/schema.org","@graph":[{"@type":"WebPage","@id":"https:\/\/deelen.lu\/fr\/imprint\/","url":"https:\/\/deelen.lu\/fr\/imprint\/","name":"Mentions L\u00e9gales - Deelen","isPartOf":{"@id":"https:\/\/deelen.lu\/fr\/#website"},"datePublished":"2025-01-24T12:42:21+00:00","dateModified":"2025-03-29T19:11:30+00:00","breadcrumb":{"@id":"https:\/\/deelen.lu\/fr\/imprint\/#breadcrumb"},"inLanguage":"fr-FR","potentialAction":[{"@type":"ReadAction","target":["https:\/\/deelen.lu\/fr\/imprint\/"]}]},{"@type":"BreadcrumbList","@id":"https:\/\/deelen.lu\/fr\/imprint\/#breadcrumb","itemListElement":[{"@type":"ListItem","position":1,"name":"Home","item":"https:\/\/deelen.lu\/fr\/"},{"@type":"ListItem","position":2,"name":"Mentions L\u00e9gales"}]},{"@type":"WebSite","@id":"https:\/\/deelen.lu\/fr\/#website","url":"https:\/\/deelen.lu\/fr\/","name":"Deelen","description":"Deelen.lu \u2014 Luxembourg&#039;s peer-to-peer rental marketplace. Rent and lend items locally.","potentialAction":[{"@type":"SearchAction","target":{"@type":"EntryPoint","urlTemplate":"https:\/\/deelen.lu\/fr\/?s={search_term_string}"},"query-input":{"@type":"PropertyValueSpecification","valueRequired":true,"valueName":"search_term_string"}}],"inLanguage":"fr-FR"}]}},"_links":{"self":[{"href":"https:\/\/deelen.lu\/fr\/wp-json\/wp\/v2\/pages\/753","targetHints":{"allow":["GET"]}}],"collection":[{"href":"https:\/\/deelen.lu\/fr\/wp-json\/wp\/v2\/pages"}],"about":[{"href":"https:\/\/deelen.lu\/fr\/wp-json\/wp\/v2\/types\/page"}],"author":[{"embeddable":true,"href":"https:\/\/deelen.lu\/fr\/wp-json\/wp\/v2\/users\/5"}],"replies":[{"embeddable":true,"href":"https:\/\/deelen.lu\/fr\/wp-json\/wp\/v2\/comments?post=753"}],"version-history":[{"count":7,"href":"https:\/\/deelen.lu\/fr\/wp-json\/wp\/v2\/pages\/753\/revisions"}],"predecessor-version":[{"id":1144,"href":"https:\/\/deelen.lu\/fr\/wp-json\/wp\/v2\/pages\/753\/revisions\/1144"}],"wp:attachment":[{"href":"https:\/\/deelen.lu\/fr\/wp-json\/wp\/v2\/media?parent=753"}],"curies":[{"name":"wp","href":"https:\/\/api.w.org\/{rel}","templated":true}]}}