{"id":961,"date":"2025-02-18T12:50:44","date_gmt":"2025-02-18T12:50:44","guid":{"rendered":"https:\/\/deelen.lu\/?page_id=961"},"modified":"2025-06-05T07:54:43","modified_gmt":"2025-06-05T07:54:43","slug":"how-it-works-2","status":"publish","type":"page","link":"https:\/\/deelen.lu\/fr\/how-it-works-2\/","title":{"rendered":"Environment"},"content":{"rendered":"","protected":false},"excerpt":{"rendered":"","protected":false},"author":5,"featured_media":0,"parent":0,"menu_order":0,"comment_status":"closed","ping_status":"closed","template":"page-templates\/template-how-it-works.php","meta":{"_acf_changed":false,"inline_featured_image":false,"footnotes":""},"class_list":["post-961","page","type-page","status-publish","hentry"],"acf":[],"yoast_head":"<!-- This site is optimized with the Yoast SEO plugin v27.2 - https:\/\/yoast.com\/product\/yoast-seo-wordpress\/ -->\n<title>Deelen \u2013 Partagez, \u00e9conomisez et soutenez un avenir plus durable<\/title>\n<meta name=\"description\" content=\"Avec Deelen, \u00e9conomisez en louant des objets utiles pr\u00e8s de chez vous et adoptez un mode de vie plus responsable.\" \/>\n<meta name=\"robots\" content=\"index, follow, max-snippet:-1, max-image-preview:large, max-video-preview:-1\" \/>\n<link rel=\"canonical\" href=\"https:\/\/deelen.lu\/fr\/how-it-works-2\/\" \/>\n<meta property=\"og:locale\" content=\"fr_FR\" \/>\n<meta property=\"og:type\" content=\"article\" \/>\n<meta property=\"og:title\" content=\"Deelen \u2013 Partagez, \u00e9conomisez et soutenez un avenir plus durable\" \/>\n<meta property=\"og:description\" content=\"Avec Deelen, \u00e9conomisez en louant des objets utiles pr\u00e8s de chez vous et adoptez un mode de vie plus responsable.\" \/>\n<meta property=\"og:url\" content=\"https:\/\/deelen.lu\/fr\/how-it-works-2\/\" \/>\n<meta property=\"og:site_name\" content=\"Deelen\" \/>\n<meta property=\"article:modified_time\" content=\"2025-06-05T07:54:43+00:00\" \/>\n<meta name=\"twitter:card\" content=\"summary_large_image\" \/>\n<script type=\"application\/ld+json\" class=\"yoast-schema-graph\">{\"@context\":\"https:\/\/schema.org\",\"@graph\":[{\"@type\":\"WebPage\",\"@id\":\"https:\/\/deelen.lu\/fr\/how-it-works-2\/\",\"url\":\"https:\/\/deelen.lu\/fr\/how-it-works-2\/\",\"name\":\"Deelen \u2013 Partagez, \u00e9conomisez et soutenez un avenir plus durable\",\"isPartOf\":{\"@id\":\"https:\/\/deelen.lu\/fr\/#website\"},\"datePublished\":\"2025-02-18T12:50:44+00:00\",\"dateModified\":\"2025-06-05T07:54:43+00:00\",\"description\":\"Avec Deelen, \u00e9conomisez en louant des objets utiles pr\u00e8s de chez vous et adoptez un mode de vie plus responsable.\",\"breadcrumb\":{\"@id\":\"https:\/\/deelen.lu\/fr\/how-it-works-2\/#breadcrumb\"},\"inLanguage\":\"fr-FR\",\"potentialAction\":[{\"@type\":\"ReadAction\",\"target\":[\"https:\/\/deelen.lu\/fr\/how-it-works-2\/\"]}]},{\"@type\":\"BreadcrumbList\",\"@id\":\"https:\/\/deelen.lu\/fr\/how-it-works-2\/#breadcrumb\",\"itemListElement\":[{\"@type\":\"ListItem\",\"position\":1,\"name\":\"Home\",\"item\":\"https:\/\/deelen.lu\/fr\/\"},{\"@type\":\"ListItem\",\"position\":2,\"name\":\"Environment\"}]},{\"@type\":\"WebSite\",\"@id\":\"https:\/\/deelen.lu\/fr\/#website\",\"url\":\"https:\/\/deelen.lu\/fr\/\",\"name\":\"Deelen\",\"description\":\"Deelen.lu \u2014 Luxembourg&#039;s peer-to-peer rental marketplace. Rent and lend items locally.\",\"potentialAction\":[{\"@type\":\"SearchAction\",\"target\":{\"@type\":\"EntryPoint\",\"urlTemplate\":\"https:\/\/deelen.lu\/fr\/?s={search_term_string}\"},\"query-input\":{\"@type\":\"PropertyValueSpecification\",\"valueRequired\":true,\"valueName\":\"search_term_string\"}}],\"inLanguage\":\"fr-FR\"}]}<\/script>\n<!-- \/ Yoast SEO plugin. -->","yoast_head_json":{"title":"Deelen \u2013 Partagez, \u00e9conomisez et soutenez un avenir plus durable","description":"Avec Deelen, \u00e9conomisez en louant des objets utiles pr\u00e8s de chez vous et adoptez un mode de vie plus responsable.","robots":{"index":"index","follow":"follow","max-snippet":"max-snippet:-1","max-image-preview":"max-image-preview:large","max-video-preview":"max-video-preview:-1"},"canonical":"https:\/\/deelen.lu\/fr\/how-it-works-2\/","og_locale":"fr_FR","og_type":"article","og_title":"Deelen \u2013 Partagez, \u00e9conomisez et soutenez un avenir plus durable","og_description":"Avec Deelen, \u00e9conomisez en louant des objets utiles pr\u00e8s de chez vous et adoptez un mode de vie plus responsable.","og_url":"https:\/\/deelen.lu\/fr\/how-it-works-2\/","og_site_name":"Deelen","article_modified_time":"2025-06-05T07:54:43+00:00","twitter_card":"summary_large_image","schema":{"@context":"https:\/\/schema.org","@graph":[{"@type":"WebPage","@id":"https:\/\/deelen.lu\/fr\/how-it-works-2\/","url":"https:\/\/deelen.lu\/fr\/how-it-works-2\/","name":"Deelen \u2013 Partagez, \u00e9conomisez et soutenez un avenir plus durable","isPartOf":{"@id":"https:\/\/deelen.lu\/fr\/#website"},"datePublished":"2025-02-18T12:50:44+00:00","dateModified":"2025-06-05T07:54:43+00:00","description":"Avec Deelen, \u00e9conomisez en louant des objets utiles pr\u00e8s de chez vous et adoptez un mode de vie plus responsable.","breadcrumb":{"@id":"https:\/\/deelen.lu\/fr\/how-it-works-2\/#breadcrumb"},"inLanguage":"fr-FR","potentialAction":[{"@type":"ReadAction","target":["https:\/\/deelen.lu\/fr\/how-it-works-2\/"]}]},{"@type":"BreadcrumbList","@id":"https:\/\/deelen.lu\/fr\/how-it-works-2\/#breadcrumb","itemListElement":[{"@type":"ListItem","position":1,"name":"Home","item":"https:\/\/deelen.lu\/fr\/"},{"@type":"ListItem","position":2,"name":"Environment"}]},{"@type":"WebSite","@id":"https:\/\/deelen.lu\/fr\/#website","url":"https:\/\/deelen.lu\/fr\/","name":"Deelen","description":"Deelen.lu \u2014 Luxembourg&#039;s peer-to-peer rental marketplace. Rent and lend items locally.","potentialAction":[{"@type":"SearchAction","target":{"@type":"EntryPoint","urlTemplate":"https:\/\/deelen.lu\/fr\/?s={search_term_string}"},"query-input":{"@type":"PropertyValueSpecification","valueRequired":true,"valueName":"search_term_string"}}],"inLanguage":"fr-FR"}]}},"_links":{"self":[{"href":"https:\/\/deelen.lu\/fr\/wp-json\/wp\/v2\/pages\/961","targetHints":{"allow":["GET"]}}],"collection":[{"href":"https:\/\/deelen.lu\/fr\/wp-json\/wp\/v2\/pages"}],"about":[{"href":"https:\/\/deelen.lu\/fr\/wp-json\/wp\/v2\/types\/page"}],"author":[{"embeddable":true,"href":"https:\/\/deelen.lu\/fr\/wp-json\/wp\/v2\/users\/5"}],"replies":[{"embeddable":true,"href":"https:\/\/deelen.lu\/fr\/wp-json\/wp\/v2\/comments?post=961"}],"version-history":[{"count":3,"href":"https:\/\/deelen.lu\/fr\/wp-json\/wp\/v2\/pages\/961\/revisions"}],"predecessor-version":[{"id":1147,"href":"https:\/\/deelen.lu\/fr\/wp-json\/wp\/v2\/pages\/961\/revisions\/1147"}],"wp:attachment":[{"href":"https:\/\/deelen.lu\/fr\/wp-json\/wp\/v2\/media?parent=961"}],"curies":[{"name":"wp","href":"https:\/\/api.w.org\/{rel}","templated":true}]}}