{"id":1061,"date":"2025-03-08T07:17:36","date_gmt":"2025-03-08T07:17:36","guid":{"rendered":"https:\/\/deelen.lu\/?post_type=product&#038;p=1061"},"modified":"2026-01-24T18:00:05","modified_gmt":"2026-01-24T18:00:05","slug":"test-1","status":"publish","type":"product","link":"https:\/\/deelen.lu\/fr\/product\/test-1\/","title":{"rendered":"Be the First!     Soyez le Premier !"},"content":{"rendered":"<p>This category is waiting for your first awesome item. Feel encouraged to share what you have!<\/p>\n<p>&nbsp;<\/p>\n<p>Cette cat\u00e9gorie attend ton premier objet super. N'h\u00e9site pas \u00e0 partager ce que tu as !<\/p>\n","protected":false},"excerpt":{"rendered":"<p>This category is waiting for your first awesome item. Feel encouraged to share what you have! &nbsp; Cette cat\u00e9gorie attend ton premier objet super. N'h\u00e9site pas \u00e0 partager ce que tu as !<\/p>\n","protected":false},"featured_media":1257,"comment_status":"open","ping_status":"closed","template":"","meta":{"_acf_changed":false,"inline_featured_image":false},"product_brand":[],"product_cat":[21,220,204,226],"product_tag":[],"class_list":{"0":"post-1061","1":"product","2":"type-product","3":"status-publish","4":"has-post-thumbnail","6":"product_cat-all","7":"product_cat-books-and-study-materials","8":"product_cat-fashion-and-accessories","9":"product_cat-pets-and-accessories","11":"first","12":"instock","13":"shipping-taxable","14":"purchasable","15":"product-type-simple"},"acf":[],"yoast_head":"<!-- This site is optimized with the Yoast SEO plugin v27.2 - https:\/\/yoast.com\/product\/yoast-seo-wordpress\/ -->\n<title>Be the First!   Soyez le Premier ! - Deelen<\/title>\n<meta name=\"robots\" content=\"index, follow, max-snippet:-1, max-image-preview:large, max-video-preview:-1\" \/>\n<link rel=\"canonical\" href=\"https:\/\/deelen.lu\/fr\/product\/test-1\/\" \/>\n<meta property=\"og:locale\" content=\"fr_FR\" \/>\n<meta property=\"og:type\" content=\"article\" \/>\n<meta property=\"og:title\" content=\"Be the First!   Soyez le Premier ! - Deelen\" \/>\n<meta property=\"og:description\" content=\"This category is waiting for your first awesome item. Feel encouraged to share what you have! &nbsp; Cette cat\u00e9gorie attend ton premier objet super. N&#039;h\u00e9site pas \u00e0 partager ce que tu as !\" \/>\n<meta property=\"og:url\" content=\"https:\/\/deelen.lu\/fr\/product\/test-1\/\" \/>\n<meta property=\"og:site_name\" content=\"Deelen\" \/>\n<meta property=\"article:modified_time\" content=\"2026-01-24T18:00:05+00:00\" \/>\n<meta property=\"og:image\" content=\"https:\/\/deelen.lu\/resources\/uploads\/2025\/03\/Deelen.lu_.gif\" \/>\n\t<meta property=\"og:image:width\" content=\"566\" \/>\n\t<meta property=\"og:image:height\" content=\"566\" \/>\n\t<meta property=\"og:image:type\" content=\"image\/gif\" \/>\n<meta name=\"twitter:card\" content=\"summary_large_image\" \/>\n<meta name=\"twitter:label1\" content=\"Dur\u00e9e de lecture estim\u00e9e\" \/>\n\t<meta name=\"twitter:data1\" content=\"1 minute\" \/>\n<script type=\"application\/ld+json\" class=\"yoast-schema-graph\">{\"@context\":\"https:\/\/schema.org\",\"@graph\":[{\"@type\":\"WebPage\",\"@id\":\"https:\/\/deelen.lu\/fr\/product\/test-1\/\",\"url\":\"https:\/\/deelen.lu\/fr\/product\/test-1\/\",\"name\":\"Be the First! Soyez le Premier ! - Deelen\",\"isPartOf\":{\"@id\":\"https:\/\/deelen.lu\/fr\/#website\"},\"primaryImageOfPage\":{\"@id\":\"https:\/\/deelen.lu\/fr\/product\/test-1\/#primaryimage\"},\"image\":{\"@id\":\"https:\/\/deelen.lu\/fr\/product\/test-1\/#primaryimage\"},\"thumbnailUrl\":\"https:\/\/deelen.lu\/resources\/uploads\/2025\/03\/Deelen.lu_.gif\",\"datePublished\":\"2025-03-08T07:17:36+00:00\",\"dateModified\":\"2026-01-24T18:00:05+00:00\",\"breadcrumb\":{\"@id\":\"https:\/\/deelen.lu\/fr\/product\/test-1\/#breadcrumb\"},\"inLanguage\":\"fr-FR\",\"potentialAction\":[{\"@type\":\"ReadAction\",\"target\":[\"https:\/\/deelen.lu\/fr\/product\/test-1\/\"]}]},{\"@type\":\"ImageObject\",\"inLanguage\":\"fr-FR\",\"@id\":\"https:\/\/deelen.lu\/fr\/product\/test-1\/#primaryimage\",\"url\":\"https:\/\/deelen.lu\/resources\/uploads\/2025\/03\/Deelen.lu_.gif\",\"contentUrl\":\"https:\/\/deelen.lu\/resources\/uploads\/2025\/03\/Deelen.lu_.gif\",\"width\":566,\"height\":566},{\"@type\":\"BreadcrumbList\",\"@id\":\"https:\/\/deelen.lu\/fr\/product\/test-1\/#breadcrumb\",\"itemListElement\":[{\"@type\":\"ListItem\",\"position\":1,\"name\":\"Home\",\"item\":\"https:\/\/deelen.lu\/fr\/\"},{\"@type\":\"ListItem\",\"position\":2,\"name\":\"Be the First! Soyez le Premier !\"}]},{\"@type\":\"WebSite\",\"@id\":\"https:\/\/deelen.lu\/fr\/#website\",\"url\":\"https:\/\/deelen.lu\/fr\/\",\"name\":\"Deelen\",\"description\":\"Deelen.lu \u2014 Luxembourg&#039;s peer-to-peer rental marketplace. Rent and lend items locally.\",\"potentialAction\":[{\"@type\":\"SearchAction\",\"target\":{\"@type\":\"EntryPoint\",\"urlTemplate\":\"https:\/\/deelen.lu\/fr\/?s={search_term_string}\"},\"query-input\":{\"@type\":\"PropertyValueSpecification\",\"valueRequired\":true,\"valueName\":\"search_term_string\"}}],\"inLanguage\":\"fr-FR\"}]}<\/script>\n<!-- \/ Yoast SEO plugin. -->","yoast_head_json":{"title":"Be the First!   Soyez le Premier ! - Deelen","robots":{"index":"index","follow":"follow","max-snippet":"max-snippet:-1","max-image-preview":"max-image-preview:large","max-video-preview":"max-video-preview:-1"},"canonical":"https:\/\/deelen.lu\/fr\/product\/test-1\/","og_locale":"fr_FR","og_type":"article","og_title":"Be the First!   Soyez le Premier ! - Deelen","og_description":"This category is waiting for your first awesome item. Feel encouraged to share what you have! &nbsp; Cette cat\u00e9gorie attend ton premier objet super. N'h\u00e9site pas \u00e0 partager ce que tu as !","og_url":"https:\/\/deelen.lu\/fr\/product\/test-1\/","og_site_name":"Deelen","article_modified_time":"2026-01-24T18:00:05+00:00","og_image":[{"width":566,"height":566,"url":"https:\/\/deelen.lu\/resources\/uploads\/2025\/03\/Deelen.lu_.gif","type":"image\/gif"}],"twitter_card":"summary_large_image","twitter_misc":{"Dur\u00e9e de lecture estim\u00e9e":"1 minute"},"schema":{"@context":"https:\/\/schema.org","@graph":[{"@type":"WebPage","@id":"https:\/\/deelen.lu\/fr\/product\/test-1\/","url":"https:\/\/deelen.lu\/fr\/product\/test-1\/","name":"Be the First! Soyez le Premier ! - Deelen","isPartOf":{"@id":"https:\/\/deelen.lu\/fr\/#website"},"primaryImageOfPage":{"@id":"https:\/\/deelen.lu\/fr\/product\/test-1\/#primaryimage"},"image":{"@id":"https:\/\/deelen.lu\/fr\/product\/test-1\/#primaryimage"},"thumbnailUrl":"https:\/\/deelen.lu\/resources\/uploads\/2025\/03\/Deelen.lu_.gif","datePublished":"2025-03-08T07:17:36+00:00","dateModified":"2026-01-24T18:00:05+00:00","breadcrumb":{"@id":"https:\/\/deelen.lu\/fr\/product\/test-1\/#breadcrumb"},"inLanguage":"fr-FR","potentialAction":[{"@type":"ReadAction","target":["https:\/\/deelen.lu\/fr\/product\/test-1\/"]}]},{"@type":"ImageObject","inLanguage":"fr-FR","@id":"https:\/\/deelen.lu\/fr\/product\/test-1\/#primaryimage","url":"https:\/\/deelen.lu\/resources\/uploads\/2025\/03\/Deelen.lu_.gif","contentUrl":"https:\/\/deelen.lu\/resources\/uploads\/2025\/03\/Deelen.lu_.gif","width":566,"height":566},{"@type":"BreadcrumbList","@id":"https:\/\/deelen.lu\/fr\/product\/test-1\/#breadcrumb","itemListElement":[{"@type":"ListItem","position":1,"name":"Home","item":"https:\/\/deelen.lu\/fr\/"},{"@type":"ListItem","position":2,"name":"Be the First! Soyez le Premier !"}]},{"@type":"WebSite","@id":"https:\/\/deelen.lu\/fr\/#website","url":"https:\/\/deelen.lu\/fr\/","name":"Deelen","description":"Deelen.lu \u2014 Luxembourg&#039;s peer-to-peer rental marketplace. Rent and lend items locally.","potentialAction":[{"@type":"SearchAction","target":{"@type":"EntryPoint","urlTemplate":"https:\/\/deelen.lu\/fr\/?s={search_term_string}"},"query-input":{"@type":"PropertyValueSpecification","valueRequired":true,"valueName":"search_term_string"}}],"inLanguage":"fr-FR"}]}},"_links":{"self":[{"href":"https:\/\/deelen.lu\/fr\/wp-json\/wp\/v2\/product\/1061","targetHints":{"allow":["GET"]}}],"collection":[{"href":"https:\/\/deelen.lu\/fr\/wp-json\/wp\/v2\/product"}],"about":[{"href":"https:\/\/deelen.lu\/fr\/wp-json\/wp\/v2\/types\/product"}],"replies":[{"embeddable":true,"href":"https:\/\/deelen.lu\/fr\/wp-json\/wp\/v2\/comments?post=1061"}],"wp:featuredmedia":[{"embeddable":true,"href":"https:\/\/deelen.lu\/fr\/wp-json\/wp\/v2\/media\/1257"}],"wp:attachment":[{"href":"https:\/\/deelen.lu\/fr\/wp-json\/wp\/v2\/media?parent=1061"}],"wp:term":[{"taxonomy":"product_brand","embeddable":true,"href":"https:\/\/deelen.lu\/fr\/wp-json\/wp\/v2\/product_brand?post=1061"},{"taxonomy":"product_cat","embeddable":true,"href":"https:\/\/deelen.lu\/fr\/wp-json\/wp\/v2\/product_cat?post=1061"},{"taxonomy":"product_tag","embeddable":true,"href":"https:\/\/deelen.lu\/fr\/wp-json\/wp\/v2\/product_tag?post=1061"}],"curies":[{"name":"wp","href":"https:\/\/api.w.org\/{rel}","templated":true}]}}