{"id":1118,"date":"2025-03-27T19:30:41","date_gmt":"2025-03-27T19:30:41","guid":{"rendered":"https:\/\/deelen.lu\/fr\/?post_type=product&#038;p=1118"},"modified":"2025-05-24T07:11:14","modified_gmt":"2025-05-24T07:11:14","slug":"matelas-pneumatique-1-personne","status":"publish","type":"product","link":"https:\/\/deelen.lu\/fr\/product\/matelas-pneumatique-1-personne\/","title":{"rendered":"Matelas pneumatique 1 personne"},"content":{"rendered":"<p>Doux, confortable et stable, pour un sommeil r\u00e9parateur.<br \/>\nA une couche sup\u00e9rieure en velours et est r\u00e9sistant \u00e0 l\u2019eau.<\/p>\n","protected":false},"excerpt":{"rendered":"<p>Doux, confortable et stable, pour un sommeil r\u00e9parateur. A une couche sup\u00e9rieure en velours et est r\u00e9sistant \u00e0 l\u2019eau.<\/p>\n","protected":false},"featured_media":1119,"comment_status":"open","ping_status":"closed","template":"","meta":{"_acf_changed":false,"inline_featured_image":false},"product_brand":[],"product_cat":[21,164,158,161,170],"product_tag":[],"class_list":{"0":"post-1118","1":"product","2":"type-product","3":"status-publish","4":"has-post-thumbnail","6":"product_cat-all","7":"product_cat-small-appliances-blender-toaster-etc","8":"product_cat-home-and-garden","9":"product_cat-furniture-indoor-outdoor","10":"product_cat-large-appliances-fridge-oven-washing-machine","12":"first","13":"instock","14":"shipping-taxable","15":"purchasable","16":"product-type-simple"},"acf":[],"yoast_head":"<!-- This site is optimized with the Yoast SEO plugin v27.2 - https:\/\/yoast.com\/product\/yoast-seo-wordpress\/ -->\n<title>Matelas pneumatique 1 personne - Deelen<\/title>\n<meta name=\"robots\" content=\"index, follow, max-snippet:-1, max-image-preview:large, max-video-preview:-1\" \/>\n<link rel=\"canonical\" href=\"https:\/\/deelen.lu\/fr\/product\/matelas-pneumatique-1-personne\/\" \/>\n<meta property=\"og:locale\" content=\"fr_FR\" \/>\n<meta property=\"og:type\" content=\"article\" \/>\n<meta property=\"og:title\" content=\"Matelas pneumatique 1 personne - Deelen\" \/>\n<meta property=\"og:description\" content=\"Doux, confortable et stable, pour un sommeil r\u00e9parateur. A une couche sup\u00e9rieure en velours et est r\u00e9sistant \u00e0 l\u2019eau.\" \/>\n<meta property=\"og:url\" content=\"https:\/\/deelen.lu\/fr\/product\/matelas-pneumatique-1-personne\/\" \/>\n<meta property=\"og:site_name\" content=\"Deelen\" \/>\n<meta property=\"article:modified_time\" content=\"2025-05-24T07:11:14+00:00\" \/>\n<meta name=\"twitter:card\" content=\"summary_large_image\" \/>\n<script type=\"application\/ld+json\" class=\"yoast-schema-graph\">{\"@context\":\"https:\/\/schema.org\",\"@graph\":[{\"@type\":\"WebPage\",\"@id\":\"https:\/\/deelen.lu\/fr\/product\/matelas-pneumatique-1-personne\/\",\"url\":\"https:\/\/deelen.lu\/fr\/product\/matelas-pneumatique-1-personne\/\",\"name\":\"Matelas pneumatique 1 personne - Deelen\",\"isPartOf\":{\"@id\":\"https:\/\/deelen.lu\/fr\/#website\"},\"primaryImageOfPage\":{\"@id\":\"https:\/\/deelen.lu\/fr\/product\/matelas-pneumatique-1-personne\/#primaryimage\"},\"image\":{\"@id\":\"https:\/\/deelen.lu\/fr\/product\/matelas-pneumatique-1-personne\/#primaryimage\"},\"thumbnailUrl\":\"https:\/\/deelen.lu\/resources\/uploads\/2025\/03\/1.avif\",\"datePublished\":\"2025-03-27T19:30:41+00:00\",\"dateModified\":\"2025-05-24T07:11:14+00:00\",\"breadcrumb\":{\"@id\":\"https:\/\/deelen.lu\/fr\/product\/matelas-pneumatique-1-personne\/#breadcrumb\"},\"inLanguage\":\"fr-FR\",\"potentialAction\":[{\"@type\":\"ReadAction\",\"target\":[\"https:\/\/deelen.lu\/fr\/product\/matelas-pneumatique-1-personne\/\"]}]},{\"@type\":\"ImageObject\",\"inLanguage\":\"fr-FR\",\"@id\":\"https:\/\/deelen.lu\/fr\/product\/matelas-pneumatique-1-personne\/#primaryimage\",\"url\":\"https:\/\/deelen.lu\/resources\/uploads\/2025\/03\/1.avif\",\"contentUrl\":\"https:\/\/deelen.lu\/resources\/uploads\/2025\/03\/1.avif\",\"width\":1368,\"height\":1368},{\"@type\":\"BreadcrumbList\",\"@id\":\"https:\/\/deelen.lu\/fr\/product\/matelas-pneumatique-1-personne\/#breadcrumb\",\"itemListElement\":[{\"@type\":\"ListItem\",\"position\":1,\"name\":\"Home\",\"item\":\"https:\/\/deelen.lu\/fr\/\"},{\"@type\":\"ListItem\",\"position\":2,\"name\":\"Matelas pneumatique 1 personne\"}]},{\"@type\":\"WebSite\",\"@id\":\"https:\/\/deelen.lu\/fr\/#website\",\"url\":\"https:\/\/deelen.lu\/fr\/\",\"name\":\"Deelen\",\"description\":\"Deelen.lu \u2014 Luxembourg&#039;s peer-to-peer rental marketplace. Rent and lend items locally.\",\"potentialAction\":[{\"@type\":\"SearchAction\",\"target\":{\"@type\":\"EntryPoint\",\"urlTemplate\":\"https:\/\/deelen.lu\/fr\/?s={search_term_string}\"},\"query-input\":{\"@type\":\"PropertyValueSpecification\",\"valueRequired\":true,\"valueName\":\"search_term_string\"}}],\"inLanguage\":\"fr-FR\"}]}<\/script>\n<!-- \/ Yoast SEO plugin. -->","yoast_head_json":{"title":"Matelas pneumatique 1 personne - Deelen","robots":{"index":"index","follow":"follow","max-snippet":"max-snippet:-1","max-image-preview":"max-image-preview:large","max-video-preview":"max-video-preview:-1"},"canonical":"https:\/\/deelen.lu\/fr\/product\/matelas-pneumatique-1-personne\/","og_locale":"fr_FR","og_type":"article","og_title":"Matelas pneumatique 1 personne - Deelen","og_description":"Doux, confortable et stable, pour un sommeil r\u00e9parateur. A une couche sup\u00e9rieure en velours et est r\u00e9sistant \u00e0 l\u2019eau.","og_url":"https:\/\/deelen.lu\/fr\/product\/matelas-pneumatique-1-personne\/","og_site_name":"Deelen","article_modified_time":"2025-05-24T07:11:14+00:00","twitter_card":"summary_large_image","schema":{"@context":"https:\/\/schema.org","@graph":[{"@type":"WebPage","@id":"https:\/\/deelen.lu\/fr\/product\/matelas-pneumatique-1-personne\/","url":"https:\/\/deelen.lu\/fr\/product\/matelas-pneumatique-1-personne\/","name":"Matelas pneumatique 1 personne - Deelen","isPartOf":{"@id":"https:\/\/deelen.lu\/fr\/#website"},"primaryImageOfPage":{"@id":"https:\/\/deelen.lu\/fr\/product\/matelas-pneumatique-1-personne\/#primaryimage"},"image":{"@id":"https:\/\/deelen.lu\/fr\/product\/matelas-pneumatique-1-personne\/#primaryimage"},"thumbnailUrl":"https:\/\/deelen.lu\/resources\/uploads\/2025\/03\/1.avif","datePublished":"2025-03-27T19:30:41+00:00","dateModified":"2025-05-24T07:11:14+00:00","breadcrumb":{"@id":"https:\/\/deelen.lu\/fr\/product\/matelas-pneumatique-1-personne\/#breadcrumb"},"inLanguage":"fr-FR","potentialAction":[{"@type":"ReadAction","target":["https:\/\/deelen.lu\/fr\/product\/matelas-pneumatique-1-personne\/"]}]},{"@type":"ImageObject","inLanguage":"fr-FR","@id":"https:\/\/deelen.lu\/fr\/product\/matelas-pneumatique-1-personne\/#primaryimage","url":"https:\/\/deelen.lu\/resources\/uploads\/2025\/03\/1.avif","contentUrl":"https:\/\/deelen.lu\/resources\/uploads\/2025\/03\/1.avif","width":1368,"height":1368},{"@type":"BreadcrumbList","@id":"https:\/\/deelen.lu\/fr\/product\/matelas-pneumatique-1-personne\/#breadcrumb","itemListElement":[{"@type":"ListItem","position":1,"name":"Home","item":"https:\/\/deelen.lu\/fr\/"},{"@type":"ListItem","position":2,"name":"Matelas pneumatique 1 personne"}]},{"@type":"WebSite","@id":"https:\/\/deelen.lu\/fr\/#website","url":"https:\/\/deelen.lu\/fr\/","name":"Deelen","description":"Deelen.lu \u2014 Luxembourg&#039;s peer-to-peer rental marketplace. Rent and lend items locally.","potentialAction":[{"@type":"SearchAction","target":{"@type":"EntryPoint","urlTemplate":"https:\/\/deelen.lu\/fr\/?s={search_term_string}"},"query-input":{"@type":"PropertyValueSpecification","valueRequired":true,"valueName":"search_term_string"}}],"inLanguage":"fr-FR"}]}},"_links":{"self":[{"href":"https:\/\/deelen.lu\/fr\/wp-json\/wp\/v2\/product\/1118","targetHints":{"allow":["GET"]}}],"collection":[{"href":"https:\/\/deelen.lu\/fr\/wp-json\/wp\/v2\/product"}],"about":[{"href":"https:\/\/deelen.lu\/fr\/wp-json\/wp\/v2\/types\/product"}],"replies":[{"embeddable":true,"href":"https:\/\/deelen.lu\/fr\/wp-json\/wp\/v2\/comments?post=1118"}],"wp:featuredmedia":[{"embeddable":true,"href":"https:\/\/deelen.lu\/fr\/wp-json\/wp\/v2\/media\/1119"}],"wp:attachment":[{"href":"https:\/\/deelen.lu\/fr\/wp-json\/wp\/v2\/media?parent=1118"}],"wp:term":[{"taxonomy":"product_brand","embeddable":true,"href":"https:\/\/deelen.lu\/fr\/wp-json\/wp\/v2\/product_brand?post=1118"},{"taxonomy":"product_cat","embeddable":true,"href":"https:\/\/deelen.lu\/fr\/wp-json\/wp\/v2\/product_cat?post=1118"},{"taxonomy":"product_tag","embeddable":true,"href":"https:\/\/deelen.lu\/fr\/wp-json\/wp\/v2\/product_tag?post=1118"}],"curies":[{"name":"wp","href":"https:\/\/api.w.org\/{rel}","templated":true}]}}