{"id":1266,"date":"2025-04-10T09:23:50","date_gmt":"2025-04-10T09:23:50","guid":{"rendered":"https:\/\/deelen.lu\/fr\/?post_type=product&#038;p=1266"},"modified":"2025-04-10T09:36:15","modified_gmt":"2025-04-10T09:36:15","slug":"chaussures-de-rugby-gilbert-rugby-shoes","status":"publish","type":"product","link":"https:\/\/deelen.lu\/fr\/product\/chaussures-de-rugby-gilbert-rugby-shoes\/","title":{"rendered":"Chaussures de rugby Gilbert - rugby shoes"},"content":{"rendered":"<p>Envie de vous essayer au rugby ? Rien de tel pour d\u00e9marrer que des chaussures \u00e0 8 crampons pour une meilleure stabilit\u00e9 sur le terrain. Gilbert est la marque de r\u00e9f\u00e9rence dans le monde du rugby.<br \/>\nPointure : 39.5<\/p>\n<p>&nbsp;<\/p>\n<p>Want to try playing rugby? There's nothing like 8-stud boots to get started for better stability on the field. Gilbert is a top brand in the world of rugby. Size: 39.5<\/p>\n","protected":false},"excerpt":{"rendered":"<p>Envie de vous essayer au rugby ? Rien de tel pour d\u00e9marrer que des chaussures \u00e0 8 crampons pour une meilleure stabilit\u00e9 sur le terrain. Gilbert est la marque de r\u00e9f\u00e9rence dans le monde du rugby. Pointure : 39.5 &nbsp; Want to try playing rugby? There's nothing like 8-stud boots to get started for better [&hellip;]<\/p>\n","protected":false},"featured_media":1267,"comment_status":"open","ping_status":"closed","template":"","meta":{"_acf_changed":false,"inline_featured_image":false},"product_brand":[],"product_cat":[21,192,184],"product_tag":[],"class_list":{"0":"post-1266","1":"product","2":"type-product","3":"status-publish","4":"has-post-thumbnail","6":"product_cat-all","7":"product_cat-sports-equipment-balls-rackets","8":"product_cat-sports-and-recreation","10":"first","11":"instock","12":"shipping-taxable","13":"purchasable","14":"product-type-simple"},"acf":[],"yoast_head":"<!-- This site is optimized with the Yoast SEO plugin v27.2 - https:\/\/yoast.com\/product\/yoast-seo-wordpress\/ -->\n<title>Chaussures de rugby Gilbert - rugby shoes - Deelen<\/title>\n<meta name=\"robots\" content=\"index, follow, max-snippet:-1, max-image-preview:large, max-video-preview:-1\" \/>\n<link rel=\"canonical\" href=\"https:\/\/deelen.lu\/fr\/product\/chaussures-de-rugby-gilbert-rugby-shoes\/\" \/>\n<meta property=\"og:locale\" content=\"fr_FR\" \/>\n<meta property=\"og:type\" content=\"article\" \/>\n<meta property=\"og:title\" content=\"Chaussures de rugby Gilbert - rugby shoes - Deelen\" \/>\n<meta property=\"og:description\" content=\"Envie de vous essayer au rugby ? Rien de tel pour d\u00e9marrer que des chaussures \u00e0 8 crampons pour une meilleure stabilit\u00e9 sur le terrain. Gilbert est la marque de r\u00e9f\u00e9rence dans le monde du rugby. Pointure : 39.5 &nbsp; Want to try playing rugby? There&#039;s nothing like 8-stud boots to get started for better [&hellip;]\" \/>\n<meta property=\"og:url\" content=\"https:\/\/deelen.lu\/fr\/product\/chaussures-de-rugby-gilbert-rugby-shoes\/\" \/>\n<meta property=\"og:site_name\" content=\"Deelen\" \/>\n<meta property=\"article:modified_time\" content=\"2025-04-10T09:36:15+00:00\" \/>\n<meta property=\"og:image\" content=\"https:\/\/deelen.lu\/resources\/uploads\/2025\/04\/IMG-20250408-WA0007-1.jpg\" \/>\n\t<meta property=\"og:image:width\" content=\"1920\" \/>\n\t<meta property=\"og:image:height\" content=\"1080\" \/>\n\t<meta property=\"og:image:type\" content=\"image\/jpeg\" \/>\n<meta name=\"twitter:card\" content=\"summary_large_image\" \/>\n<script type=\"application\/ld+json\" class=\"yoast-schema-graph\">{\"@context\":\"https:\/\/schema.org\",\"@graph\":[{\"@type\":\"WebPage\",\"@id\":\"https:\/\/deelen.lu\/fr\/product\/chaussures-de-rugby-gilbert-rugby-shoes\/\",\"url\":\"https:\/\/deelen.lu\/fr\/product\/chaussures-de-rugby-gilbert-rugby-shoes\/\",\"name\":\"Chaussures de rugby Gilbert - rugby shoes - Deelen\",\"isPartOf\":{\"@id\":\"https:\/\/deelen.lu\/fr\/#website\"},\"primaryImageOfPage\":{\"@id\":\"https:\/\/deelen.lu\/fr\/product\/chaussures-de-rugby-gilbert-rugby-shoes\/#primaryimage\"},\"image\":{\"@id\":\"https:\/\/deelen.lu\/fr\/product\/chaussures-de-rugby-gilbert-rugby-shoes\/#primaryimage\"},\"thumbnailUrl\":\"https:\/\/deelen.lu\/resources\/uploads\/2025\/04\/IMG-20250408-WA0007-1.jpg\",\"datePublished\":\"2025-04-10T09:23:50+00:00\",\"dateModified\":\"2025-04-10T09:36:15+00:00\",\"breadcrumb\":{\"@id\":\"https:\/\/deelen.lu\/fr\/product\/chaussures-de-rugby-gilbert-rugby-shoes\/#breadcrumb\"},\"inLanguage\":\"fr-FR\",\"potentialAction\":[{\"@type\":\"ReadAction\",\"target\":[\"https:\/\/deelen.lu\/fr\/product\/chaussures-de-rugby-gilbert-rugby-shoes\/\"]}]},{\"@type\":\"ImageObject\",\"inLanguage\":\"fr-FR\",\"@id\":\"https:\/\/deelen.lu\/fr\/product\/chaussures-de-rugby-gilbert-rugby-shoes\/#primaryimage\",\"url\":\"https:\/\/deelen.lu\/resources\/uploads\/2025\/04\/IMG-20250408-WA0007-1.jpg\",\"contentUrl\":\"https:\/\/deelen.lu\/resources\/uploads\/2025\/04\/IMG-20250408-WA0007-1.jpg\",\"width\":1920,\"height\":1080},{\"@type\":\"BreadcrumbList\",\"@id\":\"https:\/\/deelen.lu\/fr\/product\/chaussures-de-rugby-gilbert-rugby-shoes\/#breadcrumb\",\"itemListElement\":[{\"@type\":\"ListItem\",\"position\":1,\"name\":\"Home\",\"item\":\"https:\/\/deelen.lu\/fr\/\"},{\"@type\":\"ListItem\",\"position\":2,\"name\":\"Chaussures de rugby Gilbert &#8211; rugby shoes\"}]},{\"@type\":\"WebSite\",\"@id\":\"https:\/\/deelen.lu\/fr\/#website\",\"url\":\"https:\/\/deelen.lu\/fr\/\",\"name\":\"Deelen\",\"description\":\"Deelen.lu \u2014 Luxembourg&#039;s peer-to-peer rental marketplace. Rent and lend items locally.\",\"potentialAction\":[{\"@type\":\"SearchAction\",\"target\":{\"@type\":\"EntryPoint\",\"urlTemplate\":\"https:\/\/deelen.lu\/fr\/?s={search_term_string}\"},\"query-input\":{\"@type\":\"PropertyValueSpecification\",\"valueRequired\":true,\"valueName\":\"search_term_string\"}}],\"inLanguage\":\"fr-FR\"}]}<\/script>\n<!-- \/ Yoast SEO plugin. -->","yoast_head_json":{"title":"Chaussures de rugby Gilbert - rugby shoes - Deelen","robots":{"index":"index","follow":"follow","max-snippet":"max-snippet:-1","max-image-preview":"max-image-preview:large","max-video-preview":"max-video-preview:-1"},"canonical":"https:\/\/deelen.lu\/fr\/product\/chaussures-de-rugby-gilbert-rugby-shoes\/","og_locale":"fr_FR","og_type":"article","og_title":"Chaussures de rugby Gilbert - rugby shoes - Deelen","og_description":"Envie de vous essayer au rugby ? Rien de tel pour d\u00e9marrer que des chaussures \u00e0 8 crampons pour une meilleure stabilit\u00e9 sur le terrain. Gilbert est la marque de r\u00e9f\u00e9rence dans le monde du rugby. Pointure : 39.5 &nbsp; Want to try playing rugby? There's nothing like 8-stud boots to get started for better [&hellip;]","og_url":"https:\/\/deelen.lu\/fr\/product\/chaussures-de-rugby-gilbert-rugby-shoes\/","og_site_name":"Deelen","article_modified_time":"2025-04-10T09:36:15+00:00","og_image":[{"width":1920,"height":1080,"url":"https:\/\/deelen.lu\/resources\/uploads\/2025\/04\/IMG-20250408-WA0007-1.jpg","type":"image\/jpeg"}],"twitter_card":"summary_large_image","schema":{"@context":"https:\/\/schema.org","@graph":[{"@type":"WebPage","@id":"https:\/\/deelen.lu\/fr\/product\/chaussures-de-rugby-gilbert-rugby-shoes\/","url":"https:\/\/deelen.lu\/fr\/product\/chaussures-de-rugby-gilbert-rugby-shoes\/","name":"Chaussures de rugby Gilbert - rugby shoes - Deelen","isPartOf":{"@id":"https:\/\/deelen.lu\/fr\/#website"},"primaryImageOfPage":{"@id":"https:\/\/deelen.lu\/fr\/product\/chaussures-de-rugby-gilbert-rugby-shoes\/#primaryimage"},"image":{"@id":"https:\/\/deelen.lu\/fr\/product\/chaussures-de-rugby-gilbert-rugby-shoes\/#primaryimage"},"thumbnailUrl":"https:\/\/deelen.lu\/resources\/uploads\/2025\/04\/IMG-20250408-WA0007-1.jpg","datePublished":"2025-04-10T09:23:50+00:00","dateModified":"2025-04-10T09:36:15+00:00","breadcrumb":{"@id":"https:\/\/deelen.lu\/fr\/product\/chaussures-de-rugby-gilbert-rugby-shoes\/#breadcrumb"},"inLanguage":"fr-FR","potentialAction":[{"@type":"ReadAction","target":["https:\/\/deelen.lu\/fr\/product\/chaussures-de-rugby-gilbert-rugby-shoes\/"]}]},{"@type":"ImageObject","inLanguage":"fr-FR","@id":"https:\/\/deelen.lu\/fr\/product\/chaussures-de-rugby-gilbert-rugby-shoes\/#primaryimage","url":"https:\/\/deelen.lu\/resources\/uploads\/2025\/04\/IMG-20250408-WA0007-1.jpg","contentUrl":"https:\/\/deelen.lu\/resources\/uploads\/2025\/04\/IMG-20250408-WA0007-1.jpg","width":1920,"height":1080},{"@type":"BreadcrumbList","@id":"https:\/\/deelen.lu\/fr\/product\/chaussures-de-rugby-gilbert-rugby-shoes\/#breadcrumb","itemListElement":[{"@type":"ListItem","position":1,"name":"Home","item":"https:\/\/deelen.lu\/fr\/"},{"@type":"ListItem","position":2,"name":"Chaussures de rugby Gilbert &#8211; rugby shoes"}]},{"@type":"WebSite","@id":"https:\/\/deelen.lu\/fr\/#website","url":"https:\/\/deelen.lu\/fr\/","name":"Deelen","description":"Deelen.lu \u2014 Luxembourg&#039;s peer-to-peer rental marketplace. Rent and lend items locally.","potentialAction":[{"@type":"SearchAction","target":{"@type":"EntryPoint","urlTemplate":"https:\/\/deelen.lu\/fr\/?s={search_term_string}"},"query-input":{"@type":"PropertyValueSpecification","valueRequired":true,"valueName":"search_term_string"}}],"inLanguage":"fr-FR"}]}},"_links":{"self":[{"href":"https:\/\/deelen.lu\/fr\/wp-json\/wp\/v2\/product\/1266","targetHints":{"allow":["GET"]}}],"collection":[{"href":"https:\/\/deelen.lu\/fr\/wp-json\/wp\/v2\/product"}],"about":[{"href":"https:\/\/deelen.lu\/fr\/wp-json\/wp\/v2\/types\/product"}],"replies":[{"embeddable":true,"href":"https:\/\/deelen.lu\/fr\/wp-json\/wp\/v2\/comments?post=1266"}],"wp:featuredmedia":[{"embeddable":true,"href":"https:\/\/deelen.lu\/fr\/wp-json\/wp\/v2\/media\/1267"}],"wp:attachment":[{"href":"https:\/\/deelen.lu\/fr\/wp-json\/wp\/v2\/media?parent=1266"}],"wp:term":[{"taxonomy":"product_brand","embeddable":true,"href":"https:\/\/deelen.lu\/fr\/wp-json\/wp\/v2\/product_brand?post=1266"},{"taxonomy":"product_cat","embeddable":true,"href":"https:\/\/deelen.lu\/fr\/wp-json\/wp\/v2\/product_cat?post=1266"},{"taxonomy":"product_tag","embeddable":true,"href":"https:\/\/deelen.lu\/fr\/wp-json\/wp\/v2\/product_tag?post=1266"}],"curies":[{"name":"wp","href":"https:\/\/api.w.org\/{rel}","templated":true}]}}