{"id":1278,"date":"2025-04-11T14:43:35","date_gmt":"2025-04-11T14:43:35","guid":{"rendered":"https:\/\/deelen.lu\/fr\/?post_type=product&#038;p=1278"},"modified":"2025-06-07T06:23:57","modified_gmt":"2025-06-07T06:23:57","slug":"nettoyeur-vapeur-karcher-karcher-steam-cleaner","status":"publish","type":"product","link":"https:\/\/deelen.lu\/fr\/product\/nettoyeur-vapeur-karcher-karcher-steam-cleaner\/","title":{"rendered":"Nettoyeur vapeur KARCHER - K\u00c4RCHER Steam Cleaner"},"content":{"rendered":"<p>Le nettoyage en profondeur avec le nettoyeur vapeur K\u00e4rcher \u00e9limine 99,99 % de toutes les bact\u00e9ries domestiques communes des surfaces dures courantes de la maison.<br \/>\nLes accessoires permettent de nettoyer carrelage, cuisini\u00e8re et hotte aspirante jusque dans les moindres recoins, y compris en cas de salet\u00e9 incrust\u00e9e.<br \/>\nLe pack comporte \u00e9galement une buse pour sol EasyFix \u00e0 articulation flexible garantissant une excellente ergonomie.<\/p>\n<p>&nbsp;<\/p>\n<p data-sourcepos=\"1:1-1:131\">Deep cleaning with the K\u00e4rcher steam cleaner removes 99.99% of all common household bacteria from common hard surfaces in the home.<\/p>\n<p data-sourcepos=\"3:1-3:128\">The accessories allow you to clean tiles, cookers, and extractor hoods right into the smallest corners, even with stubborn dirt.<\/p>\n<p data-sourcepos=\"5:1-5:104\">The pack also includes an EasyFix floor nozzle with a flexible joint, guaranteeing excellent ergonomics.<\/p>\n","protected":false},"excerpt":{"rendered":"<p>Le nettoyage en profondeur avec le nettoyeur vapeur K\u00e4rcher \u00e9limine 99,99 % de toutes les bact\u00e9ries domestiques communes des surfaces dures courantes de la maison. Les accessoires permettent de nettoyer carrelage, cuisini\u00e8re et hotte aspirante jusque dans les moindres recoins, y compris en cas de salet\u00e9 incrust\u00e9e. Le pack comporte \u00e9galement une buse pour sol [&hellip;]<\/p>\n","protected":false},"featured_media":1342,"comment_status":"open","ping_status":"closed","template":"","meta":{"_acf_changed":false,"inline_featured_image":false},"product_brand":[],"product_cat":[21,228,158,196],"product_tag":[],"class_list":{"0":"post-1278","1":"product","2":"type-product","3":"status-publish","4":"has-post-thumbnail","6":"product_cat-all","7":"product_cat-cleaning-maintenance","8":"product_cat-home-and-garden","9":"product_cat-tools-and-diy","11":"first","12":"instock","13":"shipping-taxable","14":"purchasable","15":"product-type-simple"},"acf":[],"yoast_head":"<!-- This site is optimized with the Yoast SEO plugin v27.2 - https:\/\/yoast.com\/product\/yoast-seo-wordpress\/ -->\n<title>Nettoyeur vapeur KARCHER - K\u00c4RCHER Steam Cleaner - Deelen<\/title>\n<meta name=\"robots\" content=\"index, follow, max-snippet:-1, max-image-preview:large, max-video-preview:-1\" \/>\n<link rel=\"canonical\" href=\"https:\/\/deelen.lu\/fr\/product\/nettoyeur-vapeur-karcher-karcher-steam-cleaner\/\" \/>\n<meta property=\"og:locale\" content=\"fr_FR\" \/>\n<meta property=\"og:type\" content=\"article\" \/>\n<meta property=\"og:title\" content=\"Nettoyeur vapeur KARCHER - K\u00c4RCHER Steam Cleaner - Deelen\" \/>\n<meta property=\"og:description\" content=\"Le nettoyage en profondeur avec le nettoyeur vapeur K\u00e4rcher \u00e9limine 99,99 % de toutes les bact\u00e9ries domestiques communes des surfaces dures courantes de la maison. Les accessoires permettent de nettoyer carrelage, cuisini\u00e8re et hotte aspirante jusque dans les moindres recoins, y compris en cas de salet\u00e9 incrust\u00e9e. Le pack comporte \u00e9galement une buse pour sol [&hellip;]\" \/>\n<meta property=\"og:url\" content=\"https:\/\/deelen.lu\/fr\/product\/nettoyeur-vapeur-karcher-karcher-steam-cleaner\/\" \/>\n<meta property=\"og:site_name\" content=\"Deelen\" \/>\n<meta property=\"article:modified_time\" content=\"2025-06-07T06:23:57+00:00\" \/>\n<meta property=\"og:image\" content=\"https:\/\/deelen.lu\/resources\/uploads\/2025\/04\/1744363777579.jpg\" \/>\n\t<meta property=\"og:image:width\" content=\"520\" \/>\n\t<meta property=\"og:image:height\" content=\"1156\" \/>\n\t<meta property=\"og:image:type\" content=\"image\/jpeg\" \/>\n<meta name=\"twitter:card\" content=\"summary_large_image\" \/>\n<meta name=\"twitter:label1\" content=\"Dur\u00e9e de lecture estim\u00e9e\" \/>\n\t<meta name=\"twitter:data1\" content=\"1 minute\" \/>\n<script type=\"application\/ld+json\" class=\"yoast-schema-graph\">{\"@context\":\"https:\/\/schema.org\",\"@graph\":[{\"@type\":\"WebPage\",\"@id\":\"https:\/\/deelen.lu\/fr\/product\/nettoyeur-vapeur-karcher-karcher-steam-cleaner\/\",\"url\":\"https:\/\/deelen.lu\/fr\/product\/nettoyeur-vapeur-karcher-karcher-steam-cleaner\/\",\"name\":\"Nettoyeur vapeur KARCHER - K\u00c4RCHER Steam Cleaner - Deelen\",\"isPartOf\":{\"@id\":\"https:\/\/deelen.lu\/fr\/#website\"},\"primaryImageOfPage\":{\"@id\":\"https:\/\/deelen.lu\/fr\/product\/nettoyeur-vapeur-karcher-karcher-steam-cleaner\/#primaryimage\"},\"image\":{\"@id\":\"https:\/\/deelen.lu\/fr\/product\/nettoyeur-vapeur-karcher-karcher-steam-cleaner\/#primaryimage\"},\"thumbnailUrl\":\"https:\/\/deelen.lu\/resources\/uploads\/2025\/04\/1744363777579.jpg\",\"datePublished\":\"2025-04-11T14:43:35+00:00\",\"dateModified\":\"2025-06-07T06:23:57+00:00\",\"breadcrumb\":{\"@id\":\"https:\/\/deelen.lu\/fr\/product\/nettoyeur-vapeur-karcher-karcher-steam-cleaner\/#breadcrumb\"},\"inLanguage\":\"fr-FR\",\"potentialAction\":[{\"@type\":\"ReadAction\",\"target\":[\"https:\/\/deelen.lu\/fr\/product\/nettoyeur-vapeur-karcher-karcher-steam-cleaner\/\"]}]},{\"@type\":\"ImageObject\",\"inLanguage\":\"fr-FR\",\"@id\":\"https:\/\/deelen.lu\/fr\/product\/nettoyeur-vapeur-karcher-karcher-steam-cleaner\/#primaryimage\",\"url\":\"https:\/\/deelen.lu\/resources\/uploads\/2025\/04\/1744363777579.jpg\",\"contentUrl\":\"https:\/\/deelen.lu\/resources\/uploads\/2025\/04\/1744363777579.jpg\",\"width\":520,\"height\":1156},{\"@type\":\"BreadcrumbList\",\"@id\":\"https:\/\/deelen.lu\/fr\/product\/nettoyeur-vapeur-karcher-karcher-steam-cleaner\/#breadcrumb\",\"itemListElement\":[{\"@type\":\"ListItem\",\"position\":1,\"name\":\"Home\",\"item\":\"https:\/\/deelen.lu\/fr\/\"},{\"@type\":\"ListItem\",\"position\":2,\"name\":\"Nettoyeur vapeur KARCHER &#8211; K\u00c4RCHER Steam Cleaner\"}]},{\"@type\":\"WebSite\",\"@id\":\"https:\/\/deelen.lu\/fr\/#website\",\"url\":\"https:\/\/deelen.lu\/fr\/\",\"name\":\"Deelen\",\"description\":\"Deelen.lu \u2014 Luxembourg&#039;s peer-to-peer rental marketplace. Rent and lend items locally.\",\"potentialAction\":[{\"@type\":\"SearchAction\",\"target\":{\"@type\":\"EntryPoint\",\"urlTemplate\":\"https:\/\/deelen.lu\/fr\/?s={search_term_string}\"},\"query-input\":{\"@type\":\"PropertyValueSpecification\",\"valueRequired\":true,\"valueName\":\"search_term_string\"}}],\"inLanguage\":\"fr-FR\"}]}<\/script>\n<!-- \/ Yoast SEO plugin. -->","yoast_head_json":{"title":"Nettoyeur vapeur KARCHER - K\u00c4RCHER Steam Cleaner - Deelen","robots":{"index":"index","follow":"follow","max-snippet":"max-snippet:-1","max-image-preview":"max-image-preview:large","max-video-preview":"max-video-preview:-1"},"canonical":"https:\/\/deelen.lu\/fr\/product\/nettoyeur-vapeur-karcher-karcher-steam-cleaner\/","og_locale":"fr_FR","og_type":"article","og_title":"Nettoyeur vapeur KARCHER - K\u00c4RCHER Steam Cleaner - Deelen","og_description":"Le nettoyage en profondeur avec le nettoyeur vapeur K\u00e4rcher \u00e9limine 99,99 % de toutes les bact\u00e9ries domestiques communes des surfaces dures courantes de la maison. Les accessoires permettent de nettoyer carrelage, cuisini\u00e8re et hotte aspirante jusque dans les moindres recoins, y compris en cas de salet\u00e9 incrust\u00e9e. Le pack comporte \u00e9galement une buse pour sol [&hellip;]","og_url":"https:\/\/deelen.lu\/fr\/product\/nettoyeur-vapeur-karcher-karcher-steam-cleaner\/","og_site_name":"Deelen","article_modified_time":"2025-06-07T06:23:57+00:00","og_image":[{"width":520,"height":1156,"url":"https:\/\/deelen.lu\/resources\/uploads\/2025\/04\/1744363777579.jpg","type":"image\/jpeg"}],"twitter_card":"summary_large_image","twitter_misc":{"Dur\u00e9e de lecture estim\u00e9e":"1 minute"},"schema":{"@context":"https:\/\/schema.org","@graph":[{"@type":"WebPage","@id":"https:\/\/deelen.lu\/fr\/product\/nettoyeur-vapeur-karcher-karcher-steam-cleaner\/","url":"https:\/\/deelen.lu\/fr\/product\/nettoyeur-vapeur-karcher-karcher-steam-cleaner\/","name":"Nettoyeur vapeur KARCHER - K\u00c4RCHER Steam Cleaner - Deelen","isPartOf":{"@id":"https:\/\/deelen.lu\/fr\/#website"},"primaryImageOfPage":{"@id":"https:\/\/deelen.lu\/fr\/product\/nettoyeur-vapeur-karcher-karcher-steam-cleaner\/#primaryimage"},"image":{"@id":"https:\/\/deelen.lu\/fr\/product\/nettoyeur-vapeur-karcher-karcher-steam-cleaner\/#primaryimage"},"thumbnailUrl":"https:\/\/deelen.lu\/resources\/uploads\/2025\/04\/1744363777579.jpg","datePublished":"2025-04-11T14:43:35+00:00","dateModified":"2025-06-07T06:23:57+00:00","breadcrumb":{"@id":"https:\/\/deelen.lu\/fr\/product\/nettoyeur-vapeur-karcher-karcher-steam-cleaner\/#breadcrumb"},"inLanguage":"fr-FR","potentialAction":[{"@type":"ReadAction","target":["https:\/\/deelen.lu\/fr\/product\/nettoyeur-vapeur-karcher-karcher-steam-cleaner\/"]}]},{"@type":"ImageObject","inLanguage":"fr-FR","@id":"https:\/\/deelen.lu\/fr\/product\/nettoyeur-vapeur-karcher-karcher-steam-cleaner\/#primaryimage","url":"https:\/\/deelen.lu\/resources\/uploads\/2025\/04\/1744363777579.jpg","contentUrl":"https:\/\/deelen.lu\/resources\/uploads\/2025\/04\/1744363777579.jpg","width":520,"height":1156},{"@type":"BreadcrumbList","@id":"https:\/\/deelen.lu\/fr\/product\/nettoyeur-vapeur-karcher-karcher-steam-cleaner\/#breadcrumb","itemListElement":[{"@type":"ListItem","position":1,"name":"Home","item":"https:\/\/deelen.lu\/fr\/"},{"@type":"ListItem","position":2,"name":"Nettoyeur vapeur KARCHER &#8211; K\u00c4RCHER Steam Cleaner"}]},{"@type":"WebSite","@id":"https:\/\/deelen.lu\/fr\/#website","url":"https:\/\/deelen.lu\/fr\/","name":"Deelen","description":"Deelen.lu \u2014 Luxembourg&#039;s peer-to-peer rental marketplace. Rent and lend items locally.","potentialAction":[{"@type":"SearchAction","target":{"@type":"EntryPoint","urlTemplate":"https:\/\/deelen.lu\/fr\/?s={search_term_string}"},"query-input":{"@type":"PropertyValueSpecification","valueRequired":true,"valueName":"search_term_string"}}],"inLanguage":"fr-FR"}]}},"_links":{"self":[{"href":"https:\/\/deelen.lu\/fr\/wp-json\/wp\/v2\/product\/1278","targetHints":{"allow":["GET"]}}],"collection":[{"href":"https:\/\/deelen.lu\/fr\/wp-json\/wp\/v2\/product"}],"about":[{"href":"https:\/\/deelen.lu\/fr\/wp-json\/wp\/v2\/types\/product"}],"replies":[{"embeddable":true,"href":"https:\/\/deelen.lu\/fr\/wp-json\/wp\/v2\/comments?post=1278"}],"wp:featuredmedia":[{"embeddable":true,"href":"https:\/\/deelen.lu\/fr\/wp-json\/wp\/v2\/media\/1342"}],"wp:attachment":[{"href":"https:\/\/deelen.lu\/fr\/wp-json\/wp\/v2\/media?parent=1278"}],"wp:term":[{"taxonomy":"product_brand","embeddable":true,"href":"https:\/\/deelen.lu\/fr\/wp-json\/wp\/v2\/product_brand?post=1278"},{"taxonomy":"product_cat","embeddable":true,"href":"https:\/\/deelen.lu\/fr\/wp-json\/wp\/v2\/product_cat?post=1278"},{"taxonomy":"product_tag","embeddable":true,"href":"https:\/\/deelen.lu\/fr\/wp-json\/wp\/v2\/product_tag?post=1278"}],"curies":[{"name":"wp","href":"https:\/\/api.w.org\/{rel}","templated":true}]}}