{"id":1408,"date":"2025-05-26T13:47:34","date_gmt":"2025-05-26T13:47:34","guid":{"rendered":"https:\/\/deelen.lu\/fr\/?post_type=product&#038;p=1408"},"modified":"2025-11-15T21:08:30","modified_gmt":"2025-11-15T21:08:30","slug":"karcher-sc3-upright-balai-vapeur-steam-mop","status":"publish","type":"product","link":"https:\/\/deelen.lu\/fr\/product\/karcher-sc3-upright-balai-vapeur-steam-mop\/","title":{"rendered":"K\u00e4rcher sc3 upright - Balai vapeur - Steam mop"},"content":{"rendered":"<p>Le balai vapeur SC 3 Upright assure une propret\u00e9 en profondeur sur tous les sols durs, et ce, en toute simplicit\u00e9, avec une facilit\u00e9 d'utilisation ultime : la vapeur s'ajuste en fonction de la surface \u00e0 l'aide de 3 niveaux pr\u00e9r\u00e9gl\u00e9s. Le pr\u00e9chauffage du mod\u00e8le haut de gamme ne prend que quelques secondes. Gr\u00e2ce au r\u00e9servoir d'eau propre remplissable \u00e0 tout moment, muni d'une cartouche de d\u00e9tartrage, ce balai vapeur est op\u00e9rationnel en un clin d'\u0153il. L'\u00e9tat de fonctionnement actuel est indiqu\u00e9 par des codes couleurs sur le bandeau LED. Le nettoyage en profondeur avec cet appareil \u00e9limine jusqu'\u00e0 99,999 % de tous les virus* et 99,99 % de toutes les bact\u00e9ries domestiques** pr\u00e9sents sur les surfaces dures de la maison.<\/p>\n<p>&nbsp;<\/p>\n<p data-sourcepos=\"5:1-5:571\">The SC 3 Upright steam mop ensures thorough cleaning on all hard floors with ultimate ease of use: steam output adjusts to the surface with 3 preset levels. This high-end model heats up in just a few seconds. Thanks to its refillable fresh water tank, equipped with a descaling cartridge, the steam mop is operational in a flash. The current operating status is indicated by color codes on the LED strip. Deep cleaning with this device eliminates up to 99.999% of all viruses* and 99.99% of all common household bacteria* on hard surfaces in the home.<\/p>\n","protected":false},"excerpt":{"rendered":"<p>Le balai vapeur SC 3 Upright assure une propret\u00e9 en profondeur sur tous les sols durs, et ce, en toute simplicit\u00e9, avec une facilit\u00e9 d'utilisation ultime : la vapeur s'ajuste en fonction de la surface \u00e0 l'aide de 3 niveaux pr\u00e9r\u00e9gl\u00e9s. Le pr\u00e9chauffage du mod\u00e8le haut de gamme ne prend que quelques secondes. Gr\u00e2ce au [&hellip;]<\/p>\n","protected":false},"featured_media":1409,"comment_status":"open","ping_status":"closed","template":"","meta":{"_acf_changed":false,"inline_featured_image":false},"product_brand":[],"product_cat":[21,198,228,155,158,196],"product_tag":[],"class_list":{"0":"post-1408","1":"product","2":"type-product","3":"status-publish","4":"has-post-thumbnail","6":"product_cat-all","7":"product_cat-power-tools-drills-saws","8":"product_cat-cleaning-maintenance","9":"product_cat-trending","10":"product_cat-home-and-garden","11":"product_cat-tools-and-diy","13":"first","14":"instock","15":"shipping-taxable","16":"purchasable","17":"product-type-simple"},"acf":[],"yoast_head":"<!-- This site is optimized with the Yoast SEO plugin v27.2 - https:\/\/yoast.com\/product\/yoast-seo-wordpress\/ -->\n<title>K\u00e4rcher sc3 upright - Balai vapeur - Steam mop - Deelen<\/title>\n<meta name=\"robots\" content=\"index, follow, max-snippet:-1, max-image-preview:large, max-video-preview:-1\" \/>\n<link rel=\"canonical\" href=\"https:\/\/deelen.lu\/fr\/product\/karcher-sc3-upright-balai-vapeur-steam-mop\/\" \/>\n<meta property=\"og:locale\" content=\"fr_FR\" \/>\n<meta property=\"og:type\" content=\"article\" \/>\n<meta property=\"og:title\" content=\"K\u00e4rcher sc3 upright - Balai vapeur - Steam mop - Deelen\" \/>\n<meta property=\"og:description\" content=\"Le balai vapeur SC 3 Upright assure une propret\u00e9 en profondeur sur tous les sols durs, et ce, en toute simplicit\u00e9, avec une facilit\u00e9 d&#039;utilisation ultime : la vapeur s&#039;ajuste en fonction de la surface \u00e0 l&#039;aide de 3 niveaux pr\u00e9r\u00e9gl\u00e9s. Le pr\u00e9chauffage du mod\u00e8le haut de gamme ne prend que quelques secondes. Gr\u00e2ce au [&hellip;]\" \/>\n<meta property=\"og:url\" content=\"https:\/\/deelen.lu\/fr\/product\/karcher-sc3-upright-balai-vapeur-steam-mop\/\" \/>\n<meta property=\"og:site_name\" content=\"Deelen\" \/>\n<meta property=\"article:modified_time\" content=\"2025-11-15T21:08:30+00:00\" \/>\n<meta property=\"og:image\" content=\"https:\/\/deelen.lu\/resources\/uploads\/2025\/05\/Capture.png\" \/>\n\t<meta property=\"og:image:width\" content=\"265\" \/>\n\t<meta property=\"og:image:height\" content=\"674\" \/>\n\t<meta property=\"og:image:type\" content=\"image\/png\" \/>\n<meta name=\"twitter:card\" content=\"summary_large_image\" \/>\n<meta name=\"twitter:label1\" content=\"Dur\u00e9e de lecture estim\u00e9e\" \/>\n\t<meta name=\"twitter:data1\" content=\"2 minutes\" \/>\n<script type=\"application\/ld+json\" class=\"yoast-schema-graph\">{\"@context\":\"https:\/\/schema.org\",\"@graph\":[{\"@type\":\"WebPage\",\"@id\":\"https:\/\/deelen.lu\/fr\/product\/karcher-sc3-upright-balai-vapeur-steam-mop\/\",\"url\":\"https:\/\/deelen.lu\/fr\/product\/karcher-sc3-upright-balai-vapeur-steam-mop\/\",\"name\":\"K\u00e4rcher sc3 upright - Balai vapeur - Steam mop - Deelen\",\"isPartOf\":{\"@id\":\"https:\/\/deelen.lu\/fr\/#website\"},\"primaryImageOfPage\":{\"@id\":\"https:\/\/deelen.lu\/fr\/product\/karcher-sc3-upright-balai-vapeur-steam-mop\/#primaryimage\"},\"image\":{\"@id\":\"https:\/\/deelen.lu\/fr\/product\/karcher-sc3-upright-balai-vapeur-steam-mop\/#primaryimage\"},\"thumbnailUrl\":\"https:\/\/deelen.lu\/resources\/uploads\/2025\/05\/Capture.png\",\"datePublished\":\"2025-05-26T13:47:34+00:00\",\"dateModified\":\"2025-11-15T21:08:30+00:00\",\"breadcrumb\":{\"@id\":\"https:\/\/deelen.lu\/fr\/product\/karcher-sc3-upright-balai-vapeur-steam-mop\/#breadcrumb\"},\"inLanguage\":\"fr-FR\",\"potentialAction\":[{\"@type\":\"ReadAction\",\"target\":[\"https:\/\/deelen.lu\/fr\/product\/karcher-sc3-upright-balai-vapeur-steam-mop\/\"]}]},{\"@type\":\"ImageObject\",\"inLanguage\":\"fr-FR\",\"@id\":\"https:\/\/deelen.lu\/fr\/product\/karcher-sc3-upright-balai-vapeur-steam-mop\/#primaryimage\",\"url\":\"https:\/\/deelen.lu\/resources\/uploads\/2025\/05\/Capture.png\",\"contentUrl\":\"https:\/\/deelen.lu\/resources\/uploads\/2025\/05\/Capture.png\",\"width\":265,\"height\":674},{\"@type\":\"BreadcrumbList\",\"@id\":\"https:\/\/deelen.lu\/fr\/product\/karcher-sc3-upright-balai-vapeur-steam-mop\/#breadcrumb\",\"itemListElement\":[{\"@type\":\"ListItem\",\"position\":1,\"name\":\"Home\",\"item\":\"https:\/\/deelen.lu\/fr\/\"},{\"@type\":\"ListItem\",\"position\":2,\"name\":\"K\u00e4rcher sc3 upright &#8211; Balai vapeur &#8211; Steam mop\"}]},{\"@type\":\"WebSite\",\"@id\":\"https:\/\/deelen.lu\/fr\/#website\",\"url\":\"https:\/\/deelen.lu\/fr\/\",\"name\":\"Deelen\",\"description\":\"Deelen.lu \u2014 Luxembourg&#039;s peer-to-peer rental marketplace. Rent and lend items locally.\",\"potentialAction\":[{\"@type\":\"SearchAction\",\"target\":{\"@type\":\"EntryPoint\",\"urlTemplate\":\"https:\/\/deelen.lu\/fr\/?s={search_term_string}\"},\"query-input\":{\"@type\":\"PropertyValueSpecification\",\"valueRequired\":true,\"valueName\":\"search_term_string\"}}],\"inLanguage\":\"fr-FR\"}]}<\/script>\n<!-- \/ Yoast SEO plugin. -->","yoast_head_json":{"title":"K\u00e4rcher sc3 upright - Balai vapeur - Steam mop - Deelen","robots":{"index":"index","follow":"follow","max-snippet":"max-snippet:-1","max-image-preview":"max-image-preview:large","max-video-preview":"max-video-preview:-1"},"canonical":"https:\/\/deelen.lu\/fr\/product\/karcher-sc3-upright-balai-vapeur-steam-mop\/","og_locale":"fr_FR","og_type":"article","og_title":"K\u00e4rcher sc3 upright - Balai vapeur - Steam mop - Deelen","og_description":"Le balai vapeur SC 3 Upright assure une propret\u00e9 en profondeur sur tous les sols durs, et ce, en toute simplicit\u00e9, avec une facilit\u00e9 d'utilisation ultime : la vapeur s'ajuste en fonction de la surface \u00e0 l'aide de 3 niveaux pr\u00e9r\u00e9gl\u00e9s. Le pr\u00e9chauffage du mod\u00e8le haut de gamme ne prend que quelques secondes. Gr\u00e2ce au [&hellip;]","og_url":"https:\/\/deelen.lu\/fr\/product\/karcher-sc3-upright-balai-vapeur-steam-mop\/","og_site_name":"Deelen","article_modified_time":"2025-11-15T21:08:30+00:00","og_image":[{"width":265,"height":674,"url":"https:\/\/deelen.lu\/resources\/uploads\/2025\/05\/Capture.png","type":"image\/png"}],"twitter_card":"summary_large_image","twitter_misc":{"Dur\u00e9e de lecture estim\u00e9e":"2 minutes"},"schema":{"@context":"https:\/\/schema.org","@graph":[{"@type":"WebPage","@id":"https:\/\/deelen.lu\/fr\/product\/karcher-sc3-upright-balai-vapeur-steam-mop\/","url":"https:\/\/deelen.lu\/fr\/product\/karcher-sc3-upright-balai-vapeur-steam-mop\/","name":"K\u00e4rcher sc3 upright - Balai vapeur - Steam mop - Deelen","isPartOf":{"@id":"https:\/\/deelen.lu\/fr\/#website"},"primaryImageOfPage":{"@id":"https:\/\/deelen.lu\/fr\/product\/karcher-sc3-upright-balai-vapeur-steam-mop\/#primaryimage"},"image":{"@id":"https:\/\/deelen.lu\/fr\/product\/karcher-sc3-upright-balai-vapeur-steam-mop\/#primaryimage"},"thumbnailUrl":"https:\/\/deelen.lu\/resources\/uploads\/2025\/05\/Capture.png","datePublished":"2025-05-26T13:47:34+00:00","dateModified":"2025-11-15T21:08:30+00:00","breadcrumb":{"@id":"https:\/\/deelen.lu\/fr\/product\/karcher-sc3-upright-balai-vapeur-steam-mop\/#breadcrumb"},"inLanguage":"fr-FR","potentialAction":[{"@type":"ReadAction","target":["https:\/\/deelen.lu\/fr\/product\/karcher-sc3-upright-balai-vapeur-steam-mop\/"]}]},{"@type":"ImageObject","inLanguage":"fr-FR","@id":"https:\/\/deelen.lu\/fr\/product\/karcher-sc3-upright-balai-vapeur-steam-mop\/#primaryimage","url":"https:\/\/deelen.lu\/resources\/uploads\/2025\/05\/Capture.png","contentUrl":"https:\/\/deelen.lu\/resources\/uploads\/2025\/05\/Capture.png","width":265,"height":674},{"@type":"BreadcrumbList","@id":"https:\/\/deelen.lu\/fr\/product\/karcher-sc3-upright-balai-vapeur-steam-mop\/#breadcrumb","itemListElement":[{"@type":"ListItem","position":1,"name":"Home","item":"https:\/\/deelen.lu\/fr\/"},{"@type":"ListItem","position":2,"name":"K\u00e4rcher sc3 upright &#8211; Balai vapeur &#8211; Steam mop"}]},{"@type":"WebSite","@id":"https:\/\/deelen.lu\/fr\/#website","url":"https:\/\/deelen.lu\/fr\/","name":"Deelen","description":"Deelen.lu \u2014 Luxembourg&#039;s peer-to-peer rental marketplace. Rent and lend items locally.","potentialAction":[{"@type":"SearchAction","target":{"@type":"EntryPoint","urlTemplate":"https:\/\/deelen.lu\/fr\/?s={search_term_string}"},"query-input":{"@type":"PropertyValueSpecification","valueRequired":true,"valueName":"search_term_string"}}],"inLanguage":"fr-FR"}]}},"_links":{"self":[{"href":"https:\/\/deelen.lu\/fr\/wp-json\/wp\/v2\/product\/1408","targetHints":{"allow":["GET"]}}],"collection":[{"href":"https:\/\/deelen.lu\/fr\/wp-json\/wp\/v2\/product"}],"about":[{"href":"https:\/\/deelen.lu\/fr\/wp-json\/wp\/v2\/types\/product"}],"replies":[{"embeddable":true,"href":"https:\/\/deelen.lu\/fr\/wp-json\/wp\/v2\/comments?post=1408"}],"wp:featuredmedia":[{"embeddable":true,"href":"https:\/\/deelen.lu\/fr\/wp-json\/wp\/v2\/media\/1409"}],"wp:attachment":[{"href":"https:\/\/deelen.lu\/fr\/wp-json\/wp\/v2\/media?parent=1408"}],"wp:term":[{"taxonomy":"product_brand","embeddable":true,"href":"https:\/\/deelen.lu\/fr\/wp-json\/wp\/v2\/product_brand?post=1408"},{"taxonomy":"product_cat","embeddable":true,"href":"https:\/\/deelen.lu\/fr\/wp-json\/wp\/v2\/product_cat?post=1408"},{"taxonomy":"product_tag","embeddable":true,"href":"https:\/\/deelen.lu\/fr\/wp-json\/wp\/v2\/product_tag?post=1408"}],"curies":[{"name":"wp","href":"https:\/\/api.w.org\/{rel}","templated":true}]}}