{"id":1414,"date":"2025-05-28T19:32:29","date_gmt":"2025-05-28T19:32:29","guid":{"rendered":"https:\/\/deelen.lu\/fr\/?post_type=product&#038;p=1414"},"modified":"2025-06-10T07:13:19","modified_gmt":"2025-06-10T07:13:19","slug":"cloueuse-sans-fil-cordless-nailer","status":"publish","type":"product","link":"https:\/\/deelen.lu\/fr\/product\/cloueuse-sans-fil-cordless-nailer\/","title":{"rendered":"Cloueuse sans fil - cordless nailer"},"content":{"rendered":"<p>La cloueuse sans fil TE-CN 18 Li-Solo est un outil id\u00e9al pour les travaux de bricolage dans le garage ou l\u2019atelier, ainsi que dans les chantiers de r\u00e9fection et de r\u00e9novation. Ce combin\u00e9 agrafeuse\/cloueuse permet de fixer tr\u00e8s rapidement des objets \u00e0 l\u2019aide d\u2019agrafes ou de clous.<\/p>\n<p>L\u2019engrenage robuste assure une cadence jusqu\u2019\u00e0 20 coups par minute, et un syst\u00e8me de r\u00e9glage permet de faire varier la profondeur d\u2019impact. Le nez tr\u00e8s fin de l\u2019agrafeuse permet de r\u00e9aliser des op\u00e9rations au plus pr\u00e8s des bords. Le chargeur comprend un indicateur permettant d'en contr\u00f4ler le niveau de remplissage \u00e0 tout moment. Le m\u00e9canisme de pression au niveau du nez de l\u2019agrafeuse permet une utilisation s\u00fbre, et les grandes surfaces \u00e0 rev\u00eatement souple Softgrip assurent une prise en main ferme et confortable.<\/p>\n<p>Informations techniques<br \/>\nCapacit\u00e9 du chargeur de clous 100 pcs<br \/>\nCapacit\u00e9 du chargeur d\u2019agrafes 100 pcs<br \/>\nCoups par minute 20<br \/>\nLargeur des agrafes 5.7 mm<br \/>\nLongueur max. des agrafes 22 mm<br \/>\nLongueur max. des clous 32 mm<br \/>\nLongueur min. des agrafes 16 mm<br \/>\nLongueur min. des clous 15 mm<\/p>\n<p data-sourcepos=\"7:1-7:245\">The TE-CN 18 Li-Solo cordless nailer is an ideal tool for DIY projects in the garage or workshop, as well as for refurbishment and renovation jobs. This combined stapler\/nailer allows you to quickly fasten objects using staples or nails.<\/p>\n<p data-sourcepos=\"9:1-9:432\">The robust gearing ensures a rate of up to 20 shots per minute, and an adjustment system allows you to vary the impact depth. The stapler's very slender nose enables close-to-edge operations. The magazine includes an indicator to monitor its fill level at all times. The pressure mechanism at the stapler's nose ensures safe operation, and the large Softgrip surfaces provide a firm and comfortable grip.<\/p>\n<h3 data-sourcepos=\"11:1-11:25\">Technical Information<\/h3>\n<ul data-sourcepos=\"13:1-20:29\">\n<li data-sourcepos=\"13:1-13:37\">Nail magazine capacity: 100 pcs<\/li>\n<li data-sourcepos=\"14:1-14:39\">Staple magazine capacity: 100 pcs<\/li>\n<li data-sourcepos=\"15:1-15:26\">Shots per minute: 20<\/li>\n<li data-sourcepos=\"16:1-16:26\">Staple width: 5.7 mm<\/li>\n<li data-sourcepos=\"17:1-17:31\">Max. staple length: 22 mm<\/li>\n<li data-sourcepos=\"18:1-18:29\">Max. nail length: 32 mm<\/li>\n<li data-sourcepos=\"19:1-19:31\">Min. staple length: 16 mm<\/li>\n<li data-sourcepos=\"20:1-20:29\">Min. nail length: 15 mm<\/li>\n<\/ul>\n","protected":false},"excerpt":{"rendered":"<p>La cloueuse sans fil TE-CN 18 Li-Solo est un outil id\u00e9al pour les travaux de bricolage dans le garage ou l\u2019atelier, ainsi que dans les chantiers de r\u00e9fection et de r\u00e9novation. Ce combin\u00e9 agrafeuse\/cloueuse permet de fixer tr\u00e8s rapidement des objets \u00e0 l\u2019aide d\u2019agrafes ou de clous. L\u2019engrenage robuste assure une cadence jusqu\u2019\u00e0 20 coups [&hellip;]<\/p>\n","protected":false},"featured_media":1415,"comment_status":"open","ping_status":"closed","template":"","meta":{"_acf_changed":false,"inline_featured_image":false},"product_brand":[],"product_cat":[21,198,196],"product_tag":[],"class_list":{"0":"post-1414","1":"product","2":"type-product","3":"status-publish","4":"has-post-thumbnail","6":"product_cat-all","7":"product_cat-power-tools-drills-saws","8":"product_cat-tools-and-diy","10":"first","11":"instock","12":"shipping-taxable","13":"purchasable","14":"product-type-simple"},"acf":[],"yoast_head":"<!-- This site is optimized with the Yoast SEO plugin v27.2 - https:\/\/yoast.com\/product\/yoast-seo-wordpress\/ -->\n<title>Cloueuse sans fil - cordless nailer - Deelen<\/title>\n<meta name=\"robots\" content=\"index, follow, max-snippet:-1, max-image-preview:large, max-video-preview:-1\" \/>\n<link rel=\"canonical\" href=\"https:\/\/deelen.lu\/fr\/product\/cloueuse-sans-fil-cordless-nailer\/\" \/>\n<meta property=\"og:locale\" content=\"fr_FR\" \/>\n<meta property=\"og:type\" content=\"article\" \/>\n<meta property=\"og:title\" content=\"Cloueuse sans fil - cordless nailer - Deelen\" \/>\n<meta property=\"og:description\" content=\"La cloueuse sans fil TE-CN 18 Li-Solo est un outil id\u00e9al pour les travaux de bricolage dans le garage ou l\u2019atelier, ainsi que dans les chantiers de r\u00e9fection et de r\u00e9novation. Ce combin\u00e9 agrafeuse\/cloueuse permet de fixer tr\u00e8s rapidement des objets \u00e0 l\u2019aide d\u2019agrafes ou de clous. L\u2019engrenage robuste assure une cadence jusqu\u2019\u00e0 20 coups [&hellip;]\" \/>\n<meta property=\"og:url\" content=\"https:\/\/deelen.lu\/fr\/product\/cloueuse-sans-fil-cordless-nailer\/\" \/>\n<meta property=\"og:site_name\" content=\"Deelen\" \/>\n<meta property=\"article:modified_time\" content=\"2025-06-10T07:13:19+00:00\" \/>\n<meta property=\"og:image\" content=\"https:\/\/deelen.lu\/resources\/uploads\/2025\/05\/Capture.jpg\" \/>\n\t<meta property=\"og:image:width\" content=\"992\" \/>\n\t<meta property=\"og:image:height\" content=\"947\" \/>\n\t<meta property=\"og:image:type\" content=\"image\/jpeg\" \/>\n<meta name=\"twitter:card\" content=\"summary_large_image\" \/>\n<meta name=\"twitter:label1\" content=\"Dur\u00e9e de lecture estim\u00e9e\" \/>\n\t<meta name=\"twitter:data1\" content=\"2 minutes\" \/>\n<script type=\"application\/ld+json\" class=\"yoast-schema-graph\">{\"@context\":\"https:\/\/schema.org\",\"@graph\":[{\"@type\":\"WebPage\",\"@id\":\"https:\/\/deelen.lu\/fr\/product\/cloueuse-sans-fil-cordless-nailer\/\",\"url\":\"https:\/\/deelen.lu\/fr\/product\/cloueuse-sans-fil-cordless-nailer\/\",\"name\":\"Cloueuse sans fil - cordless nailer - Deelen\",\"isPartOf\":{\"@id\":\"https:\/\/deelen.lu\/fr\/#website\"},\"primaryImageOfPage\":{\"@id\":\"https:\/\/deelen.lu\/fr\/product\/cloueuse-sans-fil-cordless-nailer\/#primaryimage\"},\"image\":{\"@id\":\"https:\/\/deelen.lu\/fr\/product\/cloueuse-sans-fil-cordless-nailer\/#primaryimage\"},\"thumbnailUrl\":\"https:\/\/deelen.lu\/resources\/uploads\/2025\/05\/Capture.jpg\",\"datePublished\":\"2025-05-28T19:32:29+00:00\",\"dateModified\":\"2025-06-10T07:13:19+00:00\",\"breadcrumb\":{\"@id\":\"https:\/\/deelen.lu\/fr\/product\/cloueuse-sans-fil-cordless-nailer\/#breadcrumb\"},\"inLanguage\":\"fr-FR\",\"potentialAction\":[{\"@type\":\"ReadAction\",\"target\":[\"https:\/\/deelen.lu\/fr\/product\/cloueuse-sans-fil-cordless-nailer\/\"]}]},{\"@type\":\"ImageObject\",\"inLanguage\":\"fr-FR\",\"@id\":\"https:\/\/deelen.lu\/fr\/product\/cloueuse-sans-fil-cordless-nailer\/#primaryimage\",\"url\":\"https:\/\/deelen.lu\/resources\/uploads\/2025\/05\/Capture.jpg\",\"contentUrl\":\"https:\/\/deelen.lu\/resources\/uploads\/2025\/05\/Capture.jpg\",\"width\":992,\"height\":947},{\"@type\":\"BreadcrumbList\",\"@id\":\"https:\/\/deelen.lu\/fr\/product\/cloueuse-sans-fil-cordless-nailer\/#breadcrumb\",\"itemListElement\":[{\"@type\":\"ListItem\",\"position\":1,\"name\":\"Home\",\"item\":\"https:\/\/deelen.lu\/fr\/\"},{\"@type\":\"ListItem\",\"position\":2,\"name\":\"Cloueuse sans fil &#8211; cordless nailer\"}]},{\"@type\":\"WebSite\",\"@id\":\"https:\/\/deelen.lu\/fr\/#website\",\"url\":\"https:\/\/deelen.lu\/fr\/\",\"name\":\"Deelen\",\"description\":\"Deelen.lu \u2014 Luxembourg&#039;s peer-to-peer rental marketplace. Rent and lend items locally.\",\"potentialAction\":[{\"@type\":\"SearchAction\",\"target\":{\"@type\":\"EntryPoint\",\"urlTemplate\":\"https:\/\/deelen.lu\/fr\/?s={search_term_string}\"},\"query-input\":{\"@type\":\"PropertyValueSpecification\",\"valueRequired\":true,\"valueName\":\"search_term_string\"}}],\"inLanguage\":\"fr-FR\"}]}<\/script>\n<!-- \/ Yoast SEO plugin. -->","yoast_head_json":{"title":"Cloueuse sans fil - cordless nailer - Deelen","robots":{"index":"index","follow":"follow","max-snippet":"max-snippet:-1","max-image-preview":"max-image-preview:large","max-video-preview":"max-video-preview:-1"},"canonical":"https:\/\/deelen.lu\/fr\/product\/cloueuse-sans-fil-cordless-nailer\/","og_locale":"fr_FR","og_type":"article","og_title":"Cloueuse sans fil - cordless nailer - Deelen","og_description":"La cloueuse sans fil TE-CN 18 Li-Solo est un outil id\u00e9al pour les travaux de bricolage dans le garage ou l\u2019atelier, ainsi que dans les chantiers de r\u00e9fection et de r\u00e9novation. Ce combin\u00e9 agrafeuse\/cloueuse permet de fixer tr\u00e8s rapidement des objets \u00e0 l\u2019aide d\u2019agrafes ou de clous. L\u2019engrenage robuste assure une cadence jusqu\u2019\u00e0 20 coups [&hellip;]","og_url":"https:\/\/deelen.lu\/fr\/product\/cloueuse-sans-fil-cordless-nailer\/","og_site_name":"Deelen","article_modified_time":"2025-06-10T07:13:19+00:00","og_image":[{"width":992,"height":947,"url":"https:\/\/deelen.lu\/resources\/uploads\/2025\/05\/Capture.jpg","type":"image\/jpeg"}],"twitter_card":"summary_large_image","twitter_misc":{"Dur\u00e9e de lecture estim\u00e9e":"2 minutes"},"schema":{"@context":"https:\/\/schema.org","@graph":[{"@type":"WebPage","@id":"https:\/\/deelen.lu\/fr\/product\/cloueuse-sans-fil-cordless-nailer\/","url":"https:\/\/deelen.lu\/fr\/product\/cloueuse-sans-fil-cordless-nailer\/","name":"Cloueuse sans fil - cordless nailer - Deelen","isPartOf":{"@id":"https:\/\/deelen.lu\/fr\/#website"},"primaryImageOfPage":{"@id":"https:\/\/deelen.lu\/fr\/product\/cloueuse-sans-fil-cordless-nailer\/#primaryimage"},"image":{"@id":"https:\/\/deelen.lu\/fr\/product\/cloueuse-sans-fil-cordless-nailer\/#primaryimage"},"thumbnailUrl":"https:\/\/deelen.lu\/resources\/uploads\/2025\/05\/Capture.jpg","datePublished":"2025-05-28T19:32:29+00:00","dateModified":"2025-06-10T07:13:19+00:00","breadcrumb":{"@id":"https:\/\/deelen.lu\/fr\/product\/cloueuse-sans-fil-cordless-nailer\/#breadcrumb"},"inLanguage":"fr-FR","potentialAction":[{"@type":"ReadAction","target":["https:\/\/deelen.lu\/fr\/product\/cloueuse-sans-fil-cordless-nailer\/"]}]},{"@type":"ImageObject","inLanguage":"fr-FR","@id":"https:\/\/deelen.lu\/fr\/product\/cloueuse-sans-fil-cordless-nailer\/#primaryimage","url":"https:\/\/deelen.lu\/resources\/uploads\/2025\/05\/Capture.jpg","contentUrl":"https:\/\/deelen.lu\/resources\/uploads\/2025\/05\/Capture.jpg","width":992,"height":947},{"@type":"BreadcrumbList","@id":"https:\/\/deelen.lu\/fr\/product\/cloueuse-sans-fil-cordless-nailer\/#breadcrumb","itemListElement":[{"@type":"ListItem","position":1,"name":"Home","item":"https:\/\/deelen.lu\/fr\/"},{"@type":"ListItem","position":2,"name":"Cloueuse sans fil &#8211; cordless nailer"}]},{"@type":"WebSite","@id":"https:\/\/deelen.lu\/fr\/#website","url":"https:\/\/deelen.lu\/fr\/","name":"Deelen","description":"Deelen.lu \u2014 Luxembourg&#039;s peer-to-peer rental marketplace. Rent and lend items locally.","potentialAction":[{"@type":"SearchAction","target":{"@type":"EntryPoint","urlTemplate":"https:\/\/deelen.lu\/fr\/?s={search_term_string}"},"query-input":{"@type":"PropertyValueSpecification","valueRequired":true,"valueName":"search_term_string"}}],"inLanguage":"fr-FR"}]}},"_links":{"self":[{"href":"https:\/\/deelen.lu\/fr\/wp-json\/wp\/v2\/product\/1414","targetHints":{"allow":["GET"]}}],"collection":[{"href":"https:\/\/deelen.lu\/fr\/wp-json\/wp\/v2\/product"}],"about":[{"href":"https:\/\/deelen.lu\/fr\/wp-json\/wp\/v2\/types\/product"}],"replies":[{"embeddable":true,"href":"https:\/\/deelen.lu\/fr\/wp-json\/wp\/v2\/comments?post=1414"}],"wp:featuredmedia":[{"embeddable":true,"href":"https:\/\/deelen.lu\/fr\/wp-json\/wp\/v2\/media\/1415"}],"wp:attachment":[{"href":"https:\/\/deelen.lu\/fr\/wp-json\/wp\/v2\/media?parent=1414"}],"wp:term":[{"taxonomy":"product_brand","embeddable":true,"href":"https:\/\/deelen.lu\/fr\/wp-json\/wp\/v2\/product_brand?post=1414"},{"taxonomy":"product_cat","embeddable":true,"href":"https:\/\/deelen.lu\/fr\/wp-json\/wp\/v2\/product_cat?post=1414"},{"taxonomy":"product_tag","embeddable":true,"href":"https:\/\/deelen.lu\/fr\/wp-json\/wp\/v2\/product_tag?post=1414"}],"curies":[{"name":"wp","href":"https:\/\/api.w.org\/{rel}","templated":true}]}}