{"id":1422,"date":"2025-05-29T11:18:46","date_gmt":"2025-05-29T11:18:46","guid":{"rendered":"https:\/\/deelen.lu\/fr\/?post_type=product&#038;p=1422"},"modified":"2025-06-10T07:12:30","modified_gmt":"2025-06-10T07:12:30","slug":"scie-sauteuse-bosch-pst-700-e-bosch-pst-700-e-jigsaw","status":"publish","type":"product","link":"https:\/\/deelen.lu\/fr\/product\/scie-sauteuse-bosch-pst-700-e-bosch-pst-700-e-jigsaw\/","title":{"rendered":"Scie sauteuse Bosch PST 700 E - Bosch PST 700 E Jigsaw"},"content":{"rendered":"<p>Un multitalent parmi les scies sauteuses \u2013 Le mod\u00e8le PST 700 E de Bosch peut tout faire et offre de nombreux compl\u00e9ments.<\/p>\n<p>La scie sauteuse Bosch PST 700 E s\u00e9duit par sa taille compacte et sa facilit\u00e9 d'utilisation. Elle permet d'effectuer des coupes propres gr\u00e2ce au moteur 500 W et \u00e0 la technologie Low Vibration. De nombreux compl\u00e9ments tels que la fonction soufflerie et le dispositif d'accrochage facilitent \u00e9galement le travail propre. D'une mani\u00e8re g\u00e9n\u00e9rale, cette scie s\u00e9duit par ses \u00e9quipements techniques pour les coupes dans les bois durs et tendres avec peu de vibrations et un guidage pr\u00e9cis.<\/p>\n<p data-sourcepos=\"5:1-5:96\">A multi-talented jigsaw \u2013 The Bosch PST 700 E can do it all and offers many additional features.<\/p>\n<p data-sourcepos=\"7:1-7:391\">The Bosch PST 700 E jigsaw impresses with its compact size and ease of use. It allows for clean cuts thanks to its 500 W motor and Low Vibration technology. Numerous additions like the dust blowing function and the hanging device also make clean work easier. Overall, this saw impresses with its technical features for cutting hard and soft wood with minimal vibrations and precise guidance.<\/p>\n","protected":false},"excerpt":{"rendered":"<p>Un multitalent parmi les scies sauteuses \u2013 Le mod\u00e8le PST 700 E de Bosch peut tout faire et offre de nombreux compl\u00e9ments. La scie sauteuse Bosch PST 700 E s\u00e9duit par sa taille compacte et sa facilit\u00e9 d'utilisation. Elle permet d'effectuer des coupes propres gr\u00e2ce au moteur 500 W et \u00e0 la technologie Low Vibration. [&hellip;]<\/p>\n","protected":false},"featured_media":1456,"comment_status":"open","ping_status":"closed","template":"","meta":{"_acf_changed":false,"inline_featured_image":false},"product_brand":[],"product_cat":[21,198,196],"product_tag":[],"class_list":{"0":"post-1422","1":"product","2":"type-product","3":"status-publish","4":"has-post-thumbnail","6":"product_cat-all","7":"product_cat-power-tools-drills-saws","8":"product_cat-tools-and-diy","10":"first","11":"instock","12":"shipping-taxable","13":"purchasable","14":"product-type-simple"},"acf":[],"yoast_head":"<!-- This site is optimized with the Yoast SEO plugin v27.2 - https:\/\/yoast.com\/product\/yoast-seo-wordpress\/ -->\n<title>Scie sauteuse Bosch PST 700 E - Bosch PST 700 E Jigsaw - Deelen<\/title>\n<meta name=\"robots\" content=\"index, follow, max-snippet:-1, max-image-preview:large, max-video-preview:-1\" \/>\n<link rel=\"canonical\" href=\"https:\/\/deelen.lu\/fr\/product\/scie-sauteuse-bosch-pst-700-e-bosch-pst-700-e-jigsaw\/\" \/>\n<meta property=\"og:locale\" content=\"fr_FR\" \/>\n<meta property=\"og:type\" content=\"article\" \/>\n<meta property=\"og:title\" content=\"Scie sauteuse Bosch PST 700 E - Bosch PST 700 E Jigsaw - Deelen\" \/>\n<meta property=\"og:description\" content=\"Un multitalent parmi les scies sauteuses \u2013 Le mod\u00e8le PST 700 E de Bosch peut tout faire et offre de nombreux compl\u00e9ments. La scie sauteuse Bosch PST 700 E s\u00e9duit par sa taille compacte et sa facilit\u00e9 d&#039;utilisation. Elle permet d&#039;effectuer des coupes propres gr\u00e2ce au moteur 500 W et \u00e0 la technologie Low Vibration. [&hellip;]\" \/>\n<meta property=\"og:url\" content=\"https:\/\/deelen.lu\/fr\/product\/scie-sauteuse-bosch-pst-700-e-bosch-pst-700-e-jigsaw\/\" \/>\n<meta property=\"og:site_name\" content=\"Deelen\" \/>\n<meta property=\"article:modified_time\" content=\"2025-06-10T07:12:30+00:00\" \/>\n<meta property=\"og:image\" content=\"https:\/\/deelen.lu\/resources\/uploads\/2025\/05\/Scie-Sauteuse1.jpg\" \/>\n\t<meta property=\"og:image:width\" content=\"739\" \/>\n\t<meta property=\"og:image:height\" content=\"601\" \/>\n\t<meta property=\"og:image:type\" content=\"image\/jpeg\" \/>\n<meta name=\"twitter:card\" content=\"summary_large_image\" \/>\n<meta name=\"twitter:label1\" content=\"Dur\u00e9e de lecture estim\u00e9e\" \/>\n\t<meta name=\"twitter:data1\" content=\"1 minute\" \/>\n<script type=\"application\/ld+json\" class=\"yoast-schema-graph\">{\"@context\":\"https:\/\/schema.org\",\"@graph\":[{\"@type\":\"WebPage\",\"@id\":\"https:\/\/deelen.lu\/fr\/product\/scie-sauteuse-bosch-pst-700-e-bosch-pst-700-e-jigsaw\/\",\"url\":\"https:\/\/deelen.lu\/fr\/product\/scie-sauteuse-bosch-pst-700-e-bosch-pst-700-e-jigsaw\/\",\"name\":\"Scie sauteuse Bosch PST 700 E - Bosch PST 700 E Jigsaw - Deelen\",\"isPartOf\":{\"@id\":\"https:\/\/deelen.lu\/fr\/#website\"},\"primaryImageOfPage\":{\"@id\":\"https:\/\/deelen.lu\/fr\/product\/scie-sauteuse-bosch-pst-700-e-bosch-pst-700-e-jigsaw\/#primaryimage\"},\"image\":{\"@id\":\"https:\/\/deelen.lu\/fr\/product\/scie-sauteuse-bosch-pst-700-e-bosch-pst-700-e-jigsaw\/#primaryimage\"},\"thumbnailUrl\":\"https:\/\/deelen.lu\/resources\/uploads\/2025\/05\/Scie-Sauteuse1.jpg\",\"datePublished\":\"2025-05-29T11:18:46+00:00\",\"dateModified\":\"2025-06-10T07:12:30+00:00\",\"breadcrumb\":{\"@id\":\"https:\/\/deelen.lu\/fr\/product\/scie-sauteuse-bosch-pst-700-e-bosch-pst-700-e-jigsaw\/#breadcrumb\"},\"inLanguage\":\"fr-FR\",\"potentialAction\":[{\"@type\":\"ReadAction\",\"target\":[\"https:\/\/deelen.lu\/fr\/product\/scie-sauteuse-bosch-pst-700-e-bosch-pst-700-e-jigsaw\/\"]}]},{\"@type\":\"ImageObject\",\"inLanguage\":\"fr-FR\",\"@id\":\"https:\/\/deelen.lu\/fr\/product\/scie-sauteuse-bosch-pst-700-e-bosch-pst-700-e-jigsaw\/#primaryimage\",\"url\":\"https:\/\/deelen.lu\/resources\/uploads\/2025\/05\/Scie-Sauteuse1.jpg\",\"contentUrl\":\"https:\/\/deelen.lu\/resources\/uploads\/2025\/05\/Scie-Sauteuse1.jpg\",\"width\":739,\"height\":601},{\"@type\":\"BreadcrumbList\",\"@id\":\"https:\/\/deelen.lu\/fr\/product\/scie-sauteuse-bosch-pst-700-e-bosch-pst-700-e-jigsaw\/#breadcrumb\",\"itemListElement\":[{\"@type\":\"ListItem\",\"position\":1,\"name\":\"Home\",\"item\":\"https:\/\/deelen.lu\/fr\/\"},{\"@type\":\"ListItem\",\"position\":2,\"name\":\"Scie sauteuse Bosch PST 700 E &#8211; Bosch PST 700 E Jigsaw\"}]},{\"@type\":\"WebSite\",\"@id\":\"https:\/\/deelen.lu\/fr\/#website\",\"url\":\"https:\/\/deelen.lu\/fr\/\",\"name\":\"Deelen\",\"description\":\"Deelen.lu \u2014 Luxembourg&#039;s peer-to-peer rental marketplace. Rent and lend items locally.\",\"potentialAction\":[{\"@type\":\"SearchAction\",\"target\":{\"@type\":\"EntryPoint\",\"urlTemplate\":\"https:\/\/deelen.lu\/fr\/?s={search_term_string}\"},\"query-input\":{\"@type\":\"PropertyValueSpecification\",\"valueRequired\":true,\"valueName\":\"search_term_string\"}}],\"inLanguage\":\"fr-FR\"}]}<\/script>\n<!-- \/ Yoast SEO plugin. -->","yoast_head_json":{"title":"Scie sauteuse Bosch PST 700 E - Bosch PST 700 E Jigsaw - Deelen","robots":{"index":"index","follow":"follow","max-snippet":"max-snippet:-1","max-image-preview":"max-image-preview:large","max-video-preview":"max-video-preview:-1"},"canonical":"https:\/\/deelen.lu\/fr\/product\/scie-sauteuse-bosch-pst-700-e-bosch-pst-700-e-jigsaw\/","og_locale":"fr_FR","og_type":"article","og_title":"Scie sauteuse Bosch PST 700 E - Bosch PST 700 E Jigsaw - Deelen","og_description":"Un multitalent parmi les scies sauteuses \u2013 Le mod\u00e8le PST 700 E de Bosch peut tout faire et offre de nombreux compl\u00e9ments. La scie sauteuse Bosch PST 700 E s\u00e9duit par sa taille compacte et sa facilit\u00e9 d'utilisation. Elle permet d'effectuer des coupes propres gr\u00e2ce au moteur 500 W et \u00e0 la technologie Low Vibration. [&hellip;]","og_url":"https:\/\/deelen.lu\/fr\/product\/scie-sauteuse-bosch-pst-700-e-bosch-pst-700-e-jigsaw\/","og_site_name":"Deelen","article_modified_time":"2025-06-10T07:12:30+00:00","og_image":[{"width":739,"height":601,"url":"https:\/\/deelen.lu\/resources\/uploads\/2025\/05\/Scie-Sauteuse1.jpg","type":"image\/jpeg"}],"twitter_card":"summary_large_image","twitter_misc":{"Dur\u00e9e de lecture estim\u00e9e":"1 minute"},"schema":{"@context":"https:\/\/schema.org","@graph":[{"@type":"WebPage","@id":"https:\/\/deelen.lu\/fr\/product\/scie-sauteuse-bosch-pst-700-e-bosch-pst-700-e-jigsaw\/","url":"https:\/\/deelen.lu\/fr\/product\/scie-sauteuse-bosch-pst-700-e-bosch-pst-700-e-jigsaw\/","name":"Scie sauteuse Bosch PST 700 E - Bosch PST 700 E Jigsaw - Deelen","isPartOf":{"@id":"https:\/\/deelen.lu\/fr\/#website"},"primaryImageOfPage":{"@id":"https:\/\/deelen.lu\/fr\/product\/scie-sauteuse-bosch-pst-700-e-bosch-pst-700-e-jigsaw\/#primaryimage"},"image":{"@id":"https:\/\/deelen.lu\/fr\/product\/scie-sauteuse-bosch-pst-700-e-bosch-pst-700-e-jigsaw\/#primaryimage"},"thumbnailUrl":"https:\/\/deelen.lu\/resources\/uploads\/2025\/05\/Scie-Sauteuse1.jpg","datePublished":"2025-05-29T11:18:46+00:00","dateModified":"2025-06-10T07:12:30+00:00","breadcrumb":{"@id":"https:\/\/deelen.lu\/fr\/product\/scie-sauteuse-bosch-pst-700-e-bosch-pst-700-e-jigsaw\/#breadcrumb"},"inLanguage":"fr-FR","potentialAction":[{"@type":"ReadAction","target":["https:\/\/deelen.lu\/fr\/product\/scie-sauteuse-bosch-pst-700-e-bosch-pst-700-e-jigsaw\/"]}]},{"@type":"ImageObject","inLanguage":"fr-FR","@id":"https:\/\/deelen.lu\/fr\/product\/scie-sauteuse-bosch-pst-700-e-bosch-pst-700-e-jigsaw\/#primaryimage","url":"https:\/\/deelen.lu\/resources\/uploads\/2025\/05\/Scie-Sauteuse1.jpg","contentUrl":"https:\/\/deelen.lu\/resources\/uploads\/2025\/05\/Scie-Sauteuse1.jpg","width":739,"height":601},{"@type":"BreadcrumbList","@id":"https:\/\/deelen.lu\/fr\/product\/scie-sauteuse-bosch-pst-700-e-bosch-pst-700-e-jigsaw\/#breadcrumb","itemListElement":[{"@type":"ListItem","position":1,"name":"Home","item":"https:\/\/deelen.lu\/fr\/"},{"@type":"ListItem","position":2,"name":"Scie sauteuse Bosch PST 700 E &#8211; Bosch PST 700 E Jigsaw"}]},{"@type":"WebSite","@id":"https:\/\/deelen.lu\/fr\/#website","url":"https:\/\/deelen.lu\/fr\/","name":"Deelen","description":"Deelen.lu \u2014 Luxembourg&#039;s peer-to-peer rental marketplace. Rent and lend items locally.","potentialAction":[{"@type":"SearchAction","target":{"@type":"EntryPoint","urlTemplate":"https:\/\/deelen.lu\/fr\/?s={search_term_string}"},"query-input":{"@type":"PropertyValueSpecification","valueRequired":true,"valueName":"search_term_string"}}],"inLanguage":"fr-FR"}]}},"_links":{"self":[{"href":"https:\/\/deelen.lu\/fr\/wp-json\/wp\/v2\/product\/1422","targetHints":{"allow":["GET"]}}],"collection":[{"href":"https:\/\/deelen.lu\/fr\/wp-json\/wp\/v2\/product"}],"about":[{"href":"https:\/\/deelen.lu\/fr\/wp-json\/wp\/v2\/types\/product"}],"replies":[{"embeddable":true,"href":"https:\/\/deelen.lu\/fr\/wp-json\/wp\/v2\/comments?post=1422"}],"wp:featuredmedia":[{"embeddable":true,"href":"https:\/\/deelen.lu\/fr\/wp-json\/wp\/v2\/media\/1456"}],"wp:attachment":[{"href":"https:\/\/deelen.lu\/fr\/wp-json\/wp\/v2\/media?parent=1422"}],"wp:term":[{"taxonomy":"product_brand","embeddable":true,"href":"https:\/\/deelen.lu\/fr\/wp-json\/wp\/v2\/product_brand?post=1422"},{"taxonomy":"product_cat","embeddable":true,"href":"https:\/\/deelen.lu\/fr\/wp-json\/wp\/v2\/product_cat?post=1422"},{"taxonomy":"product_tag","embeddable":true,"href":"https:\/\/deelen.lu\/fr\/wp-json\/wp\/v2\/product_tag?post=1422"}],"curies":[{"name":"wp","href":"https:\/\/api.w.org\/{rel}","templated":true}]}}