{"id":1425,"date":"2025-05-29T11:26:47","date_gmt":"2025-05-29T11:26:47","guid":{"rendered":"https:\/\/deelen.lu\/fr\/?post_type=product&#038;p=1425"},"modified":"2025-06-10T07:11:06","modified_gmt":"2025-06-10T07:11:06","slug":"fraiseuse-a-bois-wood-router","status":"publish","type":"product","link":"https:\/\/deelen.lu\/fr\/product\/fraiseuse-a-bois-wood-router\/","title":{"rendered":"Fraiseuse a bois - Wood router"},"content":{"rendered":"<p>Gr\u00e2ce \u00e0 sa puissance de 1200 W et \u00e0 sa vitesse r\u00e9glable en continu de 11 000 \u00e0 30 000 tours par minute, la fraiseuse de surface AREBOS est l'outil id\u00e9al pour le travail cr\u00e9atif du bois et ne devrait donc manquer \u00e0 aucun bricoleur.<\/p>\n<p>Thanks to its 1200 W power and continuously adjustable speed from 11,000 to 30,000 revolutions per minute, the AREBOS surface router is the ideal tool for creative woodworking and shouldn't be missing from any DIY enthusiast's collection.<\/p>\n","protected":false},"excerpt":{"rendered":"<p>Gr\u00e2ce \u00e0 sa puissance de 1200 W et \u00e0 sa vitesse r\u00e9glable en continu de 11 000 \u00e0 30 000 tours par minute, la fraiseuse de surface AREBOS est l'outil id\u00e9al pour le travail cr\u00e9atif du bois et ne devrait donc manquer \u00e0 aucun bricoleur. Thanks to its 1200 W power and continuously adjustable speed [&hellip;]<\/p>\n","protected":false},"featured_media":1462,"comment_status":"open","ping_status":"closed","template":"","meta":{"_acf_changed":false,"inline_featured_image":false},"product_brand":[],"product_cat":[21,198,158,196,162],"product_tag":[],"class_list":{"0":"post-1425","1":"product","2":"type-product","3":"status-publish","4":"has-post-thumbnail","6":"product_cat-all","7":"product_cat-power-tools-drills-saws","8":"product_cat-home-and-garden","9":"product_cat-tools-and-diy","10":"product_cat-garden-tools-lawnmower-hedge-trimmer-etc","12":"first","13":"instock","14":"shipping-taxable","15":"purchasable","16":"product-type-simple"},"acf":[],"yoast_head":"<!-- This site is optimized with the Yoast SEO plugin v27.2 - https:\/\/yoast.com\/product\/yoast-seo-wordpress\/ -->\n<title>Fraiseuse a bois - Wood router - Deelen<\/title>\n<meta name=\"robots\" content=\"index, follow, max-snippet:-1, max-image-preview:large, max-video-preview:-1\" \/>\n<link rel=\"canonical\" href=\"https:\/\/deelen.lu\/fr\/product\/fraiseuse-a-bois-wood-router\/\" \/>\n<meta property=\"og:locale\" content=\"fr_FR\" \/>\n<meta property=\"og:type\" content=\"article\" \/>\n<meta property=\"og:title\" content=\"Fraiseuse a bois - Wood router - Deelen\" \/>\n<meta property=\"og:description\" content=\"Gr\u00e2ce \u00e0 sa puissance de 1200 W et \u00e0 sa vitesse r\u00e9glable en continu de 11 000 \u00e0 30 000 tours par minute, la fraiseuse de surface AREBOS est l&#039;outil id\u00e9al pour le travail cr\u00e9atif du bois et ne devrait donc manquer \u00e0 aucun bricoleur. Thanks to its 1200 W power and continuously adjustable speed [&hellip;]\" \/>\n<meta property=\"og:url\" content=\"https:\/\/deelen.lu\/fr\/product\/fraiseuse-a-bois-wood-router\/\" \/>\n<meta property=\"og:site_name\" content=\"Deelen\" \/>\n<meta property=\"article:modified_time\" content=\"2025-06-10T07:11:06+00:00\" \/>\n<meta property=\"og:image\" content=\"https:\/\/deelen.lu\/resources\/uploads\/2025\/05\/Meuleuse-2.jpg\" \/>\n\t<meta property=\"og:image:width\" content=\"458\" \/>\n\t<meta property=\"og:image:height\" content=\"608\" \/>\n\t<meta property=\"og:image:type\" content=\"image\/jpeg\" \/>\n<meta name=\"twitter:card\" content=\"summary_large_image\" \/>\n<meta name=\"twitter:label1\" content=\"Dur\u00e9e de lecture estim\u00e9e\" \/>\n\t<meta name=\"twitter:data1\" content=\"1 minute\" \/>\n<script type=\"application\/ld+json\" class=\"yoast-schema-graph\">{\"@context\":\"https:\/\/schema.org\",\"@graph\":[{\"@type\":\"WebPage\",\"@id\":\"https:\/\/deelen.lu\/fr\/product\/fraiseuse-a-bois-wood-router\/\",\"url\":\"https:\/\/deelen.lu\/fr\/product\/fraiseuse-a-bois-wood-router\/\",\"name\":\"Fraiseuse a bois - Wood router - Deelen\",\"isPartOf\":{\"@id\":\"https:\/\/deelen.lu\/fr\/#website\"},\"primaryImageOfPage\":{\"@id\":\"https:\/\/deelen.lu\/fr\/product\/fraiseuse-a-bois-wood-router\/#primaryimage\"},\"image\":{\"@id\":\"https:\/\/deelen.lu\/fr\/product\/fraiseuse-a-bois-wood-router\/#primaryimage\"},\"thumbnailUrl\":\"https:\/\/deelen.lu\/resources\/uploads\/2025\/05\/Meuleuse-2.jpg\",\"datePublished\":\"2025-05-29T11:26:47+00:00\",\"dateModified\":\"2025-06-10T07:11:06+00:00\",\"breadcrumb\":{\"@id\":\"https:\/\/deelen.lu\/fr\/product\/fraiseuse-a-bois-wood-router\/#breadcrumb\"},\"inLanguage\":\"fr-FR\",\"potentialAction\":[{\"@type\":\"ReadAction\",\"target\":[\"https:\/\/deelen.lu\/fr\/product\/fraiseuse-a-bois-wood-router\/\"]}]},{\"@type\":\"ImageObject\",\"inLanguage\":\"fr-FR\",\"@id\":\"https:\/\/deelen.lu\/fr\/product\/fraiseuse-a-bois-wood-router\/#primaryimage\",\"url\":\"https:\/\/deelen.lu\/resources\/uploads\/2025\/05\/Meuleuse-2.jpg\",\"contentUrl\":\"https:\/\/deelen.lu\/resources\/uploads\/2025\/05\/Meuleuse-2.jpg\",\"width\":458,\"height\":608},{\"@type\":\"BreadcrumbList\",\"@id\":\"https:\/\/deelen.lu\/fr\/product\/fraiseuse-a-bois-wood-router\/#breadcrumb\",\"itemListElement\":[{\"@type\":\"ListItem\",\"position\":1,\"name\":\"Home\",\"item\":\"https:\/\/deelen.lu\/fr\/\"},{\"@type\":\"ListItem\",\"position\":2,\"name\":\"Fraiseuse a bois &#8211; Wood router\"}]},{\"@type\":\"WebSite\",\"@id\":\"https:\/\/deelen.lu\/fr\/#website\",\"url\":\"https:\/\/deelen.lu\/fr\/\",\"name\":\"Deelen\",\"description\":\"Deelen.lu \u2014 Luxembourg&#039;s peer-to-peer rental marketplace. Rent and lend items locally.\",\"potentialAction\":[{\"@type\":\"SearchAction\",\"target\":{\"@type\":\"EntryPoint\",\"urlTemplate\":\"https:\/\/deelen.lu\/fr\/?s={search_term_string}\"},\"query-input\":{\"@type\":\"PropertyValueSpecification\",\"valueRequired\":true,\"valueName\":\"search_term_string\"}}],\"inLanguage\":\"fr-FR\"}]}<\/script>\n<!-- \/ Yoast SEO plugin. -->","yoast_head_json":{"title":"Fraiseuse a bois - Wood router - Deelen","robots":{"index":"index","follow":"follow","max-snippet":"max-snippet:-1","max-image-preview":"max-image-preview:large","max-video-preview":"max-video-preview:-1"},"canonical":"https:\/\/deelen.lu\/fr\/product\/fraiseuse-a-bois-wood-router\/","og_locale":"fr_FR","og_type":"article","og_title":"Fraiseuse a bois - Wood router - Deelen","og_description":"Gr\u00e2ce \u00e0 sa puissance de 1200 W et \u00e0 sa vitesse r\u00e9glable en continu de 11 000 \u00e0 30 000 tours par minute, la fraiseuse de surface AREBOS est l'outil id\u00e9al pour le travail cr\u00e9atif du bois et ne devrait donc manquer \u00e0 aucun bricoleur. Thanks to its 1200 W power and continuously adjustable speed [&hellip;]","og_url":"https:\/\/deelen.lu\/fr\/product\/fraiseuse-a-bois-wood-router\/","og_site_name":"Deelen","article_modified_time":"2025-06-10T07:11:06+00:00","og_image":[{"width":458,"height":608,"url":"https:\/\/deelen.lu\/resources\/uploads\/2025\/05\/Meuleuse-2.jpg","type":"image\/jpeg"}],"twitter_card":"summary_large_image","twitter_misc":{"Dur\u00e9e de lecture estim\u00e9e":"1 minute"},"schema":{"@context":"https:\/\/schema.org","@graph":[{"@type":"WebPage","@id":"https:\/\/deelen.lu\/fr\/product\/fraiseuse-a-bois-wood-router\/","url":"https:\/\/deelen.lu\/fr\/product\/fraiseuse-a-bois-wood-router\/","name":"Fraiseuse a bois - Wood router - Deelen","isPartOf":{"@id":"https:\/\/deelen.lu\/fr\/#website"},"primaryImageOfPage":{"@id":"https:\/\/deelen.lu\/fr\/product\/fraiseuse-a-bois-wood-router\/#primaryimage"},"image":{"@id":"https:\/\/deelen.lu\/fr\/product\/fraiseuse-a-bois-wood-router\/#primaryimage"},"thumbnailUrl":"https:\/\/deelen.lu\/resources\/uploads\/2025\/05\/Meuleuse-2.jpg","datePublished":"2025-05-29T11:26:47+00:00","dateModified":"2025-06-10T07:11:06+00:00","breadcrumb":{"@id":"https:\/\/deelen.lu\/fr\/product\/fraiseuse-a-bois-wood-router\/#breadcrumb"},"inLanguage":"fr-FR","potentialAction":[{"@type":"ReadAction","target":["https:\/\/deelen.lu\/fr\/product\/fraiseuse-a-bois-wood-router\/"]}]},{"@type":"ImageObject","inLanguage":"fr-FR","@id":"https:\/\/deelen.lu\/fr\/product\/fraiseuse-a-bois-wood-router\/#primaryimage","url":"https:\/\/deelen.lu\/resources\/uploads\/2025\/05\/Meuleuse-2.jpg","contentUrl":"https:\/\/deelen.lu\/resources\/uploads\/2025\/05\/Meuleuse-2.jpg","width":458,"height":608},{"@type":"BreadcrumbList","@id":"https:\/\/deelen.lu\/fr\/product\/fraiseuse-a-bois-wood-router\/#breadcrumb","itemListElement":[{"@type":"ListItem","position":1,"name":"Home","item":"https:\/\/deelen.lu\/fr\/"},{"@type":"ListItem","position":2,"name":"Fraiseuse a bois &#8211; Wood router"}]},{"@type":"WebSite","@id":"https:\/\/deelen.lu\/fr\/#website","url":"https:\/\/deelen.lu\/fr\/","name":"Deelen","description":"Deelen.lu \u2014 Luxembourg&#039;s peer-to-peer rental marketplace. Rent and lend items locally.","potentialAction":[{"@type":"SearchAction","target":{"@type":"EntryPoint","urlTemplate":"https:\/\/deelen.lu\/fr\/?s={search_term_string}"},"query-input":{"@type":"PropertyValueSpecification","valueRequired":true,"valueName":"search_term_string"}}],"inLanguage":"fr-FR"}]}},"_links":{"self":[{"href":"https:\/\/deelen.lu\/fr\/wp-json\/wp\/v2\/product\/1425","targetHints":{"allow":["GET"]}}],"collection":[{"href":"https:\/\/deelen.lu\/fr\/wp-json\/wp\/v2\/product"}],"about":[{"href":"https:\/\/deelen.lu\/fr\/wp-json\/wp\/v2\/types\/product"}],"replies":[{"embeddable":true,"href":"https:\/\/deelen.lu\/fr\/wp-json\/wp\/v2\/comments?post=1425"}],"wp:featuredmedia":[{"embeddable":true,"href":"https:\/\/deelen.lu\/fr\/wp-json\/wp\/v2\/media\/1462"}],"wp:attachment":[{"href":"https:\/\/deelen.lu\/fr\/wp-json\/wp\/v2\/media?parent=1425"}],"wp:term":[{"taxonomy":"product_brand","embeddable":true,"href":"https:\/\/deelen.lu\/fr\/wp-json\/wp\/v2\/product_brand?post=1425"},{"taxonomy":"product_cat","embeddable":true,"href":"https:\/\/deelen.lu\/fr\/wp-json\/wp\/v2\/product_cat?post=1425"},{"taxonomy":"product_tag","embeddable":true,"href":"https:\/\/deelen.lu\/fr\/wp-json\/wp\/v2\/product_tag?post=1425"}],"curies":[{"name":"wp","href":"https:\/\/api.w.org\/{rel}","templated":true}]}}