{"id":1429,"date":"2025-05-29T11:41:03","date_gmt":"2025-05-29T11:41:03","guid":{"rendered":"https:\/\/deelen.lu\/fr\/?post_type=product&#038;p=1429"},"modified":"2025-06-10T07:08:24","modified_gmt":"2025-06-10T07:08:24","slug":"karcher-nettoyeur-haute-pression-k3-karcher-k3-high-pressure-washer","status":"publish","type":"product","link":"https:\/\/deelen.lu\/fr\/product\/karcher-nettoyeur-haute-pression-k3-karcher-k3-high-pressure-washer\/","title":{"rendered":"K\u00e4rcher Nettoyeur Haute Pression K3 - K\u00e4rcher K3 High-Pressure Washer"},"content":{"rendered":"<p data-sourcepos=\"3:1-5:19\">K\u00e4rcher Nettoyeur Haute Pression K 3 Power Control<\/p>\n<ul>\n<li data-sourcepos=\"3:1-5:19\">Pression : Max. 120 bar,<\/li>\n<li data-sourcepos=\"3:1-5:19\">D\u00e9bit : 380 l\/h 2<\/li>\n<li data-sourcepos=\"3:1-5:19\">embout standards<\/li>\n<\/ul>\n<p>Peut \u00eatre lou\u00e9 avec<\/p>\n<ul>\n<li data-sourcepos=\"6:1-6:19\">Rallonge de lance<\/li>\n<li data-sourcepos=\"7:1-7:21\">Brosse Triangulaire<\/li>\n<li data-sourcepos=\"8:1-9:0\">Embout canon a mousse (sans produit)<\/li>\n<\/ul>\n<p>&nbsp;<\/p>\n<p data-sourcepos=\"5:1-5:49\">K\u00e4rcher K 3 Power Control High-Pressure Washer<\/p>\n<ul data-sourcepos=\"7:1-10:0\">\n<li data-sourcepos=\"7:1-7:24\">Pressure: max. 120 bar<\/li>\n<li data-sourcepos=\"8:1-8:20\">Flow rate: 380 l\/h<\/li>\n<li data-sourcepos=\"9:1-10:0\">Includes 2 standard nozzles<\/li>\n<\/ul>\n<p data-sourcepos=\"11:1-11:19\">Can be rented with:<\/p>\n<ul data-sourcepos=\"13:1-15:43\">\n<li data-sourcepos=\"13:1-13:17\">Lance extension<\/li>\n<li data-sourcepos=\"14:1-14:13\">Delta brush<\/li>\n<li data-sourcepos=\"15:1-15:43\">Foam cannon nozzle (product not included)<\/li>\n<\/ul>\n","protected":false},"excerpt":{"rendered":"<p>K\u00e4rcher Nettoyeur Haute Pression K 3 Power Control Pression : Max. 120 bar, D\u00e9bit : 380 l\/h 2 embout standards Peut \u00eatre lou\u00e9 avec Rallonge de lance Brosse Triangulaire Embout canon a mousse (sans produit) &nbsp; K\u00e4rcher K 3 Power Control High-Pressure Washer Pressure: max. 120 bar Flow rate: 380 l\/h Includes 2 standard nozzles [&hellip;]<\/p>\n","protected":false},"featured_media":1448,"comment_status":"open","ping_status":"closed","template":"","meta":{"_acf_changed":false,"inline_featured_image":false},"product_brand":[],"product_cat":[21,228,158],"product_tag":[],"class_list":{"0":"post-1429","1":"product","2":"type-product","3":"status-publish","4":"has-post-thumbnail","6":"product_cat-all","7":"product_cat-cleaning-maintenance","8":"product_cat-home-and-garden","10":"first","11":"instock","12":"shipping-taxable","13":"purchasable","14":"product-type-simple"},"acf":[],"yoast_head":"<!-- This site is optimized with the Yoast SEO plugin v27.2 - https:\/\/yoast.com\/product\/yoast-seo-wordpress\/ -->\n<title>K\u00e4rcher Nettoyeur Haute Pression K3 - K\u00e4rcher K3 High-Pressure Washer - Deelen<\/title>\n<meta name=\"robots\" content=\"index, follow, max-snippet:-1, max-image-preview:large, max-video-preview:-1\" \/>\n<link rel=\"canonical\" href=\"https:\/\/deelen.lu\/fr\/product\/karcher-nettoyeur-haute-pression-k3-karcher-k3-high-pressure-washer\/\" \/>\n<meta property=\"og:locale\" content=\"fr_FR\" \/>\n<meta property=\"og:type\" content=\"article\" \/>\n<meta property=\"og:title\" content=\"K\u00e4rcher Nettoyeur Haute Pression K3 - K\u00e4rcher K3 High-Pressure Washer - Deelen\" \/>\n<meta property=\"og:description\" content=\"K\u00e4rcher Nettoyeur Haute Pression K 3 Power Control Pression : Max. 120 bar, D\u00e9bit : 380 l\/h 2 embout standards Peut \u00eatre lou\u00e9 avec Rallonge de lance Brosse Triangulaire Embout canon a mousse (sans produit) &nbsp; K\u00e4rcher K 3 Power Control High-Pressure Washer Pressure: max. 120 bar Flow rate: 380 l\/h Includes 2 standard nozzles [&hellip;]\" \/>\n<meta property=\"og:url\" content=\"https:\/\/deelen.lu\/fr\/product\/karcher-nettoyeur-haute-pression-k3-karcher-k3-high-pressure-washer\/\" \/>\n<meta property=\"og:site_name\" content=\"Deelen\" \/>\n<meta property=\"article:modified_time\" content=\"2025-06-10T07:08:24+00:00\" \/>\n<meta property=\"og:image\" content=\"https:\/\/deelen.lu\/resources\/uploads\/2025\/05\/karcher.jpg\" \/>\n\t<meta property=\"og:image:width\" content=\"366\" \/>\n\t<meta property=\"og:image:height\" content=\"592\" \/>\n\t<meta property=\"og:image:type\" content=\"image\/jpeg\" \/>\n<meta name=\"twitter:card\" content=\"summary_large_image\" \/>\n<meta name=\"twitter:label1\" content=\"Dur\u00e9e de lecture estim\u00e9e\" \/>\n\t<meta name=\"twitter:data1\" content=\"1 minute\" \/>\n<script type=\"application\/ld+json\" class=\"yoast-schema-graph\">{\"@context\":\"https:\/\/schema.org\",\"@graph\":[{\"@type\":\"WebPage\",\"@id\":\"https:\/\/deelen.lu\/fr\/product\/karcher-nettoyeur-haute-pression-k3-karcher-k3-high-pressure-washer\/\",\"url\":\"https:\/\/deelen.lu\/fr\/product\/karcher-nettoyeur-haute-pression-k3-karcher-k3-high-pressure-washer\/\",\"name\":\"K\u00e4rcher Nettoyeur Haute Pression K3 - K\u00e4rcher K3 High-Pressure Washer - Deelen\",\"isPartOf\":{\"@id\":\"https:\/\/deelen.lu\/fr\/#website\"},\"primaryImageOfPage\":{\"@id\":\"https:\/\/deelen.lu\/fr\/product\/karcher-nettoyeur-haute-pression-k3-karcher-k3-high-pressure-washer\/#primaryimage\"},\"image\":{\"@id\":\"https:\/\/deelen.lu\/fr\/product\/karcher-nettoyeur-haute-pression-k3-karcher-k3-high-pressure-washer\/#primaryimage\"},\"thumbnailUrl\":\"https:\/\/deelen.lu\/resources\/uploads\/2025\/05\/karcher.jpg\",\"datePublished\":\"2025-05-29T11:41:03+00:00\",\"dateModified\":\"2025-06-10T07:08:24+00:00\",\"breadcrumb\":{\"@id\":\"https:\/\/deelen.lu\/fr\/product\/karcher-nettoyeur-haute-pression-k3-karcher-k3-high-pressure-washer\/#breadcrumb\"},\"inLanguage\":\"fr-FR\",\"potentialAction\":[{\"@type\":\"ReadAction\",\"target\":[\"https:\/\/deelen.lu\/fr\/product\/karcher-nettoyeur-haute-pression-k3-karcher-k3-high-pressure-washer\/\"]}]},{\"@type\":\"ImageObject\",\"inLanguage\":\"fr-FR\",\"@id\":\"https:\/\/deelen.lu\/fr\/product\/karcher-nettoyeur-haute-pression-k3-karcher-k3-high-pressure-washer\/#primaryimage\",\"url\":\"https:\/\/deelen.lu\/resources\/uploads\/2025\/05\/karcher.jpg\",\"contentUrl\":\"https:\/\/deelen.lu\/resources\/uploads\/2025\/05\/karcher.jpg\",\"width\":366,\"height\":592},{\"@type\":\"BreadcrumbList\",\"@id\":\"https:\/\/deelen.lu\/fr\/product\/karcher-nettoyeur-haute-pression-k3-karcher-k3-high-pressure-washer\/#breadcrumb\",\"itemListElement\":[{\"@type\":\"ListItem\",\"position\":1,\"name\":\"Home\",\"item\":\"https:\/\/deelen.lu\/fr\/\"},{\"@type\":\"ListItem\",\"position\":2,\"name\":\"K\u00e4rcher Nettoyeur Haute Pression K3 &#8211; K\u00e4rcher K3 High-Pressure Washer\"}]},{\"@type\":\"WebSite\",\"@id\":\"https:\/\/deelen.lu\/fr\/#website\",\"url\":\"https:\/\/deelen.lu\/fr\/\",\"name\":\"Deelen\",\"description\":\"Deelen.lu \u2014 Luxembourg&#039;s peer-to-peer rental marketplace. Rent and lend items locally.\",\"potentialAction\":[{\"@type\":\"SearchAction\",\"target\":{\"@type\":\"EntryPoint\",\"urlTemplate\":\"https:\/\/deelen.lu\/fr\/?s={search_term_string}\"},\"query-input\":{\"@type\":\"PropertyValueSpecification\",\"valueRequired\":true,\"valueName\":\"search_term_string\"}}],\"inLanguage\":\"fr-FR\"}]}<\/script>\n<!-- \/ Yoast SEO plugin. -->","yoast_head_json":{"title":"K\u00e4rcher Nettoyeur Haute Pression K3 - K\u00e4rcher K3 High-Pressure Washer - Deelen","robots":{"index":"index","follow":"follow","max-snippet":"max-snippet:-1","max-image-preview":"max-image-preview:large","max-video-preview":"max-video-preview:-1"},"canonical":"https:\/\/deelen.lu\/fr\/product\/karcher-nettoyeur-haute-pression-k3-karcher-k3-high-pressure-washer\/","og_locale":"fr_FR","og_type":"article","og_title":"K\u00e4rcher Nettoyeur Haute Pression K3 - K\u00e4rcher K3 High-Pressure Washer - Deelen","og_description":"K\u00e4rcher Nettoyeur Haute Pression K 3 Power Control Pression : Max. 120 bar, D\u00e9bit : 380 l\/h 2 embout standards Peut \u00eatre lou\u00e9 avec Rallonge de lance Brosse Triangulaire Embout canon a mousse (sans produit) &nbsp; K\u00e4rcher K 3 Power Control High-Pressure Washer Pressure: max. 120 bar Flow rate: 380 l\/h Includes 2 standard nozzles [&hellip;]","og_url":"https:\/\/deelen.lu\/fr\/product\/karcher-nettoyeur-haute-pression-k3-karcher-k3-high-pressure-washer\/","og_site_name":"Deelen","article_modified_time":"2025-06-10T07:08:24+00:00","og_image":[{"width":366,"height":592,"url":"https:\/\/deelen.lu\/resources\/uploads\/2025\/05\/karcher.jpg","type":"image\/jpeg"}],"twitter_card":"summary_large_image","twitter_misc":{"Dur\u00e9e de lecture estim\u00e9e":"1 minute"},"schema":{"@context":"https:\/\/schema.org","@graph":[{"@type":"WebPage","@id":"https:\/\/deelen.lu\/fr\/product\/karcher-nettoyeur-haute-pression-k3-karcher-k3-high-pressure-washer\/","url":"https:\/\/deelen.lu\/fr\/product\/karcher-nettoyeur-haute-pression-k3-karcher-k3-high-pressure-washer\/","name":"K\u00e4rcher Nettoyeur Haute Pression K3 - K\u00e4rcher K3 High-Pressure Washer - Deelen","isPartOf":{"@id":"https:\/\/deelen.lu\/fr\/#website"},"primaryImageOfPage":{"@id":"https:\/\/deelen.lu\/fr\/product\/karcher-nettoyeur-haute-pression-k3-karcher-k3-high-pressure-washer\/#primaryimage"},"image":{"@id":"https:\/\/deelen.lu\/fr\/product\/karcher-nettoyeur-haute-pression-k3-karcher-k3-high-pressure-washer\/#primaryimage"},"thumbnailUrl":"https:\/\/deelen.lu\/resources\/uploads\/2025\/05\/karcher.jpg","datePublished":"2025-05-29T11:41:03+00:00","dateModified":"2025-06-10T07:08:24+00:00","breadcrumb":{"@id":"https:\/\/deelen.lu\/fr\/product\/karcher-nettoyeur-haute-pression-k3-karcher-k3-high-pressure-washer\/#breadcrumb"},"inLanguage":"fr-FR","potentialAction":[{"@type":"ReadAction","target":["https:\/\/deelen.lu\/fr\/product\/karcher-nettoyeur-haute-pression-k3-karcher-k3-high-pressure-washer\/"]}]},{"@type":"ImageObject","inLanguage":"fr-FR","@id":"https:\/\/deelen.lu\/fr\/product\/karcher-nettoyeur-haute-pression-k3-karcher-k3-high-pressure-washer\/#primaryimage","url":"https:\/\/deelen.lu\/resources\/uploads\/2025\/05\/karcher.jpg","contentUrl":"https:\/\/deelen.lu\/resources\/uploads\/2025\/05\/karcher.jpg","width":366,"height":592},{"@type":"BreadcrumbList","@id":"https:\/\/deelen.lu\/fr\/product\/karcher-nettoyeur-haute-pression-k3-karcher-k3-high-pressure-washer\/#breadcrumb","itemListElement":[{"@type":"ListItem","position":1,"name":"Home","item":"https:\/\/deelen.lu\/fr\/"},{"@type":"ListItem","position":2,"name":"K\u00e4rcher Nettoyeur Haute Pression K3 &#8211; K\u00e4rcher K3 High-Pressure Washer"}]},{"@type":"WebSite","@id":"https:\/\/deelen.lu\/fr\/#website","url":"https:\/\/deelen.lu\/fr\/","name":"Deelen","description":"Deelen.lu \u2014 Luxembourg&#039;s peer-to-peer rental marketplace. Rent and lend items locally.","potentialAction":[{"@type":"SearchAction","target":{"@type":"EntryPoint","urlTemplate":"https:\/\/deelen.lu\/fr\/?s={search_term_string}"},"query-input":{"@type":"PropertyValueSpecification","valueRequired":true,"valueName":"search_term_string"}}],"inLanguage":"fr-FR"}]}},"_links":{"self":[{"href":"https:\/\/deelen.lu\/fr\/wp-json\/wp\/v2\/product\/1429","targetHints":{"allow":["GET"]}}],"collection":[{"href":"https:\/\/deelen.lu\/fr\/wp-json\/wp\/v2\/product"}],"about":[{"href":"https:\/\/deelen.lu\/fr\/wp-json\/wp\/v2\/types\/product"}],"replies":[{"embeddable":true,"href":"https:\/\/deelen.lu\/fr\/wp-json\/wp\/v2\/comments?post=1429"}],"wp:featuredmedia":[{"embeddable":true,"href":"https:\/\/deelen.lu\/fr\/wp-json\/wp\/v2\/media\/1448"}],"wp:attachment":[{"href":"https:\/\/deelen.lu\/fr\/wp-json\/wp\/v2\/media?parent=1429"}],"wp:term":[{"taxonomy":"product_brand","embeddable":true,"href":"https:\/\/deelen.lu\/fr\/wp-json\/wp\/v2\/product_brand?post=1429"},{"taxonomy":"product_cat","embeddable":true,"href":"https:\/\/deelen.lu\/fr\/wp-json\/wp\/v2\/product_cat?post=1429"},{"taxonomy":"product_tag","embeddable":true,"href":"https:\/\/deelen.lu\/fr\/wp-json\/wp\/v2\/product_tag?post=1429"}],"curies":[{"name":"wp","href":"https:\/\/api.w.org\/{rel}","templated":true}]}}