{"id":1474,"date":"2025-06-05T08:29:30","date_gmt":"2025-06-05T08:29:30","guid":{"rendered":"https:\/\/deelen.lu\/fr\/?post_type=product&#038;p=1474"},"modified":"2025-06-10T07:06:51","modified_gmt":"2025-06-10T07:06:51","slug":"einhell-perceuse-visseuse-sans-fil-tc-as-18-einhell-cordless-drill-driver-tc-as-18","status":"publish","type":"product","link":"https:\/\/deelen.lu\/fr\/product\/einhell-perceuse-visseuse-sans-fil-tc-as-18-einhell-cordless-drill-driver-tc-as-18\/","title":{"rendered":"Einhell Perceuse-visseuse sans fil TC-AS 18 - Einhell Cordless Drill\/Driver TC-AS 18"},"content":{"rendered":"<p data-sourcepos=\"3:1-3:123\">Einhell Perceuse-visseuse sans fil TC-AS 18 Li-Solo (lithium-ion 18 V, 2 vitesses, 21 r\u00e9glages de couple, avec lumi\u00e8re LED)<\/p>\n<ul data-sourcepos=\"5:1-10:51\">\n<li data-sourcepos=\"5:1-5:28\">Nombre de vitesses : 2<\/li>\n<li data-sourcepos=\"6:1-6:59\">Vitesse de rotation \u00e0 vide (vitesse 1) : 0-400 tr\/min<\/li>\n<li data-sourcepos=\"7:1-7:60\">Vitesse de rotation \u00e0 vide (vitesse 2) : 0-1500 tr\/min<\/li>\n<li data-sourcepos=\"8:1-8:42\">Charge maximale : Couple dur : 40 Nm<\/li>\n<li data-sourcepos=\"9:1-9:46\">Nombre de niveaux de couple : 21 niveaux<\/li>\n<li data-sourcepos=\"10:1-10:51\">Mandrin de per\u00e7age : 10 mm | \u00e0 simple douille<\/li>\n<\/ul>\n<p>&nbsp;<\/p>\n<p data-sourcepos=\"3:1-3:109\">Einhell Cordless Drill\/Driver TC-AS 18 Li-Solo (18V Lithium-Ion, 2-Speed, 21 Torque Settings, with LED Light)<\/p>\n<ul data-sourcepos=\"5:1-10:40\">\n<li data-sourcepos=\"5:1-5:25\">Number of speeds: 2<\/li>\n<li data-sourcepos=\"6:1-6:40\">No-load speed (speed 1): 0-400 rpm<\/li>\n<li data-sourcepos=\"7:1-7:41\">No-load speed (speed 2): 0-1500 rpm<\/li>\n<li data-sourcepos=\"8:1-8:38\">Max. torque: 40 Nm (hard torque)<\/li>\n<li data-sourcepos=\"9:1-9:42\">Number of torque settings: 21 levels<\/li>\n<li data-sourcepos=\"10:1-10:40\">Drill chuck: 10 mm | single sleeve<\/li>\n<\/ul>\n","protected":false},"excerpt":{"rendered":"<p>Einhell Perceuse-visseuse sans fil TC-AS 18 Li-Solo (lithium-ion 18 V, 2 vitesses, 21 r\u00e9glages de couple, avec lumi\u00e8re LED) Nombre de vitesses : 2 Vitesse de rotation \u00e0 vide (vitesse 1) : 0-400 tr\/min Vitesse de rotation \u00e0 vide (vitesse 2) : 0-1500 tr\/min Charge maximale : Couple dur : 40 Nm Nombre de niveaux [&hellip;]<\/p>\n","protected":false},"featured_media":1475,"comment_status":"open","ping_status":"closed","template":"","meta":{"_acf_changed":false,"inline_featured_image":false},"product_brand":[],"product_cat":[21,198,158,196,162],"product_tag":[],"class_list":{"0":"post-1474","1":"product","2":"type-product","3":"status-publish","4":"has-post-thumbnail","6":"product_cat-all","7":"product_cat-power-tools-drills-saws","8":"product_cat-home-and-garden","9":"product_cat-tools-and-diy","10":"product_cat-garden-tools-lawnmower-hedge-trimmer-etc","12":"first","13":"instock","14":"shipping-taxable","15":"purchasable","16":"product-type-simple"},"acf":[],"yoast_head":"<!-- This site is optimized with the Yoast SEO plugin v27.2 - https:\/\/yoast.com\/product\/yoast-seo-wordpress\/ -->\n<title>Einhell Perceuse-visseuse sans fil TC-AS 18 - Einhell Cordless Drill\/Driver TC-AS 18 - Deelen<\/title>\n<meta name=\"robots\" content=\"index, follow, max-snippet:-1, max-image-preview:large, max-video-preview:-1\" \/>\n<link rel=\"canonical\" href=\"https:\/\/deelen.lu\/fr\/product\/einhell-perceuse-visseuse-sans-fil-tc-as-18-einhell-cordless-drill-driver-tc-as-18\/\" \/>\n<meta property=\"og:locale\" content=\"fr_FR\" \/>\n<meta property=\"og:type\" content=\"article\" \/>\n<meta property=\"og:title\" content=\"Einhell Perceuse-visseuse sans fil TC-AS 18 - Einhell Cordless Drill\/Driver TC-AS 18 - Deelen\" \/>\n<meta property=\"og:description\" content=\"Einhell Perceuse-visseuse sans fil TC-AS 18 Li-Solo (lithium-ion 18 V, 2 vitesses, 21 r\u00e9glages de couple, avec lumi\u00e8re LED) Nombre de vitesses : 2 Vitesse de rotation \u00e0 vide (vitesse 1) : 0-400 tr\/min Vitesse de rotation \u00e0 vide (vitesse 2) : 0-1500 tr\/min Charge maximale : Couple dur : 40 Nm Nombre de niveaux [&hellip;]\" \/>\n<meta property=\"og:url\" content=\"https:\/\/deelen.lu\/fr\/product\/einhell-perceuse-visseuse-sans-fil-tc-as-18-einhell-cordless-drill-driver-tc-as-18\/\" \/>\n<meta property=\"og:site_name\" content=\"Deelen\" \/>\n<meta property=\"article:modified_time\" content=\"2025-06-10T07:06:51+00:00\" \/>\n<meta property=\"og:image\" content=\"https:\/\/deelen.lu\/resources\/uploads\/2025\/06\/Capture.png\" \/>\n\t<meta property=\"og:image:width\" content=\"606\" \/>\n\t<meta property=\"og:image:height\" content=\"879\" \/>\n\t<meta property=\"og:image:type\" content=\"image\/png\" \/>\n<meta name=\"twitter:card\" content=\"summary_large_image\" \/>\n<meta name=\"twitter:label1\" content=\"Dur\u00e9e de lecture estim\u00e9e\" \/>\n\t<meta name=\"twitter:data1\" content=\"1 minute\" \/>\n<script type=\"application\/ld+json\" class=\"yoast-schema-graph\">{\"@context\":\"https:\/\/schema.org\",\"@graph\":[{\"@type\":\"WebPage\",\"@id\":\"https:\/\/deelen.lu\/fr\/product\/einhell-perceuse-visseuse-sans-fil-tc-as-18-einhell-cordless-drill-driver-tc-as-18\/\",\"url\":\"https:\/\/deelen.lu\/fr\/product\/einhell-perceuse-visseuse-sans-fil-tc-as-18-einhell-cordless-drill-driver-tc-as-18\/\",\"name\":\"Einhell Perceuse-visseuse sans fil TC-AS 18 - Einhell Cordless Drill\/Driver TC-AS 18 - Deelen\",\"isPartOf\":{\"@id\":\"https:\/\/deelen.lu\/fr\/#website\"},\"primaryImageOfPage\":{\"@id\":\"https:\/\/deelen.lu\/fr\/product\/einhell-perceuse-visseuse-sans-fil-tc-as-18-einhell-cordless-drill-driver-tc-as-18\/#primaryimage\"},\"image\":{\"@id\":\"https:\/\/deelen.lu\/fr\/product\/einhell-perceuse-visseuse-sans-fil-tc-as-18-einhell-cordless-drill-driver-tc-as-18\/#primaryimage\"},\"thumbnailUrl\":\"https:\/\/deelen.lu\/resources\/uploads\/2025\/06\/Capture.png\",\"datePublished\":\"2025-06-05T08:29:30+00:00\",\"dateModified\":\"2025-06-10T07:06:51+00:00\",\"breadcrumb\":{\"@id\":\"https:\/\/deelen.lu\/fr\/product\/einhell-perceuse-visseuse-sans-fil-tc-as-18-einhell-cordless-drill-driver-tc-as-18\/#breadcrumb\"},\"inLanguage\":\"fr-FR\",\"potentialAction\":[{\"@type\":\"ReadAction\",\"target\":[\"https:\/\/deelen.lu\/fr\/product\/einhell-perceuse-visseuse-sans-fil-tc-as-18-einhell-cordless-drill-driver-tc-as-18\/\"]}]},{\"@type\":\"ImageObject\",\"inLanguage\":\"fr-FR\",\"@id\":\"https:\/\/deelen.lu\/fr\/product\/einhell-perceuse-visseuse-sans-fil-tc-as-18-einhell-cordless-drill-driver-tc-as-18\/#primaryimage\",\"url\":\"https:\/\/deelen.lu\/resources\/uploads\/2025\/06\/Capture.png\",\"contentUrl\":\"https:\/\/deelen.lu\/resources\/uploads\/2025\/06\/Capture.png\",\"width\":606,\"height\":879},{\"@type\":\"BreadcrumbList\",\"@id\":\"https:\/\/deelen.lu\/fr\/product\/einhell-perceuse-visseuse-sans-fil-tc-as-18-einhell-cordless-drill-driver-tc-as-18\/#breadcrumb\",\"itemListElement\":[{\"@type\":\"ListItem\",\"position\":1,\"name\":\"Home\",\"item\":\"https:\/\/deelen.lu\/fr\/\"},{\"@type\":\"ListItem\",\"position\":2,\"name\":\"Einhell Perceuse-visseuse sans fil TC-AS 18 &#8211; Einhell Cordless Drill\/Driver TC-AS 18\"}]},{\"@type\":\"WebSite\",\"@id\":\"https:\/\/deelen.lu\/fr\/#website\",\"url\":\"https:\/\/deelen.lu\/fr\/\",\"name\":\"Deelen\",\"description\":\"Deelen.lu \u2014 Luxembourg&#039;s peer-to-peer rental marketplace. Rent and lend items locally.\",\"potentialAction\":[{\"@type\":\"SearchAction\",\"target\":{\"@type\":\"EntryPoint\",\"urlTemplate\":\"https:\/\/deelen.lu\/fr\/?s={search_term_string}\"},\"query-input\":{\"@type\":\"PropertyValueSpecification\",\"valueRequired\":true,\"valueName\":\"search_term_string\"}}],\"inLanguage\":\"fr-FR\"}]}<\/script>\n<!-- \/ Yoast SEO plugin. -->","yoast_head_json":{"title":"Einhell Perceuse-visseuse sans fil TC-AS 18 - Einhell Cordless Drill\/Driver TC-AS 18 - Deelen","robots":{"index":"index","follow":"follow","max-snippet":"max-snippet:-1","max-image-preview":"max-image-preview:large","max-video-preview":"max-video-preview:-1"},"canonical":"https:\/\/deelen.lu\/fr\/product\/einhell-perceuse-visseuse-sans-fil-tc-as-18-einhell-cordless-drill-driver-tc-as-18\/","og_locale":"fr_FR","og_type":"article","og_title":"Einhell Perceuse-visseuse sans fil TC-AS 18 - Einhell Cordless Drill\/Driver TC-AS 18 - Deelen","og_description":"Einhell Perceuse-visseuse sans fil TC-AS 18 Li-Solo (lithium-ion 18 V, 2 vitesses, 21 r\u00e9glages de couple, avec lumi\u00e8re LED) Nombre de vitesses : 2 Vitesse de rotation \u00e0 vide (vitesse 1) : 0-400 tr\/min Vitesse de rotation \u00e0 vide (vitesse 2) : 0-1500 tr\/min Charge maximale : Couple dur : 40 Nm Nombre de niveaux [&hellip;]","og_url":"https:\/\/deelen.lu\/fr\/product\/einhell-perceuse-visseuse-sans-fil-tc-as-18-einhell-cordless-drill-driver-tc-as-18\/","og_site_name":"Deelen","article_modified_time":"2025-06-10T07:06:51+00:00","og_image":[{"width":606,"height":879,"url":"https:\/\/deelen.lu\/resources\/uploads\/2025\/06\/Capture.png","type":"image\/png"}],"twitter_card":"summary_large_image","twitter_misc":{"Dur\u00e9e de lecture estim\u00e9e":"1 minute"},"schema":{"@context":"https:\/\/schema.org","@graph":[{"@type":"WebPage","@id":"https:\/\/deelen.lu\/fr\/product\/einhell-perceuse-visseuse-sans-fil-tc-as-18-einhell-cordless-drill-driver-tc-as-18\/","url":"https:\/\/deelen.lu\/fr\/product\/einhell-perceuse-visseuse-sans-fil-tc-as-18-einhell-cordless-drill-driver-tc-as-18\/","name":"Einhell Perceuse-visseuse sans fil TC-AS 18 - Einhell Cordless Drill\/Driver TC-AS 18 - Deelen","isPartOf":{"@id":"https:\/\/deelen.lu\/fr\/#website"},"primaryImageOfPage":{"@id":"https:\/\/deelen.lu\/fr\/product\/einhell-perceuse-visseuse-sans-fil-tc-as-18-einhell-cordless-drill-driver-tc-as-18\/#primaryimage"},"image":{"@id":"https:\/\/deelen.lu\/fr\/product\/einhell-perceuse-visseuse-sans-fil-tc-as-18-einhell-cordless-drill-driver-tc-as-18\/#primaryimage"},"thumbnailUrl":"https:\/\/deelen.lu\/resources\/uploads\/2025\/06\/Capture.png","datePublished":"2025-06-05T08:29:30+00:00","dateModified":"2025-06-10T07:06:51+00:00","breadcrumb":{"@id":"https:\/\/deelen.lu\/fr\/product\/einhell-perceuse-visseuse-sans-fil-tc-as-18-einhell-cordless-drill-driver-tc-as-18\/#breadcrumb"},"inLanguage":"fr-FR","potentialAction":[{"@type":"ReadAction","target":["https:\/\/deelen.lu\/fr\/product\/einhell-perceuse-visseuse-sans-fil-tc-as-18-einhell-cordless-drill-driver-tc-as-18\/"]}]},{"@type":"ImageObject","inLanguage":"fr-FR","@id":"https:\/\/deelen.lu\/fr\/product\/einhell-perceuse-visseuse-sans-fil-tc-as-18-einhell-cordless-drill-driver-tc-as-18\/#primaryimage","url":"https:\/\/deelen.lu\/resources\/uploads\/2025\/06\/Capture.png","contentUrl":"https:\/\/deelen.lu\/resources\/uploads\/2025\/06\/Capture.png","width":606,"height":879},{"@type":"BreadcrumbList","@id":"https:\/\/deelen.lu\/fr\/product\/einhell-perceuse-visseuse-sans-fil-tc-as-18-einhell-cordless-drill-driver-tc-as-18\/#breadcrumb","itemListElement":[{"@type":"ListItem","position":1,"name":"Home","item":"https:\/\/deelen.lu\/fr\/"},{"@type":"ListItem","position":2,"name":"Einhell Perceuse-visseuse sans fil TC-AS 18 &#8211; Einhell Cordless Drill\/Driver TC-AS 18"}]},{"@type":"WebSite","@id":"https:\/\/deelen.lu\/fr\/#website","url":"https:\/\/deelen.lu\/fr\/","name":"Deelen","description":"Deelen.lu \u2014 Luxembourg&#039;s peer-to-peer rental marketplace. Rent and lend items locally.","potentialAction":[{"@type":"SearchAction","target":{"@type":"EntryPoint","urlTemplate":"https:\/\/deelen.lu\/fr\/?s={search_term_string}"},"query-input":{"@type":"PropertyValueSpecification","valueRequired":true,"valueName":"search_term_string"}}],"inLanguage":"fr-FR"}]}},"_links":{"self":[{"href":"https:\/\/deelen.lu\/fr\/wp-json\/wp\/v2\/product\/1474","targetHints":{"allow":["GET"]}}],"collection":[{"href":"https:\/\/deelen.lu\/fr\/wp-json\/wp\/v2\/product"}],"about":[{"href":"https:\/\/deelen.lu\/fr\/wp-json\/wp\/v2\/types\/product"}],"replies":[{"embeddable":true,"href":"https:\/\/deelen.lu\/fr\/wp-json\/wp\/v2\/comments?post=1474"}],"wp:featuredmedia":[{"embeddable":true,"href":"https:\/\/deelen.lu\/fr\/wp-json\/wp\/v2\/media\/1475"}],"wp:attachment":[{"href":"https:\/\/deelen.lu\/fr\/wp-json\/wp\/v2\/media?parent=1474"}],"wp:term":[{"taxonomy":"product_brand","embeddable":true,"href":"https:\/\/deelen.lu\/fr\/wp-json\/wp\/v2\/product_brand?post=1474"},{"taxonomy":"product_cat","embeddable":true,"href":"https:\/\/deelen.lu\/fr\/wp-json\/wp\/v2\/product_cat?post=1474"},{"taxonomy":"product_tag","embeddable":true,"href":"https:\/\/deelen.lu\/fr\/wp-json\/wp\/v2\/product_tag?post=1474"}],"curies":[{"name":"wp","href":"https:\/\/api.w.org\/{rel}","templated":true}]}}