{"id":1480,"date":"2025-06-08T11:55:26","date_gmt":"2025-06-08T11:55:26","guid":{"rendered":"https:\/\/deelen.lu\/?post_type=product&#038;p=1480"},"modified":"2025-06-10T07:06:10","modified_gmt":"2025-06-10T07:06:10","slug":"bosch-ferm-cordless-screwdriver-set-kit-de-tournevis-sans-fil-bosch-ferm","status":"publish","type":"product","link":"https:\/\/deelen.lu\/fr\/product\/bosch-ferm-cordless-screwdriver-set-kit-de-tournevis-sans-fil-bosch-ferm\/","title":{"rendered":"Bosch + FERM Cordless Screwdriver Set - Kit de tournevis sans fil Bosch + FERM"},"content":{"rendered":"<p>Bosch + FERM Cordless Screwdriver Set with charging station (6th Generation, green, variable SPEED CONTROL, rechargeable with the included charging station and micro USB-cable)<\/p>\n<p>Coffret de tournevis sans fil Bosch + FERM avec station de charge (6\u00e8me g\u00e9n\u00e9ration, vert, VITESSE variable, rechargeable avec la station de charge incluse et le c\u00e2ble micro USB)<\/p>\n","protected":false},"excerpt":{"rendered":"<p>Bosch + FERM Cordless Screwdriver Set with charging station (6th Generation, green, variable SPEED CONTROL, rechargeable with the included charging station and micro USB-cable) Coffret de tournevis sans fil Bosch + FERM avec station de charge (6\u00e8me g\u00e9n\u00e9ration, vert, VITESSE variable, rechargeable avec la station de charge incluse et le c\u00e2ble micro USB)<\/p>\n","protected":false},"featured_media":1481,"comment_status":"open","ping_status":"closed","template":"","meta":{"_acf_changed":false,"inline_featured_image":false},"product_brand":[],"product_cat":[21,200,158,196,162],"product_tag":[],"class_list":{"0":"post-1480","1":"product","2":"type-product","3":"status-publish","4":"has-post-thumbnail","6":"product_cat-all","7":"product_cat-hand-tools-wrenches-screwdrivers","8":"product_cat-home-and-garden","9":"product_cat-tools-and-diy","10":"product_cat-garden-tools-lawnmower-hedge-trimmer-etc","12":"first","13":"instock","14":"shipping-taxable","15":"purchasable","16":"product-type-simple"},"acf":[],"yoast_head":"<!-- This site is optimized with the Yoast SEO plugin v27.2 - https:\/\/yoast.com\/product\/yoast-seo-wordpress\/ -->\n<title>Bosch + FERM Cordless Screwdriver Set - Kit de tournevis sans fil Bosch + FERM - Deelen<\/title>\n<meta name=\"robots\" content=\"index, follow, max-snippet:-1, max-image-preview:large, max-video-preview:-1\" \/>\n<link rel=\"canonical\" href=\"https:\/\/deelen.lu\/fr\/product\/bosch-ferm-cordless-screwdriver-set-kit-de-tournevis-sans-fil-bosch-ferm\/\" \/>\n<meta property=\"og:locale\" content=\"fr_FR\" \/>\n<meta property=\"og:type\" content=\"article\" \/>\n<meta property=\"og:title\" content=\"Bosch + FERM Cordless Screwdriver Set - Kit de tournevis sans fil Bosch + FERM - Deelen\" \/>\n<meta property=\"og:description\" content=\"Bosch + FERM Cordless Screwdriver Set with charging station (6th Generation, green, variable SPEED CONTROL, rechargeable with the included charging station and micro USB-cable) Coffret de tournevis sans fil Bosch + FERM avec station de charge (6\u00e8me g\u00e9n\u00e9ration, vert, VITESSE variable, rechargeable avec la station de charge incluse et le c\u00e2ble micro USB)\" \/>\n<meta property=\"og:url\" content=\"https:\/\/deelen.lu\/fr\/product\/bosch-ferm-cordless-screwdriver-set-kit-de-tournevis-sans-fil-bosch-ferm\/\" \/>\n<meta property=\"og:site_name\" content=\"Deelen\" \/>\n<meta property=\"article:modified_time\" content=\"2025-06-10T07:06:10+00:00\" \/>\n<meta property=\"og:image\" content=\"https:\/\/deelen.lu\/resources\/uploads\/2025\/06\/1000064316.jpg\" \/>\n\t<meta property=\"og:image:width\" content=\"670\" \/>\n\t<meta property=\"og:image:height\" content=\"368\" \/>\n\t<meta property=\"og:image:type\" content=\"image\/jpeg\" \/>\n<meta name=\"twitter:card\" content=\"summary_large_image\" \/>\n<meta name=\"twitter:label1\" content=\"Dur\u00e9e de lecture estim\u00e9e\" \/>\n\t<meta name=\"twitter:data1\" content=\"1 minute\" \/>\n<script type=\"application\/ld+json\" class=\"yoast-schema-graph\">{\"@context\":\"https:\/\/schema.org\",\"@graph\":[{\"@type\":\"WebPage\",\"@id\":\"https:\/\/deelen.lu\/fr\/product\/bosch-ferm-cordless-screwdriver-set-kit-de-tournevis-sans-fil-bosch-ferm\/\",\"url\":\"https:\/\/deelen.lu\/fr\/product\/bosch-ferm-cordless-screwdriver-set-kit-de-tournevis-sans-fil-bosch-ferm\/\",\"name\":\"Bosch + FERM Cordless Screwdriver Set - Kit de tournevis sans fil Bosch + FERM - Deelen\",\"isPartOf\":{\"@id\":\"https:\/\/deelen.lu\/fr\/#website\"},\"primaryImageOfPage\":{\"@id\":\"https:\/\/deelen.lu\/fr\/product\/bosch-ferm-cordless-screwdriver-set-kit-de-tournevis-sans-fil-bosch-ferm\/#primaryimage\"},\"image\":{\"@id\":\"https:\/\/deelen.lu\/fr\/product\/bosch-ferm-cordless-screwdriver-set-kit-de-tournevis-sans-fil-bosch-ferm\/#primaryimage\"},\"thumbnailUrl\":\"https:\/\/deelen.lu\/resources\/uploads\/2025\/06\/1000064316.jpg\",\"datePublished\":\"2025-06-08T11:55:26+00:00\",\"dateModified\":\"2025-06-10T07:06:10+00:00\",\"breadcrumb\":{\"@id\":\"https:\/\/deelen.lu\/fr\/product\/bosch-ferm-cordless-screwdriver-set-kit-de-tournevis-sans-fil-bosch-ferm\/#breadcrumb\"},\"inLanguage\":\"fr-FR\",\"potentialAction\":[{\"@type\":\"ReadAction\",\"target\":[\"https:\/\/deelen.lu\/fr\/product\/bosch-ferm-cordless-screwdriver-set-kit-de-tournevis-sans-fil-bosch-ferm\/\"]}]},{\"@type\":\"ImageObject\",\"inLanguage\":\"fr-FR\",\"@id\":\"https:\/\/deelen.lu\/fr\/product\/bosch-ferm-cordless-screwdriver-set-kit-de-tournevis-sans-fil-bosch-ferm\/#primaryimage\",\"url\":\"https:\/\/deelen.lu\/resources\/uploads\/2025\/06\/1000064316.jpg\",\"contentUrl\":\"https:\/\/deelen.lu\/resources\/uploads\/2025\/06\/1000064316.jpg\",\"width\":670,\"height\":368},{\"@type\":\"BreadcrumbList\",\"@id\":\"https:\/\/deelen.lu\/fr\/product\/bosch-ferm-cordless-screwdriver-set-kit-de-tournevis-sans-fil-bosch-ferm\/#breadcrumb\",\"itemListElement\":[{\"@type\":\"ListItem\",\"position\":1,\"name\":\"Home\",\"item\":\"https:\/\/deelen.lu\/fr\/\"},{\"@type\":\"ListItem\",\"position\":2,\"name\":\"Bosch + FERM Cordless Screwdriver Set &#8211; Kit de tournevis sans fil Bosch + FERM\"}]},{\"@type\":\"WebSite\",\"@id\":\"https:\/\/deelen.lu\/fr\/#website\",\"url\":\"https:\/\/deelen.lu\/fr\/\",\"name\":\"Deelen\",\"description\":\"Deelen.lu \u2014 Luxembourg&#039;s peer-to-peer rental marketplace. Rent and lend items locally.\",\"potentialAction\":[{\"@type\":\"SearchAction\",\"target\":{\"@type\":\"EntryPoint\",\"urlTemplate\":\"https:\/\/deelen.lu\/fr\/?s={search_term_string}\"},\"query-input\":{\"@type\":\"PropertyValueSpecification\",\"valueRequired\":true,\"valueName\":\"search_term_string\"}}],\"inLanguage\":\"fr-FR\"}]}<\/script>\n<!-- \/ Yoast SEO plugin. -->","yoast_head_json":{"title":"Bosch + FERM Cordless Screwdriver Set - Kit de tournevis sans fil Bosch + FERM - Deelen","robots":{"index":"index","follow":"follow","max-snippet":"max-snippet:-1","max-image-preview":"max-image-preview:large","max-video-preview":"max-video-preview:-1"},"canonical":"https:\/\/deelen.lu\/fr\/product\/bosch-ferm-cordless-screwdriver-set-kit-de-tournevis-sans-fil-bosch-ferm\/","og_locale":"fr_FR","og_type":"article","og_title":"Bosch + FERM Cordless Screwdriver Set - Kit de tournevis sans fil Bosch + FERM - Deelen","og_description":"Bosch + FERM Cordless Screwdriver Set with charging station (6th Generation, green, variable SPEED CONTROL, rechargeable with the included charging station and micro USB-cable) Coffret de tournevis sans fil Bosch + FERM avec station de charge (6\u00e8me g\u00e9n\u00e9ration, vert, VITESSE variable, rechargeable avec la station de charge incluse et le c\u00e2ble micro USB)","og_url":"https:\/\/deelen.lu\/fr\/product\/bosch-ferm-cordless-screwdriver-set-kit-de-tournevis-sans-fil-bosch-ferm\/","og_site_name":"Deelen","article_modified_time":"2025-06-10T07:06:10+00:00","og_image":[{"width":670,"height":368,"url":"https:\/\/deelen.lu\/resources\/uploads\/2025\/06\/1000064316.jpg","type":"image\/jpeg"}],"twitter_card":"summary_large_image","twitter_misc":{"Dur\u00e9e de lecture estim\u00e9e":"1 minute"},"schema":{"@context":"https:\/\/schema.org","@graph":[{"@type":"WebPage","@id":"https:\/\/deelen.lu\/fr\/product\/bosch-ferm-cordless-screwdriver-set-kit-de-tournevis-sans-fil-bosch-ferm\/","url":"https:\/\/deelen.lu\/fr\/product\/bosch-ferm-cordless-screwdriver-set-kit-de-tournevis-sans-fil-bosch-ferm\/","name":"Bosch + FERM Cordless Screwdriver Set - Kit de tournevis sans fil Bosch + FERM - Deelen","isPartOf":{"@id":"https:\/\/deelen.lu\/fr\/#website"},"primaryImageOfPage":{"@id":"https:\/\/deelen.lu\/fr\/product\/bosch-ferm-cordless-screwdriver-set-kit-de-tournevis-sans-fil-bosch-ferm\/#primaryimage"},"image":{"@id":"https:\/\/deelen.lu\/fr\/product\/bosch-ferm-cordless-screwdriver-set-kit-de-tournevis-sans-fil-bosch-ferm\/#primaryimage"},"thumbnailUrl":"https:\/\/deelen.lu\/resources\/uploads\/2025\/06\/1000064316.jpg","datePublished":"2025-06-08T11:55:26+00:00","dateModified":"2025-06-10T07:06:10+00:00","breadcrumb":{"@id":"https:\/\/deelen.lu\/fr\/product\/bosch-ferm-cordless-screwdriver-set-kit-de-tournevis-sans-fil-bosch-ferm\/#breadcrumb"},"inLanguage":"fr-FR","potentialAction":[{"@type":"ReadAction","target":["https:\/\/deelen.lu\/fr\/product\/bosch-ferm-cordless-screwdriver-set-kit-de-tournevis-sans-fil-bosch-ferm\/"]}]},{"@type":"ImageObject","inLanguage":"fr-FR","@id":"https:\/\/deelen.lu\/fr\/product\/bosch-ferm-cordless-screwdriver-set-kit-de-tournevis-sans-fil-bosch-ferm\/#primaryimage","url":"https:\/\/deelen.lu\/resources\/uploads\/2025\/06\/1000064316.jpg","contentUrl":"https:\/\/deelen.lu\/resources\/uploads\/2025\/06\/1000064316.jpg","width":670,"height":368},{"@type":"BreadcrumbList","@id":"https:\/\/deelen.lu\/fr\/product\/bosch-ferm-cordless-screwdriver-set-kit-de-tournevis-sans-fil-bosch-ferm\/#breadcrumb","itemListElement":[{"@type":"ListItem","position":1,"name":"Home","item":"https:\/\/deelen.lu\/fr\/"},{"@type":"ListItem","position":2,"name":"Bosch + FERM Cordless Screwdriver Set &#8211; Kit de tournevis sans fil Bosch + FERM"}]},{"@type":"WebSite","@id":"https:\/\/deelen.lu\/fr\/#website","url":"https:\/\/deelen.lu\/fr\/","name":"Deelen","description":"Deelen.lu \u2014 Luxembourg&#039;s peer-to-peer rental marketplace. Rent and lend items locally.","potentialAction":[{"@type":"SearchAction","target":{"@type":"EntryPoint","urlTemplate":"https:\/\/deelen.lu\/fr\/?s={search_term_string}"},"query-input":{"@type":"PropertyValueSpecification","valueRequired":true,"valueName":"search_term_string"}}],"inLanguage":"fr-FR"}]}},"_links":{"self":[{"href":"https:\/\/deelen.lu\/fr\/wp-json\/wp\/v2\/product\/1480","targetHints":{"allow":["GET"]}}],"collection":[{"href":"https:\/\/deelen.lu\/fr\/wp-json\/wp\/v2\/product"}],"about":[{"href":"https:\/\/deelen.lu\/fr\/wp-json\/wp\/v2\/types\/product"}],"replies":[{"embeddable":true,"href":"https:\/\/deelen.lu\/fr\/wp-json\/wp\/v2\/comments?post=1480"}],"wp:featuredmedia":[{"embeddable":true,"href":"https:\/\/deelen.lu\/fr\/wp-json\/wp\/v2\/media\/1481"}],"wp:attachment":[{"href":"https:\/\/deelen.lu\/fr\/wp-json\/wp\/v2\/media?parent=1480"}],"wp:term":[{"taxonomy":"product_brand","embeddable":true,"href":"https:\/\/deelen.lu\/fr\/wp-json\/wp\/v2\/product_brand?post=1480"},{"taxonomy":"product_cat","embeddable":true,"href":"https:\/\/deelen.lu\/fr\/wp-json\/wp\/v2\/product_cat?post=1480"},{"taxonomy":"product_tag","embeddable":true,"href":"https:\/\/deelen.lu\/fr\/wp-json\/wp\/v2\/product_tag?post=1480"}],"curies":[{"name":"wp","href":"https:\/\/api.w.org\/{rel}","templated":true}]}}