{"id":1486,"date":"2025-06-08T11:59:40","date_gmt":"2025-06-08T11:59:40","guid":{"rendered":"https:\/\/deelen.lu\/?post_type=product&#038;p=1486"},"modified":"2025-06-10T07:05:06","modified_gmt":"2025-06-10T07:05:06","slug":"laser-rangefinder-telemetre-laser","status":"publish","type":"product","link":"https:\/\/deelen.lu\/fr\/product\/laser-rangefinder-telemetre-laser\/","title":{"rendered":"Laser Rangefinder - T\u00e9l\u00e9m\u00e8tre Laser"},"content":{"rendered":"<p>Laser Rangefinder, Ogeto Laser Rangefinder with LCD Backlight, 99 Datasets, M\/In\/Ft, Pythagoras\/Distance\/Area\/Volume Measurements (2 x AAA Batteries, IP54)<\/p>\n<p>T\u00e9l\u00e9m\u00e8tre laser Ogeto avec r\u00e9tro\u00e9clairage LCD, 99 ensembles de donn\u00e9es, mesures M\/Po\/Pi, Pythagore\/Distance\/Surface\/Volume (2 piles AAA, IP54)<\/p>\n","protected":false},"excerpt":{"rendered":"<p>Laser Rangefinder, Ogeto Laser Rangefinder with LCD Backlight, 99 Datasets, M\/In\/Ft, Pythagoras\/Distance\/Area\/Volume Measurements (2 x AAA Batteries, IP54) T\u00e9l\u00e9m\u00e8tre laser Ogeto avec r\u00e9tro\u00e9clairage LCD, 99 ensembles de donn\u00e9es, mesures M\/Po\/Pi, Pythagore\/Distance\/Surface\/Volume (2 piles AAA, IP54)<\/p>\n","protected":false},"featured_media":1487,"comment_status":"open","ping_status":"closed","template":"","meta":{"_acf_changed":false,"inline_featured_image":false},"product_brand":[],"product_cat":[21,200,202,158,196,162],"product_tag":[],"class_list":{"0":"post-1486","1":"product","2":"type-product","3":"status-publish","4":"has-post-thumbnail","6":"product_cat-all","7":"product_cat-hand-tools-wrenches-screwdrivers","8":"product_cat-painting-equipment","9":"product_cat-home-and-garden","10":"product_cat-tools-and-diy","11":"product_cat-garden-tools-lawnmower-hedge-trimmer-etc","13":"first","14":"instock","15":"shipping-taxable","16":"purchasable","17":"product-type-simple"},"acf":[],"yoast_head":"<!-- This site is optimized with the Yoast SEO plugin v27.2 - https:\/\/yoast.com\/product\/yoast-seo-wordpress\/ -->\n<title>Laser Rangefinder - T\u00e9l\u00e9m\u00e8tre Laser - Deelen<\/title>\n<meta name=\"robots\" content=\"index, follow, max-snippet:-1, max-image-preview:large, max-video-preview:-1\" \/>\n<link rel=\"canonical\" href=\"https:\/\/deelen.lu\/fr\/product\/laser-rangefinder-telemetre-laser\/\" \/>\n<meta property=\"og:locale\" content=\"fr_FR\" \/>\n<meta property=\"og:type\" content=\"article\" \/>\n<meta property=\"og:title\" content=\"Laser Rangefinder - T\u00e9l\u00e9m\u00e8tre Laser - Deelen\" \/>\n<meta property=\"og:description\" content=\"Laser Rangefinder, Ogeto Laser Rangefinder with LCD Backlight, 99 Datasets, M\/In\/Ft, Pythagoras\/Distance\/Area\/Volume Measurements (2 x AAA Batteries, IP54) T\u00e9l\u00e9m\u00e8tre laser Ogeto avec r\u00e9tro\u00e9clairage LCD, 99 ensembles de donn\u00e9es, mesures M\/Po\/Pi, Pythagore\/Distance\/Surface\/Volume (2 piles AAA, IP54)\" \/>\n<meta property=\"og:url\" content=\"https:\/\/deelen.lu\/fr\/product\/laser-rangefinder-telemetre-laser\/\" \/>\n<meta property=\"og:site_name\" content=\"Deelen\" \/>\n<meta property=\"article:modified_time\" content=\"2025-06-10T07:05:06+00:00\" \/>\n<meta property=\"og:image\" content=\"https:\/\/deelen.lu\/resources\/uploads\/2025\/06\/1000064319.jpg\" \/>\n\t<meta property=\"og:image:width\" content=\"422\" \/>\n\t<meta property=\"og:image:height\" content=\"292\" \/>\n\t<meta property=\"og:image:type\" content=\"image\/jpeg\" \/>\n<meta name=\"twitter:card\" content=\"summary_large_image\" \/>\n<meta name=\"twitter:label1\" content=\"Dur\u00e9e de lecture estim\u00e9e\" \/>\n\t<meta name=\"twitter:data1\" content=\"1 minute\" \/>\n<script type=\"application\/ld+json\" class=\"yoast-schema-graph\">{\"@context\":\"https:\/\/schema.org\",\"@graph\":[{\"@type\":\"WebPage\",\"@id\":\"https:\/\/deelen.lu\/fr\/product\/laser-rangefinder-telemetre-laser\/\",\"url\":\"https:\/\/deelen.lu\/fr\/product\/laser-rangefinder-telemetre-laser\/\",\"name\":\"Laser Rangefinder - T\u00e9l\u00e9m\u00e8tre Laser - Deelen\",\"isPartOf\":{\"@id\":\"https:\/\/deelen.lu\/fr\/#website\"},\"primaryImageOfPage\":{\"@id\":\"https:\/\/deelen.lu\/fr\/product\/laser-rangefinder-telemetre-laser\/#primaryimage\"},\"image\":{\"@id\":\"https:\/\/deelen.lu\/fr\/product\/laser-rangefinder-telemetre-laser\/#primaryimage\"},\"thumbnailUrl\":\"https:\/\/deelen.lu\/resources\/uploads\/2025\/06\/1000064319.jpg\",\"datePublished\":\"2025-06-08T11:59:40+00:00\",\"dateModified\":\"2025-06-10T07:05:06+00:00\",\"breadcrumb\":{\"@id\":\"https:\/\/deelen.lu\/fr\/product\/laser-rangefinder-telemetre-laser\/#breadcrumb\"},\"inLanguage\":\"fr-FR\",\"potentialAction\":[{\"@type\":\"ReadAction\",\"target\":[\"https:\/\/deelen.lu\/fr\/product\/laser-rangefinder-telemetre-laser\/\"]}]},{\"@type\":\"ImageObject\",\"inLanguage\":\"fr-FR\",\"@id\":\"https:\/\/deelen.lu\/fr\/product\/laser-rangefinder-telemetre-laser\/#primaryimage\",\"url\":\"https:\/\/deelen.lu\/resources\/uploads\/2025\/06\/1000064319.jpg\",\"contentUrl\":\"https:\/\/deelen.lu\/resources\/uploads\/2025\/06\/1000064319.jpg\",\"width\":422,\"height\":292},{\"@type\":\"BreadcrumbList\",\"@id\":\"https:\/\/deelen.lu\/fr\/product\/laser-rangefinder-telemetre-laser\/#breadcrumb\",\"itemListElement\":[{\"@type\":\"ListItem\",\"position\":1,\"name\":\"Home\",\"item\":\"https:\/\/deelen.lu\/fr\/\"},{\"@type\":\"ListItem\",\"position\":2,\"name\":\"Laser Rangefinder &#8211; T\u00e9l\u00e9m\u00e8tre Laser\"}]},{\"@type\":\"WebSite\",\"@id\":\"https:\/\/deelen.lu\/fr\/#website\",\"url\":\"https:\/\/deelen.lu\/fr\/\",\"name\":\"Deelen\",\"description\":\"Deelen.lu \u2014 Luxembourg&#039;s peer-to-peer rental marketplace. Rent and lend items locally.\",\"potentialAction\":[{\"@type\":\"SearchAction\",\"target\":{\"@type\":\"EntryPoint\",\"urlTemplate\":\"https:\/\/deelen.lu\/fr\/?s={search_term_string}\"},\"query-input\":{\"@type\":\"PropertyValueSpecification\",\"valueRequired\":true,\"valueName\":\"search_term_string\"}}],\"inLanguage\":\"fr-FR\"}]}<\/script>\n<!-- \/ Yoast SEO plugin. -->","yoast_head_json":{"title":"Laser Rangefinder - T\u00e9l\u00e9m\u00e8tre Laser - Deelen","robots":{"index":"index","follow":"follow","max-snippet":"max-snippet:-1","max-image-preview":"max-image-preview:large","max-video-preview":"max-video-preview:-1"},"canonical":"https:\/\/deelen.lu\/fr\/product\/laser-rangefinder-telemetre-laser\/","og_locale":"fr_FR","og_type":"article","og_title":"Laser Rangefinder - T\u00e9l\u00e9m\u00e8tre Laser - Deelen","og_description":"Laser Rangefinder, Ogeto Laser Rangefinder with LCD Backlight, 99 Datasets, M\/In\/Ft, Pythagoras\/Distance\/Area\/Volume Measurements (2 x AAA Batteries, IP54) T\u00e9l\u00e9m\u00e8tre laser Ogeto avec r\u00e9tro\u00e9clairage LCD, 99 ensembles de donn\u00e9es, mesures M\/Po\/Pi, Pythagore\/Distance\/Surface\/Volume (2 piles AAA, IP54)","og_url":"https:\/\/deelen.lu\/fr\/product\/laser-rangefinder-telemetre-laser\/","og_site_name":"Deelen","article_modified_time":"2025-06-10T07:05:06+00:00","og_image":[{"width":422,"height":292,"url":"https:\/\/deelen.lu\/resources\/uploads\/2025\/06\/1000064319.jpg","type":"image\/jpeg"}],"twitter_card":"summary_large_image","twitter_misc":{"Dur\u00e9e de lecture estim\u00e9e":"1 minute"},"schema":{"@context":"https:\/\/schema.org","@graph":[{"@type":"WebPage","@id":"https:\/\/deelen.lu\/fr\/product\/laser-rangefinder-telemetre-laser\/","url":"https:\/\/deelen.lu\/fr\/product\/laser-rangefinder-telemetre-laser\/","name":"Laser Rangefinder - T\u00e9l\u00e9m\u00e8tre Laser - Deelen","isPartOf":{"@id":"https:\/\/deelen.lu\/fr\/#website"},"primaryImageOfPage":{"@id":"https:\/\/deelen.lu\/fr\/product\/laser-rangefinder-telemetre-laser\/#primaryimage"},"image":{"@id":"https:\/\/deelen.lu\/fr\/product\/laser-rangefinder-telemetre-laser\/#primaryimage"},"thumbnailUrl":"https:\/\/deelen.lu\/resources\/uploads\/2025\/06\/1000064319.jpg","datePublished":"2025-06-08T11:59:40+00:00","dateModified":"2025-06-10T07:05:06+00:00","breadcrumb":{"@id":"https:\/\/deelen.lu\/fr\/product\/laser-rangefinder-telemetre-laser\/#breadcrumb"},"inLanguage":"fr-FR","potentialAction":[{"@type":"ReadAction","target":["https:\/\/deelen.lu\/fr\/product\/laser-rangefinder-telemetre-laser\/"]}]},{"@type":"ImageObject","inLanguage":"fr-FR","@id":"https:\/\/deelen.lu\/fr\/product\/laser-rangefinder-telemetre-laser\/#primaryimage","url":"https:\/\/deelen.lu\/resources\/uploads\/2025\/06\/1000064319.jpg","contentUrl":"https:\/\/deelen.lu\/resources\/uploads\/2025\/06\/1000064319.jpg","width":422,"height":292},{"@type":"BreadcrumbList","@id":"https:\/\/deelen.lu\/fr\/product\/laser-rangefinder-telemetre-laser\/#breadcrumb","itemListElement":[{"@type":"ListItem","position":1,"name":"Home","item":"https:\/\/deelen.lu\/fr\/"},{"@type":"ListItem","position":2,"name":"Laser Rangefinder &#8211; T\u00e9l\u00e9m\u00e8tre Laser"}]},{"@type":"WebSite","@id":"https:\/\/deelen.lu\/fr\/#website","url":"https:\/\/deelen.lu\/fr\/","name":"Deelen","description":"Deelen.lu \u2014 Luxembourg&#039;s peer-to-peer rental marketplace. Rent and lend items locally.","potentialAction":[{"@type":"SearchAction","target":{"@type":"EntryPoint","urlTemplate":"https:\/\/deelen.lu\/fr\/?s={search_term_string}"},"query-input":{"@type":"PropertyValueSpecification","valueRequired":true,"valueName":"search_term_string"}}],"inLanguage":"fr-FR"}]}},"_links":{"self":[{"href":"https:\/\/deelen.lu\/fr\/wp-json\/wp\/v2\/product\/1486","targetHints":{"allow":["GET"]}}],"collection":[{"href":"https:\/\/deelen.lu\/fr\/wp-json\/wp\/v2\/product"}],"about":[{"href":"https:\/\/deelen.lu\/fr\/wp-json\/wp\/v2\/types\/product"}],"replies":[{"embeddable":true,"href":"https:\/\/deelen.lu\/fr\/wp-json\/wp\/v2\/comments?post=1486"}],"wp:featuredmedia":[{"embeddable":true,"href":"https:\/\/deelen.lu\/fr\/wp-json\/wp\/v2\/media\/1487"}],"wp:attachment":[{"href":"https:\/\/deelen.lu\/fr\/wp-json\/wp\/v2\/media?parent=1486"}],"wp:term":[{"taxonomy":"product_brand","embeddable":true,"href":"https:\/\/deelen.lu\/fr\/wp-json\/wp\/v2\/product_brand?post=1486"},{"taxonomy":"product_cat","embeddable":true,"href":"https:\/\/deelen.lu\/fr\/wp-json\/wp\/v2\/product_cat?post=1486"},{"taxonomy":"product_tag","embeddable":true,"href":"https:\/\/deelen.lu\/fr\/wp-json\/wp\/v2\/product_tag?post=1486"}],"curies":[{"name":"wp","href":"https:\/\/api.w.org\/{rel}","templated":true}]}}