{"id":1491,"date":"2025-06-08T12:03:36","date_gmt":"2025-06-08T12:03:36","guid":{"rendered":"https:\/\/deelen.lu\/?post_type=product&#038;p=1491"},"modified":"2025-06-10T07:04:27","modified_gmt":"2025-06-10T07:04:27","slug":"cross-line-laser-laser-lignes-croisees","status":"publish","type":"product","link":"https:\/\/deelen.lu\/fr\/product\/cross-line-laser-laser-lignes-croisees\/","title":{"rendered":"Cross Line Laser - Laser lignes crois\u00e9es"},"content":{"rendered":"<p>Cross Line Laser with Measuring Range 15 m, Switchable Self Levelling Vertical and Horizontal Line, 360 Degree Rotation with Flexible Magnetic Base, Battery Included, IP 54.<\/p>\n<p>Laser lignes crois\u00e9es avec plage de mesure de 15 m, nivellement automatique commutable (ligne verticale et horizontale), rotation \u00e0 360 degr\u00e9s avec base magn\u00e9tique flexible, batterie incluse, IP 54.<\/p>\n","protected":false},"excerpt":{"rendered":"<p>Cross Line Laser with Measuring Range 15 m, Switchable Self Levelling Vertical and Horizontal Line, 360 Degree Rotation with Flexible Magnetic Base, Battery Included, IP 54. Laser lignes crois\u00e9es avec plage de mesure de 15 m, nivellement automatique commutable (ligne verticale et horizontale), rotation \u00e0 360 degr\u00e9s avec base magn\u00e9tique flexible, batterie incluse, IP 54.<\/p>\n","protected":false},"featured_media":1492,"comment_status":"open","ping_status":"closed","template":"","meta":{"_acf_changed":false,"inline_featured_image":false},"product_brand":[],"product_cat":[21,198,200,158,196,162],"product_tag":[],"class_list":{"0":"post-1491","1":"product","2":"type-product","3":"status-publish","4":"has-post-thumbnail","6":"product_cat-all","7":"product_cat-power-tools-drills-saws","8":"product_cat-hand-tools-wrenches-screwdrivers","9":"product_cat-home-and-garden","10":"product_cat-tools-and-diy","11":"product_cat-garden-tools-lawnmower-hedge-trimmer-etc","13":"first","14":"instock","15":"shipping-taxable","16":"purchasable","17":"product-type-simple"},"acf":[],"yoast_head":"<!-- This site is optimized with the Yoast SEO plugin v27.2 - https:\/\/yoast.com\/product\/yoast-seo-wordpress\/ -->\n<title>Cross Line Laser - Laser lignes crois\u00e9es - Deelen<\/title>\n<meta name=\"description\" content=\"Cross Line Laser - Laser lignes crois\u00e9es\" \/>\n<meta name=\"robots\" content=\"index, follow, max-snippet:-1, max-image-preview:large, max-video-preview:-1\" \/>\n<link rel=\"canonical\" href=\"https:\/\/deelen.lu\/fr\/product\/cross-line-laser-laser-lignes-croisees\/\" \/>\n<meta property=\"og:locale\" content=\"fr_FR\" \/>\n<meta property=\"og:type\" content=\"article\" \/>\n<meta property=\"og:title\" content=\"Cross Line Laser - Laser lignes crois\u00e9es - Deelen\" \/>\n<meta property=\"og:description\" content=\"Cross Line Laser - Laser lignes crois\u00e9es\" \/>\n<meta property=\"og:url\" content=\"https:\/\/deelen.lu\/fr\/product\/cross-line-laser-laser-lignes-croisees\/\" \/>\n<meta property=\"og:site_name\" content=\"Deelen\" \/>\n<meta property=\"article:modified_time\" content=\"2025-06-10T07:04:27+00:00\" \/>\n<meta property=\"og:image\" content=\"https:\/\/deelen.lu\/resources\/uploads\/2025\/06\/1000064323.jpg\" \/>\n\t<meta property=\"og:image:width\" content=\"1133\" \/>\n\t<meta property=\"og:image:height\" content=\"747\" \/>\n\t<meta property=\"og:image:type\" content=\"image\/jpeg\" \/>\n<meta name=\"twitter:card\" content=\"summary_large_image\" \/>\n<meta name=\"twitter:label1\" content=\"Dur\u00e9e de lecture estim\u00e9e\" \/>\n\t<meta name=\"twitter:data1\" content=\"1 minute\" \/>\n<script type=\"application\/ld+json\" class=\"yoast-schema-graph\">{\"@context\":\"https:\/\/schema.org\",\"@graph\":[{\"@type\":\"WebPage\",\"@id\":\"https:\/\/deelen.lu\/fr\/product\/cross-line-laser-laser-lignes-croisees\/\",\"url\":\"https:\/\/deelen.lu\/fr\/product\/cross-line-laser-laser-lignes-croisees\/\",\"name\":\"Cross Line Laser - Laser lignes crois\u00e9es - Deelen\",\"isPartOf\":{\"@id\":\"https:\/\/deelen.lu\/fr\/#website\"},\"primaryImageOfPage\":{\"@id\":\"https:\/\/deelen.lu\/fr\/product\/cross-line-laser-laser-lignes-croisees\/#primaryimage\"},\"image\":{\"@id\":\"https:\/\/deelen.lu\/fr\/product\/cross-line-laser-laser-lignes-croisees\/#primaryimage\"},\"thumbnailUrl\":\"https:\/\/deelen.lu\/resources\/uploads\/2025\/06\/1000064323.jpg\",\"datePublished\":\"2025-06-08T12:03:36+00:00\",\"dateModified\":\"2025-06-10T07:04:27+00:00\",\"description\":\"Cross Line Laser - Laser lignes crois\u00e9es\",\"breadcrumb\":{\"@id\":\"https:\/\/deelen.lu\/fr\/product\/cross-line-laser-laser-lignes-croisees\/#breadcrumb\"},\"inLanguage\":\"fr-FR\",\"potentialAction\":[{\"@type\":\"ReadAction\",\"target\":[\"https:\/\/deelen.lu\/fr\/product\/cross-line-laser-laser-lignes-croisees\/\"]}]},{\"@type\":\"ImageObject\",\"inLanguage\":\"fr-FR\",\"@id\":\"https:\/\/deelen.lu\/fr\/product\/cross-line-laser-laser-lignes-croisees\/#primaryimage\",\"url\":\"https:\/\/deelen.lu\/resources\/uploads\/2025\/06\/1000064323.jpg\",\"contentUrl\":\"https:\/\/deelen.lu\/resources\/uploads\/2025\/06\/1000064323.jpg\",\"width\":1133,\"height\":747},{\"@type\":\"BreadcrumbList\",\"@id\":\"https:\/\/deelen.lu\/fr\/product\/cross-line-laser-laser-lignes-croisees\/#breadcrumb\",\"itemListElement\":[{\"@type\":\"ListItem\",\"position\":1,\"name\":\"Home\",\"item\":\"https:\/\/deelen.lu\/fr\/\"},{\"@type\":\"ListItem\",\"position\":2,\"name\":\"Cross Line Laser &#8211; Laser lignes crois\u00e9es\"}]},{\"@type\":\"WebSite\",\"@id\":\"https:\/\/deelen.lu\/fr\/#website\",\"url\":\"https:\/\/deelen.lu\/fr\/\",\"name\":\"Deelen\",\"description\":\"Deelen.lu \u2014 Luxembourg&#039;s peer-to-peer rental marketplace. Rent and lend items locally.\",\"potentialAction\":[{\"@type\":\"SearchAction\",\"target\":{\"@type\":\"EntryPoint\",\"urlTemplate\":\"https:\/\/deelen.lu\/fr\/?s={search_term_string}\"},\"query-input\":{\"@type\":\"PropertyValueSpecification\",\"valueRequired\":true,\"valueName\":\"search_term_string\"}}],\"inLanguage\":\"fr-FR\"}]}<\/script>\n<!-- \/ Yoast SEO plugin. -->","yoast_head_json":{"title":"Cross Line Laser - Laser lignes crois\u00e9es - Deelen","description":"Cross Line Laser - Laser lignes crois\u00e9es","robots":{"index":"index","follow":"follow","max-snippet":"max-snippet:-1","max-image-preview":"max-image-preview:large","max-video-preview":"max-video-preview:-1"},"canonical":"https:\/\/deelen.lu\/fr\/product\/cross-line-laser-laser-lignes-croisees\/","og_locale":"fr_FR","og_type":"article","og_title":"Cross Line Laser - Laser lignes crois\u00e9es - Deelen","og_description":"Cross Line Laser - Laser lignes crois\u00e9es","og_url":"https:\/\/deelen.lu\/fr\/product\/cross-line-laser-laser-lignes-croisees\/","og_site_name":"Deelen","article_modified_time":"2025-06-10T07:04:27+00:00","og_image":[{"width":1133,"height":747,"url":"https:\/\/deelen.lu\/resources\/uploads\/2025\/06\/1000064323.jpg","type":"image\/jpeg"}],"twitter_card":"summary_large_image","twitter_misc":{"Dur\u00e9e de lecture estim\u00e9e":"1 minute"},"schema":{"@context":"https:\/\/schema.org","@graph":[{"@type":"WebPage","@id":"https:\/\/deelen.lu\/fr\/product\/cross-line-laser-laser-lignes-croisees\/","url":"https:\/\/deelen.lu\/fr\/product\/cross-line-laser-laser-lignes-croisees\/","name":"Cross Line Laser - Laser lignes crois\u00e9es - Deelen","isPartOf":{"@id":"https:\/\/deelen.lu\/fr\/#website"},"primaryImageOfPage":{"@id":"https:\/\/deelen.lu\/fr\/product\/cross-line-laser-laser-lignes-croisees\/#primaryimage"},"image":{"@id":"https:\/\/deelen.lu\/fr\/product\/cross-line-laser-laser-lignes-croisees\/#primaryimage"},"thumbnailUrl":"https:\/\/deelen.lu\/resources\/uploads\/2025\/06\/1000064323.jpg","datePublished":"2025-06-08T12:03:36+00:00","dateModified":"2025-06-10T07:04:27+00:00","description":"Cross Line Laser - Laser lignes crois\u00e9es","breadcrumb":{"@id":"https:\/\/deelen.lu\/fr\/product\/cross-line-laser-laser-lignes-croisees\/#breadcrumb"},"inLanguage":"fr-FR","potentialAction":[{"@type":"ReadAction","target":["https:\/\/deelen.lu\/fr\/product\/cross-line-laser-laser-lignes-croisees\/"]}]},{"@type":"ImageObject","inLanguage":"fr-FR","@id":"https:\/\/deelen.lu\/fr\/product\/cross-line-laser-laser-lignes-croisees\/#primaryimage","url":"https:\/\/deelen.lu\/resources\/uploads\/2025\/06\/1000064323.jpg","contentUrl":"https:\/\/deelen.lu\/resources\/uploads\/2025\/06\/1000064323.jpg","width":1133,"height":747},{"@type":"BreadcrumbList","@id":"https:\/\/deelen.lu\/fr\/product\/cross-line-laser-laser-lignes-croisees\/#breadcrumb","itemListElement":[{"@type":"ListItem","position":1,"name":"Home","item":"https:\/\/deelen.lu\/fr\/"},{"@type":"ListItem","position":2,"name":"Cross Line Laser &#8211; Laser lignes crois\u00e9es"}]},{"@type":"WebSite","@id":"https:\/\/deelen.lu\/fr\/#website","url":"https:\/\/deelen.lu\/fr\/","name":"Deelen","description":"Deelen.lu \u2014 Luxembourg&#039;s peer-to-peer rental marketplace. Rent and lend items locally.","potentialAction":[{"@type":"SearchAction","target":{"@type":"EntryPoint","urlTemplate":"https:\/\/deelen.lu\/fr\/?s={search_term_string}"},"query-input":{"@type":"PropertyValueSpecification","valueRequired":true,"valueName":"search_term_string"}}],"inLanguage":"fr-FR"}]}},"_links":{"self":[{"href":"https:\/\/deelen.lu\/fr\/wp-json\/wp\/v2\/product\/1491","targetHints":{"allow":["GET"]}}],"collection":[{"href":"https:\/\/deelen.lu\/fr\/wp-json\/wp\/v2\/product"}],"about":[{"href":"https:\/\/deelen.lu\/fr\/wp-json\/wp\/v2\/types\/product"}],"replies":[{"embeddable":true,"href":"https:\/\/deelen.lu\/fr\/wp-json\/wp\/v2\/comments?post=1491"}],"wp:featuredmedia":[{"embeddable":true,"href":"https:\/\/deelen.lu\/fr\/wp-json\/wp\/v2\/media\/1492"}],"wp:attachment":[{"href":"https:\/\/deelen.lu\/fr\/wp-json\/wp\/v2\/media?parent=1491"}],"wp:term":[{"taxonomy":"product_brand","embeddable":true,"href":"https:\/\/deelen.lu\/fr\/wp-json\/wp\/v2\/product_brand?post=1491"},{"taxonomy":"product_cat","embeddable":true,"href":"https:\/\/deelen.lu\/fr\/wp-json\/wp\/v2\/product_cat?post=1491"},{"taxonomy":"product_tag","embeddable":true,"href":"https:\/\/deelen.lu\/fr\/wp-json\/wp\/v2\/product_tag?post=1491"}],"curies":[{"name":"wp","href":"https:\/\/api.w.org\/{rel}","templated":true}]}}