{"id":1498,"date":"2025-06-08T12:06:55","date_gmt":"2025-06-08T12:06:55","guid":{"rendered":"https:\/\/deelen.lu\/?post_type=product&#038;p=1498"},"modified":"2025-06-10T07:03:47","modified_gmt":"2025-06-10T07:03:47","slug":"soldering-iron-kit-kit-de-fer-a-souder","status":"publish","type":"product","link":"https:\/\/deelen.lu\/fr\/product\/soldering-iron-kit-kit-de-fer-a-souder\/","title":{"rendered":"Soldering Iron Kit - Kit de fer \u00e0 souder"},"content":{"rendered":"<p>Soldering Iron Kit with LCD Display, 100W LED Display Adjustable Temperature, Soldering Iron with Automatic Sleep Mode, Soldering Gun with 5 Soldering Tips, Solder Tin, Stand, Welding Tool Blue<\/p>\n<p>Kit de fer \u00e0 souder avec \u00e9cran LCD, fer \u00e0 souder \u00e0 affichage LED 100W \u00e0 temp\u00e9rature r\u00e9glable, fer \u00e0 souder avec mode veille automatique, pistolet \u00e0 souder avec 5 pannes \u00e0 souder, fil \u00e0 souder, support, outil de soudage bleu.<\/p>\n","protected":false},"excerpt":{"rendered":"<p>Soldering Iron Kit with LCD Display, 100W LED Display Adjustable Temperature, Soldering Iron with Automatic Sleep Mode, Soldering Gun with 5 Soldering Tips, Solder Tin, Stand, Welding Tool Blue Kit de fer \u00e0 souder avec \u00e9cran LCD, fer \u00e0 souder \u00e0 affichage LED 100W \u00e0 temp\u00e9rature r\u00e9glable, fer \u00e0 souder avec mode veille automatique, pistolet [&hellip;]<\/p>\n","protected":false},"featured_media":1499,"comment_status":"open","ping_status":"closed","template":"","meta":{"_acf_changed":false,"inline_featured_image":false},"product_brand":[],"product_cat":[21,198,202,158,196,162],"product_tag":[],"class_list":{"0":"post-1498","1":"product","2":"type-product","3":"status-publish","4":"has-post-thumbnail","6":"product_cat-all","7":"product_cat-power-tools-drills-saws","8":"product_cat-painting-equipment","9":"product_cat-home-and-garden","10":"product_cat-tools-and-diy","11":"product_cat-garden-tools-lawnmower-hedge-trimmer-etc","13":"first","14":"instock","15":"shipping-taxable","16":"purchasable","17":"product-type-simple"},"acf":[],"yoast_head":"<!-- This site is optimized with the Yoast SEO plugin v27.2 - https:\/\/yoast.com\/product\/yoast-seo-wordpress\/ -->\n<title>Soldering Iron Kit - Kit de fer \u00e0 souder - Deelen<\/title>\n<meta name=\"robots\" content=\"index, follow, max-snippet:-1, max-image-preview:large, max-video-preview:-1\" \/>\n<link rel=\"canonical\" href=\"https:\/\/deelen.lu\/fr\/product\/soldering-iron-kit-kit-de-fer-a-souder\/\" \/>\n<meta property=\"og:locale\" content=\"fr_FR\" \/>\n<meta property=\"og:type\" content=\"article\" \/>\n<meta property=\"og:title\" content=\"Soldering Iron Kit - Kit de fer \u00e0 souder - Deelen\" \/>\n<meta property=\"og:description\" content=\"Soldering Iron Kit with LCD Display, 100W LED Display Adjustable Temperature, Soldering Iron with Automatic Sleep Mode, Soldering Gun with 5 Soldering Tips, Solder Tin, Stand, Welding Tool Blue Kit de fer \u00e0 souder avec \u00e9cran LCD, fer \u00e0 souder \u00e0 affichage LED 100W \u00e0 temp\u00e9rature r\u00e9glable, fer \u00e0 souder avec mode veille automatique, pistolet [&hellip;]\" \/>\n<meta property=\"og:url\" content=\"https:\/\/deelen.lu\/fr\/product\/soldering-iron-kit-kit-de-fer-a-souder\/\" \/>\n<meta property=\"og:site_name\" content=\"Deelen\" \/>\n<meta property=\"article:modified_time\" content=\"2025-06-10T07:03:47+00:00\" \/>\n<meta property=\"og:image\" content=\"https:\/\/deelen.lu\/resources\/uploads\/2025\/06\/1000064329.jpg\" \/>\n\t<meta property=\"og:image:width\" content=\"724\" \/>\n\t<meta property=\"og:image:height\" content=\"1238\" \/>\n\t<meta property=\"og:image:type\" content=\"image\/jpeg\" \/>\n<meta name=\"twitter:card\" content=\"summary_large_image\" \/>\n<meta name=\"twitter:label1\" content=\"Dur\u00e9e de lecture estim\u00e9e\" \/>\n\t<meta name=\"twitter:data1\" content=\"1 minute\" \/>\n<script type=\"application\/ld+json\" class=\"yoast-schema-graph\">{\"@context\":\"https:\/\/schema.org\",\"@graph\":[{\"@type\":\"WebPage\",\"@id\":\"https:\/\/deelen.lu\/fr\/product\/soldering-iron-kit-kit-de-fer-a-souder\/\",\"url\":\"https:\/\/deelen.lu\/fr\/product\/soldering-iron-kit-kit-de-fer-a-souder\/\",\"name\":\"Soldering Iron Kit - Kit de fer \u00e0 souder - Deelen\",\"isPartOf\":{\"@id\":\"https:\/\/deelen.lu\/fr\/#website\"},\"primaryImageOfPage\":{\"@id\":\"https:\/\/deelen.lu\/fr\/product\/soldering-iron-kit-kit-de-fer-a-souder\/#primaryimage\"},\"image\":{\"@id\":\"https:\/\/deelen.lu\/fr\/product\/soldering-iron-kit-kit-de-fer-a-souder\/#primaryimage\"},\"thumbnailUrl\":\"https:\/\/deelen.lu\/resources\/uploads\/2025\/06\/1000064329.jpg\",\"datePublished\":\"2025-06-08T12:06:55+00:00\",\"dateModified\":\"2025-06-10T07:03:47+00:00\",\"breadcrumb\":{\"@id\":\"https:\/\/deelen.lu\/fr\/product\/soldering-iron-kit-kit-de-fer-a-souder\/#breadcrumb\"},\"inLanguage\":\"fr-FR\",\"potentialAction\":[{\"@type\":\"ReadAction\",\"target\":[\"https:\/\/deelen.lu\/fr\/product\/soldering-iron-kit-kit-de-fer-a-souder\/\"]}]},{\"@type\":\"ImageObject\",\"inLanguage\":\"fr-FR\",\"@id\":\"https:\/\/deelen.lu\/fr\/product\/soldering-iron-kit-kit-de-fer-a-souder\/#primaryimage\",\"url\":\"https:\/\/deelen.lu\/resources\/uploads\/2025\/06\/1000064329.jpg\",\"contentUrl\":\"https:\/\/deelen.lu\/resources\/uploads\/2025\/06\/1000064329.jpg\",\"width\":724,\"height\":1238},{\"@type\":\"BreadcrumbList\",\"@id\":\"https:\/\/deelen.lu\/fr\/product\/soldering-iron-kit-kit-de-fer-a-souder\/#breadcrumb\",\"itemListElement\":[{\"@type\":\"ListItem\",\"position\":1,\"name\":\"Home\",\"item\":\"https:\/\/deelen.lu\/fr\/\"},{\"@type\":\"ListItem\",\"position\":2,\"name\":\"Soldering Iron Kit &#8211; Kit de fer \u00e0 souder\"}]},{\"@type\":\"WebSite\",\"@id\":\"https:\/\/deelen.lu\/fr\/#website\",\"url\":\"https:\/\/deelen.lu\/fr\/\",\"name\":\"Deelen\",\"description\":\"Deelen.lu \u2014 Luxembourg&#039;s peer-to-peer rental marketplace. Rent and lend items locally.\",\"potentialAction\":[{\"@type\":\"SearchAction\",\"target\":{\"@type\":\"EntryPoint\",\"urlTemplate\":\"https:\/\/deelen.lu\/fr\/?s={search_term_string}\"},\"query-input\":{\"@type\":\"PropertyValueSpecification\",\"valueRequired\":true,\"valueName\":\"search_term_string\"}}],\"inLanguage\":\"fr-FR\"}]}<\/script>\n<!-- \/ Yoast SEO plugin. -->","yoast_head_json":{"title":"Soldering Iron Kit - Kit de fer \u00e0 souder - Deelen","robots":{"index":"index","follow":"follow","max-snippet":"max-snippet:-1","max-image-preview":"max-image-preview:large","max-video-preview":"max-video-preview:-1"},"canonical":"https:\/\/deelen.lu\/fr\/product\/soldering-iron-kit-kit-de-fer-a-souder\/","og_locale":"fr_FR","og_type":"article","og_title":"Soldering Iron Kit - Kit de fer \u00e0 souder - Deelen","og_description":"Soldering Iron Kit with LCD Display, 100W LED Display Adjustable Temperature, Soldering Iron with Automatic Sleep Mode, Soldering Gun with 5 Soldering Tips, Solder Tin, Stand, Welding Tool Blue Kit de fer \u00e0 souder avec \u00e9cran LCD, fer \u00e0 souder \u00e0 affichage LED 100W \u00e0 temp\u00e9rature r\u00e9glable, fer \u00e0 souder avec mode veille automatique, pistolet [&hellip;]","og_url":"https:\/\/deelen.lu\/fr\/product\/soldering-iron-kit-kit-de-fer-a-souder\/","og_site_name":"Deelen","article_modified_time":"2025-06-10T07:03:47+00:00","og_image":[{"width":724,"height":1238,"url":"https:\/\/deelen.lu\/resources\/uploads\/2025\/06\/1000064329.jpg","type":"image\/jpeg"}],"twitter_card":"summary_large_image","twitter_misc":{"Dur\u00e9e de lecture estim\u00e9e":"1 minute"},"schema":{"@context":"https:\/\/schema.org","@graph":[{"@type":"WebPage","@id":"https:\/\/deelen.lu\/fr\/product\/soldering-iron-kit-kit-de-fer-a-souder\/","url":"https:\/\/deelen.lu\/fr\/product\/soldering-iron-kit-kit-de-fer-a-souder\/","name":"Soldering Iron Kit - Kit de fer \u00e0 souder - Deelen","isPartOf":{"@id":"https:\/\/deelen.lu\/fr\/#website"},"primaryImageOfPage":{"@id":"https:\/\/deelen.lu\/fr\/product\/soldering-iron-kit-kit-de-fer-a-souder\/#primaryimage"},"image":{"@id":"https:\/\/deelen.lu\/fr\/product\/soldering-iron-kit-kit-de-fer-a-souder\/#primaryimage"},"thumbnailUrl":"https:\/\/deelen.lu\/resources\/uploads\/2025\/06\/1000064329.jpg","datePublished":"2025-06-08T12:06:55+00:00","dateModified":"2025-06-10T07:03:47+00:00","breadcrumb":{"@id":"https:\/\/deelen.lu\/fr\/product\/soldering-iron-kit-kit-de-fer-a-souder\/#breadcrumb"},"inLanguage":"fr-FR","potentialAction":[{"@type":"ReadAction","target":["https:\/\/deelen.lu\/fr\/product\/soldering-iron-kit-kit-de-fer-a-souder\/"]}]},{"@type":"ImageObject","inLanguage":"fr-FR","@id":"https:\/\/deelen.lu\/fr\/product\/soldering-iron-kit-kit-de-fer-a-souder\/#primaryimage","url":"https:\/\/deelen.lu\/resources\/uploads\/2025\/06\/1000064329.jpg","contentUrl":"https:\/\/deelen.lu\/resources\/uploads\/2025\/06\/1000064329.jpg","width":724,"height":1238},{"@type":"BreadcrumbList","@id":"https:\/\/deelen.lu\/fr\/product\/soldering-iron-kit-kit-de-fer-a-souder\/#breadcrumb","itemListElement":[{"@type":"ListItem","position":1,"name":"Home","item":"https:\/\/deelen.lu\/fr\/"},{"@type":"ListItem","position":2,"name":"Soldering Iron Kit &#8211; Kit de fer \u00e0 souder"}]},{"@type":"WebSite","@id":"https:\/\/deelen.lu\/fr\/#website","url":"https:\/\/deelen.lu\/fr\/","name":"Deelen","description":"Deelen.lu \u2014 Luxembourg&#039;s peer-to-peer rental marketplace. Rent and lend items locally.","potentialAction":[{"@type":"SearchAction","target":{"@type":"EntryPoint","urlTemplate":"https:\/\/deelen.lu\/fr\/?s={search_term_string}"},"query-input":{"@type":"PropertyValueSpecification","valueRequired":true,"valueName":"search_term_string"}}],"inLanguage":"fr-FR"}]}},"_links":{"self":[{"href":"https:\/\/deelen.lu\/fr\/wp-json\/wp\/v2\/product\/1498","targetHints":{"allow":["GET"]}}],"collection":[{"href":"https:\/\/deelen.lu\/fr\/wp-json\/wp\/v2\/product"}],"about":[{"href":"https:\/\/deelen.lu\/fr\/wp-json\/wp\/v2\/types\/product"}],"replies":[{"embeddable":true,"href":"https:\/\/deelen.lu\/fr\/wp-json\/wp\/v2\/comments?post=1498"}],"wp:featuredmedia":[{"embeddable":true,"href":"https:\/\/deelen.lu\/fr\/wp-json\/wp\/v2\/media\/1499"}],"wp:attachment":[{"href":"https:\/\/deelen.lu\/fr\/wp-json\/wp\/v2\/media?parent=1498"}],"wp:term":[{"taxonomy":"product_brand","embeddable":true,"href":"https:\/\/deelen.lu\/fr\/wp-json\/wp\/v2\/product_brand?post=1498"},{"taxonomy":"product_cat","embeddable":true,"href":"https:\/\/deelen.lu\/fr\/wp-json\/wp\/v2\/product_cat?post=1498"},{"taxonomy":"product_tag","embeddable":true,"href":"https:\/\/deelen.lu\/fr\/wp-json\/wp\/v2\/product_tag?post=1498"}],"curies":[{"name":"wp","href":"https:\/\/api.w.org\/{rel}","templated":true}]}}