{"id":1535,"date":"2025-06-08T12:38:23","date_gmt":"2025-06-08T12:38:23","guid":{"rendered":"https:\/\/deelen.lu\/?post_type=product&#038;p=1535"},"modified":"2025-06-10T06:58:25","modified_gmt":"2025-06-10T06:58:25","slug":"torque-wrench-bicycle-motorcycle-cle-dynamometrique-pour-velo-et-moto","status":"publish","type":"product","link":"https:\/\/deelen.lu\/fr\/product\/torque-wrench-bicycle-motorcycle-cle-dynamometrique-pour-velo-et-moto\/","title":{"rendered":"Torque Wrench Bicycle &amp; Motorcycle - Cl\u00e9 dynamom\u00e9trique pour v\u00e9lo et moto"},"content":{"rendered":"<p>Torque Wrench Bicycle &amp; Motorcycle, 1\/4 Inch, Includes 15-Piece Set Hex Socket and Torx Bits, Measuring Range 2-20 Nm with Extension Rod, Torque Wrench, for Road Bikes and More<\/p>\n<p>Cl\u00e9 dynamom\u00e9trique pour v\u00e9lo et moto, 1\/4 pouce, incluant un jeu de 15 pi\u00e8ces de douilles hexagonales et d'embouts Torx, plage de mesure 2-20 Nm avec rallonge, pour v\u00e9los de route et plus encore.<\/p>\n","protected":false},"excerpt":{"rendered":"<p>Torque Wrench Bicycle &amp; Motorcycle, 1\/4 Inch, Includes 15-Piece Set Hex Socket and Torx Bits, Measuring Range 2-20 Nm with Extension Rod, Torque Wrench, for Road Bikes and More Cl\u00e9 dynamom\u00e9trique pour v\u00e9lo et moto, 1\/4 pouce, incluant un jeu de 15 pi\u00e8ces de douilles hexagonales et d'embouts Torx, plage de mesure 2-20 Nm avec [&hellip;]<\/p>\n","protected":false},"featured_media":1536,"comment_status":"open","ping_status":"closed","template":"","meta":{"_acf_changed":false,"inline_featured_image":false},"product_brand":[],"product_cat":[21,186,200,158,196,162,184],"product_tag":[],"class_list":{"0":"post-1535","1":"product","2":"type-product","3":"status-publish","4":"has-post-thumbnail","6":"product_cat-all","7":"product_cat-bicycles-and-accessories","8":"product_cat-hand-tools-wrenches-screwdrivers","9":"product_cat-home-and-garden","10":"product_cat-tools-and-diy","11":"product_cat-garden-tools-lawnmower-hedge-trimmer-etc","12":"product_cat-sports-and-recreation","14":"first","15":"instock","16":"shipping-taxable","17":"purchasable","18":"product-type-simple"},"acf":[],"yoast_head":"<!-- This site is optimized with the Yoast SEO plugin v27.2 - https:\/\/yoast.com\/product\/yoast-seo-wordpress\/ -->\n<title>Torque Wrench Bicycle &amp; Motorcycle - Cl\u00e9 dynamom\u00e9trique pour v\u00e9lo et moto - Deelen<\/title>\n<meta name=\"description\" content=\"Torque Wrench Bicycle &amp; Motorcycle - Cl\u00e9 dynamom\u00e9trique pour v\u00e9lo et moto\" \/>\n<meta name=\"robots\" content=\"index, follow, max-snippet:-1, max-image-preview:large, max-video-preview:-1\" \/>\n<link rel=\"canonical\" href=\"https:\/\/deelen.lu\/fr\/product\/torque-wrench-bicycle-motorcycle-cle-dynamometrique-pour-velo-et-moto\/\" \/>\n<meta property=\"og:locale\" content=\"fr_FR\" \/>\n<meta property=\"og:type\" content=\"article\" \/>\n<meta property=\"og:title\" content=\"Torque Wrench Bicycle &amp; Motorcycle - Cl\u00e9 dynamom\u00e9trique pour v\u00e9lo et moto - Deelen\" \/>\n<meta property=\"og:description\" content=\"Torque Wrench Bicycle &amp; Motorcycle - Cl\u00e9 dynamom\u00e9trique pour v\u00e9lo et moto\" \/>\n<meta property=\"og:url\" content=\"https:\/\/deelen.lu\/fr\/product\/torque-wrench-bicycle-motorcycle-cle-dynamometrique-pour-velo-et-moto\/\" \/>\n<meta property=\"og:site_name\" content=\"Deelen\" \/>\n<meta property=\"article:modified_time\" content=\"2025-06-10T06:58:25+00:00\" \/>\n<meta property=\"og:image\" content=\"https:\/\/deelen.lu\/resources\/uploads\/2025\/06\/1000064358.jpg\" \/>\n\t<meta property=\"og:image:width\" content=\"884\" \/>\n\t<meta property=\"og:image:height\" content=\"716\" \/>\n\t<meta property=\"og:image:type\" content=\"image\/jpeg\" \/>\n<meta name=\"twitter:card\" content=\"summary_large_image\" \/>\n<meta name=\"twitter:label1\" content=\"Dur\u00e9e de lecture estim\u00e9e\" \/>\n\t<meta name=\"twitter:data1\" content=\"1 minute\" \/>\n<script type=\"application\/ld+json\" class=\"yoast-schema-graph\">{\"@context\":\"https:\/\/schema.org\",\"@graph\":[{\"@type\":\"WebPage\",\"@id\":\"https:\/\/deelen.lu\/fr\/product\/torque-wrench-bicycle-motorcycle-cle-dynamometrique-pour-velo-et-moto\/\",\"url\":\"https:\/\/deelen.lu\/fr\/product\/torque-wrench-bicycle-motorcycle-cle-dynamometrique-pour-velo-et-moto\/\",\"name\":\"Torque Wrench Bicycle &amp; Motorcycle - Cl\u00e9 dynamom\u00e9trique pour v\u00e9lo et moto - Deelen\",\"isPartOf\":{\"@id\":\"https:\/\/deelen.lu\/fr\/#website\"},\"primaryImageOfPage\":{\"@id\":\"https:\/\/deelen.lu\/fr\/product\/torque-wrench-bicycle-motorcycle-cle-dynamometrique-pour-velo-et-moto\/#primaryimage\"},\"image\":{\"@id\":\"https:\/\/deelen.lu\/fr\/product\/torque-wrench-bicycle-motorcycle-cle-dynamometrique-pour-velo-et-moto\/#primaryimage\"},\"thumbnailUrl\":\"https:\/\/deelen.lu\/resources\/uploads\/2025\/06\/1000064358.jpg\",\"datePublished\":\"2025-06-08T12:38:23+00:00\",\"dateModified\":\"2025-06-10T06:58:25+00:00\",\"description\":\"Torque Wrench Bicycle & Motorcycle - Cl\u00e9 dynamom\u00e9trique pour v\u00e9lo et moto\",\"breadcrumb\":{\"@id\":\"https:\/\/deelen.lu\/fr\/product\/torque-wrench-bicycle-motorcycle-cle-dynamometrique-pour-velo-et-moto\/#breadcrumb\"},\"inLanguage\":\"fr-FR\",\"potentialAction\":[{\"@type\":\"ReadAction\",\"target\":[\"https:\/\/deelen.lu\/fr\/product\/torque-wrench-bicycle-motorcycle-cle-dynamometrique-pour-velo-et-moto\/\"]}]},{\"@type\":\"ImageObject\",\"inLanguage\":\"fr-FR\",\"@id\":\"https:\/\/deelen.lu\/fr\/product\/torque-wrench-bicycle-motorcycle-cle-dynamometrique-pour-velo-et-moto\/#primaryimage\",\"url\":\"https:\/\/deelen.lu\/resources\/uploads\/2025\/06\/1000064358.jpg\",\"contentUrl\":\"https:\/\/deelen.lu\/resources\/uploads\/2025\/06\/1000064358.jpg\",\"width\":884,\"height\":716},{\"@type\":\"BreadcrumbList\",\"@id\":\"https:\/\/deelen.lu\/fr\/product\/torque-wrench-bicycle-motorcycle-cle-dynamometrique-pour-velo-et-moto\/#breadcrumb\",\"itemListElement\":[{\"@type\":\"ListItem\",\"position\":1,\"name\":\"Home\",\"item\":\"https:\/\/deelen.lu\/fr\/\"},{\"@type\":\"ListItem\",\"position\":2,\"name\":\"Torque Wrench Bicycle &amp; Motorcycle &#8211; Cl\u00e9 dynamom\u00e9trique pour v\u00e9lo et moto\"}]},{\"@type\":\"WebSite\",\"@id\":\"https:\/\/deelen.lu\/fr\/#website\",\"url\":\"https:\/\/deelen.lu\/fr\/\",\"name\":\"Deelen\",\"description\":\"Deelen.lu \u2014 Luxembourg&#039;s peer-to-peer rental marketplace. Rent and lend items locally.\",\"potentialAction\":[{\"@type\":\"SearchAction\",\"target\":{\"@type\":\"EntryPoint\",\"urlTemplate\":\"https:\/\/deelen.lu\/fr\/?s={search_term_string}\"},\"query-input\":{\"@type\":\"PropertyValueSpecification\",\"valueRequired\":true,\"valueName\":\"search_term_string\"}}],\"inLanguage\":\"fr-FR\"}]}<\/script>\n<!-- \/ Yoast SEO plugin. -->","yoast_head_json":{"title":"Torque Wrench Bicycle &amp; Motorcycle - Cl\u00e9 dynamom\u00e9trique pour v\u00e9lo et moto - Deelen","description":"Torque Wrench Bicycle & Motorcycle - Cl\u00e9 dynamom\u00e9trique pour v\u00e9lo et moto","robots":{"index":"index","follow":"follow","max-snippet":"max-snippet:-1","max-image-preview":"max-image-preview:large","max-video-preview":"max-video-preview:-1"},"canonical":"https:\/\/deelen.lu\/fr\/product\/torque-wrench-bicycle-motorcycle-cle-dynamometrique-pour-velo-et-moto\/","og_locale":"fr_FR","og_type":"article","og_title":"Torque Wrench Bicycle &amp; Motorcycle - Cl\u00e9 dynamom\u00e9trique pour v\u00e9lo et moto - Deelen","og_description":"Torque Wrench Bicycle & Motorcycle - Cl\u00e9 dynamom\u00e9trique pour v\u00e9lo et moto","og_url":"https:\/\/deelen.lu\/fr\/product\/torque-wrench-bicycle-motorcycle-cle-dynamometrique-pour-velo-et-moto\/","og_site_name":"Deelen","article_modified_time":"2025-06-10T06:58:25+00:00","og_image":[{"width":884,"height":716,"url":"https:\/\/deelen.lu\/resources\/uploads\/2025\/06\/1000064358.jpg","type":"image\/jpeg"}],"twitter_card":"summary_large_image","twitter_misc":{"Dur\u00e9e de lecture estim\u00e9e":"1 minute"},"schema":{"@context":"https:\/\/schema.org","@graph":[{"@type":"WebPage","@id":"https:\/\/deelen.lu\/fr\/product\/torque-wrench-bicycle-motorcycle-cle-dynamometrique-pour-velo-et-moto\/","url":"https:\/\/deelen.lu\/fr\/product\/torque-wrench-bicycle-motorcycle-cle-dynamometrique-pour-velo-et-moto\/","name":"Torque Wrench Bicycle &amp; Motorcycle - Cl\u00e9 dynamom\u00e9trique pour v\u00e9lo et moto - Deelen","isPartOf":{"@id":"https:\/\/deelen.lu\/fr\/#website"},"primaryImageOfPage":{"@id":"https:\/\/deelen.lu\/fr\/product\/torque-wrench-bicycle-motorcycle-cle-dynamometrique-pour-velo-et-moto\/#primaryimage"},"image":{"@id":"https:\/\/deelen.lu\/fr\/product\/torque-wrench-bicycle-motorcycle-cle-dynamometrique-pour-velo-et-moto\/#primaryimage"},"thumbnailUrl":"https:\/\/deelen.lu\/resources\/uploads\/2025\/06\/1000064358.jpg","datePublished":"2025-06-08T12:38:23+00:00","dateModified":"2025-06-10T06:58:25+00:00","description":"Torque Wrench Bicycle & Motorcycle - Cl\u00e9 dynamom\u00e9trique pour v\u00e9lo et moto","breadcrumb":{"@id":"https:\/\/deelen.lu\/fr\/product\/torque-wrench-bicycle-motorcycle-cle-dynamometrique-pour-velo-et-moto\/#breadcrumb"},"inLanguage":"fr-FR","potentialAction":[{"@type":"ReadAction","target":["https:\/\/deelen.lu\/fr\/product\/torque-wrench-bicycle-motorcycle-cle-dynamometrique-pour-velo-et-moto\/"]}]},{"@type":"ImageObject","inLanguage":"fr-FR","@id":"https:\/\/deelen.lu\/fr\/product\/torque-wrench-bicycle-motorcycle-cle-dynamometrique-pour-velo-et-moto\/#primaryimage","url":"https:\/\/deelen.lu\/resources\/uploads\/2025\/06\/1000064358.jpg","contentUrl":"https:\/\/deelen.lu\/resources\/uploads\/2025\/06\/1000064358.jpg","width":884,"height":716},{"@type":"BreadcrumbList","@id":"https:\/\/deelen.lu\/fr\/product\/torque-wrench-bicycle-motorcycle-cle-dynamometrique-pour-velo-et-moto\/#breadcrumb","itemListElement":[{"@type":"ListItem","position":1,"name":"Home","item":"https:\/\/deelen.lu\/fr\/"},{"@type":"ListItem","position":2,"name":"Torque Wrench Bicycle &amp; Motorcycle &#8211; Cl\u00e9 dynamom\u00e9trique pour v\u00e9lo et moto"}]},{"@type":"WebSite","@id":"https:\/\/deelen.lu\/fr\/#website","url":"https:\/\/deelen.lu\/fr\/","name":"Deelen","description":"Deelen.lu \u2014 Luxembourg&#039;s peer-to-peer rental marketplace. Rent and lend items locally.","potentialAction":[{"@type":"SearchAction","target":{"@type":"EntryPoint","urlTemplate":"https:\/\/deelen.lu\/fr\/?s={search_term_string}"},"query-input":{"@type":"PropertyValueSpecification","valueRequired":true,"valueName":"search_term_string"}}],"inLanguage":"fr-FR"}]}},"_links":{"self":[{"href":"https:\/\/deelen.lu\/fr\/wp-json\/wp\/v2\/product\/1535","targetHints":{"allow":["GET"]}}],"collection":[{"href":"https:\/\/deelen.lu\/fr\/wp-json\/wp\/v2\/product"}],"about":[{"href":"https:\/\/deelen.lu\/fr\/wp-json\/wp\/v2\/types\/product"}],"replies":[{"embeddable":true,"href":"https:\/\/deelen.lu\/fr\/wp-json\/wp\/v2\/comments?post=1535"}],"wp:featuredmedia":[{"embeddable":true,"href":"https:\/\/deelen.lu\/fr\/wp-json\/wp\/v2\/media\/1536"}],"wp:attachment":[{"href":"https:\/\/deelen.lu\/fr\/wp-json\/wp\/v2\/media?parent=1535"}],"wp:term":[{"taxonomy":"product_brand","embeddable":true,"href":"https:\/\/deelen.lu\/fr\/wp-json\/wp\/v2\/product_brand?post=1535"},{"taxonomy":"product_cat","embeddable":true,"href":"https:\/\/deelen.lu\/fr\/wp-json\/wp\/v2\/product_cat?post=1535"},{"taxonomy":"product_tag","embeddable":true,"href":"https:\/\/deelen.lu\/fr\/wp-json\/wp\/v2\/product_tag?post=1535"}],"curies":[{"name":"wp","href":"https:\/\/api.w.org\/{rel}","templated":true}]}}