{"id":1540,"date":"2025-06-08T12:41:44","date_gmt":"2025-06-08T12:41:44","guid":{"rendered":"https:\/\/deelen.lu\/?post_type=product&#038;p=1540"},"modified":"2025-06-10T06:57:50","modified_gmt":"2025-06-10T06:57:50","slug":"snap-ring-pliers-set-of-4-jeu-de-4-pinces-a-circlips","status":"publish","type":"product","link":"https:\/\/deelen.lu\/fr\/product\/snap-ring-pliers-set-of-4-jeu-de-4-pinces-a-circlips\/","title":{"rendered":"Snap Ring Pliers Set of 4 - Jeu de 4 pinces \u00e0 circlips"},"content":{"rendered":"<p>Snap Ring Pliers Set of 4, Circlip Pliers Set 180 mm with Bag, for Internal and External Fuses, Straight, Curved, Seering Pliers<\/p>\n<p>Jeu de 4 pinces \u00e0 circlips, jeu de pinces \u00e0 circlips 180 mm avec sac, pour circlips int\u00e9rieurs et ext\u00e9rieurs, droites, coud\u00e9es, pinces \u00e0 circlips.<\/p>\n","protected":false},"excerpt":{"rendered":"<p>Snap Ring Pliers Set of 4, Circlip Pliers Set 180 mm with Bag, for Internal and External Fuses, Straight, Curved, Seering Pliers Jeu de 4 pinces \u00e0 circlips, jeu de pinces \u00e0 circlips 180 mm avec sac, pour circlips int\u00e9rieurs et ext\u00e9rieurs, droites, coud\u00e9es, pinces \u00e0 circlips.<\/p>\n","protected":false},"featured_media":1541,"comment_status":"open","ping_status":"closed","template":"","meta":{"_acf_changed":false,"inline_featured_image":false},"product_brand":[],"product_cat":[21,200,158,196,162],"product_tag":[],"class_list":{"0":"post-1540","1":"product","2":"type-product","3":"status-publish","4":"has-post-thumbnail","6":"product_cat-all","7":"product_cat-hand-tools-wrenches-screwdrivers","8":"product_cat-home-and-garden","9":"product_cat-tools-and-diy","10":"product_cat-garden-tools-lawnmower-hedge-trimmer-etc","12":"first","13":"instock","14":"shipping-taxable","15":"purchasable","16":"product-type-simple"},"acf":[],"yoast_head":"<!-- This site is optimized with the Yoast SEO plugin v27.2 - https:\/\/yoast.com\/product\/yoast-seo-wordpress\/ -->\n<title>Snap Ring Pliers Set of 4 - Jeu de 4 pinces \u00e0 circlips - Deelen<\/title>\n<meta name=\"description\" content=\"Snap Ring Pliers Set of 4 - Jeu de 4 pinces \u00e0 circlips\" \/>\n<meta name=\"robots\" content=\"index, follow, max-snippet:-1, max-image-preview:large, max-video-preview:-1\" \/>\n<link rel=\"canonical\" href=\"https:\/\/deelen.lu\/fr\/product\/snap-ring-pliers-set-of-4-jeu-de-4-pinces-a-circlips\/\" \/>\n<meta property=\"og:locale\" content=\"fr_FR\" \/>\n<meta property=\"og:type\" content=\"article\" \/>\n<meta property=\"og:title\" content=\"Snap Ring Pliers Set of 4 - Jeu de 4 pinces \u00e0 circlips - Deelen\" \/>\n<meta property=\"og:description\" content=\"Snap Ring Pliers Set of 4 - Jeu de 4 pinces \u00e0 circlips\" \/>\n<meta property=\"og:url\" content=\"https:\/\/deelen.lu\/fr\/product\/snap-ring-pliers-set-of-4-jeu-de-4-pinces-a-circlips\/\" \/>\n<meta property=\"og:site_name\" content=\"Deelen\" \/>\n<meta property=\"article:modified_time\" content=\"2025-06-10T06:57:50+00:00\" \/>\n<meta property=\"og:image\" content=\"https:\/\/deelen.lu\/resources\/uploads\/2025\/06\/1000064361.jpg\" \/>\n\t<meta property=\"og:image:width\" content=\"657\" \/>\n\t<meta property=\"og:image:height\" content=\"332\" \/>\n\t<meta property=\"og:image:type\" content=\"image\/jpeg\" \/>\n<meta name=\"twitter:card\" content=\"summary_large_image\" \/>\n<meta name=\"twitter:label1\" content=\"Dur\u00e9e de lecture estim\u00e9e\" \/>\n\t<meta name=\"twitter:data1\" content=\"1 minute\" \/>\n<script type=\"application\/ld+json\" class=\"yoast-schema-graph\">{\"@context\":\"https:\/\/schema.org\",\"@graph\":[{\"@type\":\"WebPage\",\"@id\":\"https:\/\/deelen.lu\/fr\/product\/snap-ring-pliers-set-of-4-jeu-de-4-pinces-a-circlips\/\",\"url\":\"https:\/\/deelen.lu\/fr\/product\/snap-ring-pliers-set-of-4-jeu-de-4-pinces-a-circlips\/\",\"name\":\"Snap Ring Pliers Set of 4 - Jeu de 4 pinces \u00e0 circlips - Deelen\",\"isPartOf\":{\"@id\":\"https:\/\/deelen.lu\/fr\/#website\"},\"primaryImageOfPage\":{\"@id\":\"https:\/\/deelen.lu\/fr\/product\/snap-ring-pliers-set-of-4-jeu-de-4-pinces-a-circlips\/#primaryimage\"},\"image\":{\"@id\":\"https:\/\/deelen.lu\/fr\/product\/snap-ring-pliers-set-of-4-jeu-de-4-pinces-a-circlips\/#primaryimage\"},\"thumbnailUrl\":\"https:\/\/deelen.lu\/resources\/uploads\/2025\/06\/1000064361.jpg\",\"datePublished\":\"2025-06-08T12:41:44+00:00\",\"dateModified\":\"2025-06-10T06:57:50+00:00\",\"description\":\"Snap Ring Pliers Set of 4 - Jeu de 4 pinces \u00e0 circlips\",\"breadcrumb\":{\"@id\":\"https:\/\/deelen.lu\/fr\/product\/snap-ring-pliers-set-of-4-jeu-de-4-pinces-a-circlips\/#breadcrumb\"},\"inLanguage\":\"fr-FR\",\"potentialAction\":[{\"@type\":\"ReadAction\",\"target\":[\"https:\/\/deelen.lu\/fr\/product\/snap-ring-pliers-set-of-4-jeu-de-4-pinces-a-circlips\/\"]}]},{\"@type\":\"ImageObject\",\"inLanguage\":\"fr-FR\",\"@id\":\"https:\/\/deelen.lu\/fr\/product\/snap-ring-pliers-set-of-4-jeu-de-4-pinces-a-circlips\/#primaryimage\",\"url\":\"https:\/\/deelen.lu\/resources\/uploads\/2025\/06\/1000064361.jpg\",\"contentUrl\":\"https:\/\/deelen.lu\/resources\/uploads\/2025\/06\/1000064361.jpg\",\"width\":657,\"height\":332},{\"@type\":\"BreadcrumbList\",\"@id\":\"https:\/\/deelen.lu\/fr\/product\/snap-ring-pliers-set-of-4-jeu-de-4-pinces-a-circlips\/#breadcrumb\",\"itemListElement\":[{\"@type\":\"ListItem\",\"position\":1,\"name\":\"Home\",\"item\":\"https:\/\/deelen.lu\/fr\/\"},{\"@type\":\"ListItem\",\"position\":2,\"name\":\"Snap Ring Pliers Set of 4 &#8211; Jeu de 4 pinces \u00e0 circlips\"}]},{\"@type\":\"WebSite\",\"@id\":\"https:\/\/deelen.lu\/fr\/#website\",\"url\":\"https:\/\/deelen.lu\/fr\/\",\"name\":\"Deelen\",\"description\":\"Deelen.lu \u2014 Luxembourg&#039;s peer-to-peer rental marketplace. Rent and lend items locally.\",\"potentialAction\":[{\"@type\":\"SearchAction\",\"target\":{\"@type\":\"EntryPoint\",\"urlTemplate\":\"https:\/\/deelen.lu\/fr\/?s={search_term_string}\"},\"query-input\":{\"@type\":\"PropertyValueSpecification\",\"valueRequired\":true,\"valueName\":\"search_term_string\"}}],\"inLanguage\":\"fr-FR\"}]}<\/script>\n<!-- \/ Yoast SEO plugin. -->","yoast_head_json":{"title":"Snap Ring Pliers Set of 4 - Jeu de 4 pinces \u00e0 circlips - Deelen","description":"Snap Ring Pliers Set of 4 - Jeu de 4 pinces \u00e0 circlips","robots":{"index":"index","follow":"follow","max-snippet":"max-snippet:-1","max-image-preview":"max-image-preview:large","max-video-preview":"max-video-preview:-1"},"canonical":"https:\/\/deelen.lu\/fr\/product\/snap-ring-pliers-set-of-4-jeu-de-4-pinces-a-circlips\/","og_locale":"fr_FR","og_type":"article","og_title":"Snap Ring Pliers Set of 4 - Jeu de 4 pinces \u00e0 circlips - Deelen","og_description":"Snap Ring Pliers Set of 4 - Jeu de 4 pinces \u00e0 circlips","og_url":"https:\/\/deelen.lu\/fr\/product\/snap-ring-pliers-set-of-4-jeu-de-4-pinces-a-circlips\/","og_site_name":"Deelen","article_modified_time":"2025-06-10T06:57:50+00:00","og_image":[{"width":657,"height":332,"url":"https:\/\/deelen.lu\/resources\/uploads\/2025\/06\/1000064361.jpg","type":"image\/jpeg"}],"twitter_card":"summary_large_image","twitter_misc":{"Dur\u00e9e de lecture estim\u00e9e":"1 minute"},"schema":{"@context":"https:\/\/schema.org","@graph":[{"@type":"WebPage","@id":"https:\/\/deelen.lu\/fr\/product\/snap-ring-pliers-set-of-4-jeu-de-4-pinces-a-circlips\/","url":"https:\/\/deelen.lu\/fr\/product\/snap-ring-pliers-set-of-4-jeu-de-4-pinces-a-circlips\/","name":"Snap Ring Pliers Set of 4 - Jeu de 4 pinces \u00e0 circlips - Deelen","isPartOf":{"@id":"https:\/\/deelen.lu\/fr\/#website"},"primaryImageOfPage":{"@id":"https:\/\/deelen.lu\/fr\/product\/snap-ring-pliers-set-of-4-jeu-de-4-pinces-a-circlips\/#primaryimage"},"image":{"@id":"https:\/\/deelen.lu\/fr\/product\/snap-ring-pliers-set-of-4-jeu-de-4-pinces-a-circlips\/#primaryimage"},"thumbnailUrl":"https:\/\/deelen.lu\/resources\/uploads\/2025\/06\/1000064361.jpg","datePublished":"2025-06-08T12:41:44+00:00","dateModified":"2025-06-10T06:57:50+00:00","description":"Snap Ring Pliers Set of 4 - Jeu de 4 pinces \u00e0 circlips","breadcrumb":{"@id":"https:\/\/deelen.lu\/fr\/product\/snap-ring-pliers-set-of-4-jeu-de-4-pinces-a-circlips\/#breadcrumb"},"inLanguage":"fr-FR","potentialAction":[{"@type":"ReadAction","target":["https:\/\/deelen.lu\/fr\/product\/snap-ring-pliers-set-of-4-jeu-de-4-pinces-a-circlips\/"]}]},{"@type":"ImageObject","inLanguage":"fr-FR","@id":"https:\/\/deelen.lu\/fr\/product\/snap-ring-pliers-set-of-4-jeu-de-4-pinces-a-circlips\/#primaryimage","url":"https:\/\/deelen.lu\/resources\/uploads\/2025\/06\/1000064361.jpg","contentUrl":"https:\/\/deelen.lu\/resources\/uploads\/2025\/06\/1000064361.jpg","width":657,"height":332},{"@type":"BreadcrumbList","@id":"https:\/\/deelen.lu\/fr\/product\/snap-ring-pliers-set-of-4-jeu-de-4-pinces-a-circlips\/#breadcrumb","itemListElement":[{"@type":"ListItem","position":1,"name":"Home","item":"https:\/\/deelen.lu\/fr\/"},{"@type":"ListItem","position":2,"name":"Snap Ring Pliers Set of 4 &#8211; Jeu de 4 pinces \u00e0 circlips"}]},{"@type":"WebSite","@id":"https:\/\/deelen.lu\/fr\/#website","url":"https:\/\/deelen.lu\/fr\/","name":"Deelen","description":"Deelen.lu \u2014 Luxembourg&#039;s peer-to-peer rental marketplace. Rent and lend items locally.","potentialAction":[{"@type":"SearchAction","target":{"@type":"EntryPoint","urlTemplate":"https:\/\/deelen.lu\/fr\/?s={search_term_string}"},"query-input":{"@type":"PropertyValueSpecification","valueRequired":true,"valueName":"search_term_string"}}],"inLanguage":"fr-FR"}]}},"_links":{"self":[{"href":"https:\/\/deelen.lu\/fr\/wp-json\/wp\/v2\/product\/1540","targetHints":{"allow":["GET"]}}],"collection":[{"href":"https:\/\/deelen.lu\/fr\/wp-json\/wp\/v2\/product"}],"about":[{"href":"https:\/\/deelen.lu\/fr\/wp-json\/wp\/v2\/types\/product"}],"replies":[{"embeddable":true,"href":"https:\/\/deelen.lu\/fr\/wp-json\/wp\/v2\/comments?post=1540"}],"wp:featuredmedia":[{"embeddable":true,"href":"https:\/\/deelen.lu\/fr\/wp-json\/wp\/v2\/media\/1541"}],"wp:attachment":[{"href":"https:\/\/deelen.lu\/fr\/wp-json\/wp\/v2\/media?parent=1540"}],"wp:term":[{"taxonomy":"product_brand","embeddable":true,"href":"https:\/\/deelen.lu\/fr\/wp-json\/wp\/v2\/product_brand?post=1540"},{"taxonomy":"product_cat","embeddable":true,"href":"https:\/\/deelen.lu\/fr\/wp-json\/wp\/v2\/product_cat?post=1540"},{"taxonomy":"product_tag","embeddable":true,"href":"https:\/\/deelen.lu\/fr\/wp-json\/wp\/v2\/product_tag?post=1540"}],"curies":[{"name":"wp","href":"https:\/\/api.w.org\/{rel}","templated":true}]}}