{"id":1554,"date":"2025-06-08T12:48:18","date_gmt":"2025-06-08T12:48:18","guid":{"rendered":"https:\/\/deelen.lu\/?post_type=product&#038;p=1554"},"modified":"2025-06-10T06:56:37","modified_gmt":"2025-06-10T06:56:37","slug":"wrench-set-ring-ratchet-spanner-jeu-de-cles-a-cliquet-a-oeil-cclife","status":"publish","type":"product","link":"https:\/\/deelen.lu\/fr\/product\/wrench-set-ring-ratchet-spanner-jeu-de-cles-a-cliquet-a-oeil-cclife\/","title":{"rendered":"Wrench Set Ring Ratchet Spanner- Jeu de cl\u00e9s \u00e0 cliquet \u00e0 \u0153il CCLIFE"},"content":{"rendered":"<p>CCLIFE Ratchet Wrench Set Ring Ratchet Spanner, 12-Piece 8-19 mm Cr-V 72 Teeth<\/p>\n<p>Jeu de cl\u00e9s \u00e0 cliquet \u00e0 \u0153il CCLIFE, jeu de cl\u00e9s \u00e0 cliquet \u00e0 \u0153il, 12 pi\u00e8ces 8-19 mm Cr-V 72 dents<\/p>\n","protected":false},"excerpt":{"rendered":"<p>CCLIFE Ratchet Wrench Set Ring Ratchet Spanner, 12-Piece 8-19 mm Cr-V 72 Teeth Jeu de cl\u00e9s \u00e0 cliquet \u00e0 \u0153il CCLIFE, jeu de cl\u00e9s \u00e0 cliquet \u00e0 \u0153il, 12 pi\u00e8ces 8-19 mm Cr-V 72 dents<\/p>\n","protected":false},"featured_media":1555,"comment_status":"open","ping_status":"closed","template":"","meta":{"_acf_changed":false,"inline_featured_image":false},"product_brand":[],"product_cat":[21,200,158,196,162],"product_tag":[],"class_list":{"0":"post-1554","1":"product","2":"type-product","3":"status-publish","4":"has-post-thumbnail","6":"product_cat-all","7":"product_cat-hand-tools-wrenches-screwdrivers","8":"product_cat-home-and-garden","9":"product_cat-tools-and-diy","10":"product_cat-garden-tools-lawnmower-hedge-trimmer-etc","12":"first","13":"instock","14":"shipping-taxable","15":"purchasable","16":"product-type-simple"},"acf":[],"yoast_head":"<!-- This site is optimized with the Yoast SEO plugin v27.2 - https:\/\/yoast.com\/product\/yoast-seo-wordpress\/ -->\n<title>Wrench Set Ring Ratchet Spanner- Jeu de cl\u00e9s \u00e0 cliquet \u00e0 \u0153il CCLIFE - Deelen<\/title>\n<meta name=\"description\" content=\"Wrench Set Ring Ratchet Spanner- Jeu de cl\u00e9s \u00e0 cliquet \u00e0 \u0153il CCLIFE\" \/>\n<meta name=\"robots\" content=\"index, follow, max-snippet:-1, max-image-preview:large, max-video-preview:-1\" \/>\n<link rel=\"canonical\" href=\"https:\/\/deelen.lu\/fr\/product\/wrench-set-ring-ratchet-spanner-jeu-de-cles-a-cliquet-a-oeil-cclife\/\" \/>\n<meta property=\"og:locale\" content=\"fr_FR\" \/>\n<meta property=\"og:type\" content=\"article\" \/>\n<meta property=\"og:title\" content=\"Wrench Set Ring Ratchet Spanner- Jeu de cl\u00e9s \u00e0 cliquet \u00e0 \u0153il CCLIFE - Deelen\" \/>\n<meta property=\"og:description\" content=\"Wrench Set Ring Ratchet Spanner- Jeu de cl\u00e9s \u00e0 cliquet \u00e0 \u0153il CCLIFE\" \/>\n<meta property=\"og:url\" content=\"https:\/\/deelen.lu\/fr\/product\/wrench-set-ring-ratchet-spanner-jeu-de-cles-a-cliquet-a-oeil-cclife\/\" \/>\n<meta property=\"og:site_name\" content=\"Deelen\" \/>\n<meta property=\"article:modified_time\" content=\"2025-06-10T06:56:37+00:00\" \/>\n<meta property=\"og:image\" content=\"https:\/\/deelen.lu\/resources\/uploads\/2025\/06\/1000064374.jpg\" \/>\n\t<meta property=\"og:image:width\" content=\"671\" \/>\n\t<meta property=\"og:image:height\" content=\"350\" \/>\n\t<meta property=\"og:image:type\" content=\"image\/jpeg\" \/>\n<meta name=\"twitter:card\" content=\"summary_large_image\" \/>\n<meta name=\"twitter:label1\" content=\"Dur\u00e9e de lecture estim\u00e9e\" \/>\n\t<meta name=\"twitter:data1\" content=\"1 minute\" \/>\n<script type=\"application\/ld+json\" class=\"yoast-schema-graph\">{\"@context\":\"https:\/\/schema.org\",\"@graph\":[{\"@type\":\"WebPage\",\"@id\":\"https:\/\/deelen.lu\/fr\/product\/wrench-set-ring-ratchet-spanner-jeu-de-cles-a-cliquet-a-oeil-cclife\/\",\"url\":\"https:\/\/deelen.lu\/fr\/product\/wrench-set-ring-ratchet-spanner-jeu-de-cles-a-cliquet-a-oeil-cclife\/\",\"name\":\"Wrench Set Ring Ratchet Spanner- Jeu de cl\u00e9s \u00e0 cliquet \u00e0 \u0153il CCLIFE - Deelen\",\"isPartOf\":{\"@id\":\"https:\/\/deelen.lu\/fr\/#website\"},\"primaryImageOfPage\":{\"@id\":\"https:\/\/deelen.lu\/fr\/product\/wrench-set-ring-ratchet-spanner-jeu-de-cles-a-cliquet-a-oeil-cclife\/#primaryimage\"},\"image\":{\"@id\":\"https:\/\/deelen.lu\/fr\/product\/wrench-set-ring-ratchet-spanner-jeu-de-cles-a-cliquet-a-oeil-cclife\/#primaryimage\"},\"thumbnailUrl\":\"https:\/\/deelen.lu\/resources\/uploads\/2025\/06\/1000064374.jpg\",\"datePublished\":\"2025-06-08T12:48:18+00:00\",\"dateModified\":\"2025-06-10T06:56:37+00:00\",\"description\":\"Wrench Set Ring Ratchet Spanner- Jeu de cl\u00e9s \u00e0 cliquet \u00e0 \u0153il CCLIFE\",\"breadcrumb\":{\"@id\":\"https:\/\/deelen.lu\/fr\/product\/wrench-set-ring-ratchet-spanner-jeu-de-cles-a-cliquet-a-oeil-cclife\/#breadcrumb\"},\"inLanguage\":\"fr-FR\",\"potentialAction\":[{\"@type\":\"ReadAction\",\"target\":[\"https:\/\/deelen.lu\/fr\/product\/wrench-set-ring-ratchet-spanner-jeu-de-cles-a-cliquet-a-oeil-cclife\/\"]}]},{\"@type\":\"ImageObject\",\"inLanguage\":\"fr-FR\",\"@id\":\"https:\/\/deelen.lu\/fr\/product\/wrench-set-ring-ratchet-spanner-jeu-de-cles-a-cliquet-a-oeil-cclife\/#primaryimage\",\"url\":\"https:\/\/deelen.lu\/resources\/uploads\/2025\/06\/1000064374.jpg\",\"contentUrl\":\"https:\/\/deelen.lu\/resources\/uploads\/2025\/06\/1000064374.jpg\",\"width\":671,\"height\":350},{\"@type\":\"BreadcrumbList\",\"@id\":\"https:\/\/deelen.lu\/fr\/product\/wrench-set-ring-ratchet-spanner-jeu-de-cles-a-cliquet-a-oeil-cclife\/#breadcrumb\",\"itemListElement\":[{\"@type\":\"ListItem\",\"position\":1,\"name\":\"Home\",\"item\":\"https:\/\/deelen.lu\/fr\/\"},{\"@type\":\"ListItem\",\"position\":2,\"name\":\"Wrench Set Ring Ratchet Spanner- Jeu de cl\u00e9s \u00e0 cliquet \u00e0 \u0153il CCLIFE\"}]},{\"@type\":\"WebSite\",\"@id\":\"https:\/\/deelen.lu\/fr\/#website\",\"url\":\"https:\/\/deelen.lu\/fr\/\",\"name\":\"Deelen\",\"description\":\"Deelen.lu \u2014 Luxembourg&#039;s peer-to-peer rental marketplace. Rent and lend items locally.\",\"potentialAction\":[{\"@type\":\"SearchAction\",\"target\":{\"@type\":\"EntryPoint\",\"urlTemplate\":\"https:\/\/deelen.lu\/fr\/?s={search_term_string}\"},\"query-input\":{\"@type\":\"PropertyValueSpecification\",\"valueRequired\":true,\"valueName\":\"search_term_string\"}}],\"inLanguage\":\"fr-FR\"}]}<\/script>\n<!-- \/ Yoast SEO plugin. -->","yoast_head_json":{"title":"Wrench Set Ring Ratchet Spanner- Jeu de cl\u00e9s \u00e0 cliquet \u00e0 \u0153il CCLIFE - Deelen","description":"Wrench Set Ring Ratchet Spanner- Jeu de cl\u00e9s \u00e0 cliquet \u00e0 \u0153il CCLIFE","robots":{"index":"index","follow":"follow","max-snippet":"max-snippet:-1","max-image-preview":"max-image-preview:large","max-video-preview":"max-video-preview:-1"},"canonical":"https:\/\/deelen.lu\/fr\/product\/wrench-set-ring-ratchet-spanner-jeu-de-cles-a-cliquet-a-oeil-cclife\/","og_locale":"fr_FR","og_type":"article","og_title":"Wrench Set Ring Ratchet Spanner- Jeu de cl\u00e9s \u00e0 cliquet \u00e0 \u0153il CCLIFE - Deelen","og_description":"Wrench Set Ring Ratchet Spanner- Jeu de cl\u00e9s \u00e0 cliquet \u00e0 \u0153il CCLIFE","og_url":"https:\/\/deelen.lu\/fr\/product\/wrench-set-ring-ratchet-spanner-jeu-de-cles-a-cliquet-a-oeil-cclife\/","og_site_name":"Deelen","article_modified_time":"2025-06-10T06:56:37+00:00","og_image":[{"width":671,"height":350,"url":"https:\/\/deelen.lu\/resources\/uploads\/2025\/06\/1000064374.jpg","type":"image\/jpeg"}],"twitter_card":"summary_large_image","twitter_misc":{"Dur\u00e9e de lecture estim\u00e9e":"1 minute"},"schema":{"@context":"https:\/\/schema.org","@graph":[{"@type":"WebPage","@id":"https:\/\/deelen.lu\/fr\/product\/wrench-set-ring-ratchet-spanner-jeu-de-cles-a-cliquet-a-oeil-cclife\/","url":"https:\/\/deelen.lu\/fr\/product\/wrench-set-ring-ratchet-spanner-jeu-de-cles-a-cliquet-a-oeil-cclife\/","name":"Wrench Set Ring Ratchet Spanner- Jeu de cl\u00e9s \u00e0 cliquet \u00e0 \u0153il CCLIFE - Deelen","isPartOf":{"@id":"https:\/\/deelen.lu\/fr\/#website"},"primaryImageOfPage":{"@id":"https:\/\/deelen.lu\/fr\/product\/wrench-set-ring-ratchet-spanner-jeu-de-cles-a-cliquet-a-oeil-cclife\/#primaryimage"},"image":{"@id":"https:\/\/deelen.lu\/fr\/product\/wrench-set-ring-ratchet-spanner-jeu-de-cles-a-cliquet-a-oeil-cclife\/#primaryimage"},"thumbnailUrl":"https:\/\/deelen.lu\/resources\/uploads\/2025\/06\/1000064374.jpg","datePublished":"2025-06-08T12:48:18+00:00","dateModified":"2025-06-10T06:56:37+00:00","description":"Wrench Set Ring Ratchet Spanner- Jeu de cl\u00e9s \u00e0 cliquet \u00e0 \u0153il CCLIFE","breadcrumb":{"@id":"https:\/\/deelen.lu\/fr\/product\/wrench-set-ring-ratchet-spanner-jeu-de-cles-a-cliquet-a-oeil-cclife\/#breadcrumb"},"inLanguage":"fr-FR","potentialAction":[{"@type":"ReadAction","target":["https:\/\/deelen.lu\/fr\/product\/wrench-set-ring-ratchet-spanner-jeu-de-cles-a-cliquet-a-oeil-cclife\/"]}]},{"@type":"ImageObject","inLanguage":"fr-FR","@id":"https:\/\/deelen.lu\/fr\/product\/wrench-set-ring-ratchet-spanner-jeu-de-cles-a-cliquet-a-oeil-cclife\/#primaryimage","url":"https:\/\/deelen.lu\/resources\/uploads\/2025\/06\/1000064374.jpg","contentUrl":"https:\/\/deelen.lu\/resources\/uploads\/2025\/06\/1000064374.jpg","width":671,"height":350},{"@type":"BreadcrumbList","@id":"https:\/\/deelen.lu\/fr\/product\/wrench-set-ring-ratchet-spanner-jeu-de-cles-a-cliquet-a-oeil-cclife\/#breadcrumb","itemListElement":[{"@type":"ListItem","position":1,"name":"Home","item":"https:\/\/deelen.lu\/fr\/"},{"@type":"ListItem","position":2,"name":"Wrench Set Ring Ratchet Spanner- Jeu de cl\u00e9s \u00e0 cliquet \u00e0 \u0153il CCLIFE"}]},{"@type":"WebSite","@id":"https:\/\/deelen.lu\/fr\/#website","url":"https:\/\/deelen.lu\/fr\/","name":"Deelen","description":"Deelen.lu \u2014 Luxembourg&#039;s peer-to-peer rental marketplace. Rent and lend items locally.","potentialAction":[{"@type":"SearchAction","target":{"@type":"EntryPoint","urlTemplate":"https:\/\/deelen.lu\/fr\/?s={search_term_string}"},"query-input":{"@type":"PropertyValueSpecification","valueRequired":true,"valueName":"search_term_string"}}],"inLanguage":"fr-FR"}]}},"_links":{"self":[{"href":"https:\/\/deelen.lu\/fr\/wp-json\/wp\/v2\/product\/1554","targetHints":{"allow":["GET"]}}],"collection":[{"href":"https:\/\/deelen.lu\/fr\/wp-json\/wp\/v2\/product"}],"about":[{"href":"https:\/\/deelen.lu\/fr\/wp-json\/wp\/v2\/types\/product"}],"replies":[{"embeddable":true,"href":"https:\/\/deelen.lu\/fr\/wp-json\/wp\/v2\/comments?post=1554"}],"wp:featuredmedia":[{"embeddable":true,"href":"https:\/\/deelen.lu\/fr\/wp-json\/wp\/v2\/media\/1555"}],"wp:attachment":[{"href":"https:\/\/deelen.lu\/fr\/wp-json\/wp\/v2\/media?parent=1554"}],"wp:term":[{"taxonomy":"product_brand","embeddable":true,"href":"https:\/\/deelen.lu\/fr\/wp-json\/wp\/v2\/product_brand?post=1554"},{"taxonomy":"product_cat","embeddable":true,"href":"https:\/\/deelen.lu\/fr\/wp-json\/wp\/v2\/product_cat?post=1554"},{"taxonomy":"product_tag","embeddable":true,"href":"https:\/\/deelen.lu\/fr\/wp-json\/wp\/v2\/product_tag?post=1554"}],"curies":[{"name":"wp","href":"https:\/\/api.w.org\/{rel}","templated":true}]}}