{"id":1557,"date":"2025-06-08T12:56:11","date_gmt":"2025-06-08T12:56:11","guid":{"rendered":"https:\/\/deelen.lu\/?post_type=product&#038;p=1557"},"modified":"2025-07-09T12:52:31","modified_gmt":"2025-07-09T12:52:31","slug":"roof-top-cargo-basket-panier-de-toit-pour-suv","status":"publish","type":"product","link":"https:\/\/deelen.lu\/fr\/product\/roof-top-cargo-basket-panier-de-toit-pour-suv\/","title":{"rendered":"Roof Top Cargo Basket - Panier de toit pour SUV"},"content":{"rendered":"<p>Roof Top Cargo Basket (&amp; Metal Cross Bar recommendations for SUV Sante FE - GEN 4)<br \/>\nSIZE: 200cm x 80cm<\/p>\n<p>Panier de toit (et recommandations de barres de toit m\u00e9talliques pour SUV Santa Fe - G\u00e9n\u00e9ration 4)<br \/>\nTAILLE : 200 cm x 80 cm<\/p>\n","protected":false},"excerpt":{"rendered":"<p>Roof Top Cargo Basket (&amp; Metal Cross Bar recommendations for SUV Sante FE - GEN 4) SIZE: 200cm x 80cm Panier de toit (et recommandations de barres de toit m\u00e9talliques pour SUV Santa Fe - G\u00e9n\u00e9ration 4) TAILLE : 200 cm x 80 cm<\/p>\n","protected":false},"featured_media":1558,"comment_status":"open","ping_status":"closed","template":"","meta":{"_acf_changed":false,"inline_featured_image":false},"product_brand":[],"product_cat":[21,155,158,196,162,184],"product_tag":[],"class_list":{"0":"post-1557","1":"product","2":"type-product","3":"status-publish","4":"has-post-thumbnail","6":"product_cat-all","7":"product_cat-trending","8":"product_cat-home-and-garden","9":"product_cat-tools-and-diy","10":"product_cat-garden-tools-lawnmower-hedge-trimmer-etc","11":"product_cat-sports-and-recreation","13":"first","14":"instock","15":"shipping-taxable","16":"purchasable","17":"product-type-simple"},"acf":[],"yoast_head":"<!-- This site is optimized with the Yoast SEO plugin v27.2 - https:\/\/yoast.com\/product\/yoast-seo-wordpress\/ -->\n<title>Roof Top Cargo Basket - Panier de toit pour SUV - Deelen<\/title>\n<meta name=\"description\" content=\"Roof Top Cargo Basket - Panier de toit pour SUV holidays\" \/>\n<meta name=\"robots\" content=\"index, follow, max-snippet:-1, max-image-preview:large, max-video-preview:-1\" \/>\n<link rel=\"canonical\" href=\"https:\/\/deelen.lu\/fr\/product\/roof-top-cargo-basket-panier-de-toit-pour-suv\/\" \/>\n<meta property=\"og:locale\" content=\"fr_FR\" \/>\n<meta property=\"og:type\" content=\"article\" \/>\n<meta property=\"og:title\" content=\"Roof Top Cargo Basket - Panier de toit pour SUV - Deelen\" \/>\n<meta property=\"og:description\" content=\"Roof Top Cargo Basket - Panier de toit pour SUV holidays\" \/>\n<meta property=\"og:url\" content=\"https:\/\/deelen.lu\/fr\/product\/roof-top-cargo-basket-panier-de-toit-pour-suv\/\" \/>\n<meta property=\"og:site_name\" content=\"Deelen\" \/>\n<meta property=\"article:modified_time\" content=\"2025-07-09T12:52:31+00:00\" \/>\n<meta property=\"og:image\" content=\"https:\/\/deelen.lu\/resources\/uploads\/2025\/06\/1000064376.jpg\" \/>\n\t<meta property=\"og:image:width\" content=\"800\" \/>\n\t<meta property=\"og:image:height\" content=\"332\" \/>\n\t<meta property=\"og:image:type\" content=\"image\/jpeg\" \/>\n<meta name=\"twitter:card\" content=\"summary_large_image\" \/>\n<meta name=\"twitter:label1\" content=\"Dur\u00e9e de lecture estim\u00e9e\" \/>\n\t<meta name=\"twitter:data1\" content=\"1 minute\" \/>\n<script type=\"application\/ld+json\" class=\"yoast-schema-graph\">{\"@context\":\"https:\/\/schema.org\",\"@graph\":[{\"@type\":\"WebPage\",\"@id\":\"https:\/\/deelen.lu\/fr\/product\/roof-top-cargo-basket-panier-de-toit-pour-suv\/\",\"url\":\"https:\/\/deelen.lu\/fr\/product\/roof-top-cargo-basket-panier-de-toit-pour-suv\/\",\"name\":\"Roof Top Cargo Basket - Panier de toit pour SUV - Deelen\",\"isPartOf\":{\"@id\":\"https:\/\/deelen.lu\/fr\/#website\"},\"primaryImageOfPage\":{\"@id\":\"https:\/\/deelen.lu\/fr\/product\/roof-top-cargo-basket-panier-de-toit-pour-suv\/#primaryimage\"},\"image\":{\"@id\":\"https:\/\/deelen.lu\/fr\/product\/roof-top-cargo-basket-panier-de-toit-pour-suv\/#primaryimage\"},\"thumbnailUrl\":\"https:\/\/deelen.lu\/resources\/uploads\/2025\/06\/1000064376.jpg\",\"datePublished\":\"2025-06-08T12:56:11+00:00\",\"dateModified\":\"2025-07-09T12:52:31+00:00\",\"description\":\"Roof Top Cargo Basket - Panier de toit pour SUV holidays\",\"breadcrumb\":{\"@id\":\"https:\/\/deelen.lu\/fr\/product\/roof-top-cargo-basket-panier-de-toit-pour-suv\/#breadcrumb\"},\"inLanguage\":\"fr-FR\",\"potentialAction\":[{\"@type\":\"ReadAction\",\"target\":[\"https:\/\/deelen.lu\/fr\/product\/roof-top-cargo-basket-panier-de-toit-pour-suv\/\"]}]},{\"@type\":\"ImageObject\",\"inLanguage\":\"fr-FR\",\"@id\":\"https:\/\/deelen.lu\/fr\/product\/roof-top-cargo-basket-panier-de-toit-pour-suv\/#primaryimage\",\"url\":\"https:\/\/deelen.lu\/resources\/uploads\/2025\/06\/1000064376.jpg\",\"contentUrl\":\"https:\/\/deelen.lu\/resources\/uploads\/2025\/06\/1000064376.jpg\",\"width\":800,\"height\":332},{\"@type\":\"BreadcrumbList\",\"@id\":\"https:\/\/deelen.lu\/fr\/product\/roof-top-cargo-basket-panier-de-toit-pour-suv\/#breadcrumb\",\"itemListElement\":[{\"@type\":\"ListItem\",\"position\":1,\"name\":\"Home\",\"item\":\"https:\/\/deelen.lu\/fr\/\"},{\"@type\":\"ListItem\",\"position\":2,\"name\":\"Roof Top Cargo Basket &#8211; Panier de toit pour SUV\"}]},{\"@type\":\"WebSite\",\"@id\":\"https:\/\/deelen.lu\/fr\/#website\",\"url\":\"https:\/\/deelen.lu\/fr\/\",\"name\":\"Deelen\",\"description\":\"Deelen.lu \u2014 Luxembourg&#039;s peer-to-peer rental marketplace. Rent and lend items locally.\",\"potentialAction\":[{\"@type\":\"SearchAction\",\"target\":{\"@type\":\"EntryPoint\",\"urlTemplate\":\"https:\/\/deelen.lu\/fr\/?s={search_term_string}\"},\"query-input\":{\"@type\":\"PropertyValueSpecification\",\"valueRequired\":true,\"valueName\":\"search_term_string\"}}],\"inLanguage\":\"fr-FR\"}]}<\/script>\n<!-- \/ Yoast SEO plugin. -->","yoast_head_json":{"title":"Roof Top Cargo Basket - Panier de toit pour SUV - Deelen","description":"Roof Top Cargo Basket - Panier de toit pour SUV holidays","robots":{"index":"index","follow":"follow","max-snippet":"max-snippet:-1","max-image-preview":"max-image-preview:large","max-video-preview":"max-video-preview:-1"},"canonical":"https:\/\/deelen.lu\/fr\/product\/roof-top-cargo-basket-panier-de-toit-pour-suv\/","og_locale":"fr_FR","og_type":"article","og_title":"Roof Top Cargo Basket - Panier de toit pour SUV - Deelen","og_description":"Roof Top Cargo Basket - Panier de toit pour SUV holidays","og_url":"https:\/\/deelen.lu\/fr\/product\/roof-top-cargo-basket-panier-de-toit-pour-suv\/","og_site_name":"Deelen","article_modified_time":"2025-07-09T12:52:31+00:00","og_image":[{"width":800,"height":332,"url":"https:\/\/deelen.lu\/resources\/uploads\/2025\/06\/1000064376.jpg","type":"image\/jpeg"}],"twitter_card":"summary_large_image","twitter_misc":{"Dur\u00e9e de lecture estim\u00e9e":"1 minute"},"schema":{"@context":"https:\/\/schema.org","@graph":[{"@type":"WebPage","@id":"https:\/\/deelen.lu\/fr\/product\/roof-top-cargo-basket-panier-de-toit-pour-suv\/","url":"https:\/\/deelen.lu\/fr\/product\/roof-top-cargo-basket-panier-de-toit-pour-suv\/","name":"Roof Top Cargo Basket - Panier de toit pour SUV - Deelen","isPartOf":{"@id":"https:\/\/deelen.lu\/fr\/#website"},"primaryImageOfPage":{"@id":"https:\/\/deelen.lu\/fr\/product\/roof-top-cargo-basket-panier-de-toit-pour-suv\/#primaryimage"},"image":{"@id":"https:\/\/deelen.lu\/fr\/product\/roof-top-cargo-basket-panier-de-toit-pour-suv\/#primaryimage"},"thumbnailUrl":"https:\/\/deelen.lu\/resources\/uploads\/2025\/06\/1000064376.jpg","datePublished":"2025-06-08T12:56:11+00:00","dateModified":"2025-07-09T12:52:31+00:00","description":"Roof Top Cargo Basket - Panier de toit pour SUV holidays","breadcrumb":{"@id":"https:\/\/deelen.lu\/fr\/product\/roof-top-cargo-basket-panier-de-toit-pour-suv\/#breadcrumb"},"inLanguage":"fr-FR","potentialAction":[{"@type":"ReadAction","target":["https:\/\/deelen.lu\/fr\/product\/roof-top-cargo-basket-panier-de-toit-pour-suv\/"]}]},{"@type":"ImageObject","inLanguage":"fr-FR","@id":"https:\/\/deelen.lu\/fr\/product\/roof-top-cargo-basket-panier-de-toit-pour-suv\/#primaryimage","url":"https:\/\/deelen.lu\/resources\/uploads\/2025\/06\/1000064376.jpg","contentUrl":"https:\/\/deelen.lu\/resources\/uploads\/2025\/06\/1000064376.jpg","width":800,"height":332},{"@type":"BreadcrumbList","@id":"https:\/\/deelen.lu\/fr\/product\/roof-top-cargo-basket-panier-de-toit-pour-suv\/#breadcrumb","itemListElement":[{"@type":"ListItem","position":1,"name":"Home","item":"https:\/\/deelen.lu\/fr\/"},{"@type":"ListItem","position":2,"name":"Roof Top Cargo Basket &#8211; Panier de toit pour SUV"}]},{"@type":"WebSite","@id":"https:\/\/deelen.lu\/fr\/#website","url":"https:\/\/deelen.lu\/fr\/","name":"Deelen","description":"Deelen.lu \u2014 Luxembourg&#039;s peer-to-peer rental marketplace. Rent and lend items locally.","potentialAction":[{"@type":"SearchAction","target":{"@type":"EntryPoint","urlTemplate":"https:\/\/deelen.lu\/fr\/?s={search_term_string}"},"query-input":{"@type":"PropertyValueSpecification","valueRequired":true,"valueName":"search_term_string"}}],"inLanguage":"fr-FR"}]}},"_links":{"self":[{"href":"https:\/\/deelen.lu\/fr\/wp-json\/wp\/v2\/product\/1557","targetHints":{"allow":["GET"]}}],"collection":[{"href":"https:\/\/deelen.lu\/fr\/wp-json\/wp\/v2\/product"}],"about":[{"href":"https:\/\/deelen.lu\/fr\/wp-json\/wp\/v2\/types\/product"}],"replies":[{"embeddable":true,"href":"https:\/\/deelen.lu\/fr\/wp-json\/wp\/v2\/comments?post=1557"}],"wp:featuredmedia":[{"embeddable":true,"href":"https:\/\/deelen.lu\/fr\/wp-json\/wp\/v2\/media\/1558"}],"wp:attachment":[{"href":"https:\/\/deelen.lu\/fr\/wp-json\/wp\/v2\/media?parent=1557"}],"wp:term":[{"taxonomy":"product_brand","embeddable":true,"href":"https:\/\/deelen.lu\/fr\/wp-json\/wp\/v2\/product_brand?post=1557"},{"taxonomy":"product_cat","embeddable":true,"href":"https:\/\/deelen.lu\/fr\/wp-json\/wp\/v2\/product_cat?post=1557"},{"taxonomy":"product_tag","embeddable":true,"href":"https:\/\/deelen.lu\/fr\/wp-json\/wp\/v2\/product_tag?post=1557"}],"curies":[{"name":"wp","href":"https:\/\/api.w.org\/{rel}","templated":true}]}}