{"id":1569,"date":"2025-06-09T16:48:23","date_gmt":"2025-06-09T16:48:23","guid":{"rendered":"https:\/\/deelen.lu\/?post_type=product&#038;p=1569"},"modified":"2025-06-10T06:55:56","modified_gmt":"2025-06-10T06:55:56","slug":"bike-rack-boot-rear-tailgate-tow-carrier-porte-velos-arriere-pour-2-velos","status":"publish","type":"product","link":"https:\/\/deelen.lu\/fr\/product\/bike-rack-boot-rear-tailgate-tow-carrier-porte-velos-arriere-pour-2-velos\/","title":{"rendered":"Bike Rack Boot Rear Tailgate Tow Carrier - Porte-v\u00e9los Arri\u00e8re pour 2 V\u00e9los"},"content":{"rendered":"<p>Bike Rack Boot Rear Tailgate Tow Carrier<br \/>\nFor 2 bikes<\/p>\n<p>&nbsp;<\/p>\n<p>Porte-v\u00e9los arri\u00e8re (pour 2 v\u00e9los)<\/p>\n","protected":false},"excerpt":{"rendered":"<p>Bike Rack Boot Rear Tailgate Tow Carrier For 2 bikes &nbsp; Porte-v\u00e9los arri\u00e8re (pour 2 v\u00e9los)<\/p>\n","protected":false},"featured_media":1570,"comment_status":"open","ping_status":"closed","template":"","meta":{"_acf_changed":false,"inline_featured_image":false},"product_brand":[],"product_cat":[21,186,184],"product_tag":[],"class_list":{"0":"post-1569","1":"product","2":"type-product","3":"status-publish","4":"has-post-thumbnail","6":"product_cat-all","7":"product_cat-bicycles-and-accessories","8":"product_cat-sports-and-recreation","10":"first","11":"instock","12":"shipping-taxable","13":"purchasable","14":"product-type-simple"},"acf":[],"yoast_head":"<!-- This site is optimized with the Yoast SEO plugin v27.2 - https:\/\/yoast.com\/product\/yoast-seo-wordpress\/ -->\n<title>Bike Rack Boot Rear Tailgate Tow Carrier - Porte-v\u00e9los Arri\u00e8re pour 2 V\u00e9los - Deelen<\/title>\n<meta name=\"description\" content=\"Bike Rack Boot Rear Tailgate Tow Carrier - Porte-v\u00e9los Arri\u00e8re pour 2 V\u00e9los\" \/>\n<meta name=\"robots\" content=\"index, follow, max-snippet:-1, max-image-preview:large, max-video-preview:-1\" \/>\n<link rel=\"canonical\" href=\"https:\/\/deelen.lu\/fr\/product\/bike-rack-boot-rear-tailgate-tow-carrier-porte-velos-arriere-pour-2-velos\/\" \/>\n<meta property=\"og:locale\" content=\"fr_FR\" \/>\n<meta property=\"og:type\" content=\"article\" \/>\n<meta property=\"og:title\" content=\"Bike Rack Boot Rear Tailgate Tow Carrier - Porte-v\u00e9los Arri\u00e8re pour 2 V\u00e9los - Deelen\" \/>\n<meta property=\"og:description\" content=\"Bike Rack Boot Rear Tailgate Tow Carrier - Porte-v\u00e9los Arri\u00e8re pour 2 V\u00e9los\" \/>\n<meta property=\"og:url\" content=\"https:\/\/deelen.lu\/fr\/product\/bike-rack-boot-rear-tailgate-tow-carrier-porte-velos-arriere-pour-2-velos\/\" \/>\n<meta property=\"og:site_name\" content=\"Deelen\" \/>\n<meta property=\"article:modified_time\" content=\"2025-06-10T06:55:56+00:00\" \/>\n<meta property=\"og:image\" content=\"https:\/\/deelen.lu\/resources\/uploads\/2025\/06\/1000064596.jpg\" \/>\n\t<meta property=\"og:image:width\" content=\"1002\" \/>\n\t<meta property=\"og:image:height\" content=\"747\" \/>\n\t<meta property=\"og:image:type\" content=\"image\/jpeg\" \/>\n<meta name=\"twitter:card\" content=\"summary_large_image\" \/>\n<meta name=\"twitter:label1\" content=\"Dur\u00e9e de lecture estim\u00e9e\" \/>\n\t<meta name=\"twitter:data1\" content=\"1 minute\" \/>\n<script type=\"application\/ld+json\" class=\"yoast-schema-graph\">{\"@context\":\"https:\/\/schema.org\",\"@graph\":[{\"@type\":\"WebPage\",\"@id\":\"https:\/\/deelen.lu\/fr\/product\/bike-rack-boot-rear-tailgate-tow-carrier-porte-velos-arriere-pour-2-velos\/\",\"url\":\"https:\/\/deelen.lu\/fr\/product\/bike-rack-boot-rear-tailgate-tow-carrier-porte-velos-arriere-pour-2-velos\/\",\"name\":\"Bike Rack Boot Rear Tailgate Tow Carrier - Porte-v\u00e9los Arri\u00e8re pour 2 V\u00e9los - Deelen\",\"isPartOf\":{\"@id\":\"https:\/\/deelen.lu\/fr\/#website\"},\"primaryImageOfPage\":{\"@id\":\"https:\/\/deelen.lu\/fr\/product\/bike-rack-boot-rear-tailgate-tow-carrier-porte-velos-arriere-pour-2-velos\/#primaryimage\"},\"image\":{\"@id\":\"https:\/\/deelen.lu\/fr\/product\/bike-rack-boot-rear-tailgate-tow-carrier-porte-velos-arriere-pour-2-velos\/#primaryimage\"},\"thumbnailUrl\":\"https:\/\/deelen.lu\/resources\/uploads\/2025\/06\/1000064596.jpg\",\"datePublished\":\"2025-06-09T16:48:23+00:00\",\"dateModified\":\"2025-06-10T06:55:56+00:00\",\"description\":\"Bike Rack Boot Rear Tailgate Tow Carrier - Porte-v\u00e9los Arri\u00e8re pour 2 V\u00e9los\",\"breadcrumb\":{\"@id\":\"https:\/\/deelen.lu\/fr\/product\/bike-rack-boot-rear-tailgate-tow-carrier-porte-velos-arriere-pour-2-velos\/#breadcrumb\"},\"inLanguage\":\"fr-FR\",\"potentialAction\":[{\"@type\":\"ReadAction\",\"target\":[\"https:\/\/deelen.lu\/fr\/product\/bike-rack-boot-rear-tailgate-tow-carrier-porte-velos-arriere-pour-2-velos\/\"]}]},{\"@type\":\"ImageObject\",\"inLanguage\":\"fr-FR\",\"@id\":\"https:\/\/deelen.lu\/fr\/product\/bike-rack-boot-rear-tailgate-tow-carrier-porte-velos-arriere-pour-2-velos\/#primaryimage\",\"url\":\"https:\/\/deelen.lu\/resources\/uploads\/2025\/06\/1000064596.jpg\",\"contentUrl\":\"https:\/\/deelen.lu\/resources\/uploads\/2025\/06\/1000064596.jpg\",\"width\":1002,\"height\":747},{\"@type\":\"BreadcrumbList\",\"@id\":\"https:\/\/deelen.lu\/fr\/product\/bike-rack-boot-rear-tailgate-tow-carrier-porte-velos-arriere-pour-2-velos\/#breadcrumb\",\"itemListElement\":[{\"@type\":\"ListItem\",\"position\":1,\"name\":\"Home\",\"item\":\"https:\/\/deelen.lu\/fr\/\"},{\"@type\":\"ListItem\",\"position\":2,\"name\":\"Bike Rack Boot Rear Tailgate Tow Carrier &#8211; Porte-v\u00e9los Arri\u00e8re pour 2 V\u00e9los\"}]},{\"@type\":\"WebSite\",\"@id\":\"https:\/\/deelen.lu\/fr\/#website\",\"url\":\"https:\/\/deelen.lu\/fr\/\",\"name\":\"Deelen\",\"description\":\"Deelen.lu \u2014 Luxembourg&#039;s peer-to-peer rental marketplace. Rent and lend items locally.\",\"potentialAction\":[{\"@type\":\"SearchAction\",\"target\":{\"@type\":\"EntryPoint\",\"urlTemplate\":\"https:\/\/deelen.lu\/fr\/?s={search_term_string}\"},\"query-input\":{\"@type\":\"PropertyValueSpecification\",\"valueRequired\":true,\"valueName\":\"search_term_string\"}}],\"inLanguage\":\"fr-FR\"}]}<\/script>\n<!-- \/ Yoast SEO plugin. -->","yoast_head_json":{"title":"Bike Rack Boot Rear Tailgate Tow Carrier - Porte-v\u00e9los Arri\u00e8re pour 2 V\u00e9los - Deelen","description":"Bike Rack Boot Rear Tailgate Tow Carrier - Porte-v\u00e9los Arri\u00e8re pour 2 V\u00e9los","robots":{"index":"index","follow":"follow","max-snippet":"max-snippet:-1","max-image-preview":"max-image-preview:large","max-video-preview":"max-video-preview:-1"},"canonical":"https:\/\/deelen.lu\/fr\/product\/bike-rack-boot-rear-tailgate-tow-carrier-porte-velos-arriere-pour-2-velos\/","og_locale":"fr_FR","og_type":"article","og_title":"Bike Rack Boot Rear Tailgate Tow Carrier - Porte-v\u00e9los Arri\u00e8re pour 2 V\u00e9los - Deelen","og_description":"Bike Rack Boot Rear Tailgate Tow Carrier - Porte-v\u00e9los Arri\u00e8re pour 2 V\u00e9los","og_url":"https:\/\/deelen.lu\/fr\/product\/bike-rack-boot-rear-tailgate-tow-carrier-porte-velos-arriere-pour-2-velos\/","og_site_name":"Deelen","article_modified_time":"2025-06-10T06:55:56+00:00","og_image":[{"width":1002,"height":747,"url":"https:\/\/deelen.lu\/resources\/uploads\/2025\/06\/1000064596.jpg","type":"image\/jpeg"}],"twitter_card":"summary_large_image","twitter_misc":{"Dur\u00e9e de lecture estim\u00e9e":"1 minute"},"schema":{"@context":"https:\/\/schema.org","@graph":[{"@type":"WebPage","@id":"https:\/\/deelen.lu\/fr\/product\/bike-rack-boot-rear-tailgate-tow-carrier-porte-velos-arriere-pour-2-velos\/","url":"https:\/\/deelen.lu\/fr\/product\/bike-rack-boot-rear-tailgate-tow-carrier-porte-velos-arriere-pour-2-velos\/","name":"Bike Rack Boot Rear Tailgate Tow Carrier - Porte-v\u00e9los Arri\u00e8re pour 2 V\u00e9los - Deelen","isPartOf":{"@id":"https:\/\/deelen.lu\/fr\/#website"},"primaryImageOfPage":{"@id":"https:\/\/deelen.lu\/fr\/product\/bike-rack-boot-rear-tailgate-tow-carrier-porte-velos-arriere-pour-2-velos\/#primaryimage"},"image":{"@id":"https:\/\/deelen.lu\/fr\/product\/bike-rack-boot-rear-tailgate-tow-carrier-porte-velos-arriere-pour-2-velos\/#primaryimage"},"thumbnailUrl":"https:\/\/deelen.lu\/resources\/uploads\/2025\/06\/1000064596.jpg","datePublished":"2025-06-09T16:48:23+00:00","dateModified":"2025-06-10T06:55:56+00:00","description":"Bike Rack Boot Rear Tailgate Tow Carrier - Porte-v\u00e9los Arri\u00e8re pour 2 V\u00e9los","breadcrumb":{"@id":"https:\/\/deelen.lu\/fr\/product\/bike-rack-boot-rear-tailgate-tow-carrier-porte-velos-arriere-pour-2-velos\/#breadcrumb"},"inLanguage":"fr-FR","potentialAction":[{"@type":"ReadAction","target":["https:\/\/deelen.lu\/fr\/product\/bike-rack-boot-rear-tailgate-tow-carrier-porte-velos-arriere-pour-2-velos\/"]}]},{"@type":"ImageObject","inLanguage":"fr-FR","@id":"https:\/\/deelen.lu\/fr\/product\/bike-rack-boot-rear-tailgate-tow-carrier-porte-velos-arriere-pour-2-velos\/#primaryimage","url":"https:\/\/deelen.lu\/resources\/uploads\/2025\/06\/1000064596.jpg","contentUrl":"https:\/\/deelen.lu\/resources\/uploads\/2025\/06\/1000064596.jpg","width":1002,"height":747},{"@type":"BreadcrumbList","@id":"https:\/\/deelen.lu\/fr\/product\/bike-rack-boot-rear-tailgate-tow-carrier-porte-velos-arriere-pour-2-velos\/#breadcrumb","itemListElement":[{"@type":"ListItem","position":1,"name":"Home","item":"https:\/\/deelen.lu\/fr\/"},{"@type":"ListItem","position":2,"name":"Bike Rack Boot Rear Tailgate Tow Carrier &#8211; Porte-v\u00e9los Arri\u00e8re pour 2 V\u00e9los"}]},{"@type":"WebSite","@id":"https:\/\/deelen.lu\/fr\/#website","url":"https:\/\/deelen.lu\/fr\/","name":"Deelen","description":"Deelen.lu \u2014 Luxembourg&#039;s peer-to-peer rental marketplace. Rent and lend items locally.","potentialAction":[{"@type":"SearchAction","target":{"@type":"EntryPoint","urlTemplate":"https:\/\/deelen.lu\/fr\/?s={search_term_string}"},"query-input":{"@type":"PropertyValueSpecification","valueRequired":true,"valueName":"search_term_string"}}],"inLanguage":"fr-FR"}]}},"_links":{"self":[{"href":"https:\/\/deelen.lu\/fr\/wp-json\/wp\/v2\/product\/1569","targetHints":{"allow":["GET"]}}],"collection":[{"href":"https:\/\/deelen.lu\/fr\/wp-json\/wp\/v2\/product"}],"about":[{"href":"https:\/\/deelen.lu\/fr\/wp-json\/wp\/v2\/types\/product"}],"replies":[{"embeddable":true,"href":"https:\/\/deelen.lu\/fr\/wp-json\/wp\/v2\/comments?post=1569"}],"wp:featuredmedia":[{"embeddable":true,"href":"https:\/\/deelen.lu\/fr\/wp-json\/wp\/v2\/media\/1570"}],"wp:attachment":[{"href":"https:\/\/deelen.lu\/fr\/wp-json\/wp\/v2\/media?parent=1569"}],"wp:term":[{"taxonomy":"product_brand","embeddable":true,"href":"https:\/\/deelen.lu\/fr\/wp-json\/wp\/v2\/product_brand?post=1569"},{"taxonomy":"product_cat","embeddable":true,"href":"https:\/\/deelen.lu\/fr\/wp-json\/wp\/v2\/product_cat?post=1569"},{"taxonomy":"product_tag","embeddable":true,"href":"https:\/\/deelen.lu\/fr\/wp-json\/wp\/v2\/product_tag?post=1569"}],"curies":[{"name":"wp","href":"https:\/\/api.w.org\/{rel}","templated":true}]}}