{"id":1608,"date":"2025-10-22T08:41:01","date_gmt":"2025-10-22T08:41:01","guid":{"rendered":"https:\/\/deelen.lu\/?post_type=product&#038;p=1608"},"modified":"2025-10-22T20:26:50","modified_gmt":"2025-10-22T20:26:50","slug":"deguisement-halloween-veste-rouge-steampunk-medievale-a-capuche-halloween-costume-red-medieval-steampunk-hooded-jacket-lltteer-brand","status":"publish","type":"product","link":"https:\/\/deelen.lu\/fr\/product\/deguisement-halloween-veste-rouge-steampunk-medievale-a-capuche-halloween-costume-red-medieval-steampunk-hooded-jacket-lltteer-brand\/","title":{"rendered":"D\u00e9guisement Halloween Veste rouge steampunk m\u00e9di\u00e9vale \u00e0 capuche - Halloween Costume Red Medieval Steampunk Hooded Jacket \u2013 LLTTEER Brand"},"content":{"rendered":"<p><img loading=\"lazy\" decoding=\"async\" class=\"alignnone size-medium wp-image-1620\" src=\"https:\/\/deelen.lu\/resources\/uploads\/2025\/10\/hoodi-rojo-2-1-254x300.jpg\" alt=\"\" width=\"254\" height=\"300\" srcset=\"https:\/\/deelen.lu\/resources\/uploads\/2025\/10\/hoodi-rojo-2-1-254x300.jpg 254w, https:\/\/deelen.lu\/resources\/uploads\/2025\/10\/hoodi-rojo-2-1-866x1024.jpg 866w, https:\/\/deelen.lu\/resources\/uploads\/2025\/10\/hoodi-rojo-2-1-768x908.jpg 768w, https:\/\/deelen.lu\/resources\/uploads\/2025\/10\/hoodi-rojo-2-1-600x709.jpg 600w, https:\/\/deelen.lu\/resources\/uploads\/2025\/10\/hoodi-rojo-2-1.jpg 1220w\" sizes=\"auto, (max-width: 254px) 100vw, 254px\" \/><img loading=\"lazy\" decoding=\"async\" class=\"alignnone size-medium wp-image-1618\" src=\"https:\/\/deelen.lu\/resources\/uploads\/2025\/10\/hoodi-rojo-1-1-222x300.jpg\" alt=\"\" width=\"222\" height=\"300\" srcset=\"https:\/\/deelen.lu\/resources\/uploads\/2025\/10\/hoodi-rojo-1-1-222x300.jpg 222w, https:\/\/deelen.lu\/resources\/uploads\/2025\/10\/hoodi-rojo-1-1-758x1024.jpg 758w, https:\/\/deelen.lu\/resources\/uploads\/2025\/10\/hoodi-rojo-1-1-768x1038.jpg 768w, https:\/\/deelen.lu\/resources\/uploads\/2025\/10\/hoodi-rojo-1-1-1136x1536.jpg 1136w, https:\/\/deelen.lu\/resources\/uploads\/2025\/10\/hoodi-rojo-1-1-600x811.jpg 600w, https:\/\/deelen.lu\/resources\/uploads\/2025\/10\/hoodi-rojo-1-1.jpg 1220w\" sizes=\"auto, (max-width: 222px) 100vw, 222px\" \/><br \/>\nD\u00e9guisement Halloween Veste rouge steampunk m\u00e9di\u00e9vale \u00e0 capuche \u2013 marque LLTTEER<\/p>\n<p class=\"ds-markdown-paragraph\">Salut ! Je propose \u00e0 la location cette super veste steampunk m\u00e9di\u00e9vale rouge de la marque LLTTEER, parfaite pour Halloween ou une soir\u00e9e \u00e0 th\u00e8me !<\/p>\n<p class=\"ds-markdown-paragraph\">Elle est en parfait \u00e9tat et elle fait vraiment son effet \u2014 tu ne passeras pas inaper\u00e7u(e) !<\/p>\n<p class=\"ds-markdown-paragraph\">Avec sa coupe longue, son col montant et sa fermeture \u00e9clair m\u00e9tallique, elle donne un style myst\u00e9rieux et r\u00e9tro-futuriste.<\/p>\n<p class=\"ds-markdown-paragraph\">C'est un mod\u00e8le taille M, en polyester, donc confortable et facile \u00e0 entretenir. La couleur est rouge fonc\u00e9, tr\u00e8s classe.<\/p>\n<p class=\"ds-markdown-paragraph\">Si \u00e7a te tente, h\u00e9site pas \u00e0 me envoyer un message pour plus de d\u00e9tails !<\/p>\n<p class=\"ds-markdown-paragraph\">Halloween Costume Red Medieval Steampunk Hooded Jacket \u2013 LLTTEER Brand<\/p>\n<p class=\"ds-markdown-paragraph\">Hey! I'm renting out this awesome red medieval steampunk jacket from the LLTTEER brand, perfect for Halloween or a themed party!<\/p>\n<p class=\"ds-markdown-paragraph\">It's in perfect condition and it really makes an impression \u2014 you won't go unnoticed!<\/p>\n<p class=\"ds-markdown-paragraph\">With its long cut, high collar, and metallic zipper, it gives off a mysterious and retro-futuristic style.<\/p>\n<p class=\"ds-markdown-paragraph\">It's a size M model, made of polyester, so it's comfortable and easy to care for. The color is a dark red, very classy.<\/p>\n<p class=\"ds-markdown-paragraph\">If you're interested, don't hesitate to send me a message for more details!<\/p>\n","protected":false},"excerpt":{"rendered":"<p><img loading=\"lazy\" decoding=\"async\" class=\"alignnone size-medium wp-image-1618\" src=\"https:\/\/deelen.lu\/resources\/uploads\/2025\/10\/hoodi-rojo-1-1-222x300.jpg\" alt=\"\" width=\"222\" height=\"300\" srcset=\"https:\/\/deelen.lu\/resources\/uploads\/2025\/10\/hoodi-rojo-1-1-222x300.jpg 222w, https:\/\/deelen.lu\/resources\/uploads\/2025\/10\/hoodi-rojo-1-1-758x1024.jpg 758w, https:\/\/deelen.lu\/resources\/uploads\/2025\/10\/hoodi-rojo-1-1-768x1038.jpg 768w, https:\/\/deelen.lu\/resources\/uploads\/2025\/10\/hoodi-rojo-1-1-1136x1536.jpg 1136w, https:\/\/deelen.lu\/resources\/uploads\/2025\/10\/hoodi-rojo-1-1-600x811.jpg 600w, https:\/\/deelen.lu\/resources\/uploads\/2025\/10\/hoodi-rojo-1-1.jpg 1220w\" sizes=\"auto, (max-width: 222px) 100vw, 222px\" \/> <img loading=\"lazy\" decoding=\"async\" class=\"alignnone size-medium wp-image-1620\" src=\"https:\/\/deelen.lu\/resources\/uploads\/2025\/10\/hoodi-rojo-2-1-254x300.jpg\" alt=\"\" width=\"254\" height=\"300\" srcset=\"https:\/\/deelen.lu\/resources\/uploads\/2025\/10\/hoodi-rojo-2-1-254x300.jpg 254w, https:\/\/deelen.lu\/resources\/uploads\/2025\/10\/hoodi-rojo-2-1-866x1024.jpg 866w, https:\/\/deelen.lu\/resources\/uploads\/2025\/10\/hoodi-rojo-2-1-768x908.jpg 768w, https:\/\/deelen.lu\/resources\/uploads\/2025\/10\/hoodi-rojo-2-1-600x709.jpg 600w, https:\/\/deelen.lu\/resources\/uploads\/2025\/10\/hoodi-rojo-2-1.jpg 1220w\" sizes=\"auto, (max-width: 254px) 100vw, 254px\" \/><\/p>\n","protected":false},"featured_media":1623,"comment_status":"open","ping_status":"closed","template":"","meta":{"_acf_changed":false,"inline_featured_image":false},"product_brand":[],"product_cat":[21,155,206,204],"product_tag":[],"class_list":{"0":"post-1608","1":"product","2":"type-product","3":"status-publish","4":"has-post-thumbnail","6":"product_cat-all","7":"product_cat-trending","8":"product_cat-costumes","9":"product_cat-fashion-and-accessories","11":"first","12":"instock","13":"shipping-taxable","14":"purchasable","15":"product-type-simple"},"acf":[],"yoast_head":"<!-- This site is optimized with the Yoast SEO plugin v27.2 - https:\/\/yoast.com\/product\/yoast-seo-wordpress\/ -->\n<title>D\u00e9guisement Halloween Veste rouge steampunk m\u00e9di\u00e9vale \u00e0 capuche - Halloween Costume Red Medieval Steampunk Hooded Jacket \u2013 LLTTEER Brand - Deelen<\/title>\n<meta name=\"robots\" content=\"index, follow, max-snippet:-1, max-image-preview:large, max-video-preview:-1\" \/>\n<link rel=\"canonical\" href=\"https:\/\/deelen.lu\/fr\/product\/deguisement-halloween-veste-rouge-steampunk-medievale-a-capuche-halloween-costume-red-medieval-steampunk-hooded-jacket-lltteer-brand\/\" \/>\n<meta property=\"og:locale\" content=\"fr_FR\" \/>\n<meta property=\"og:type\" content=\"article\" \/>\n<meta property=\"og:title\" content=\"D\u00e9guisement Halloween Veste rouge steampunk m\u00e9di\u00e9vale \u00e0 capuche - Halloween Costume Red Medieval Steampunk Hooded Jacket \u2013 LLTTEER Brand - Deelen\" \/>\n<meta property=\"og:url\" content=\"https:\/\/deelen.lu\/fr\/product\/deguisement-halloween-veste-rouge-steampunk-medievale-a-capuche-halloween-costume-red-medieval-steampunk-hooded-jacket-lltteer-brand\/\" \/>\n<meta property=\"og:site_name\" content=\"Deelen\" \/>\n<meta property=\"article:modified_time\" content=\"2025-10-22T20:26:50+00:00\" \/>\n<meta property=\"og:image\" content=\"https:\/\/deelen.lu\/resources\/uploads\/2025\/10\/hoodi-rojo-1-2.jpg\" \/>\n\t<meta property=\"og:image:width\" content=\"1220\" \/>\n\t<meta property=\"og:image:height\" content=\"1649\" \/>\n\t<meta property=\"og:image:type\" content=\"image\/jpeg\" \/>\n<meta name=\"twitter:card\" content=\"summary_large_image\" \/>\n<meta name=\"twitter:label1\" content=\"Dur\u00e9e de lecture estim\u00e9e\" \/>\n\t<meta name=\"twitter:data1\" content=\"2 minutes\" \/>\n<script type=\"application\/ld+json\" class=\"yoast-schema-graph\">{\"@context\":\"https:\/\/schema.org\",\"@graph\":[{\"@type\":\"WebPage\",\"@id\":\"https:\/\/deelen.lu\/fr\/product\/deguisement-halloween-veste-rouge-steampunk-medievale-a-capuche-halloween-costume-red-medieval-steampunk-hooded-jacket-lltteer-brand\/\",\"url\":\"https:\/\/deelen.lu\/fr\/product\/deguisement-halloween-veste-rouge-steampunk-medievale-a-capuche-halloween-costume-red-medieval-steampunk-hooded-jacket-lltteer-brand\/\",\"name\":\"D\u00e9guisement Halloween Veste rouge steampunk m\u00e9di\u00e9vale \u00e0 capuche - Halloween Costume Red Medieval Steampunk Hooded Jacket \u2013 LLTTEER Brand - Deelen\",\"isPartOf\":{\"@id\":\"https:\/\/deelen.lu\/fr\/#website\"},\"primaryImageOfPage\":{\"@id\":\"https:\/\/deelen.lu\/fr\/product\/deguisement-halloween-veste-rouge-steampunk-medievale-a-capuche-halloween-costume-red-medieval-steampunk-hooded-jacket-lltteer-brand\/#primaryimage\"},\"image\":{\"@id\":\"https:\/\/deelen.lu\/fr\/product\/deguisement-halloween-veste-rouge-steampunk-medievale-a-capuche-halloween-costume-red-medieval-steampunk-hooded-jacket-lltteer-brand\/#primaryimage\"},\"thumbnailUrl\":\"https:\/\/deelen.lu\/resources\/uploads\/2025\/10\/hoodi-rojo-1-2.jpg\",\"datePublished\":\"2025-10-22T08:41:01+00:00\",\"dateModified\":\"2025-10-22T20:26:50+00:00\",\"breadcrumb\":{\"@id\":\"https:\/\/deelen.lu\/fr\/product\/deguisement-halloween-veste-rouge-steampunk-medievale-a-capuche-halloween-costume-red-medieval-steampunk-hooded-jacket-lltteer-brand\/#breadcrumb\"},\"inLanguage\":\"fr-FR\",\"potentialAction\":[{\"@type\":\"ReadAction\",\"target\":[\"https:\/\/deelen.lu\/fr\/product\/deguisement-halloween-veste-rouge-steampunk-medievale-a-capuche-halloween-costume-red-medieval-steampunk-hooded-jacket-lltteer-brand\/\"]}]},{\"@type\":\"ImageObject\",\"inLanguage\":\"fr-FR\",\"@id\":\"https:\/\/deelen.lu\/fr\/product\/deguisement-halloween-veste-rouge-steampunk-medievale-a-capuche-halloween-costume-red-medieval-steampunk-hooded-jacket-lltteer-brand\/#primaryimage\",\"url\":\"https:\/\/deelen.lu\/resources\/uploads\/2025\/10\/hoodi-rojo-1-2.jpg\",\"contentUrl\":\"https:\/\/deelen.lu\/resources\/uploads\/2025\/10\/hoodi-rojo-1-2.jpg\",\"width\":1220,\"height\":1649},{\"@type\":\"BreadcrumbList\",\"@id\":\"https:\/\/deelen.lu\/fr\/product\/deguisement-halloween-veste-rouge-steampunk-medievale-a-capuche-halloween-costume-red-medieval-steampunk-hooded-jacket-lltteer-brand\/#breadcrumb\",\"itemListElement\":[{\"@type\":\"ListItem\",\"position\":1,\"name\":\"Home\",\"item\":\"https:\/\/deelen.lu\/fr\/\"},{\"@type\":\"ListItem\",\"position\":2,\"name\":\"D\u00e9guisement Halloween Veste rouge steampunk m\u00e9di\u00e9vale \u00e0 capuche &#8211; Halloween Costume Red Medieval Steampunk Hooded Jacket \u2013 LLTTEER Brand\"}]},{\"@type\":\"WebSite\",\"@id\":\"https:\/\/deelen.lu\/fr\/#website\",\"url\":\"https:\/\/deelen.lu\/fr\/\",\"name\":\"Deelen\",\"description\":\"Deelen.lu \u2014 Luxembourg&#039;s peer-to-peer rental marketplace. Rent and lend items locally.\",\"potentialAction\":[{\"@type\":\"SearchAction\",\"target\":{\"@type\":\"EntryPoint\",\"urlTemplate\":\"https:\/\/deelen.lu\/fr\/?s={search_term_string}\"},\"query-input\":{\"@type\":\"PropertyValueSpecification\",\"valueRequired\":true,\"valueName\":\"search_term_string\"}}],\"inLanguage\":\"fr-FR\"}]}<\/script>\n<!-- \/ Yoast SEO plugin. -->","yoast_head_json":{"title":"D\u00e9guisement Halloween Veste rouge steampunk m\u00e9di\u00e9vale \u00e0 capuche - Halloween Costume Red Medieval Steampunk Hooded Jacket \u2013 LLTTEER Brand - Deelen","robots":{"index":"index","follow":"follow","max-snippet":"max-snippet:-1","max-image-preview":"max-image-preview:large","max-video-preview":"max-video-preview:-1"},"canonical":"https:\/\/deelen.lu\/fr\/product\/deguisement-halloween-veste-rouge-steampunk-medievale-a-capuche-halloween-costume-red-medieval-steampunk-hooded-jacket-lltteer-brand\/","og_locale":"fr_FR","og_type":"article","og_title":"D\u00e9guisement Halloween Veste rouge steampunk m\u00e9di\u00e9vale \u00e0 capuche - Halloween Costume Red Medieval Steampunk Hooded Jacket \u2013 LLTTEER Brand - Deelen","og_url":"https:\/\/deelen.lu\/fr\/product\/deguisement-halloween-veste-rouge-steampunk-medievale-a-capuche-halloween-costume-red-medieval-steampunk-hooded-jacket-lltteer-brand\/","og_site_name":"Deelen","article_modified_time":"2025-10-22T20:26:50+00:00","og_image":[{"width":1220,"height":1649,"url":"https:\/\/deelen.lu\/resources\/uploads\/2025\/10\/hoodi-rojo-1-2.jpg","type":"image\/jpeg"}],"twitter_card":"summary_large_image","twitter_misc":{"Dur\u00e9e de lecture estim\u00e9e":"2 minutes"},"schema":{"@context":"https:\/\/schema.org","@graph":[{"@type":"WebPage","@id":"https:\/\/deelen.lu\/fr\/product\/deguisement-halloween-veste-rouge-steampunk-medievale-a-capuche-halloween-costume-red-medieval-steampunk-hooded-jacket-lltteer-brand\/","url":"https:\/\/deelen.lu\/fr\/product\/deguisement-halloween-veste-rouge-steampunk-medievale-a-capuche-halloween-costume-red-medieval-steampunk-hooded-jacket-lltteer-brand\/","name":"D\u00e9guisement Halloween Veste rouge steampunk m\u00e9di\u00e9vale \u00e0 capuche - Halloween Costume Red Medieval Steampunk Hooded Jacket \u2013 LLTTEER Brand - Deelen","isPartOf":{"@id":"https:\/\/deelen.lu\/fr\/#website"},"primaryImageOfPage":{"@id":"https:\/\/deelen.lu\/fr\/product\/deguisement-halloween-veste-rouge-steampunk-medievale-a-capuche-halloween-costume-red-medieval-steampunk-hooded-jacket-lltteer-brand\/#primaryimage"},"image":{"@id":"https:\/\/deelen.lu\/fr\/product\/deguisement-halloween-veste-rouge-steampunk-medievale-a-capuche-halloween-costume-red-medieval-steampunk-hooded-jacket-lltteer-brand\/#primaryimage"},"thumbnailUrl":"https:\/\/deelen.lu\/resources\/uploads\/2025\/10\/hoodi-rojo-1-2.jpg","datePublished":"2025-10-22T08:41:01+00:00","dateModified":"2025-10-22T20:26:50+00:00","breadcrumb":{"@id":"https:\/\/deelen.lu\/fr\/product\/deguisement-halloween-veste-rouge-steampunk-medievale-a-capuche-halloween-costume-red-medieval-steampunk-hooded-jacket-lltteer-brand\/#breadcrumb"},"inLanguage":"fr-FR","potentialAction":[{"@type":"ReadAction","target":["https:\/\/deelen.lu\/fr\/product\/deguisement-halloween-veste-rouge-steampunk-medievale-a-capuche-halloween-costume-red-medieval-steampunk-hooded-jacket-lltteer-brand\/"]}]},{"@type":"ImageObject","inLanguage":"fr-FR","@id":"https:\/\/deelen.lu\/fr\/product\/deguisement-halloween-veste-rouge-steampunk-medievale-a-capuche-halloween-costume-red-medieval-steampunk-hooded-jacket-lltteer-brand\/#primaryimage","url":"https:\/\/deelen.lu\/resources\/uploads\/2025\/10\/hoodi-rojo-1-2.jpg","contentUrl":"https:\/\/deelen.lu\/resources\/uploads\/2025\/10\/hoodi-rojo-1-2.jpg","width":1220,"height":1649},{"@type":"BreadcrumbList","@id":"https:\/\/deelen.lu\/fr\/product\/deguisement-halloween-veste-rouge-steampunk-medievale-a-capuche-halloween-costume-red-medieval-steampunk-hooded-jacket-lltteer-brand\/#breadcrumb","itemListElement":[{"@type":"ListItem","position":1,"name":"Home","item":"https:\/\/deelen.lu\/fr\/"},{"@type":"ListItem","position":2,"name":"D\u00e9guisement Halloween Veste rouge steampunk m\u00e9di\u00e9vale \u00e0 capuche &#8211; Halloween Costume Red Medieval Steampunk Hooded Jacket \u2013 LLTTEER Brand"}]},{"@type":"WebSite","@id":"https:\/\/deelen.lu\/fr\/#website","url":"https:\/\/deelen.lu\/fr\/","name":"Deelen","description":"Deelen.lu \u2014 Luxembourg&#039;s peer-to-peer rental marketplace. Rent and lend items locally.","potentialAction":[{"@type":"SearchAction","target":{"@type":"EntryPoint","urlTemplate":"https:\/\/deelen.lu\/fr\/?s={search_term_string}"},"query-input":{"@type":"PropertyValueSpecification","valueRequired":true,"valueName":"search_term_string"}}],"inLanguage":"fr-FR"}]}},"_links":{"self":[{"href":"https:\/\/deelen.lu\/fr\/wp-json\/wp\/v2\/product\/1608","targetHints":{"allow":["GET"]}}],"collection":[{"href":"https:\/\/deelen.lu\/fr\/wp-json\/wp\/v2\/product"}],"about":[{"href":"https:\/\/deelen.lu\/fr\/wp-json\/wp\/v2\/types\/product"}],"replies":[{"embeddable":true,"href":"https:\/\/deelen.lu\/fr\/wp-json\/wp\/v2\/comments?post=1608"}],"wp:featuredmedia":[{"embeddable":true,"href":"https:\/\/deelen.lu\/fr\/wp-json\/wp\/v2\/media\/1623"}],"wp:attachment":[{"href":"https:\/\/deelen.lu\/fr\/wp-json\/wp\/v2\/media?parent=1608"}],"wp:term":[{"taxonomy":"product_brand","embeddable":true,"href":"https:\/\/deelen.lu\/fr\/wp-json\/wp\/v2\/product_brand?post=1608"},{"taxonomy":"product_cat","embeddable":true,"href":"https:\/\/deelen.lu\/fr\/wp-json\/wp\/v2\/product_cat?post=1608"},{"taxonomy":"product_tag","embeddable":true,"href":"https:\/\/deelen.lu\/fr\/wp-json\/wp\/v2\/product_tag?post=1608"}],"curies":[{"name":"wp","href":"https:\/\/api.w.org\/{rel}","templated":true}]}}