{"id":1609,"date":"2025-10-22T09:02:05","date_gmt":"2025-10-22T09:02:05","guid":{"rendered":"https:\/\/deelen.lu\/?post_type=product&#038;p=1609"},"modified":"2025-10-22T20:21:48","modified_gmt":"2025-10-22T20:21:48","slug":"deguisement-dhalloween-malefique-maleficent-halloween-costume","status":"publish","type":"product","link":"https:\/\/deelen.lu\/fr\/product\/deguisement-dhalloween-malefique-maleficent-halloween-costume\/","title":{"rendered":"D\u00e9guisement d'Halloween Mal\u00e9fique - Maleficent HALLOWEEN Costume"},"content":{"rendered":"<p>D\u00e9guisement d'Halloween Mal\u00e9fique<\/p>\n<div class=\"dad65929\">\n<div class=\"_4f9bf79 d7dc56a8 _43c05b5\">\n<div class=\"ds-message _63c77b1\">\n<div class=\"ds-markdown\">\n<p class=\"ds-markdown-paragraph\">Salut ! Je propose \u00e0 la location mon super d\u00e9guisement \"Mal\u00e9fique\", parfait pour Halloween ou une soir\u00e9e d\u00e9guis\u00e9e !<\/p>\n<p class=\"ds-markdown-paragraph\">Il est vraiment complet et super joli \u2014 Il fait son petit effet !<\/p>\n<p class=\"ds-markdown-paragraph\">Il est en tr\u00e8s bon \u00e9tat, il se compose de 6 accessoires :<\/p>\n<ul>\n<li>\n<p class=\"ds-markdown-paragraph\">Une jolie cape majestueuse<\/p>\n<\/li>\n<li>\n<p class=\"ds-markdown-paragraph\">Un ch\u00e2le avec des plumes<\/p>\n<\/li>\n<li>\n<p class=\"ds-markdown-paragraph\">Des cornes de diable<\/p>\n<\/li>\n<li>\n<p class=\"ds-markdown-paragraph\">Un sceptre<\/p>\n<\/li>\n<li>\n<p class=\"ds-markdown-paragraph\">Et des manches avec des plumes<\/p>\n<\/li>\n<\/ul>\n<p class=\"ds-markdown-paragraph\">Tout est l\u00e0 pour te transformer en sorci\u00e8re ou en reine mal\u00e9fique le temps d\u2019une soir\u00e9e !<\/p>\n<p class=\"ds-markdown-paragraph\">C\u2019est un mod\u00e8le pour femme, en taille unique adulte. Les mati\u00e8res sont sympas, un m\u00e9lange de tissus classiques, avec des accessoires en plumes et peut-\u00eatre un peu de latex.<\/p>\n<p class=\"ds-markdown-paragraph\">Si \u00e7a t\u2019int\u00e9resse, n\u2019h\u00e9site pas \u00e0 me contacter !<\/p>\n<\/div>\n<\/div>\n<\/div>\n<\/div>\n<p>Maleficent HALLOWEEN Costume<\/p>\n<p class=\"ds-markdown-paragraph\">Hey! I'm renting out my awesome \"Maleficent\" costume, perfect for Halloween or a costume party!<\/p>\n<p class=\"ds-markdown-paragraph\">It's really complete and super pretty \u2013 It definitely makes an impression!<\/p>\n<p class=\"ds-markdown-paragraph\">It's in very good condition and includes 6 accessories:<\/p>\n<ul>\n<li>\n<p class=\"ds-markdown-paragraph\">A beautiful majestic cape<\/p>\n<\/li>\n<li>\n<p class=\"ds-markdown-paragraph\">A shawl with feathers<\/p>\n<\/li>\n<li>\n<p class=\"ds-markdown-paragraph\">Devil horns<\/p>\n<\/li>\n<li>\n<p class=\"ds-markdown-paragraph\">A scepter<\/p>\n<\/li>\n<li>\n<p class=\"ds-markdown-paragraph\">And feathered sleeves<\/p>\n<\/li>\n<\/ul>\n<p class=\"ds-markdown-paragraph\">Everything you need to transform into a witch or an evil queen for the night!<\/p>\n<p class=\"ds-markdown-paragraph\">It's a women's model, in one-size-fits-all for adults. The materials are nice, a mix of classic costume fabrics with feather accessories and maybe a bit of latex.<\/p>\n<p class=\"ds-markdown-paragraph\">If you're interested, don't hesitate to contact me!<\/p>\n","protected":false},"excerpt":{"rendered":"<p>D\u00e9guisement d'Halloween Mal\u00e9fique Salut ! Je propose \u00e0 la location mon super d\u00e9guisement \"Mal\u00e9fique\", parfait pour Halloween ou une soir\u00e9e d\u00e9guis\u00e9e ! Il est vraiment complet et super joli \u2014 Il fait son petit effet ! Il est en tr\u00e8s bon \u00e9tat, il se compose de 6 accessoires : Une jolie cape majestueuse Un ch\u00e2le [&hellip;]<\/p>\n","protected":false},"featured_media":1630,"comment_status":"open","ping_status":"closed","template":"","meta":{"_acf_changed":false,"inline_featured_image":false},"product_brand":[],"product_cat":[21,155,206,204],"product_tag":[],"class_list":{"0":"post-1609","1":"product","2":"type-product","3":"status-publish","4":"has-post-thumbnail","6":"product_cat-all","7":"product_cat-trending","8":"product_cat-costumes","9":"product_cat-fashion-and-accessories","11":"first","12":"instock","13":"shipping-taxable","14":"purchasable","15":"product-type-simple"},"acf":[],"yoast_head":"<!-- This site is optimized with the Yoast SEO plugin v27.2 - https:\/\/yoast.com\/product\/yoast-seo-wordpress\/ -->\n<title>D\u00e9guisement d&#039;Halloween Mal\u00e9fique - Maleficent HALLOWEEN Costume - Deelen<\/title>\n<meta name=\"robots\" content=\"index, follow, max-snippet:-1, max-image-preview:large, max-video-preview:-1\" \/>\n<link rel=\"canonical\" href=\"https:\/\/deelen.lu\/fr\/product\/deguisement-dhalloween-malefique-maleficent-halloween-costume\/\" \/>\n<meta property=\"og:locale\" content=\"fr_FR\" \/>\n<meta property=\"og:type\" content=\"article\" \/>\n<meta property=\"og:title\" content=\"D\u00e9guisement d&#039;Halloween Mal\u00e9fique - Maleficent HALLOWEEN Costume - Deelen\" \/>\n<meta property=\"og:description\" content=\"D\u00e9guisement d&#039;Halloween Mal\u00e9fique Salut ! Je propose \u00e0 la location mon super d\u00e9guisement &quot;Mal\u00e9fique&quot;, parfait pour Halloween ou une soir\u00e9e d\u00e9guis\u00e9e ! Il est vraiment complet et super joli \u2014 Il fait son petit effet ! Il est en tr\u00e8s bon \u00e9tat, il se compose de 6 accessoires : Une jolie cape majestueuse Un ch\u00e2le [&hellip;]\" \/>\n<meta property=\"og:url\" content=\"https:\/\/deelen.lu\/fr\/product\/deguisement-dhalloween-malefique-maleficent-halloween-costume\/\" \/>\n<meta property=\"og:site_name\" content=\"Deelen\" \/>\n<meta property=\"article:modified_time\" content=\"2025-10-22T20:21:48+00:00\" \/>\n<meta property=\"og:image\" content=\"https:\/\/deelen.lu\/resources\/uploads\/2025\/10\/Malefique-.jpg\" \/>\n\t<meta property=\"og:image:width\" content=\"1220\" \/>\n\t<meta property=\"og:image:height\" content=\"1234\" \/>\n\t<meta property=\"og:image:type\" content=\"image\/jpeg\" \/>\n<meta name=\"twitter:card\" content=\"summary_large_image\" \/>\n<meta name=\"twitter:label1\" content=\"Dur\u00e9e de lecture estim\u00e9e\" \/>\n\t<meta name=\"twitter:data1\" content=\"2 minutes\" \/>\n<script type=\"application\/ld+json\" class=\"yoast-schema-graph\">{\"@context\":\"https:\/\/schema.org\",\"@graph\":[{\"@type\":\"WebPage\",\"@id\":\"https:\/\/deelen.lu\/fr\/product\/deguisement-dhalloween-malefique-maleficent-halloween-costume\/\",\"url\":\"https:\/\/deelen.lu\/fr\/product\/deguisement-dhalloween-malefique-maleficent-halloween-costume\/\",\"name\":\"D\u00e9guisement d'Halloween Mal\u00e9fique - Maleficent HALLOWEEN Costume - Deelen\",\"isPartOf\":{\"@id\":\"https:\/\/deelen.lu\/fr\/#website\"},\"primaryImageOfPage\":{\"@id\":\"https:\/\/deelen.lu\/fr\/product\/deguisement-dhalloween-malefique-maleficent-halloween-costume\/#primaryimage\"},\"image\":{\"@id\":\"https:\/\/deelen.lu\/fr\/product\/deguisement-dhalloween-malefique-maleficent-halloween-costume\/#primaryimage\"},\"thumbnailUrl\":\"https:\/\/deelen.lu\/resources\/uploads\/2025\/10\/Malefique-.jpg\",\"datePublished\":\"2025-10-22T09:02:05+00:00\",\"dateModified\":\"2025-10-22T20:21:48+00:00\",\"breadcrumb\":{\"@id\":\"https:\/\/deelen.lu\/fr\/product\/deguisement-dhalloween-malefique-maleficent-halloween-costume\/#breadcrumb\"},\"inLanguage\":\"fr-FR\",\"potentialAction\":[{\"@type\":\"ReadAction\",\"target\":[\"https:\/\/deelen.lu\/fr\/product\/deguisement-dhalloween-malefique-maleficent-halloween-costume\/\"]}]},{\"@type\":\"ImageObject\",\"inLanguage\":\"fr-FR\",\"@id\":\"https:\/\/deelen.lu\/fr\/product\/deguisement-dhalloween-malefique-maleficent-halloween-costume\/#primaryimage\",\"url\":\"https:\/\/deelen.lu\/resources\/uploads\/2025\/10\/Malefique-.jpg\",\"contentUrl\":\"https:\/\/deelen.lu\/resources\/uploads\/2025\/10\/Malefique-.jpg\",\"width\":1220,\"height\":1234},{\"@type\":\"BreadcrumbList\",\"@id\":\"https:\/\/deelen.lu\/fr\/product\/deguisement-dhalloween-malefique-maleficent-halloween-costume\/#breadcrumb\",\"itemListElement\":[{\"@type\":\"ListItem\",\"position\":1,\"name\":\"Home\",\"item\":\"https:\/\/deelen.lu\/fr\/\"},{\"@type\":\"ListItem\",\"position\":2,\"name\":\"D\u00e9guisement d&#8217;Halloween Mal\u00e9fique &#8211; Maleficent HALLOWEEN Costume\"}]},{\"@type\":\"WebSite\",\"@id\":\"https:\/\/deelen.lu\/fr\/#website\",\"url\":\"https:\/\/deelen.lu\/fr\/\",\"name\":\"Deelen\",\"description\":\"Deelen.lu \u2014 Luxembourg&#039;s peer-to-peer rental marketplace. Rent and lend items locally.\",\"potentialAction\":[{\"@type\":\"SearchAction\",\"target\":{\"@type\":\"EntryPoint\",\"urlTemplate\":\"https:\/\/deelen.lu\/fr\/?s={search_term_string}\"},\"query-input\":{\"@type\":\"PropertyValueSpecification\",\"valueRequired\":true,\"valueName\":\"search_term_string\"}}],\"inLanguage\":\"fr-FR\"}]}<\/script>\n<!-- \/ Yoast SEO plugin. -->","yoast_head_json":{"title":"D\u00e9guisement d'Halloween Mal\u00e9fique - Maleficent HALLOWEEN Costume - Deelen","robots":{"index":"index","follow":"follow","max-snippet":"max-snippet:-1","max-image-preview":"max-image-preview:large","max-video-preview":"max-video-preview:-1"},"canonical":"https:\/\/deelen.lu\/fr\/product\/deguisement-dhalloween-malefique-maleficent-halloween-costume\/","og_locale":"fr_FR","og_type":"article","og_title":"D\u00e9guisement d'Halloween Mal\u00e9fique - Maleficent HALLOWEEN Costume - Deelen","og_description":"D\u00e9guisement d'Halloween Mal\u00e9fique Salut ! Je propose \u00e0 la location mon super d\u00e9guisement \"Mal\u00e9fique\", parfait pour Halloween ou une soir\u00e9e d\u00e9guis\u00e9e ! Il est vraiment complet et super joli \u2014 Il fait son petit effet ! Il est en tr\u00e8s bon \u00e9tat, il se compose de 6 accessoires : Une jolie cape majestueuse Un ch\u00e2le [&hellip;]","og_url":"https:\/\/deelen.lu\/fr\/product\/deguisement-dhalloween-malefique-maleficent-halloween-costume\/","og_site_name":"Deelen","article_modified_time":"2025-10-22T20:21:48+00:00","og_image":[{"width":1220,"height":1234,"url":"https:\/\/deelen.lu\/resources\/uploads\/2025\/10\/Malefique-.jpg","type":"image\/jpeg"}],"twitter_card":"summary_large_image","twitter_misc":{"Dur\u00e9e de lecture estim\u00e9e":"2 minutes"},"schema":{"@context":"https:\/\/schema.org","@graph":[{"@type":"WebPage","@id":"https:\/\/deelen.lu\/fr\/product\/deguisement-dhalloween-malefique-maleficent-halloween-costume\/","url":"https:\/\/deelen.lu\/fr\/product\/deguisement-dhalloween-malefique-maleficent-halloween-costume\/","name":"D\u00e9guisement d'Halloween Mal\u00e9fique - Maleficent HALLOWEEN Costume - Deelen","isPartOf":{"@id":"https:\/\/deelen.lu\/fr\/#website"},"primaryImageOfPage":{"@id":"https:\/\/deelen.lu\/fr\/product\/deguisement-dhalloween-malefique-maleficent-halloween-costume\/#primaryimage"},"image":{"@id":"https:\/\/deelen.lu\/fr\/product\/deguisement-dhalloween-malefique-maleficent-halloween-costume\/#primaryimage"},"thumbnailUrl":"https:\/\/deelen.lu\/resources\/uploads\/2025\/10\/Malefique-.jpg","datePublished":"2025-10-22T09:02:05+00:00","dateModified":"2025-10-22T20:21:48+00:00","breadcrumb":{"@id":"https:\/\/deelen.lu\/fr\/product\/deguisement-dhalloween-malefique-maleficent-halloween-costume\/#breadcrumb"},"inLanguage":"fr-FR","potentialAction":[{"@type":"ReadAction","target":["https:\/\/deelen.lu\/fr\/product\/deguisement-dhalloween-malefique-maleficent-halloween-costume\/"]}]},{"@type":"ImageObject","inLanguage":"fr-FR","@id":"https:\/\/deelen.lu\/fr\/product\/deguisement-dhalloween-malefique-maleficent-halloween-costume\/#primaryimage","url":"https:\/\/deelen.lu\/resources\/uploads\/2025\/10\/Malefique-.jpg","contentUrl":"https:\/\/deelen.lu\/resources\/uploads\/2025\/10\/Malefique-.jpg","width":1220,"height":1234},{"@type":"BreadcrumbList","@id":"https:\/\/deelen.lu\/fr\/product\/deguisement-dhalloween-malefique-maleficent-halloween-costume\/#breadcrumb","itemListElement":[{"@type":"ListItem","position":1,"name":"Home","item":"https:\/\/deelen.lu\/fr\/"},{"@type":"ListItem","position":2,"name":"D\u00e9guisement d&#8217;Halloween Mal\u00e9fique &#8211; Maleficent HALLOWEEN Costume"}]},{"@type":"WebSite","@id":"https:\/\/deelen.lu\/fr\/#website","url":"https:\/\/deelen.lu\/fr\/","name":"Deelen","description":"Deelen.lu \u2014 Luxembourg&#039;s peer-to-peer rental marketplace. Rent and lend items locally.","potentialAction":[{"@type":"SearchAction","target":{"@type":"EntryPoint","urlTemplate":"https:\/\/deelen.lu\/fr\/?s={search_term_string}"},"query-input":{"@type":"PropertyValueSpecification","valueRequired":true,"valueName":"search_term_string"}}],"inLanguage":"fr-FR"}]}},"_links":{"self":[{"href":"https:\/\/deelen.lu\/fr\/wp-json\/wp\/v2\/product\/1609","targetHints":{"allow":["GET"]}}],"collection":[{"href":"https:\/\/deelen.lu\/fr\/wp-json\/wp\/v2\/product"}],"about":[{"href":"https:\/\/deelen.lu\/fr\/wp-json\/wp\/v2\/types\/product"}],"replies":[{"embeddable":true,"href":"https:\/\/deelen.lu\/fr\/wp-json\/wp\/v2\/comments?post=1609"}],"wp:featuredmedia":[{"embeddable":true,"href":"https:\/\/deelen.lu\/fr\/wp-json\/wp\/v2\/media\/1630"}],"wp:attachment":[{"href":"https:\/\/deelen.lu\/fr\/wp-json\/wp\/v2\/media?parent=1609"}],"wp:term":[{"taxonomy":"product_brand","embeddable":true,"href":"https:\/\/deelen.lu\/fr\/wp-json\/wp\/v2\/product_brand?post=1609"},{"taxonomy":"product_cat","embeddable":true,"href":"https:\/\/deelen.lu\/fr\/wp-json\/wp\/v2\/product_cat?post=1609"},{"taxonomy":"product_tag","embeddable":true,"href":"https:\/\/deelen.lu\/fr\/wp-json\/wp\/v2\/product_tag?post=1609"}],"curies":[{"name":"wp","href":"https:\/\/api.w.org\/{rel}","templated":true}]}}