{"id":1611,"date":"2025-10-22T09:34:06","date_gmt":"2025-10-22T09:34:06","guid":{"rendered":"https:\/\/deelen.lu\/?post_type=product&#038;p=1611"},"modified":"2025-10-22T20:42:49","modified_gmt":"2025-10-22T20:42:49","slug":"halloween-fantome-veuve","status":"publish","type":"product","link":"https:\/\/deelen.lu\/fr\/product\/halloween-fantome-veuve\/","title":{"rendered":"HALLOWEEN Fant\u00f4me Veuve"},"content":{"rendered":"<p class=\"ds-markdown-paragraph\">D\u00e9guisement HALLOWEEN Fant\u00f4me Veuve - D\u00e2me Blanche<\/p>\n<p>Je loue ce super costume \"Ghost Town Black Widow\" de Smiffys, parfait pour Halloween ou une soir\u00e9e gothique !<\/p>\n<p class=\"ds-markdown-paragraph\">Avec son haut, sa longue jupe grise et noire et son chapeau assorti, il te transforme en une veuve fantomatique super \u00e9l\u00e9gante. J'ai ador\u00e9 le porter l'ann\u00e9e derni\u00e8re \u2014 il fait vraiment son effet sans \u00eatre trop compliqu\u00e9 \u00e0 porter !<\/p>\n<p class=\"ds-markdown-paragraph\">C'est un mod\u00e8le taille M pour femme, en polyester, donc confortable et facile \u00e0 entretenir. Tout est inclus, tu n'as rien \u00e0 ajouter !<\/p>\n<p class=\"ds-markdown-paragraph\">Si tu veux un look sombre et styl\u00e9 pour ton \u00e9v\u00e9nement, ce costume est fait pour toi ! Envoie-moi un message si \u00e7a te tente ou pour plus de d\u00e9tails.<\/p>\n<p>Halloween Costume Ghost Widow<\/p>\n<p class=\"ds-markdown-paragraph\">I'm renting out this awesome \"Ghost Town Black Widow\" costume from Smiffys, perfect for Halloween or a gothic-themed party!<\/p>\n<p class=\"ds-markdown-paragraph\">With its top, long grey and black skirt, and matching hat, it turns you into a really elegant ghostly widow. I loved wearing it last year - it really makes an impact without being too complicated to wear!<\/p>\n<p class=\"ds-markdown-paragraph\">It's a women's size M, made of polyester, so it's comfortable and easy to care for. Everything is included, you don't need to add anything!<\/p>\n<p class=\"ds-markdown-paragraph\">If you're looking for a dark and stylish look for your event, this costume is perfect for you! Send me a message if you're interested or want more details.<\/p>\n","protected":false},"excerpt":{"rendered":"<p>D\u00e9guisement HALLOWEEN Fant\u00f4me Veuve - D\u00e2me Blanche Je loue ce super costume \"Ghost Town Black Widow\" de Smiffys, parfait pour Halloween ou une soir\u00e9e gothique ! Avec son haut, sa longue jupe grise et noire et son chapeau assorti, il te transforme en une veuve fantomatique super \u00e9l\u00e9gante. J'ai ador\u00e9 le porter l'ann\u00e9e derni\u00e8re \u2014 [&hellip;]<\/p>\n","protected":false},"featured_media":1637,"comment_status":"open","ping_status":"closed","template":"","meta":{"_acf_changed":false,"inline_featured_image":false},"product_brand":[],"product_cat":[21,155,206,204],"product_tag":[],"class_list":{"0":"post-1611","1":"product","2":"type-product","3":"status-publish","4":"has-post-thumbnail","6":"product_cat-all","7":"product_cat-trending","8":"product_cat-costumes","9":"product_cat-fashion-and-accessories","11":"first","12":"instock","13":"shipping-taxable","14":"purchasable","15":"product-type-simple"},"acf":[],"yoast_head":"<!-- This site is optimized with the Yoast SEO plugin v27.2 - https:\/\/yoast.com\/product\/yoast-seo-wordpress\/ -->\n<title>HALLOWEEN Fant\u00f4me Veuve - Deelen<\/title>\n<meta name=\"robots\" content=\"index, follow, max-snippet:-1, max-image-preview:large, max-video-preview:-1\" \/>\n<link rel=\"canonical\" href=\"https:\/\/deelen.lu\/fr\/product\/halloween-fantome-veuve\/\" \/>\n<meta property=\"og:locale\" content=\"fr_FR\" \/>\n<meta property=\"og:type\" content=\"article\" \/>\n<meta property=\"og:title\" content=\"HALLOWEEN Fant\u00f4me Veuve - Deelen\" \/>\n<meta property=\"og:description\" content=\"D\u00e9guisement HALLOWEEN Fant\u00f4me Veuve - D\u00e2me Blanche Je loue ce super costume &quot;Ghost Town Black Widow&quot; de Smiffys, parfait pour Halloween ou une soir\u00e9e gothique ! Avec son haut, sa longue jupe grise et noire et son chapeau assorti, il te transforme en une veuve fantomatique super \u00e9l\u00e9gante. J&#039;ai ador\u00e9 le porter l&#039;ann\u00e9e derni\u00e8re \u2014 [&hellip;]\" \/>\n<meta property=\"og:url\" content=\"https:\/\/deelen.lu\/fr\/product\/halloween-fantome-veuve\/\" \/>\n<meta property=\"og:site_name\" content=\"Deelen\" \/>\n<meta property=\"article:modified_time\" content=\"2025-10-22T20:42:49+00:00\" \/>\n<meta property=\"og:image\" content=\"https:\/\/deelen.lu\/resources\/uploads\/2025\/10\/catrina.jpg\" \/>\n\t<meta property=\"og:image:width\" content=\"1181\" \/>\n\t<meta property=\"og:image:height\" content=\"1600\" \/>\n\t<meta property=\"og:image:type\" content=\"image\/jpeg\" \/>\n<meta name=\"twitter:card\" content=\"summary_large_image\" \/>\n<meta name=\"twitter:label1\" content=\"Dur\u00e9e de lecture estim\u00e9e\" \/>\n\t<meta name=\"twitter:data1\" content=\"2 minutes\" \/>\n<script type=\"application\/ld+json\" class=\"yoast-schema-graph\">{\"@context\":\"https:\/\/schema.org\",\"@graph\":[{\"@type\":\"WebPage\",\"@id\":\"https:\/\/deelen.lu\/fr\/product\/halloween-fantome-veuve\/\",\"url\":\"https:\/\/deelen.lu\/fr\/product\/halloween-fantome-veuve\/\",\"name\":\"HALLOWEEN Fant\u00f4me Veuve - Deelen\",\"isPartOf\":{\"@id\":\"https:\/\/deelen.lu\/fr\/#website\"},\"primaryImageOfPage\":{\"@id\":\"https:\/\/deelen.lu\/fr\/product\/halloween-fantome-veuve\/#primaryimage\"},\"image\":{\"@id\":\"https:\/\/deelen.lu\/fr\/product\/halloween-fantome-veuve\/#primaryimage\"},\"thumbnailUrl\":\"https:\/\/deelen.lu\/resources\/uploads\/2025\/10\/catrina.jpg\",\"datePublished\":\"2025-10-22T09:34:06+00:00\",\"dateModified\":\"2025-10-22T20:42:49+00:00\",\"breadcrumb\":{\"@id\":\"https:\/\/deelen.lu\/fr\/product\/halloween-fantome-veuve\/#breadcrumb\"},\"inLanguage\":\"fr-FR\",\"potentialAction\":[{\"@type\":\"ReadAction\",\"target\":[\"https:\/\/deelen.lu\/fr\/product\/halloween-fantome-veuve\/\"]}]},{\"@type\":\"ImageObject\",\"inLanguage\":\"fr-FR\",\"@id\":\"https:\/\/deelen.lu\/fr\/product\/halloween-fantome-veuve\/#primaryimage\",\"url\":\"https:\/\/deelen.lu\/resources\/uploads\/2025\/10\/catrina.jpg\",\"contentUrl\":\"https:\/\/deelen.lu\/resources\/uploads\/2025\/10\/catrina.jpg\",\"width\":1181,\"height\":1600},{\"@type\":\"BreadcrumbList\",\"@id\":\"https:\/\/deelen.lu\/fr\/product\/halloween-fantome-veuve\/#breadcrumb\",\"itemListElement\":[{\"@type\":\"ListItem\",\"position\":1,\"name\":\"Home\",\"item\":\"https:\/\/deelen.lu\/fr\/\"},{\"@type\":\"ListItem\",\"position\":2,\"name\":\"HALLOWEEN Fant\u00f4me Veuve\"}]},{\"@type\":\"WebSite\",\"@id\":\"https:\/\/deelen.lu\/fr\/#website\",\"url\":\"https:\/\/deelen.lu\/fr\/\",\"name\":\"Deelen\",\"description\":\"Deelen.lu \u2014 Luxembourg&#039;s peer-to-peer rental marketplace. Rent and lend items locally.\",\"potentialAction\":[{\"@type\":\"SearchAction\",\"target\":{\"@type\":\"EntryPoint\",\"urlTemplate\":\"https:\/\/deelen.lu\/fr\/?s={search_term_string}\"},\"query-input\":{\"@type\":\"PropertyValueSpecification\",\"valueRequired\":true,\"valueName\":\"search_term_string\"}}],\"inLanguage\":\"fr-FR\"}]}<\/script>\n<!-- \/ Yoast SEO plugin. -->","yoast_head_json":{"title":"HALLOWEEN Fant\u00f4me Veuve - Deelen","robots":{"index":"index","follow":"follow","max-snippet":"max-snippet:-1","max-image-preview":"max-image-preview:large","max-video-preview":"max-video-preview:-1"},"canonical":"https:\/\/deelen.lu\/fr\/product\/halloween-fantome-veuve\/","og_locale":"fr_FR","og_type":"article","og_title":"HALLOWEEN Fant\u00f4me Veuve - Deelen","og_description":"D\u00e9guisement HALLOWEEN Fant\u00f4me Veuve - D\u00e2me Blanche Je loue ce super costume \"Ghost Town Black Widow\" de Smiffys, parfait pour Halloween ou une soir\u00e9e gothique ! Avec son haut, sa longue jupe grise et noire et son chapeau assorti, il te transforme en une veuve fantomatique super \u00e9l\u00e9gante. J'ai ador\u00e9 le porter l'ann\u00e9e derni\u00e8re \u2014 [&hellip;]","og_url":"https:\/\/deelen.lu\/fr\/product\/halloween-fantome-veuve\/","og_site_name":"Deelen","article_modified_time":"2025-10-22T20:42:49+00:00","og_image":[{"width":1181,"height":1600,"url":"https:\/\/deelen.lu\/resources\/uploads\/2025\/10\/catrina.jpg","type":"image\/jpeg"}],"twitter_card":"summary_large_image","twitter_misc":{"Dur\u00e9e de lecture estim\u00e9e":"2 minutes"},"schema":{"@context":"https:\/\/schema.org","@graph":[{"@type":"WebPage","@id":"https:\/\/deelen.lu\/fr\/product\/halloween-fantome-veuve\/","url":"https:\/\/deelen.lu\/fr\/product\/halloween-fantome-veuve\/","name":"HALLOWEEN Fant\u00f4me Veuve - Deelen","isPartOf":{"@id":"https:\/\/deelen.lu\/fr\/#website"},"primaryImageOfPage":{"@id":"https:\/\/deelen.lu\/fr\/product\/halloween-fantome-veuve\/#primaryimage"},"image":{"@id":"https:\/\/deelen.lu\/fr\/product\/halloween-fantome-veuve\/#primaryimage"},"thumbnailUrl":"https:\/\/deelen.lu\/resources\/uploads\/2025\/10\/catrina.jpg","datePublished":"2025-10-22T09:34:06+00:00","dateModified":"2025-10-22T20:42:49+00:00","breadcrumb":{"@id":"https:\/\/deelen.lu\/fr\/product\/halloween-fantome-veuve\/#breadcrumb"},"inLanguage":"fr-FR","potentialAction":[{"@type":"ReadAction","target":["https:\/\/deelen.lu\/fr\/product\/halloween-fantome-veuve\/"]}]},{"@type":"ImageObject","inLanguage":"fr-FR","@id":"https:\/\/deelen.lu\/fr\/product\/halloween-fantome-veuve\/#primaryimage","url":"https:\/\/deelen.lu\/resources\/uploads\/2025\/10\/catrina.jpg","contentUrl":"https:\/\/deelen.lu\/resources\/uploads\/2025\/10\/catrina.jpg","width":1181,"height":1600},{"@type":"BreadcrumbList","@id":"https:\/\/deelen.lu\/fr\/product\/halloween-fantome-veuve\/#breadcrumb","itemListElement":[{"@type":"ListItem","position":1,"name":"Home","item":"https:\/\/deelen.lu\/fr\/"},{"@type":"ListItem","position":2,"name":"HALLOWEEN Fant\u00f4me Veuve"}]},{"@type":"WebSite","@id":"https:\/\/deelen.lu\/fr\/#website","url":"https:\/\/deelen.lu\/fr\/","name":"Deelen","description":"Deelen.lu \u2014 Luxembourg&#039;s peer-to-peer rental marketplace. Rent and lend items locally.","potentialAction":[{"@type":"SearchAction","target":{"@type":"EntryPoint","urlTemplate":"https:\/\/deelen.lu\/fr\/?s={search_term_string}"},"query-input":{"@type":"PropertyValueSpecification","valueRequired":true,"valueName":"search_term_string"}}],"inLanguage":"fr-FR"}]}},"_links":{"self":[{"href":"https:\/\/deelen.lu\/fr\/wp-json\/wp\/v2\/product\/1611","targetHints":{"allow":["GET"]}}],"collection":[{"href":"https:\/\/deelen.lu\/fr\/wp-json\/wp\/v2\/product"}],"about":[{"href":"https:\/\/deelen.lu\/fr\/wp-json\/wp\/v2\/types\/product"}],"replies":[{"embeddable":true,"href":"https:\/\/deelen.lu\/fr\/wp-json\/wp\/v2\/comments?post=1611"}],"wp:featuredmedia":[{"embeddable":true,"href":"https:\/\/deelen.lu\/fr\/wp-json\/wp\/v2\/media\/1637"}],"wp:attachment":[{"href":"https:\/\/deelen.lu\/fr\/wp-json\/wp\/v2\/media?parent=1611"}],"wp:term":[{"taxonomy":"product_brand","embeddable":true,"href":"https:\/\/deelen.lu\/fr\/wp-json\/wp\/v2\/product_brand?post=1611"},{"taxonomy":"product_cat","embeddable":true,"href":"https:\/\/deelen.lu\/fr\/wp-json\/wp\/v2\/product_cat?post=1611"},{"taxonomy":"product_tag","embeddable":true,"href":"https:\/\/deelen.lu\/fr\/wp-json\/wp\/v2\/product_tag?post=1611"}],"curies":[{"name":"wp","href":"https:\/\/api.w.org\/{rel}","templated":true}]}}