{"id":1660,"date":"2025-12-16T16:57:35","date_gmt":"2025-12-16T16:57:35","guid":{"rendered":"https:\/\/deelen.lu\/?post_type=product&#038;p=1660"},"modified":"2026-01-07T19:01:08","modified_gmt":"2026-01-07T19:01:08","slug":"deco-rennes-noel-christmas-reindeer-decor","status":"publish","type":"product","link":"https:\/\/deelen.lu\/fr\/product\/deco-rennes-noel-christmas-reindeer-decor\/","title":{"rendered":"D\u00e9co Rennes No\u00ebl - Christmas Reindeer D\u00e9cor"},"content":{"rendered":"<p><img loading=\"lazy\" decoding=\"async\" class=\"alignnone size-medium wp-image-1674\" src=\"https:\/\/deelen.lu\/resources\/uploads\/2025\/12\/image-5-300x300.png\" alt=\"\" width=\"300\" height=\"300\" srcset=\"https:\/\/deelen.lu\/resources\/uploads\/2025\/12\/image-5-300x300.png 300w, https:\/\/deelen.lu\/resources\/uploads\/2025\/12\/image-5-150x150.png 150w, https:\/\/deelen.lu\/resources\/uploads\/2025\/12\/image-5-768x768.png 768w, https:\/\/deelen.lu\/resources\/uploads\/2025\/12\/image-5-600x600.png 600w, https:\/\/deelen.lu\/resources\/uploads\/2025\/12\/image-5-100x100.png 100w, https:\/\/deelen.lu\/resources\/uploads\/2025\/12\/image-5.png 1024w\" sizes=\"auto, (max-width: 300px) 100vw, 300px\" \/> <img loading=\"lazy\" decoding=\"async\" class=\"alignnone size-medium wp-image-1676\" src=\"https:\/\/deelen.lu\/resources\/uploads\/2025\/12\/image-4-143x300.png\" alt=\"\" width=\"143\" height=\"300\" srcset=\"https:\/\/deelen.lu\/resources\/uploads\/2025\/12\/image-4-143x300.png 143w, https:\/\/deelen.lu\/resources\/uploads\/2025\/12\/image-4.png 469w\" sizes=\"auto, (max-width: 143px) 100vw, 143px\" \/> <img loading=\"lazy\" decoding=\"async\" class=\"alignnone size-medium wp-image-1678\" src=\"https:\/\/deelen.lu\/resources\/uploads\/2025\/12\/image-3-300x300.png\" alt=\"\" width=\"300\" height=\"300\" srcset=\"https:\/\/deelen.lu\/resources\/uploads\/2025\/12\/image-3-300x300.png 300w, https:\/\/deelen.lu\/resources\/uploads\/2025\/12\/image-3-150x150.png 150w, https:\/\/deelen.lu\/resources\/uploads\/2025\/12\/image-3-100x100.png 100w, https:\/\/deelen.lu\/resources\/uploads\/2025\/12\/image-3.png 569w\" sizes=\"auto, (max-width: 300px) 100vw, 300px\" \/><br \/>\nDescription du produit<br \/>\nCr\u00e9ez une superbe disposition dans votre jardin ou votre maison pour ce No\u00ebl avec ces magnifiques d\u00e9corations de rennes !<\/p>\n<p>Mat\u00e9riau r\u00e9sistant aux intemp\u00e9ries : ces rennes \u00e9clair\u00e9es sont fabriqu\u00e9es en acrylique et peuvent r\u00e9sister \u00e0 l'humidit\u00e9 et \u00e0 la pluie. Ils sont \u00e9galement faciles \u00e0 nettoyer avec un chiffon humide lorsque n\u00e9cessaire.<br \/>\nLED \u00e0 \u00e9conomie d'\u00e9nergie : ces rennes lumineuses sont pr\u00e9-\u00e9clair\u00e9es avec 140 lumi\u00e8res LED \u00e0 faible consommation d'\u00e9nergie et de longue dur\u00e9e.<br \/>\nEffets color\u00e9s d'\u00e9clairage : ces d\u00e9corations de No\u00ebl sont con\u00e7ues avec 8 effets d'\u00e9clairage diff\u00e9rents : mode combin\u00e9, vagues, mode s\u00e9quentiel, mode d'\u00e9clairage lent, clignotant, mode de fondu lent, scintillement et \u00e9clairage continu qui illuminent magnifiquement et cr\u00e9ent une atmosph\u00e8re magique pendant les vacances de No\u00ebl.<br \/>\nRemarque :<\/p>\n<p>Le port USB inclus n'est pas \u00e9tanche, donc cette partie doit \u00e9viter tout contact avec l'eau. Cependant, gr\u00e2ce au cordon d'extension, la d\u00e9coration de No\u00ebl peut \u00eatre utilis\u00e9e \u00e0 l'ext\u00e9rieur, car le c\u00e2ble et le produit sont \u00e9tanches.<br \/>\nCe produit est \u00e9quip\u00e9 d'un connecteur USB, mais la source d'alimentation 5V n'est pas incluse.<\/p>\n<p>Couleur de la lumi\u00e8re : blanc froid.<br \/>\nMat\u00e9riau : acrylique.<br \/>\nDimensions : 70 x 41 x 120 cm (L x P x H).<br \/>\nLongueur du c\u00e2ble : 5 m<br \/>\nNombre de LED : 140.<br \/>\n8 modes d'\u00e9clairage.<br \/>\nAvec un c\u00e2ble d'extension de 5 m<br \/>\nAvec connexion USB<br \/>\nConvient aussi bien pour une utilisation en int\u00e9rieur qu'en ext\u00e9rieur.<br \/>\nContenu de la livraison :<br \/>\n3 d\u00e9corations de No\u00ebl en forme de rennes<\/p>\n<p class=\"ds-markdown-paragraph\"><strong>Christmas Reindeer D\u00e9cor<\/strong><\/p>\n<p class=\"ds-markdown-paragraph\">Product Description<br \/>\nCreate a stunning display in your garden or home this Christmas with these beautiful reindeer decorations!<\/p>\n<p class=\"ds-markdown-paragraph\">Weather-Resistant Material: These lighted reindeer are made from acrylic and can withstand humidity and rain. They are also easy to clean with a damp cloth when needed.<br \/>\nEnergy-Efficient LED: These lighted reindeer come pre-lit with 140 long-lasting, low-energy LED lights.<br \/>\nColorful Lighting Effects: These Christmas decorations feature 8 different lighting modes: combination mode, waves, sequential mode, slow glow, flashing, slow fade, twinkling, and steady lighting\u2014each beautifully illuminating and creating a magical holiday atmosphere.<\/p>\n<p class=\"ds-markdown-paragraph\">Note:<br \/>\nThe included USB port is not waterproof, so this part must avoid contact with water. However, thanks to the extension cord, the Christmas decoration can be used outdoors, as the cable and product itself are waterproof.<br \/>\nThis product comes with a USB connector, but the 5V power source is not included.<\/p>\n<p class=\"ds-markdown-paragraph\">Light Color: Cool white<br \/>\nMaterial: Acrylic<br \/>\nDimensions: 70 x 41 x 120 cm (L x W x H)<br \/>\nCable Length: 5 m<br \/>\nNumber of LEDs: 140<br \/>\n8 Lighting Modes<br \/>\nIncludes a 5 m extension cable<br \/>\nUSB Connection<br \/>\nSuitable for both indoor and outdoor use<br \/>\nPackage Includes:<br \/>\n3 Reindeer-shaped Christmas decorations<\/p>\n","protected":false},"excerpt":{"rendered":"<p>Description du produit Cr\u00e9ez une superbe disposition dans votre jardin ou votre maison pour ce No\u00ebl avec ces magnifiques d\u00e9corations de rennes ! Mat\u00e9riau r\u00e9sistant aux intemp\u00e9ries : ces rennes \u00e9clair\u00e9es sont fabriqu\u00e9es en acrylique et peuvent r\u00e9sister \u00e0 l'humidit\u00e9 et \u00e0 la pluie. Ils sont \u00e9galement faciles \u00e0 nettoyer avec un chiffon humide lorsque [&hellip;]<\/p>\n","protected":false},"featured_media":1678,"comment_status":"open","ping_status":"closed","template":"","meta":{"_acf_changed":false,"inline_featured_image":false},"product_brand":[],"product_cat":[21,230,158,166,161],"product_tag":[],"class_list":{"0":"post-1660","1":"product","2":"type-product","3":"status-publish","4":"has-post-thumbnail","6":"product_cat-all","7":"product_cat-christmas","8":"product_cat-home-and-garden","9":"product_cat-decoration-vases-pictures-etc","10":"product_cat-furniture-indoor-outdoor","12":"first","13":"instock","14":"shipping-taxable","15":"purchasable","16":"product-type-simple"},"acf":[],"yoast_head":"<!-- This site is optimized with the Yoast SEO plugin v27.2 - https:\/\/yoast.com\/product\/yoast-seo-wordpress\/ -->\n<title>D\u00e9co Rennes No\u00ebl - Christmas Reindeer D\u00e9cor - Deelen<\/title>\n<meta name=\"robots\" content=\"index, follow, max-snippet:-1, max-image-preview:large, max-video-preview:-1\" \/>\n<link rel=\"canonical\" href=\"https:\/\/deelen.lu\/fr\/product\/deco-rennes-noel-christmas-reindeer-decor\/\" \/>\n<meta property=\"og:locale\" content=\"fr_FR\" \/>\n<meta property=\"og:type\" content=\"article\" \/>\n<meta property=\"og:title\" content=\"D\u00e9co Rennes No\u00ebl - Christmas Reindeer D\u00e9cor - Deelen\" \/>\n<meta property=\"og:description\" content=\"Description du produit Cr\u00e9ez une superbe disposition dans votre jardin ou votre maison pour ce No\u00ebl avec ces magnifiques d\u00e9corations de rennes ! Mat\u00e9riau r\u00e9sistant aux intemp\u00e9ries : ces rennes \u00e9clair\u00e9es sont fabriqu\u00e9es en acrylique et peuvent r\u00e9sister \u00e0 l&#039;humidit\u00e9 et \u00e0 la pluie. Ils sont \u00e9galement faciles \u00e0 nettoyer avec un chiffon humide lorsque [&hellip;]\" \/>\n<meta property=\"og:url\" content=\"https:\/\/deelen.lu\/fr\/product\/deco-rennes-noel-christmas-reindeer-decor\/\" \/>\n<meta property=\"og:site_name\" content=\"Deelen\" \/>\n<meta property=\"article:modified_time\" content=\"2026-01-07T19:01:08+00:00\" \/>\n<meta property=\"og:image\" content=\"https:\/\/deelen.lu\/resources\/uploads\/2025\/12\/image-3.png\" \/>\n\t<meta property=\"og:image:width\" content=\"569\" \/>\n\t<meta property=\"og:image:height\" content=\"569\" \/>\n\t<meta property=\"og:image:type\" content=\"image\/png\" \/>\n<meta name=\"twitter:card\" content=\"summary_large_image\" \/>\n<meta name=\"twitter:label1\" content=\"Dur\u00e9e de lecture estim\u00e9e\" \/>\n\t<meta name=\"twitter:data1\" content=\"3 minutes\" \/>\n<script type=\"application\/ld+json\" class=\"yoast-schema-graph\">{\"@context\":\"https:\/\/schema.org\",\"@graph\":[{\"@type\":\"WebPage\",\"@id\":\"https:\/\/deelen.lu\/fr\/product\/deco-rennes-noel-christmas-reindeer-decor\/\",\"url\":\"https:\/\/deelen.lu\/fr\/product\/deco-rennes-noel-christmas-reindeer-decor\/\",\"name\":\"D\u00e9co Rennes No\u00ebl - Christmas Reindeer D\u00e9cor - Deelen\",\"isPartOf\":{\"@id\":\"https:\/\/deelen.lu\/fr\/#website\"},\"primaryImageOfPage\":{\"@id\":\"https:\/\/deelen.lu\/fr\/product\/deco-rennes-noel-christmas-reindeer-decor\/#primaryimage\"},\"image\":{\"@id\":\"https:\/\/deelen.lu\/fr\/product\/deco-rennes-noel-christmas-reindeer-decor\/#primaryimage\"},\"thumbnailUrl\":\"https:\/\/deelen.lu\/resources\/uploads\/2025\/12\/image-3.png\",\"datePublished\":\"2025-12-16T16:57:35+00:00\",\"dateModified\":\"2026-01-07T19:01:08+00:00\",\"breadcrumb\":{\"@id\":\"https:\/\/deelen.lu\/fr\/product\/deco-rennes-noel-christmas-reindeer-decor\/#breadcrumb\"},\"inLanguage\":\"fr-FR\",\"potentialAction\":[{\"@type\":\"ReadAction\",\"target\":[\"https:\/\/deelen.lu\/fr\/product\/deco-rennes-noel-christmas-reindeer-decor\/\"]}]},{\"@type\":\"ImageObject\",\"inLanguage\":\"fr-FR\",\"@id\":\"https:\/\/deelen.lu\/fr\/product\/deco-rennes-noel-christmas-reindeer-decor\/#primaryimage\",\"url\":\"https:\/\/deelen.lu\/resources\/uploads\/2025\/12\/image-3.png\",\"contentUrl\":\"https:\/\/deelen.lu\/resources\/uploads\/2025\/12\/image-3.png\",\"width\":569,\"height\":569},{\"@type\":\"BreadcrumbList\",\"@id\":\"https:\/\/deelen.lu\/fr\/product\/deco-rennes-noel-christmas-reindeer-decor\/#breadcrumb\",\"itemListElement\":[{\"@type\":\"ListItem\",\"position\":1,\"name\":\"Home\",\"item\":\"https:\/\/deelen.lu\/fr\/\"},{\"@type\":\"ListItem\",\"position\":2,\"name\":\"D\u00e9co Rennes No\u00ebl &#8211; Christmas Reindeer D\u00e9cor\"}]},{\"@type\":\"WebSite\",\"@id\":\"https:\/\/deelen.lu\/fr\/#website\",\"url\":\"https:\/\/deelen.lu\/fr\/\",\"name\":\"Deelen\",\"description\":\"Deelen.lu \u2014 Luxembourg&#039;s peer-to-peer rental marketplace. Rent and lend items locally.\",\"potentialAction\":[{\"@type\":\"SearchAction\",\"target\":{\"@type\":\"EntryPoint\",\"urlTemplate\":\"https:\/\/deelen.lu\/fr\/?s={search_term_string}\"},\"query-input\":{\"@type\":\"PropertyValueSpecification\",\"valueRequired\":true,\"valueName\":\"search_term_string\"}}],\"inLanguage\":\"fr-FR\"}]}<\/script>\n<!-- \/ Yoast SEO plugin. -->","yoast_head_json":{"title":"D\u00e9co Rennes No\u00ebl - Christmas Reindeer D\u00e9cor - Deelen","robots":{"index":"index","follow":"follow","max-snippet":"max-snippet:-1","max-image-preview":"max-image-preview:large","max-video-preview":"max-video-preview:-1"},"canonical":"https:\/\/deelen.lu\/fr\/product\/deco-rennes-noel-christmas-reindeer-decor\/","og_locale":"fr_FR","og_type":"article","og_title":"D\u00e9co Rennes No\u00ebl - Christmas Reindeer D\u00e9cor - Deelen","og_description":"Description du produit Cr\u00e9ez une superbe disposition dans votre jardin ou votre maison pour ce No\u00ebl avec ces magnifiques d\u00e9corations de rennes ! Mat\u00e9riau r\u00e9sistant aux intemp\u00e9ries : ces rennes \u00e9clair\u00e9es sont fabriqu\u00e9es en acrylique et peuvent r\u00e9sister \u00e0 l'humidit\u00e9 et \u00e0 la pluie. Ils sont \u00e9galement faciles \u00e0 nettoyer avec un chiffon humide lorsque [&hellip;]","og_url":"https:\/\/deelen.lu\/fr\/product\/deco-rennes-noel-christmas-reindeer-decor\/","og_site_name":"Deelen","article_modified_time":"2026-01-07T19:01:08+00:00","og_image":[{"width":569,"height":569,"url":"https:\/\/deelen.lu\/resources\/uploads\/2025\/12\/image-3.png","type":"image\/png"}],"twitter_card":"summary_large_image","twitter_misc":{"Dur\u00e9e de lecture estim\u00e9e":"3 minutes"},"schema":{"@context":"https:\/\/schema.org","@graph":[{"@type":"WebPage","@id":"https:\/\/deelen.lu\/fr\/product\/deco-rennes-noel-christmas-reindeer-decor\/","url":"https:\/\/deelen.lu\/fr\/product\/deco-rennes-noel-christmas-reindeer-decor\/","name":"D\u00e9co Rennes No\u00ebl - Christmas Reindeer D\u00e9cor - Deelen","isPartOf":{"@id":"https:\/\/deelen.lu\/fr\/#website"},"primaryImageOfPage":{"@id":"https:\/\/deelen.lu\/fr\/product\/deco-rennes-noel-christmas-reindeer-decor\/#primaryimage"},"image":{"@id":"https:\/\/deelen.lu\/fr\/product\/deco-rennes-noel-christmas-reindeer-decor\/#primaryimage"},"thumbnailUrl":"https:\/\/deelen.lu\/resources\/uploads\/2025\/12\/image-3.png","datePublished":"2025-12-16T16:57:35+00:00","dateModified":"2026-01-07T19:01:08+00:00","breadcrumb":{"@id":"https:\/\/deelen.lu\/fr\/product\/deco-rennes-noel-christmas-reindeer-decor\/#breadcrumb"},"inLanguage":"fr-FR","potentialAction":[{"@type":"ReadAction","target":["https:\/\/deelen.lu\/fr\/product\/deco-rennes-noel-christmas-reindeer-decor\/"]}]},{"@type":"ImageObject","inLanguage":"fr-FR","@id":"https:\/\/deelen.lu\/fr\/product\/deco-rennes-noel-christmas-reindeer-decor\/#primaryimage","url":"https:\/\/deelen.lu\/resources\/uploads\/2025\/12\/image-3.png","contentUrl":"https:\/\/deelen.lu\/resources\/uploads\/2025\/12\/image-3.png","width":569,"height":569},{"@type":"BreadcrumbList","@id":"https:\/\/deelen.lu\/fr\/product\/deco-rennes-noel-christmas-reindeer-decor\/#breadcrumb","itemListElement":[{"@type":"ListItem","position":1,"name":"Home","item":"https:\/\/deelen.lu\/fr\/"},{"@type":"ListItem","position":2,"name":"D\u00e9co Rennes No\u00ebl &#8211; Christmas Reindeer D\u00e9cor"}]},{"@type":"WebSite","@id":"https:\/\/deelen.lu\/fr\/#website","url":"https:\/\/deelen.lu\/fr\/","name":"Deelen","description":"Deelen.lu \u2014 Luxembourg&#039;s peer-to-peer rental marketplace. Rent and lend items locally.","potentialAction":[{"@type":"SearchAction","target":{"@type":"EntryPoint","urlTemplate":"https:\/\/deelen.lu\/fr\/?s={search_term_string}"},"query-input":{"@type":"PropertyValueSpecification","valueRequired":true,"valueName":"search_term_string"}}],"inLanguage":"fr-FR"}]}},"_links":{"self":[{"href":"https:\/\/deelen.lu\/fr\/wp-json\/wp\/v2\/product\/1660","targetHints":{"allow":["GET"]}}],"collection":[{"href":"https:\/\/deelen.lu\/fr\/wp-json\/wp\/v2\/product"}],"about":[{"href":"https:\/\/deelen.lu\/fr\/wp-json\/wp\/v2\/types\/product"}],"replies":[{"embeddable":true,"href":"https:\/\/deelen.lu\/fr\/wp-json\/wp\/v2\/comments?post=1660"}],"wp:featuredmedia":[{"embeddable":true,"href":"https:\/\/deelen.lu\/fr\/wp-json\/wp\/v2\/media\/1678"}],"wp:attachment":[{"href":"https:\/\/deelen.lu\/fr\/wp-json\/wp\/v2\/media?parent=1660"}],"wp:term":[{"taxonomy":"product_brand","embeddable":true,"href":"https:\/\/deelen.lu\/fr\/wp-json\/wp\/v2\/product_brand?post=1660"},{"taxonomy":"product_cat","embeddable":true,"href":"https:\/\/deelen.lu\/fr\/wp-json\/wp\/v2\/product_cat?post=1660"},{"taxonomy":"product_tag","embeddable":true,"href":"https:\/\/deelen.lu\/fr\/wp-json\/wp\/v2\/product_tag?post=1660"}],"curies":[{"name":"wp","href":"https:\/\/api.w.org\/{rel}","templated":true}]}}