{"id":1663,"date":"2025-12-16T17:23:54","date_gmt":"2025-12-16T17:23:54","guid":{"rendered":"https:\/\/deelen.lu\/?post_type=product&#038;p=1663"},"modified":"2026-01-07T19:02:35","modified_gmt":"2026-01-07T19:02:35","slug":"chauffe-bottes-snowpea-boot-dryer-hot-air","status":"publish","type":"product","link":"https:\/\/deelen.lu\/fr\/product\/chauffe-bottes-snowpea-boot-dryer-hot-air\/","title":{"rendered":"Chauffe bottes  - Snowpea Boot Dryer Hot Air"},"content":{"rendered":"<p><img loading=\"lazy\" decoding=\"async\" class=\"alignnone size-medium wp-image-1680\" src=\"https:\/\/deelen.lu\/resources\/uploads\/2025\/12\/image-9-257x300.png\" alt=\"\" width=\"257\" height=\"300\" srcset=\"https:\/\/deelen.lu\/resources\/uploads\/2025\/12\/image-9-257x300.png 257w, https:\/\/deelen.lu\/resources\/uploads\/2025\/12\/image-9-878x1024.png 878w, https:\/\/deelen.lu\/resources\/uploads\/2025\/12\/image-9-768x896.png 768w, https:\/\/deelen.lu\/resources\/uploads\/2025\/12\/image-9-600x700.png 600w, https:\/\/deelen.lu\/resources\/uploads\/2025\/12\/image-9.png 1200w\" sizes=\"auto, (max-width: 257px) 100vw, 257px\" \/> <img loading=\"lazy\" decoding=\"async\" class=\"alignnone size-medium wp-image-1682\" src=\"https:\/\/deelen.lu\/resources\/uploads\/2025\/12\/image-8-257x300.png\" alt=\"\" width=\"257\" height=\"300\" srcset=\"https:\/\/deelen.lu\/resources\/uploads\/2025\/12\/image-8-257x300.png 257w, https:\/\/deelen.lu\/resources\/uploads\/2025\/12\/image-8-878x1024.png 878w, https:\/\/deelen.lu\/resources\/uploads\/2025\/12\/image-8-768x896.png 768w, https:\/\/deelen.lu\/resources\/uploads\/2025\/12\/image-8-600x700.png 600w, https:\/\/deelen.lu\/resources\/uploads\/2025\/12\/image-8.png 1200w\" sizes=\"auto, (max-width: 257px) 100vw, 257px\" \/> <img loading=\"lazy\" decoding=\"async\" class=\"alignnone size-medium wp-image-1684\" src=\"https:\/\/deelen.lu\/resources\/uploads\/2025\/12\/image-7-257x300.png\" alt=\"\" width=\"257\" height=\"300\" srcset=\"https:\/\/deelen.lu\/resources\/uploads\/2025\/12\/image-7-257x300.png 257w, https:\/\/deelen.lu\/resources\/uploads\/2025\/12\/image-7-878x1024.png 878w, https:\/\/deelen.lu\/resources\/uploads\/2025\/12\/image-7-768x896.png 768w, https:\/\/deelen.lu\/resources\/uploads\/2025\/12\/image-7-600x700.png 600w, https:\/\/deelen.lu\/resources\/uploads\/2025\/12\/image-7.png 1200w\" sizes=\"auto, (max-width: 257px) 100vw, 257px\" \/> <img loading=\"lazy\" decoding=\"async\" class=\"alignnone size-medium wp-image-1686\" src=\"https:\/\/deelen.lu\/resources\/uploads\/2025\/12\/image-6-287x300.png\" alt=\"\" width=\"287\" height=\"300\" srcset=\"https:\/\/deelen.lu\/resources\/uploads\/2025\/12\/image-6-287x300.png 287w, https:\/\/deelen.lu\/resources\/uploads\/2025\/12\/image-6-978x1024.png 978w, https:\/\/deelen.lu\/resources\/uploads\/2025\/12\/image-6-768x804.png 768w, https:\/\/deelen.lu\/resources\/uploads\/2025\/12\/image-6-600x628.png 600w, https:\/\/deelen.lu\/resources\/uploads\/2025\/12\/image-6.png 1200w\" sizes=\"auto, (max-width: 287px) 100vw, 287px\" \/><\/p>\n<p>Le Snowpea Boot Dryer Hot Air a deux tuyaux qui peuvent souffler de l'air chaud (environ 60\u2103\/140\u2109) dans vos chaussures. Les tuyaux sont extensibles jusqu'\u00e0 30 cm pour s'adapter \u00e0 diff\u00e9rentes tailles de chaussures et de gants. La longueur du c\u00e2ble est de 1,6 m\/5,3 pieds, ce qui est assez long pour la plupart des prises.<\/p>\n<p>Le s\u00e8che-chaussures \u00e9lectrique \u00e0 air chaud Snowpea convient \u00e0 tous les types de chaussures, de bottes et de gants, tels que les chaussures de sport, les chaussures en cuir, les bottes de neige, les chaussures de ski, les gants de boxe, etc. Il peut les s\u00e9cher et les r\u00e9chauffer plus efficacement (par 3 fois) que les s\u00e8che-chaussures ordinaires.<br \/>\nVous pouvez r\u00e9gler la minuterie sur 3, 6 ou 9 heures selon le mat\u00e9riau et l'\u00e9paisseur de vos chaussures ou bottes. L'appareil s'\u00e9teint automatiquement lorsque le temps est \u00e9coul\u00e9, ce qui permet d'\u00e9conomiser de l'\u00e9nergie et d'\u00e9viter la surchauffe.<\/p>\n<p>Le s\u00e8che-chaussures \u00e9lectrique \u00e0 air chaud Snowpea est \u00e9galement compact et portable. Il mesure 16 x 11 x 6 cm lorsqu'il est emball\u00e9, vous pouvez donc facilement l'emporter avec vous lors de vos voyages, voyages de ski, randonn\u00e9es ou voyages d'affaires.<br \/>\nRemarque : Vous remarquerez peut-\u00eatre une petite odeur de plastique lors de la premi\u00e8re utilisation de l'appareil, mais elle s'estompera apr\u00e8s quelques utilisations. Il n'est pas nocif pour votre sant\u00e9.<\/p>\n<p>Tension : 220-240 V\/50-60 Hz, Puissance : 95 W, Prise : Prise UE<br \/>\nCouleur \u200eRose clair<br \/>\nTaille \u200eTaille unique<br \/>\nStyle \u200eS\u00e8che-chaussures<br \/>\nType de mat\u00e9riau \u200eAcrylonitrile butadi\u00e8ne styr\u00e8ne<br \/>\nSource d'\u00e9nergie \u200eC\u00e2ble \u00e9lectrique<br \/>\nComposants inclus \u200eManuel de l'Utilisateur, C\u00e2ble<br \/>\nPiles incluses ? \u200eNon<br \/>\nMarque \u200eSnowpea<br \/>\nService \u200eMixte<br \/>\nFabricant \u200eSnowpea<br \/>\nNum\u00e9ro du mod\u00e8le de l'article \u200eDSHJ-S-2110<br \/>\nDimensions du produit (L x l x h) \u200e17 x 6,5 x 3 cm; 520 grammes<br \/>\nASIN \u200eB0C6KB8Q1X<\/p>\n<p class=\"ds-markdown-paragraph\"><strong>Snowpea Boot Dryer Hot Air<\/strong><\/p>\n<p class=\"ds-markdown-paragraph\">The Snowpea Boot Dryer Hot Air features two tubes that blow warm air (approximately 60\u00b0C\/140\u00b0F) into your shoes. The tubes are extendable up to 30 cm to accommodate different shoe and glove sizes. With a cable length of 1.6 m\/5.3 ft, it easily reaches most power outlets.<\/p>\n<p class=\"ds-markdown-paragraph\">This electric hot air boot dryer is suitable for all types of shoes, boots, and gloves, including sneakers, leather shoes, snow boots, ski boots, boxing gloves, and more. It dries and warms footwear up to three times more effectively than ordinary dryers.<\/p>\n<p class=\"ds-markdown-paragraph\">You can set the timer to 3, 6, or 9 hours based on the material and thickness of your shoes or boots. The device automatically turns off once the time elapses, saving energy and preventing overheating.<\/p>\n<p class=\"ds-markdown-paragraph\">The Snowpea Boot Dryer Hot Air is also compact and portable. Measuring 16 x 11 x 6 cm when packed, you can easily take it with you on trips, ski vacations, hikes, or business travels.<\/p>\n<p class=\"ds-markdown-paragraph\"><strong>Note:<\/strong>\u00a0You may notice a slight plastic smell during the first use of the device, but this will fade after several uses and is not harmful to your health.<\/p>\n<ul>\n<li>\n<p class=\"ds-markdown-paragraph\">Voltage: 220\u2013240 V \/ 50\u201360 Hz<\/p>\n<\/li>\n<li>\n<p class=\"ds-markdown-paragraph\">Power: 95 W<\/p>\n<\/li>\n<li>\n<p class=\"ds-markdown-paragraph\">Plug Type: EU Plug<\/p>\n<\/li>\n<li>\n<p class=\"ds-markdown-paragraph\">Color: Light Pink<\/p>\n<\/li>\n<li>\n<p class=\"ds-markdown-paragraph\">Size: One Size<\/p>\n<\/li>\n<li>\n<p class=\"ds-markdown-paragraph\">Style: Boot Dryer<\/p>\n<\/li>\n<li>\n<p class=\"ds-markdown-paragraph\">Material: Acrylonitrile Butadiene Styrene (ABS)<\/p>\n<\/li>\n<li>\n<p class=\"ds-markdown-paragraph\">Power Source: Cable<\/p>\n<\/li>\n<li>\n<p class=\"ds-markdown-paragraph\">Included Components: User Manual, Cable<\/p>\n<\/li>\n<li>\n<p class=\"ds-markdown-paragraph\">Batteries Included: No<\/p>\n<\/li>\n<li>\n<p class=\"ds-markdown-paragraph\">Brand: Snowpea<\/p>\n<\/li>\n<li>\n<p class=\"ds-markdown-paragraph\">Service: Mixed<\/p>\n<\/li>\n<li>\n<p class=\"ds-markdown-paragraph\">Manufacturer: Snowpea<\/p>\n<\/li>\n<li>\n<p class=\"ds-markdown-paragraph\">Model Number: DSHJ-S-2110<\/p>\n<\/li>\n<li>\n<p class=\"ds-markdown-paragraph\">Product Dimensions (L x W x H): 17 x 6.5 x 3 cm; 520 grams<\/p>\n<\/li>\n<li>\n<p class=\"ds-markdown-paragraph\">ASIN: B0C6KB8Q1X<\/p>\n<\/li>\n<\/ul>\n","protected":false},"excerpt":{"rendered":"<p>Le Snowpea Boot Dryer Hot Air a deux tuyaux qui peuvent souffler de l'air chaud (environ 60\u2103\/140\u2109) dans vos chaussures. Les tuyaux sont extensibles jusqu'\u00e0 30 cm pour s'adapter \u00e0 diff\u00e9rentes tailles de chaussures et de gants. La longueur du c\u00e2ble est de 1,6 m\/5,3 pieds, ce qui est assez long pour la plupart des [&hellip;]<\/p>\n","protected":false},"featured_media":1680,"comment_status":"open","ping_status":"closed","template":"","meta":{"_acf_changed":false,"inline_featured_image":false},"product_brand":[],"product_cat":[21,230,172],"product_tag":[],"class_list":{"0":"post-1663","1":"product","2":"type-product","3":"status-publish","4":"has-post-thumbnail","6":"product_cat-all","7":"product_cat-christmas","8":"product_cat-electronics","10":"first","11":"instock","12":"shipping-taxable","13":"purchasable","14":"product-type-simple"},"acf":[],"yoast_head":"<!-- This site is optimized with the Yoast SEO plugin v27.2 - https:\/\/yoast.com\/product\/yoast-seo-wordpress\/ -->\n<title>Chauffe bottes - Snowpea Boot Dryer Hot Air - Deelen<\/title>\n<meta name=\"robots\" content=\"index, follow, max-snippet:-1, max-image-preview:large, max-video-preview:-1\" \/>\n<link rel=\"canonical\" href=\"https:\/\/deelen.lu\/fr\/product\/chauffe-bottes-snowpea-boot-dryer-hot-air\/\" \/>\n<meta property=\"og:locale\" content=\"fr_FR\" \/>\n<meta property=\"og:type\" content=\"article\" \/>\n<meta property=\"og:title\" content=\"Chauffe bottes - Snowpea Boot Dryer Hot Air - Deelen\" \/>\n<meta property=\"og:description\" content=\"Le Snowpea Boot Dryer Hot Air a deux tuyaux qui peuvent souffler de l&#039;air chaud (environ 60\u2103\/140\u2109) dans vos chaussures. Les tuyaux sont extensibles jusqu&#039;\u00e0 30 cm pour s&#039;adapter \u00e0 diff\u00e9rentes tailles de chaussures et de gants. La longueur du c\u00e2ble est de 1,6 m\/5,3 pieds, ce qui est assez long pour la plupart des [&hellip;]\" \/>\n<meta property=\"og:url\" content=\"https:\/\/deelen.lu\/fr\/product\/chauffe-bottes-snowpea-boot-dryer-hot-air\/\" \/>\n<meta property=\"og:site_name\" content=\"Deelen\" \/>\n<meta property=\"article:modified_time\" content=\"2026-01-07T19:02:35+00:00\" \/>\n<meta property=\"og:image\" content=\"https:\/\/deelen.lu\/resources\/uploads\/2025\/12\/image-9-878x1024.png\" \/>\n\t<meta property=\"og:image:width\" content=\"878\" \/>\n\t<meta property=\"og:image:height\" content=\"1024\" \/>\n\t<meta property=\"og:image:type\" content=\"image\/png\" \/>\n<meta name=\"twitter:card\" content=\"summary_large_image\" \/>\n<meta name=\"twitter:label1\" content=\"Dur\u00e9e de lecture estim\u00e9e\" \/>\n\t<meta name=\"twitter:data1\" content=\"4 minutes\" \/>\n<script type=\"application\/ld+json\" class=\"yoast-schema-graph\">{\"@context\":\"https:\/\/schema.org\",\"@graph\":[{\"@type\":\"WebPage\",\"@id\":\"https:\/\/deelen.lu\/fr\/product\/chauffe-bottes-snowpea-boot-dryer-hot-air\/\",\"url\":\"https:\/\/deelen.lu\/fr\/product\/chauffe-bottes-snowpea-boot-dryer-hot-air\/\",\"name\":\"Chauffe bottes - Snowpea Boot Dryer Hot Air - Deelen\",\"isPartOf\":{\"@id\":\"https:\/\/deelen.lu\/fr\/#website\"},\"primaryImageOfPage\":{\"@id\":\"https:\/\/deelen.lu\/fr\/product\/chauffe-bottes-snowpea-boot-dryer-hot-air\/#primaryimage\"},\"image\":{\"@id\":\"https:\/\/deelen.lu\/fr\/product\/chauffe-bottes-snowpea-boot-dryer-hot-air\/#primaryimage\"},\"thumbnailUrl\":\"https:\/\/deelen.lu\/resources\/uploads\/2025\/12\/image-9.png\",\"datePublished\":\"2025-12-16T17:23:54+00:00\",\"dateModified\":\"2026-01-07T19:02:35+00:00\",\"breadcrumb\":{\"@id\":\"https:\/\/deelen.lu\/fr\/product\/chauffe-bottes-snowpea-boot-dryer-hot-air\/#breadcrumb\"},\"inLanguage\":\"fr-FR\",\"potentialAction\":[{\"@type\":\"ReadAction\",\"target\":[\"https:\/\/deelen.lu\/fr\/product\/chauffe-bottes-snowpea-boot-dryer-hot-air\/\"]}]},{\"@type\":\"ImageObject\",\"inLanguage\":\"fr-FR\",\"@id\":\"https:\/\/deelen.lu\/fr\/product\/chauffe-bottes-snowpea-boot-dryer-hot-air\/#primaryimage\",\"url\":\"https:\/\/deelen.lu\/resources\/uploads\/2025\/12\/image-9.png\",\"contentUrl\":\"https:\/\/deelen.lu\/resources\/uploads\/2025\/12\/image-9.png\",\"width\":1200,\"height\":1400},{\"@type\":\"BreadcrumbList\",\"@id\":\"https:\/\/deelen.lu\/fr\/product\/chauffe-bottes-snowpea-boot-dryer-hot-air\/#breadcrumb\",\"itemListElement\":[{\"@type\":\"ListItem\",\"position\":1,\"name\":\"Home\",\"item\":\"https:\/\/deelen.lu\/fr\/\"},{\"@type\":\"ListItem\",\"position\":2,\"name\":\"Chauffe bottes &#8211; Snowpea Boot Dryer Hot Air\"}]},{\"@type\":\"WebSite\",\"@id\":\"https:\/\/deelen.lu\/fr\/#website\",\"url\":\"https:\/\/deelen.lu\/fr\/\",\"name\":\"Deelen\",\"description\":\"Deelen.lu \u2014 Luxembourg&#039;s peer-to-peer rental marketplace. Rent and lend items locally.\",\"potentialAction\":[{\"@type\":\"SearchAction\",\"target\":{\"@type\":\"EntryPoint\",\"urlTemplate\":\"https:\/\/deelen.lu\/fr\/?s={search_term_string}\"},\"query-input\":{\"@type\":\"PropertyValueSpecification\",\"valueRequired\":true,\"valueName\":\"search_term_string\"}}],\"inLanguage\":\"fr-FR\"}]}<\/script>\n<!-- \/ Yoast SEO plugin. -->","yoast_head_json":{"title":"Chauffe bottes - Snowpea Boot Dryer Hot Air - Deelen","robots":{"index":"index","follow":"follow","max-snippet":"max-snippet:-1","max-image-preview":"max-image-preview:large","max-video-preview":"max-video-preview:-1"},"canonical":"https:\/\/deelen.lu\/fr\/product\/chauffe-bottes-snowpea-boot-dryer-hot-air\/","og_locale":"fr_FR","og_type":"article","og_title":"Chauffe bottes - Snowpea Boot Dryer Hot Air - Deelen","og_description":"Le Snowpea Boot Dryer Hot Air a deux tuyaux qui peuvent souffler de l'air chaud (environ 60\u2103\/140\u2109) dans vos chaussures. Les tuyaux sont extensibles jusqu'\u00e0 30 cm pour s'adapter \u00e0 diff\u00e9rentes tailles de chaussures et de gants. La longueur du c\u00e2ble est de 1,6 m\/5,3 pieds, ce qui est assez long pour la plupart des [&hellip;]","og_url":"https:\/\/deelen.lu\/fr\/product\/chauffe-bottes-snowpea-boot-dryer-hot-air\/","og_site_name":"Deelen","article_modified_time":"2026-01-07T19:02:35+00:00","og_image":[{"width":878,"height":1024,"url":"https:\/\/deelen.lu\/resources\/uploads\/2025\/12\/image-9-878x1024.png","type":"image\/png"}],"twitter_card":"summary_large_image","twitter_misc":{"Dur\u00e9e de lecture estim\u00e9e":"4 minutes"},"schema":{"@context":"https:\/\/schema.org","@graph":[{"@type":"WebPage","@id":"https:\/\/deelen.lu\/fr\/product\/chauffe-bottes-snowpea-boot-dryer-hot-air\/","url":"https:\/\/deelen.lu\/fr\/product\/chauffe-bottes-snowpea-boot-dryer-hot-air\/","name":"Chauffe bottes - Snowpea Boot Dryer Hot Air - Deelen","isPartOf":{"@id":"https:\/\/deelen.lu\/fr\/#website"},"primaryImageOfPage":{"@id":"https:\/\/deelen.lu\/fr\/product\/chauffe-bottes-snowpea-boot-dryer-hot-air\/#primaryimage"},"image":{"@id":"https:\/\/deelen.lu\/fr\/product\/chauffe-bottes-snowpea-boot-dryer-hot-air\/#primaryimage"},"thumbnailUrl":"https:\/\/deelen.lu\/resources\/uploads\/2025\/12\/image-9.png","datePublished":"2025-12-16T17:23:54+00:00","dateModified":"2026-01-07T19:02:35+00:00","breadcrumb":{"@id":"https:\/\/deelen.lu\/fr\/product\/chauffe-bottes-snowpea-boot-dryer-hot-air\/#breadcrumb"},"inLanguage":"fr-FR","potentialAction":[{"@type":"ReadAction","target":["https:\/\/deelen.lu\/fr\/product\/chauffe-bottes-snowpea-boot-dryer-hot-air\/"]}]},{"@type":"ImageObject","inLanguage":"fr-FR","@id":"https:\/\/deelen.lu\/fr\/product\/chauffe-bottes-snowpea-boot-dryer-hot-air\/#primaryimage","url":"https:\/\/deelen.lu\/resources\/uploads\/2025\/12\/image-9.png","contentUrl":"https:\/\/deelen.lu\/resources\/uploads\/2025\/12\/image-9.png","width":1200,"height":1400},{"@type":"BreadcrumbList","@id":"https:\/\/deelen.lu\/fr\/product\/chauffe-bottes-snowpea-boot-dryer-hot-air\/#breadcrumb","itemListElement":[{"@type":"ListItem","position":1,"name":"Home","item":"https:\/\/deelen.lu\/fr\/"},{"@type":"ListItem","position":2,"name":"Chauffe bottes &#8211; Snowpea Boot Dryer Hot Air"}]},{"@type":"WebSite","@id":"https:\/\/deelen.lu\/fr\/#website","url":"https:\/\/deelen.lu\/fr\/","name":"Deelen","description":"Deelen.lu \u2014 Luxembourg&#039;s peer-to-peer rental marketplace. Rent and lend items locally.","potentialAction":[{"@type":"SearchAction","target":{"@type":"EntryPoint","urlTemplate":"https:\/\/deelen.lu\/fr\/?s={search_term_string}"},"query-input":{"@type":"PropertyValueSpecification","valueRequired":true,"valueName":"search_term_string"}}],"inLanguage":"fr-FR"}]}},"_links":{"self":[{"href":"https:\/\/deelen.lu\/fr\/wp-json\/wp\/v2\/product\/1663","targetHints":{"allow":["GET"]}}],"collection":[{"href":"https:\/\/deelen.lu\/fr\/wp-json\/wp\/v2\/product"}],"about":[{"href":"https:\/\/deelen.lu\/fr\/wp-json\/wp\/v2\/types\/product"}],"replies":[{"embeddable":true,"href":"https:\/\/deelen.lu\/fr\/wp-json\/wp\/v2\/comments?post=1663"}],"wp:featuredmedia":[{"embeddable":true,"href":"https:\/\/deelen.lu\/fr\/wp-json\/wp\/v2\/media\/1680"}],"wp:attachment":[{"href":"https:\/\/deelen.lu\/fr\/wp-json\/wp\/v2\/media?parent=1663"}],"wp:term":[{"taxonomy":"product_brand","embeddable":true,"href":"https:\/\/deelen.lu\/fr\/wp-json\/wp\/v2\/product_brand?post=1663"},{"taxonomy":"product_cat","embeddable":true,"href":"https:\/\/deelen.lu\/fr\/wp-json\/wp\/v2\/product_cat?post=1663"},{"taxonomy":"product_tag","embeddable":true,"href":"https:\/\/deelen.lu\/fr\/wp-json\/wp\/v2\/product_tag?post=1663"}],"curies":[{"name":"wp","href":"https:\/\/api.w.org\/{rel}","templated":true}]}}