{"id":1712,"date":"2026-02-12T11:48:58","date_gmt":"2026-02-12T11:48:58","guid":{"rendered":"https:\/\/deelen.lu\/fr\/?post_type=product&#038;p=1712"},"modified":"2026-02-17T21:02:14","modified_gmt":"2026-02-17T21:02:14","slug":"asus-rog-ally","status":"publish","type":"product","link":"https:\/\/deelen.lu\/fr\/product\/asus-rog-ally\/","title":{"rendered":"Asus Rog Ally"},"content":{"rendered":"<p>L\u2019ASUS ROG Ally est une console portable Windows con\u00e7ue pour le gaming PC haute performance en mobilit\u00e9. \u00c9quip\u00e9e d\u2019un processeur AMD Ryzen Z1 \/ Z1 Extreme, d\u2019un \u00e9cran tactile 7\u201d Full HD 120 Hz et compatible avec Steam, Xbox Game Pass ou Epic Games, elle permet de jouer \u00e0 la plupart des jeux PC modernes en mode nomade.<\/p>\n<p>The ASUS ROG Ally is a portable Windows console designed for high-performance PC gaming on the go. Equipped with an AMD Ryzen Z1 \/ Z1 Extreme processor, a 7-inch Full HD 120 Hz touchscreen, and compatibility with Steam, Xbox Game Pass, or Epic Games, it allows you to play most modern PC games in a mobile format.<\/p>\n","protected":false},"excerpt":{"rendered":"<p>L\u2019ASUS ROG Ally est une console portable Windows con\u00e7ue pour le gaming PC haute performance en mobilit\u00e9. \u00c9quip\u00e9e d\u2019un processeur AMD Ryzen Z1 \/ Z1 Extreme, d\u2019un \u00e9cran tactile 7\u201d Full HD 120 Hz et compatible avec Steam, Xbox Game Pass ou Epic Games, elle permet de jouer \u00e0 la plupart des jeux PC modernes [&hellip;]<\/p>\n","protected":false},"featured_media":1713,"comment_status":"open","ping_status":"closed","template":"","meta":{"_acf_changed":false,"inline_featured_image":false},"product_brand":[],"product_cat":[21,172,178,182],"product_tag":[],"class_list":{"0":"post-1712","1":"product","2":"type-product","3":"status-publish","4":"has-post-thumbnail","6":"product_cat-all","7":"product_cat-electronics","8":"product_cat-video-games-and-consoles","9":"product_cat-computers-and-tablets","11":"first","12":"instock","13":"shipping-taxable","14":"purchasable","15":"product-type-simple"},"acf":[],"yoast_head":"<!-- This site is optimized with the Yoast SEO plugin v27.2 - https:\/\/yoast.com\/product\/yoast-seo-wordpress\/ -->\n<title>Asus Rog Ally - Deelen<\/title>\n<meta name=\"robots\" content=\"index, follow, max-snippet:-1, max-image-preview:large, max-video-preview:-1\" \/>\n<link rel=\"canonical\" href=\"https:\/\/deelen.lu\/fr\/product\/asus-rog-ally\/\" \/>\n<meta property=\"og:locale\" content=\"fr_FR\" \/>\n<meta property=\"og:type\" content=\"article\" \/>\n<meta property=\"og:title\" content=\"Asus Rog Ally - Deelen\" \/>\n<meta property=\"og:description\" content=\"L\u2019ASUS ROG Ally est une console portable Windows con\u00e7ue pour le gaming PC haute performance en mobilit\u00e9. \u00c9quip\u00e9e d\u2019un processeur AMD Ryzen Z1 \/ Z1 Extreme, d\u2019un \u00e9cran tactile 7\u201d Full HD 120 Hz et compatible avec Steam, Xbox Game Pass ou Epic Games, elle permet de jouer \u00e0 la plupart des jeux PC modernes [&hellip;]\" \/>\n<meta property=\"og:url\" content=\"https:\/\/deelen.lu\/fr\/product\/asus-rog-ally\/\" \/>\n<meta property=\"og:site_name\" content=\"Deelen\" \/>\n<meta property=\"article:modified_time\" content=\"2026-02-17T21:02:14+00:00\" \/>\n<meta property=\"og:image\" content=\"https:\/\/deelen.lu\/resources\/uploads\/2026\/02\/asus-rog.jpg\" \/>\n\t<meta property=\"og:image:width\" content=\"1000\" \/>\n\t<meta property=\"og:image:height\" content=\"750\" \/>\n\t<meta property=\"og:image:type\" content=\"image\/jpeg\" \/>\n<meta name=\"twitter:card\" content=\"summary_large_image\" \/>\n<meta name=\"twitter:label1\" content=\"Dur\u00e9e de lecture estim\u00e9e\" \/>\n\t<meta name=\"twitter:data1\" content=\"1 minute\" \/>\n<script type=\"application\/ld+json\" class=\"yoast-schema-graph\">{\"@context\":\"https:\/\/schema.org\",\"@graph\":[{\"@type\":\"WebPage\",\"@id\":\"https:\/\/deelen.lu\/fr\/product\/asus-rog-ally\/\",\"url\":\"https:\/\/deelen.lu\/fr\/product\/asus-rog-ally\/\",\"name\":\"Asus Rog Ally - Deelen\",\"isPartOf\":{\"@id\":\"https:\/\/deelen.lu\/fr\/#website\"},\"primaryImageOfPage\":{\"@id\":\"https:\/\/deelen.lu\/fr\/product\/asus-rog-ally\/#primaryimage\"},\"image\":{\"@id\":\"https:\/\/deelen.lu\/fr\/product\/asus-rog-ally\/#primaryimage\"},\"thumbnailUrl\":\"https:\/\/deelen.lu\/resources\/uploads\/2026\/02\/asus-rog.jpg\",\"datePublished\":\"2026-02-12T11:48:58+00:00\",\"dateModified\":\"2026-02-17T21:02:14+00:00\",\"breadcrumb\":{\"@id\":\"https:\/\/deelen.lu\/fr\/product\/asus-rog-ally\/#breadcrumb\"},\"inLanguage\":\"fr-FR\",\"potentialAction\":[{\"@type\":\"ReadAction\",\"target\":[\"https:\/\/deelen.lu\/fr\/product\/asus-rog-ally\/\"]}]},{\"@type\":\"ImageObject\",\"inLanguage\":\"fr-FR\",\"@id\":\"https:\/\/deelen.lu\/fr\/product\/asus-rog-ally\/#primaryimage\",\"url\":\"https:\/\/deelen.lu\/resources\/uploads\/2026\/02\/asus-rog.jpg\",\"contentUrl\":\"https:\/\/deelen.lu\/resources\/uploads\/2026\/02\/asus-rog.jpg\",\"width\":1000,\"height\":750},{\"@type\":\"BreadcrumbList\",\"@id\":\"https:\/\/deelen.lu\/fr\/product\/asus-rog-ally\/#breadcrumb\",\"itemListElement\":[{\"@type\":\"ListItem\",\"position\":1,\"name\":\"Home\",\"item\":\"https:\/\/deelen.lu\/fr\/\"},{\"@type\":\"ListItem\",\"position\":2,\"name\":\"Asus Rog Ally\"}]},{\"@type\":\"WebSite\",\"@id\":\"https:\/\/deelen.lu\/fr\/#website\",\"url\":\"https:\/\/deelen.lu\/fr\/\",\"name\":\"Deelen\",\"description\":\"Deelen.lu \u2014 Luxembourg&#039;s peer-to-peer rental marketplace. Rent and lend items locally.\",\"potentialAction\":[{\"@type\":\"SearchAction\",\"target\":{\"@type\":\"EntryPoint\",\"urlTemplate\":\"https:\/\/deelen.lu\/fr\/?s={search_term_string}\"},\"query-input\":{\"@type\":\"PropertyValueSpecification\",\"valueRequired\":true,\"valueName\":\"search_term_string\"}}],\"inLanguage\":\"fr-FR\"}]}<\/script>\n<!-- \/ Yoast SEO plugin. -->","yoast_head_json":{"title":"Asus Rog Ally - Deelen","robots":{"index":"index","follow":"follow","max-snippet":"max-snippet:-1","max-image-preview":"max-image-preview:large","max-video-preview":"max-video-preview:-1"},"canonical":"https:\/\/deelen.lu\/fr\/product\/asus-rog-ally\/","og_locale":"fr_FR","og_type":"article","og_title":"Asus Rog Ally - Deelen","og_description":"L\u2019ASUS ROG Ally est une console portable Windows con\u00e7ue pour le gaming PC haute performance en mobilit\u00e9. \u00c9quip\u00e9e d\u2019un processeur AMD Ryzen Z1 \/ Z1 Extreme, d\u2019un \u00e9cran tactile 7\u201d Full HD 120 Hz et compatible avec Steam, Xbox Game Pass ou Epic Games, elle permet de jouer \u00e0 la plupart des jeux PC modernes [&hellip;]","og_url":"https:\/\/deelen.lu\/fr\/product\/asus-rog-ally\/","og_site_name":"Deelen","article_modified_time":"2026-02-17T21:02:14+00:00","og_image":[{"width":1000,"height":750,"url":"https:\/\/deelen.lu\/resources\/uploads\/2026\/02\/asus-rog.jpg","type":"image\/jpeg"}],"twitter_card":"summary_large_image","twitter_misc":{"Dur\u00e9e de lecture estim\u00e9e":"1 minute"},"schema":{"@context":"https:\/\/schema.org","@graph":[{"@type":"WebPage","@id":"https:\/\/deelen.lu\/fr\/product\/asus-rog-ally\/","url":"https:\/\/deelen.lu\/fr\/product\/asus-rog-ally\/","name":"Asus Rog Ally - Deelen","isPartOf":{"@id":"https:\/\/deelen.lu\/fr\/#website"},"primaryImageOfPage":{"@id":"https:\/\/deelen.lu\/fr\/product\/asus-rog-ally\/#primaryimage"},"image":{"@id":"https:\/\/deelen.lu\/fr\/product\/asus-rog-ally\/#primaryimage"},"thumbnailUrl":"https:\/\/deelen.lu\/resources\/uploads\/2026\/02\/asus-rog.jpg","datePublished":"2026-02-12T11:48:58+00:00","dateModified":"2026-02-17T21:02:14+00:00","breadcrumb":{"@id":"https:\/\/deelen.lu\/fr\/product\/asus-rog-ally\/#breadcrumb"},"inLanguage":"fr-FR","potentialAction":[{"@type":"ReadAction","target":["https:\/\/deelen.lu\/fr\/product\/asus-rog-ally\/"]}]},{"@type":"ImageObject","inLanguage":"fr-FR","@id":"https:\/\/deelen.lu\/fr\/product\/asus-rog-ally\/#primaryimage","url":"https:\/\/deelen.lu\/resources\/uploads\/2026\/02\/asus-rog.jpg","contentUrl":"https:\/\/deelen.lu\/resources\/uploads\/2026\/02\/asus-rog.jpg","width":1000,"height":750},{"@type":"BreadcrumbList","@id":"https:\/\/deelen.lu\/fr\/product\/asus-rog-ally\/#breadcrumb","itemListElement":[{"@type":"ListItem","position":1,"name":"Home","item":"https:\/\/deelen.lu\/fr\/"},{"@type":"ListItem","position":2,"name":"Asus Rog Ally"}]},{"@type":"WebSite","@id":"https:\/\/deelen.lu\/fr\/#website","url":"https:\/\/deelen.lu\/fr\/","name":"Deelen","description":"Deelen.lu \u2014 Luxembourg&#039;s peer-to-peer rental marketplace. Rent and lend items locally.","potentialAction":[{"@type":"SearchAction","target":{"@type":"EntryPoint","urlTemplate":"https:\/\/deelen.lu\/fr\/?s={search_term_string}"},"query-input":{"@type":"PropertyValueSpecification","valueRequired":true,"valueName":"search_term_string"}}],"inLanguage":"fr-FR"}]}},"_links":{"self":[{"href":"https:\/\/deelen.lu\/fr\/wp-json\/wp\/v2\/product\/1712","targetHints":{"allow":["GET"]}}],"collection":[{"href":"https:\/\/deelen.lu\/fr\/wp-json\/wp\/v2\/product"}],"about":[{"href":"https:\/\/deelen.lu\/fr\/wp-json\/wp\/v2\/types\/product"}],"replies":[{"embeddable":true,"href":"https:\/\/deelen.lu\/fr\/wp-json\/wp\/v2\/comments?post=1712"}],"wp:featuredmedia":[{"embeddable":true,"href":"https:\/\/deelen.lu\/fr\/wp-json\/wp\/v2\/media\/1713"}],"wp:attachment":[{"href":"https:\/\/deelen.lu\/fr\/wp-json\/wp\/v2\/media?parent=1712"}],"wp:term":[{"taxonomy":"product_brand","embeddable":true,"href":"https:\/\/deelen.lu\/fr\/wp-json\/wp\/v2\/product_brand?post=1712"},{"taxonomy":"product_cat","embeddable":true,"href":"https:\/\/deelen.lu\/fr\/wp-json\/wp\/v2\/product_cat?post=1712"},{"taxonomy":"product_tag","embeddable":true,"href":"https:\/\/deelen.lu\/fr\/wp-json\/wp\/v2\/product_tag?post=1712"}],"curies":[{"name":"wp","href":"https:\/\/api.w.org\/{rel}","templated":true}]}}