{"id":1841,"date":"2026-04-06T11:58:21","date_gmt":"2026-04-06T11:58:21","guid":{"rendered":"https:\/\/deelen.lu\/?post_type=product&#038;p=1841"},"modified":"2026-04-06T21:33:58","modified_gmt":"2026-04-06T21:33:58","slug":"table-saw-rental-luxembourg-black-decker","status":"publish","type":"product","link":"https:\/\/deelen.lu\/fr\/product\/table-saw-rental-luxembourg-black-decker\/","title":{"rendered":"Black+Decker TableSaw 1800W 250mm \/ Scie sur table Black+Decker 1800W 250mm"},"content":{"rendered":"<p>For rent: Powerful Black+Decker table saw, perfect for DIY projects, flooring, or timber cutting.<br \/>\nPower: 1800W motor for effortless cutting.<br \/>\nCapacity: 250mm blade<\/p>\n<p>Loue scie sur table performante Black+Decker, id\u00e9ale pour vos travaux de r\u00e9novation, pose de parquet ou d\u00e9coupe de bois.<br \/>\nPuissance : 1800W pour des coupes nettes et rapides.<br \/>\nCapacit\u00e9 : Lame de 250mm<\/p>\n","protected":false},"excerpt":{"rendered":"<p>For rent: Powerful Black+Decker table saw, perfect for DIY projects, flooring, or timber cutting. Power: 1800W motor for effortless cutting. Capacity: 250mm blade Loue scie sur table performante Black+Decker, id\u00e9ale pour vos travaux de r\u00e9novation, pose de parquet ou d\u00e9coupe de bois. Puissance : 1800W pour des coupes nettes et rapides. Capacit\u00e9 : Lame de [&hellip;]<\/p>\n","protected":false},"featured_media":1919,"comment_status":"open","ping_status":"closed","template":"","meta":{"_acf_changed":false,"inline_featured_image":false},"product_brand":[],"product_cat":[21,198,158,196,162],"product_tag":[],"class_list":{"0":"post-1841","1":"product","2":"type-product","3":"status-publish","4":"has-post-thumbnail","6":"product_cat-all","7":"product_cat-power-tools-drills-saws","8":"product_cat-home-and-garden","9":"product_cat-tools-and-diy","10":"product_cat-garden-tools-lawnmower-hedge-trimmer-etc","12":"first","13":"instock","14":"shipping-taxable","15":"purchasable","16":"product-type-simple"},"acf":[],"yoast_head":"<!-- This site is optimized with the Yoast SEO plugin v27.2 - https:\/\/yoast.com\/product\/yoast-seo-wordpress\/ -->\n<title>Black+Decker TableSaw 1800W 250mm \/ Scie sur table Black+Decker 1800W 250mm - Deelen<\/title>\n<meta name=\"description\" content=\"Rent this Black+Decker 1800W table saw in Luxembourg. 254mm blade, perfect for DIY and flooring projects. Easy setup with stand. Book on Deelen today!\" \/>\n<meta name=\"robots\" content=\"index, follow, max-snippet:-1, max-image-preview:large, max-video-preview:-1\" \/>\n<link rel=\"canonical\" href=\"https:\/\/deelen.lu\/fr\/product\/table-saw-rental-luxembourg-black-decker\/\" \/>\n<meta property=\"og:locale\" content=\"fr_FR\" \/>\n<meta property=\"og:type\" content=\"article\" \/>\n<meta property=\"og:title\" content=\"Black+Decker TableSaw 1800W 250mm \/ Scie sur table Black+Decker 1800W 250mm - Deelen\" \/>\n<meta property=\"og:description\" content=\"Rent this Black+Decker 1800W table saw in Luxembourg. 254mm blade, perfect for DIY and flooring projects. Easy setup with stand. Book on Deelen today!\" \/>\n<meta property=\"og:url\" content=\"https:\/\/deelen.lu\/fr\/product\/table-saw-rental-luxembourg-black-decker\/\" \/>\n<meta property=\"og:site_name\" content=\"Deelen\" \/>\n<meta property=\"article:modified_time\" content=\"2026-04-06T21:33:58+00:00\" \/>\n<meta property=\"og:image\" content=\"https:\/\/deelen.lu\/resources\/uploads\/2026\/04\/5584.jpg\" \/>\n\t<meta property=\"og:image:width\" content=\"1000\" \/>\n\t<meta property=\"og:image:height\" content=\"960\" \/>\n\t<meta property=\"og:image:type\" content=\"image\/jpeg\" \/>\n<meta name=\"twitter:card\" content=\"summary_large_image\" \/>\n<meta name=\"twitter:label1\" content=\"Dur\u00e9e de lecture estim\u00e9e\" \/>\n\t<meta name=\"twitter:data1\" content=\"1 minute\" \/>\n<script type=\"application\/ld+json\" class=\"yoast-schema-graph\">{\"@context\":\"https:\/\/schema.org\",\"@graph\":[{\"@type\":\"WebPage\",\"@id\":\"https:\/\/deelen.lu\/fr\/product\/table-saw-rental-luxembourg-black-decker\/\",\"url\":\"https:\/\/deelen.lu\/fr\/product\/table-saw-rental-luxembourg-black-decker\/\",\"name\":\"Black+Decker TableSaw 1800W 250mm \/ Scie sur table Black+Decker 1800W 250mm - Deelen\",\"isPartOf\":{\"@id\":\"https:\/\/deelen.lu\/fr\/#website\"},\"primaryImageOfPage\":{\"@id\":\"https:\/\/deelen.lu\/fr\/product\/table-saw-rental-luxembourg-black-decker\/#primaryimage\"},\"image\":{\"@id\":\"https:\/\/deelen.lu\/fr\/product\/table-saw-rental-luxembourg-black-decker\/#primaryimage\"},\"thumbnailUrl\":\"https:\/\/deelen.lu\/resources\/uploads\/2026\/04\/5633-2.jpg\",\"datePublished\":\"2026-04-06T11:58:21+00:00\",\"dateModified\":\"2026-04-06T21:33:58+00:00\",\"description\":\"Rent this Black+Decker 1800W table saw in Luxembourg. 254mm blade, perfect for DIY and flooring projects. Easy setup with stand. Book on Deelen today!\",\"breadcrumb\":{\"@id\":\"https:\/\/deelen.lu\/fr\/product\/table-saw-rental-luxembourg-black-decker\/#breadcrumb\"},\"inLanguage\":\"fr-FR\",\"potentialAction\":[{\"@type\":\"ReadAction\",\"target\":[\"https:\/\/deelen.lu\/fr\/product\/table-saw-rental-luxembourg-black-decker\/\"]}]},{\"@type\":\"ImageObject\",\"inLanguage\":\"fr-FR\",\"@id\":\"https:\/\/deelen.lu\/fr\/product\/table-saw-rental-luxembourg-black-decker\/#primaryimage\",\"url\":\"https:\/\/deelen.lu\/resources\/uploads\/2026\/04\/5633-2.jpg\",\"contentUrl\":\"https:\/\/deelen.lu\/resources\/uploads\/2026\/04\/5633-2.jpg\",\"width\":2048,\"height\":1671},{\"@type\":\"BreadcrumbList\",\"@id\":\"https:\/\/deelen.lu\/fr\/product\/table-saw-rental-luxembourg-black-decker\/#breadcrumb\",\"itemListElement\":[{\"@type\":\"ListItem\",\"position\":1,\"name\":\"Home\",\"item\":\"https:\/\/deelen.lu\/fr\/\"},{\"@type\":\"ListItem\",\"position\":2,\"name\":\"Black+Decker TableSaw 1800W 250mm \/ Scie sur table Black+Decker 1800W 250mm\"}]},{\"@type\":\"WebSite\",\"@id\":\"https:\/\/deelen.lu\/fr\/#website\",\"url\":\"https:\/\/deelen.lu\/fr\/\",\"name\":\"Deelen\",\"description\":\"Deelen.lu \u2014 Luxembourg&#039;s peer-to-peer rental marketplace. Rent and lend items locally.\",\"potentialAction\":[{\"@type\":\"SearchAction\",\"target\":{\"@type\":\"EntryPoint\",\"urlTemplate\":\"https:\/\/deelen.lu\/fr\/?s={search_term_string}\"},\"query-input\":{\"@type\":\"PropertyValueSpecification\",\"valueRequired\":true,\"valueName\":\"search_term_string\"}}],\"inLanguage\":\"fr-FR\"}]}<\/script>\n<!-- \/ Yoast SEO plugin. -->","yoast_head_json":{"title":"Black+Decker TableSaw 1800W 250mm \/ Scie sur table Black+Decker 1800W 250mm - Deelen","description":"Rent this Black+Decker 1800W table saw in Luxembourg. 254mm blade, perfect for DIY and flooring projects. Easy setup with stand. Book on Deelen today!","robots":{"index":"index","follow":"follow","max-snippet":"max-snippet:-1","max-image-preview":"max-image-preview:large","max-video-preview":"max-video-preview:-1"},"canonical":"https:\/\/deelen.lu\/fr\/product\/table-saw-rental-luxembourg-black-decker\/","og_locale":"fr_FR","og_type":"article","og_title":"Black+Decker TableSaw 1800W 250mm \/ Scie sur table Black+Decker 1800W 250mm - Deelen","og_description":"Rent this Black+Decker 1800W table saw in Luxembourg. 254mm blade, perfect for DIY and flooring projects. Easy setup with stand. Book on Deelen today!","og_url":"https:\/\/deelen.lu\/fr\/product\/table-saw-rental-luxembourg-black-decker\/","og_site_name":"Deelen","article_modified_time":"2026-04-06T21:33:58+00:00","og_image":[{"width":1000,"height":960,"url":"https:\/\/deelen.lu\/resources\/uploads\/2026\/04\/5584.jpg","type":"image\/jpeg"}],"twitter_card":"summary_large_image","twitter_misc":{"Dur\u00e9e de lecture estim\u00e9e":"1 minute"},"schema":{"@context":"https:\/\/schema.org","@graph":[{"@type":"WebPage","@id":"https:\/\/deelen.lu\/fr\/product\/table-saw-rental-luxembourg-black-decker\/","url":"https:\/\/deelen.lu\/fr\/product\/table-saw-rental-luxembourg-black-decker\/","name":"Black+Decker TableSaw 1800W 250mm \/ Scie sur table Black+Decker 1800W 250mm - Deelen","isPartOf":{"@id":"https:\/\/deelen.lu\/fr\/#website"},"primaryImageOfPage":{"@id":"https:\/\/deelen.lu\/fr\/product\/table-saw-rental-luxembourg-black-decker\/#primaryimage"},"image":{"@id":"https:\/\/deelen.lu\/fr\/product\/table-saw-rental-luxembourg-black-decker\/#primaryimage"},"thumbnailUrl":"https:\/\/deelen.lu\/resources\/uploads\/2026\/04\/5633-2.jpg","datePublished":"2026-04-06T11:58:21+00:00","dateModified":"2026-04-06T21:33:58+00:00","description":"Rent this Black+Decker 1800W table saw in Luxembourg. 254mm blade, perfect for DIY and flooring projects. Easy setup with stand. Book on Deelen today!","breadcrumb":{"@id":"https:\/\/deelen.lu\/fr\/product\/table-saw-rental-luxembourg-black-decker\/#breadcrumb"},"inLanguage":"fr-FR","potentialAction":[{"@type":"ReadAction","target":["https:\/\/deelen.lu\/fr\/product\/table-saw-rental-luxembourg-black-decker\/"]}]},{"@type":"ImageObject","inLanguage":"fr-FR","@id":"https:\/\/deelen.lu\/fr\/product\/table-saw-rental-luxembourg-black-decker\/#primaryimage","url":"https:\/\/deelen.lu\/resources\/uploads\/2026\/04\/5633-2.jpg","contentUrl":"https:\/\/deelen.lu\/resources\/uploads\/2026\/04\/5633-2.jpg","width":2048,"height":1671},{"@type":"BreadcrumbList","@id":"https:\/\/deelen.lu\/fr\/product\/table-saw-rental-luxembourg-black-decker\/#breadcrumb","itemListElement":[{"@type":"ListItem","position":1,"name":"Home","item":"https:\/\/deelen.lu\/fr\/"},{"@type":"ListItem","position":2,"name":"Black+Decker TableSaw 1800W 250mm \/ Scie sur table Black+Decker 1800W 250mm"}]},{"@type":"WebSite","@id":"https:\/\/deelen.lu\/fr\/#website","url":"https:\/\/deelen.lu\/fr\/","name":"Deelen","description":"Deelen.lu \u2014 Luxembourg&#039;s peer-to-peer rental marketplace. Rent and lend items locally.","potentialAction":[{"@type":"SearchAction","target":{"@type":"EntryPoint","urlTemplate":"https:\/\/deelen.lu\/fr\/?s={search_term_string}"},"query-input":{"@type":"PropertyValueSpecification","valueRequired":true,"valueName":"search_term_string"}}],"inLanguage":"fr-FR"}]}},"_links":{"self":[{"href":"https:\/\/deelen.lu\/fr\/wp-json\/wp\/v2\/product\/1841","targetHints":{"allow":["GET"]}}],"collection":[{"href":"https:\/\/deelen.lu\/fr\/wp-json\/wp\/v2\/product"}],"about":[{"href":"https:\/\/deelen.lu\/fr\/wp-json\/wp\/v2\/types\/product"}],"replies":[{"embeddable":true,"href":"https:\/\/deelen.lu\/fr\/wp-json\/wp\/v2\/comments?post=1841"}],"wp:featuredmedia":[{"embeddable":true,"href":"https:\/\/deelen.lu\/fr\/wp-json\/wp\/v2\/media\/1919"}],"wp:attachment":[{"href":"https:\/\/deelen.lu\/fr\/wp-json\/wp\/v2\/media?parent=1841"}],"wp:term":[{"taxonomy":"product_brand","embeddable":true,"href":"https:\/\/deelen.lu\/fr\/wp-json\/wp\/v2\/product_brand?post=1841"},{"taxonomy":"product_cat","embeddable":true,"href":"https:\/\/deelen.lu\/fr\/wp-json\/wp\/v2\/product_cat?post=1841"},{"taxonomy":"product_tag","embeddable":true,"href":"https:\/\/deelen.lu\/fr\/wp-json\/wp\/v2\/product_tag?post=1841"}],"curies":[{"name":"wp","href":"https:\/\/api.w.org\/{rel}","templated":true}]}}