{"id":729,"date":"2025-01-24T10:34:15","date_gmt":"2025-01-24T10:34:15","guid":{"rendered":"https:\/\/deelen.lu\/?post_type=product&#038;p=729"},"modified":"2025-07-29T10:50:18","modified_gmt":"2025-07-29T10:50:18","slug":"berkel-trancheuse-home-line-250-rossa-x-casa-zanoni","status":"publish","type":"product","link":"https:\/\/deelen.lu\/fr\/product\/berkel-trancheuse-home-line-250-rossa-x-casa-zanoni\/","title":{"rendered":"Berkel - TRANCHEUSE HOME LINE 250 ROSSA x Casa Zanoni"},"content":{"rendered":"<p>Cette gamme de trancheuse domestique est l\u2019essence du savoir-faire de l'\u00e9quipe technique Berkel, des exigences de fonctionnalit\u00e9 et des normes de s\u00e9curit\u00e9 les plus \u00e9lev\u00e9es. Home Line vient de la technologie des trancheuses professionnelles Berkel et arrive \u00e0 garantir des performances et un niveau de s\u00e9curit\u00e9 hors pair : la lame en acier chrom\u00e9 avec profil professionnel permet une coupe parfaite, en r\u00e9duisant les d\u00e9chets et garanti des tranches uniformes.<\/p>\n<p>L'absence de haies et la pr\u00e9sence de d\u00e9tails particuliers (parmi eux l'espace de collection d\u00e9chets et le plateau basculant) assurent le nettoyage parfait de la machine en m\u00eame temps simple et rapide.<\/p>\n<p>L'originalit\u00e9 de Home Line est dans son design innovateur : ses lignes essentielles et arrondies d\u00e9finissent une silhouette presque futuriste. Cette ligne a \u00e9t\u00e9 d\u00e9velopp\u00e9e pour \u00e9tonner et fasciner mais surtout, gr\u00e2ce \u00e0 ses dimensions extraordinairement compactes, pour \u00eatre expos\u00e9e dans la cuisine.<\/p>\n","protected":false},"excerpt":{"rendered":"<p>Cette gamme de trancheuse domestique est l\u2019essence du savoir-faire de l'\u00e9quipe technique Berkel, des exigences de fonctionnalit\u00e9 et des normes de s\u00e9curit\u00e9 les plus \u00e9lev\u00e9es. Home Line vient de la technologie des trancheuses professionnelles Berkel et arrive \u00e0 garantir des performances et un niveau de s\u00e9curit\u00e9 hors pair : la lame en acier chrom\u00e9 avec [&hellip;]<\/p>\n","protected":false},"featured_media":730,"comment_status":"open","ping_status":"closed","template":"","meta":{"_acf_changed":false,"inline_featured_image":false},"product_brand":[],"product_cat":[21,155,168,158,170],"product_tag":[],"class_list":{"0":"post-729","1":"product","2":"type-product","3":"status-publish","4":"has-post-thumbnail","6":"product_cat-all","7":"product_cat-trending","8":"product_cat-kitchen-utensils-for-events-parties","9":"product_cat-home-and-garden","10":"product_cat-large-appliances-fridge-oven-washing-machine","12":"first","13":"instock","14":"shipping-taxable","15":"purchasable","16":"product-type-simple"},"acf":[],"yoast_head":"<!-- This site is optimized with the Yoast SEO plugin v27.2 - https:\/\/yoast.com\/product\/yoast-seo-wordpress\/ -->\n<title>Berkel - TRANCHEUSE HOME LINE 250 ROSSA x Casa Zanoni - Deelen<\/title>\n<meta name=\"robots\" content=\"index, follow, max-snippet:-1, max-image-preview:large, max-video-preview:-1\" \/>\n<link rel=\"canonical\" href=\"https:\/\/deelen.lu\/fr\/product\/berkel-trancheuse-home-line-250-rossa-x-casa-zanoni\/\" \/>\n<meta property=\"og:locale\" content=\"fr_FR\" \/>\n<meta property=\"og:type\" content=\"article\" \/>\n<meta property=\"og:title\" content=\"Berkel - TRANCHEUSE HOME LINE 250 ROSSA x Casa Zanoni - Deelen\" \/>\n<meta property=\"og:description\" content=\"Cette gamme de trancheuse domestique est l\u2019essence du savoir-faire de l&#039;\u00e9quipe technique Berkel, des exigences de fonctionnalit\u00e9 et des normes de s\u00e9curit\u00e9 les plus \u00e9lev\u00e9es. Home Line vient de la technologie des trancheuses professionnelles Berkel et arrive \u00e0 garantir des performances et un niveau de s\u00e9curit\u00e9 hors pair : la lame en acier chrom\u00e9 avec [&hellip;]\" \/>\n<meta property=\"og:url\" content=\"https:\/\/deelen.lu\/fr\/product\/berkel-trancheuse-home-line-250-rossa-x-casa-zanoni\/\" \/>\n<meta property=\"og:site_name\" content=\"Deelen\" \/>\n<meta property=\"article:modified_time\" content=\"2025-07-29T10:50:18+00:00\" \/>\n<meta property=\"og:image\" content=\"https:\/\/deelen.lu\/resources\/uploads\/2025\/01\/berkel9_720x@2x.webp\" \/>\n\t<meta property=\"og:image:width\" content=\"1440\" \/>\n\t<meta property=\"og:image:height\" content=\"1440\" \/>\n\t<meta property=\"og:image:type\" content=\"image\/webp\" \/>\n<meta name=\"twitter:card\" content=\"summary_large_image\" \/>\n<meta name=\"twitter:label1\" content=\"Dur\u00e9e de lecture estim\u00e9e\" \/>\n\t<meta name=\"twitter:data1\" content=\"1 minute\" \/>\n<script type=\"application\/ld+json\" class=\"yoast-schema-graph\">{\"@context\":\"https:\/\/schema.org\",\"@graph\":[{\"@type\":\"WebPage\",\"@id\":\"https:\/\/deelen.lu\/fr\/product\/berkel-trancheuse-home-line-250-rossa-x-casa-zanoni\/\",\"url\":\"https:\/\/deelen.lu\/fr\/product\/berkel-trancheuse-home-line-250-rossa-x-casa-zanoni\/\",\"name\":\"Berkel - TRANCHEUSE HOME LINE 250 ROSSA x Casa Zanoni - Deelen\",\"isPartOf\":{\"@id\":\"https:\/\/deelen.lu\/fr\/#website\"},\"primaryImageOfPage\":{\"@id\":\"https:\/\/deelen.lu\/fr\/product\/berkel-trancheuse-home-line-250-rossa-x-casa-zanoni\/#primaryimage\"},\"image\":{\"@id\":\"https:\/\/deelen.lu\/fr\/product\/berkel-trancheuse-home-line-250-rossa-x-casa-zanoni\/#primaryimage\"},\"thumbnailUrl\":\"https:\/\/deelen.lu\/resources\/uploads\/2025\/01\/berkel9_720x@2x.webp\",\"datePublished\":\"2025-01-24T10:34:15+00:00\",\"dateModified\":\"2025-07-29T10:50:18+00:00\",\"breadcrumb\":{\"@id\":\"https:\/\/deelen.lu\/fr\/product\/berkel-trancheuse-home-line-250-rossa-x-casa-zanoni\/#breadcrumb\"},\"inLanguage\":\"fr-FR\",\"potentialAction\":[{\"@type\":\"ReadAction\",\"target\":[\"https:\/\/deelen.lu\/fr\/product\/berkel-trancheuse-home-line-250-rossa-x-casa-zanoni\/\"]}]},{\"@type\":\"ImageObject\",\"inLanguage\":\"fr-FR\",\"@id\":\"https:\/\/deelen.lu\/fr\/product\/berkel-trancheuse-home-line-250-rossa-x-casa-zanoni\/#primaryimage\",\"url\":\"https:\/\/deelen.lu\/resources\/uploads\/2025\/01\/berkel9_720x@2x.webp\",\"contentUrl\":\"https:\/\/deelen.lu\/resources\/uploads\/2025\/01\/berkel9_720x@2x.webp\",\"width\":1440,\"height\":1440},{\"@type\":\"BreadcrumbList\",\"@id\":\"https:\/\/deelen.lu\/fr\/product\/berkel-trancheuse-home-line-250-rossa-x-casa-zanoni\/#breadcrumb\",\"itemListElement\":[{\"@type\":\"ListItem\",\"position\":1,\"name\":\"Home\",\"item\":\"https:\/\/deelen.lu\/fr\/\"},{\"@type\":\"ListItem\",\"position\":2,\"name\":\"Berkel &#8211; TRANCHEUSE HOME LINE 250 ROSSA x Casa Zanoni\"}]},{\"@type\":\"WebSite\",\"@id\":\"https:\/\/deelen.lu\/fr\/#website\",\"url\":\"https:\/\/deelen.lu\/fr\/\",\"name\":\"Deelen\",\"description\":\"Deelen.lu \u2014 Luxembourg&#039;s peer-to-peer rental marketplace. Rent and lend items locally.\",\"potentialAction\":[{\"@type\":\"SearchAction\",\"target\":{\"@type\":\"EntryPoint\",\"urlTemplate\":\"https:\/\/deelen.lu\/fr\/?s={search_term_string}\"},\"query-input\":{\"@type\":\"PropertyValueSpecification\",\"valueRequired\":true,\"valueName\":\"search_term_string\"}}],\"inLanguage\":\"fr-FR\"}]}<\/script>\n<!-- \/ Yoast SEO plugin. -->","yoast_head_json":{"title":"Berkel - TRANCHEUSE HOME LINE 250 ROSSA x Casa Zanoni - Deelen","robots":{"index":"index","follow":"follow","max-snippet":"max-snippet:-1","max-image-preview":"max-image-preview:large","max-video-preview":"max-video-preview:-1"},"canonical":"https:\/\/deelen.lu\/fr\/product\/berkel-trancheuse-home-line-250-rossa-x-casa-zanoni\/","og_locale":"fr_FR","og_type":"article","og_title":"Berkel - TRANCHEUSE HOME LINE 250 ROSSA x Casa Zanoni - Deelen","og_description":"Cette gamme de trancheuse domestique est l\u2019essence du savoir-faire de l'\u00e9quipe technique Berkel, des exigences de fonctionnalit\u00e9 et des normes de s\u00e9curit\u00e9 les plus \u00e9lev\u00e9es. Home Line vient de la technologie des trancheuses professionnelles Berkel et arrive \u00e0 garantir des performances et un niveau de s\u00e9curit\u00e9 hors pair : la lame en acier chrom\u00e9 avec [&hellip;]","og_url":"https:\/\/deelen.lu\/fr\/product\/berkel-trancheuse-home-line-250-rossa-x-casa-zanoni\/","og_site_name":"Deelen","article_modified_time":"2025-07-29T10:50:18+00:00","og_image":[{"width":1440,"height":1440,"url":"https:\/\/deelen.lu\/resources\/uploads\/2025\/01\/berkel9_720x@2x.webp","type":"image\/webp"}],"twitter_card":"summary_large_image","twitter_misc":{"Dur\u00e9e de lecture estim\u00e9e":"1 minute"},"schema":{"@context":"https:\/\/schema.org","@graph":[{"@type":"WebPage","@id":"https:\/\/deelen.lu\/fr\/product\/berkel-trancheuse-home-line-250-rossa-x-casa-zanoni\/","url":"https:\/\/deelen.lu\/fr\/product\/berkel-trancheuse-home-line-250-rossa-x-casa-zanoni\/","name":"Berkel - TRANCHEUSE HOME LINE 250 ROSSA x Casa Zanoni - Deelen","isPartOf":{"@id":"https:\/\/deelen.lu\/fr\/#website"},"primaryImageOfPage":{"@id":"https:\/\/deelen.lu\/fr\/product\/berkel-trancheuse-home-line-250-rossa-x-casa-zanoni\/#primaryimage"},"image":{"@id":"https:\/\/deelen.lu\/fr\/product\/berkel-trancheuse-home-line-250-rossa-x-casa-zanoni\/#primaryimage"},"thumbnailUrl":"https:\/\/deelen.lu\/resources\/uploads\/2025\/01\/berkel9_720x@2x.webp","datePublished":"2025-01-24T10:34:15+00:00","dateModified":"2025-07-29T10:50:18+00:00","breadcrumb":{"@id":"https:\/\/deelen.lu\/fr\/product\/berkel-trancheuse-home-line-250-rossa-x-casa-zanoni\/#breadcrumb"},"inLanguage":"fr-FR","potentialAction":[{"@type":"ReadAction","target":["https:\/\/deelen.lu\/fr\/product\/berkel-trancheuse-home-line-250-rossa-x-casa-zanoni\/"]}]},{"@type":"ImageObject","inLanguage":"fr-FR","@id":"https:\/\/deelen.lu\/fr\/product\/berkel-trancheuse-home-line-250-rossa-x-casa-zanoni\/#primaryimage","url":"https:\/\/deelen.lu\/resources\/uploads\/2025\/01\/berkel9_720x@2x.webp","contentUrl":"https:\/\/deelen.lu\/resources\/uploads\/2025\/01\/berkel9_720x@2x.webp","width":1440,"height":1440},{"@type":"BreadcrumbList","@id":"https:\/\/deelen.lu\/fr\/product\/berkel-trancheuse-home-line-250-rossa-x-casa-zanoni\/#breadcrumb","itemListElement":[{"@type":"ListItem","position":1,"name":"Home","item":"https:\/\/deelen.lu\/fr\/"},{"@type":"ListItem","position":2,"name":"Berkel &#8211; TRANCHEUSE HOME LINE 250 ROSSA x Casa Zanoni"}]},{"@type":"WebSite","@id":"https:\/\/deelen.lu\/fr\/#website","url":"https:\/\/deelen.lu\/fr\/","name":"Deelen","description":"Deelen.lu \u2014 Luxembourg&#039;s peer-to-peer rental marketplace. Rent and lend items locally.","potentialAction":[{"@type":"SearchAction","target":{"@type":"EntryPoint","urlTemplate":"https:\/\/deelen.lu\/fr\/?s={search_term_string}"},"query-input":{"@type":"PropertyValueSpecification","valueRequired":true,"valueName":"search_term_string"}}],"inLanguage":"fr-FR"}]}},"_links":{"self":[{"href":"https:\/\/deelen.lu\/fr\/wp-json\/wp\/v2\/product\/729","targetHints":{"allow":["GET"]}}],"collection":[{"href":"https:\/\/deelen.lu\/fr\/wp-json\/wp\/v2\/product"}],"about":[{"href":"https:\/\/deelen.lu\/fr\/wp-json\/wp\/v2\/types\/product"}],"replies":[{"embeddable":true,"href":"https:\/\/deelen.lu\/fr\/wp-json\/wp\/v2\/comments?post=729"}],"wp:featuredmedia":[{"embeddable":true,"href":"https:\/\/deelen.lu\/fr\/wp-json\/wp\/v2\/media\/730"}],"wp:attachment":[{"href":"https:\/\/deelen.lu\/fr\/wp-json\/wp\/v2\/media?parent=729"}],"wp:term":[{"taxonomy":"product_brand","embeddable":true,"href":"https:\/\/deelen.lu\/fr\/wp-json\/wp\/v2\/product_brand?post=729"},{"taxonomy":"product_cat","embeddable":true,"href":"https:\/\/deelen.lu\/fr\/wp-json\/wp\/v2\/product_cat?post=729"},{"taxonomy":"product_tag","embeddable":true,"href":"https:\/\/deelen.lu\/fr\/wp-json\/wp\/v2\/product_tag?post=729"}],"curies":[{"name":"wp","href":"https:\/\/api.w.org\/{rel}","templated":true}]}}